{"id":33193,"date":"2024-04-30T12:37:13","date_gmt":"2024-04-30T11:37:13","guid":{"rendered":"https:\/\/creaibiza.com\/?post_type=product&#038;p=33193"},"modified":"2026-02-19T18:58:02","modified_gmt":"2026-02-19T17:58:02","slug":"pavimento-efecto-pizarra-cerdisa-varios-tamanos-colores","status":"publish","type":"product","link":"https:\/\/creaibiza.com\/de\/produkt\/pavimento-efecto-pizarra-cerdisa-varios-tamanos-colores\/","title":{"rendered":"Pavimento efecto pizarra Cerdisa varios tama\u00f1os\/colores"},"content":{"rendered":"<p>Descubre la belleza natural y la elegancia moderna del pavimento efecto pizarra Cerdisa de la prestigiosa marca Ricchetti, ahora disponible en Crea Ibiza. La colecci\u00f3n Time sediments and stratifies material presenta una textura \u00fanica con superficies que ofrecen infinitos matices y opciones creativas de colocaci\u00f3n.<\/p>\n<p>El pavimento Blackboard toma su inspiraci\u00f3n del poder y dinamismo de la pizarra, incorporando todo el car\u00e1cter de la piedra desgastada por el tiempo en tus espacios y creando una superficie moderna de alto rendimiento con un toque contempor\u00e1neo.<\/p>\n<p>Transforma tus ambientes con la autenticidad y la versatilidad del pavimento efecto pizarra Cerdisa de Ricchetti, disponible ahora en Crea Ibiza. Visita nuestra tienda y descubre c\u00f3mo puedes agregar un toque de estilo \u00fanico a tus suelos con esta colecci\u00f3n excepcional. \u00a1No esperes m\u00e1s para darle vida a tus espacios!<\/p>","protected":false},"excerpt":{"rendered":"<p>Descubre la belleza natural y la elegancia moderna del pavimento efecto pizarra Cerdisa de la prestigiosa marca Ricchetti, ahora disponible en Crea Ibiza. La colecci\u00f3n Time sediments and stratifies material presenta una textura \u00fanica con superficies que ofrecen infinitos matices y opciones creativas de colocaci\u00f3n. El pavimento Blackboard toma su inspiraci\u00f3n del poder y dinamismo &hellip; <\/p>\n<p class=\"link-more\"><a href=\"https:\/\/creaibiza.com\/de\/produkt\/pavimento-efecto-pizarra-cerdisa-varios-tamanos-colores\/\" class=\"more-link\">Read More <span class=\"screen-reader-text\"> \u00abPavimento efecto pizarra Cerdisa varios tama\u00f1os\/colores\u00bb<\/span><\/a><\/p>","protected":false},"featured_media":33207,"template":"","meta":{"_acf_changed":false},"product_brand":[2046],"product_cat":[116,1002,227,113],"product_tag":[1352,1353],"class_list":{"0":"post-33193","1":"product","2":"type-product","3":"status-publish","4":"has-post-thumbnail","6":"product_brand-ricchetti","7":"product_cat-pavimento","8":"product_cat-piedra-revestimiento","9":"product_cat-piedra","10":"product_cat-revestimiento","11":"product_tag-pavimento","12":"product_tag-revestimiento","14":"first","15":"instock","16":"taxable","17":"shipping-taxable","18":"purchasable","19":"product-type-variable"},"acf":[],"yoast_head":"<!-- This site is optimized with the Yoast SEO plugin v27.2 - https:\/\/yoast.com\/product\/yoast-seo-wordpress\/ -->\n<title>Pavimento efecto pizarra Cerdisa varios tama\u00f1os\/colores - Crea Ibiza<\/title>\n<meta name=\"description\" content=\"Crea Ibiza - Pavimento efecto pizarra Cerdisa varios tama\u00f1os\/colores - Descubre el estilo con el pavimento Space de efecto cer\u00e1mica de la marca Alcalagres.\" \/>\n<meta name=\"robots\" content=\"index, follow, max-snippet:-1, max-image-preview:large, max-video-preview:-1\" \/>\n<link rel=\"canonical\" href=\"https:\/\/creaibiza.com\/de\/produkt\/pavimento-efecto-pizarra-cerdisa-varios-tamanos-colores\/\" \/>\n<meta property=\"og:locale\" content=\"de_DE\" \/>\n<meta property=\"og:type\" content=\"article\" \/>\n<meta property=\"og:title\" content=\"Pavimento efecto pizarra Cerdisa varios tama\u00f1os\/colores - Crea Ibiza\" \/>\n<meta property=\"og:description\" content=\"Crea Ibiza - Pavimento efecto pizarra Cerdisa varios tama\u00f1os\/colores - Descubre el estilo con el pavimento Space de efecto cer\u00e1mica de la marca Alcalagres.\" \/>\n<meta property=\"og:url\" content=\"https:\/\/creaibiza.com\/de\/produkt\/pavimento-efecto-pizarra-cerdisa-varios-tamanos-colores\/\" \/>\n<meta property=\"og:site_name\" content=\"Crea Ibiza\" \/>\n<meta property=\"article:publisher\" content=\"https:\/\/www.facebook.com\/creaibiza\" \/>\n<meta property=\"article:modified_time\" content=\"2026-02-19T17:58:02+00:00\" \/>\n<meta property=\"og:image\" content=\"https:\/\/creaibiza.com\/wp-content\/uploads\/2024\/04\/blackboard-ash.jpg\" \/>\n\t<meta property=\"og:image:width\" content=\"1528\" \/>\n\t<meta property=\"og:image:height\" content=\"1080\" \/>\n\t<meta property=\"og:image:type\" content=\"image\/jpeg\" \/>\n<meta name=\"twitter:card\" content=\"summary_large_image\" \/>\n<meta name=\"twitter:label1\" content=\"Gesch\u00e4tzte Lesezeit\" \/>\n\t<meta name=\"twitter:data1\" content=\"1\u00a0Minute\" \/>\n<script type=\"application\/ld+json\" class=\"yoast-schema-graph\">{\"@context\":\"https:\/\/schema.org\",\"@graph\":[{\"@type\":\"WebPage\",\"@id\":\"https:\/\/creaibiza.com\/producto\/pavimento-efecto-pizarra-cerdisa-varios-tamanos-colores\/\",\"url\":\"https:\/\/creaibiza.com\/producto\/pavimento-efecto-pizarra-cerdisa-varios-tamanos-colores\/\",\"name\":\"Pavimento efecto pizarra Cerdisa varios tama\u00f1os\/colores - Crea Ibiza\",\"isPartOf\":{\"@id\":\"https:\/\/creaibiza.com\/#website\"},\"primaryImageOfPage\":{\"@id\":\"https:\/\/creaibiza.com\/producto\/pavimento-efecto-pizarra-cerdisa-varios-tamanos-colores\/#primaryimage\"},\"image\":{\"@id\":\"https:\/\/creaibiza.com\/producto\/pavimento-efecto-pizarra-cerdisa-varios-tamanos-colores\/#primaryimage\"},\"thumbnailUrl\":\"https:\/\/creaibiza.com\/wp-content\/uploads\/2024\/04\/blackboard-ash.jpg\",\"datePublished\":\"2024-04-30T11:37:13+00:00\",\"dateModified\":\"2026-02-19T17:58:02+00:00\",\"description\":\"Crea Ibiza - Pavimento efecto pizarra Cerdisa varios tama\u00f1os\/colores - Descubre el estilo con el pavimento Space de efecto cer\u00e1mica de la marca Alcalagres.\",\"breadcrumb\":{\"@id\":\"https:\/\/creaibiza.com\/producto\/pavimento-efecto-pizarra-cerdisa-varios-tamanos-colores\/#breadcrumb\"},\"inLanguage\":\"de\",\"potentialAction\":[{\"@type\":\"ReadAction\",\"target\":[\"https:\/\/creaibiza.com\/producto\/pavimento-efecto-pizarra-cerdisa-varios-tamanos-colores\/\"]}]},{\"@type\":\"ImageObject\",\"inLanguage\":\"de\",\"@id\":\"https:\/\/creaibiza.com\/producto\/pavimento-efecto-pizarra-cerdisa-varios-tamanos-colores\/#primaryimage\",\"url\":\"https:\/\/creaibiza.com\/wp-content\/uploads\/2024\/04\/blackboard-ash.jpg\",\"contentUrl\":\"https:\/\/creaibiza.com\/wp-content\/uploads\/2024\/04\/blackboard-ash.jpg\",\"width\":1528,\"height\":1080},{\"@type\":\"BreadcrumbList\",\"@id\":\"https:\/\/creaibiza.com\/producto\/pavimento-efecto-pizarra-cerdisa-varios-tamanos-colores\/#breadcrumb\",\"itemListElement\":[{\"@type\":\"ListItem\",\"position\":1,\"name\":\"Portada\",\"item\":\"https:\/\/creaibiza.com\/\"},{\"@type\":\"ListItem\",\"position\":2,\"name\":\"Tienda\",\"item\":\"https:\/\/creaibiza.com\/en\/tienda\/\"},{\"@type\":\"ListItem\",\"position\":3,\"name\":\"Pavimento efecto pizarra Cerdisa varios tama\u00f1os\/colores\"}]},{\"@type\":\"WebSite\",\"@id\":\"https:\/\/creaibiza.com\/#website\",\"url\":\"https:\/\/creaibiza.com\/\",\"name\":\"Crea Ibiza\",\"description\":\"Cer\u00e1mica, sanitarios y revestimientos de dise\u00f1o en Ibiza\",\"publisher\":{\"@id\":\"https:\/\/creaibiza.com\/#organization\"},\"potentialAction\":[{\"@type\":\"SearchAction\",\"target\":{\"@type\":\"EntryPoint\",\"urlTemplate\":\"https:\/\/creaibiza.com\/?s={search_term_string}\"},\"query-input\":{\"@type\":\"PropertyValueSpecification\",\"valueRequired\":true,\"valueName\":\"search_term_string\"}}],\"inLanguage\":\"de\"},{\"@type\":\"Organization\",\"@id\":\"https:\/\/creaibiza.com\/#organization\",\"name\":\"Crea Ibiza\",\"url\":\"https:\/\/creaibiza.com\/\",\"logo\":{\"@type\":\"ImageObject\",\"inLanguage\":\"de\",\"@id\":\"https:\/\/creaibiza.com\/#\/schema\/logo\/image\/\",\"url\":\"https:\/\/creaibiza.com\/wp-content\/uploads\/2024\/02\/cropped-logocrea-web.png\",\"contentUrl\":\"https:\/\/creaibiza.com\/wp-content\/uploads\/2024\/02\/cropped-logocrea-web.png\",\"width\":591,\"height\":210,\"caption\":\"Crea Ibiza\"},\"image\":{\"@id\":\"https:\/\/creaibiza.com\/#\/schema\/logo\/image\/\"},\"sameAs\":[\"https:\/\/www.facebook.com\/creaibiza\",\"https:\/\/www.instagram.com\/creaibiza\"]}]}<\/script>\n<!-- \/ Yoast SEO plugin. -->","yoast_head_json":{"title":"Pavimento efecto pizarra Cerdisa varios tama\u00f1os\/colores - Crea Ibiza","description":"Crea Ibiza - Pavimento efecto pizarra Cerdisa varios tama\u00f1os\/colores - Descubre el estilo con el pavimento Space de efecto cer\u00e1mica de la marca Alcalagres.","robots":{"index":"index","follow":"follow","max-snippet":"max-snippet:-1","max-image-preview":"max-image-preview:large","max-video-preview":"max-video-preview:-1"},"canonical":"https:\/\/creaibiza.com\/de\/produkt\/pavimento-efecto-pizarra-cerdisa-varios-tamanos-colores\/","og_locale":"de_DE","og_type":"article","og_title":"Pavimento efecto pizarra Cerdisa varios tama\u00f1os\/colores - Crea Ibiza","og_description":"Crea Ibiza - Pavimento efecto pizarra Cerdisa varios tama\u00f1os\/colores - Descubre el estilo con el pavimento Space de efecto cer\u00e1mica de la marca Alcalagres.","og_url":"https:\/\/creaibiza.com\/de\/produkt\/pavimento-efecto-pizarra-cerdisa-varios-tamanos-colores\/","og_site_name":"Crea Ibiza","article_publisher":"https:\/\/www.facebook.com\/creaibiza","article_modified_time":"2026-02-19T17:58:02+00:00","og_image":[{"width":1528,"height":1080,"url":"https:\/\/creaibiza.com\/wp-content\/uploads\/2024\/04\/blackboard-ash.jpg","type":"image\/jpeg"}],"twitter_card":"summary_large_image","twitter_misc":{"Gesch\u00e4tzte Lesezeit":"1\u00a0Minute"},"schema":{"@context":"https:\/\/schema.org","@graph":[{"@type":"WebPage","@id":"https:\/\/creaibiza.com\/producto\/pavimento-efecto-pizarra-cerdisa-varios-tamanos-colores\/","url":"https:\/\/creaibiza.com\/producto\/pavimento-efecto-pizarra-cerdisa-varios-tamanos-colores\/","name":"Pavimento efecto pizarra Cerdisa varios tama\u00f1os\/colores - Crea Ibiza","isPartOf":{"@id":"https:\/\/creaibiza.com\/#website"},"primaryImageOfPage":{"@id":"https:\/\/creaibiza.com\/producto\/pavimento-efecto-pizarra-cerdisa-varios-tamanos-colores\/#primaryimage"},"image":{"@id":"https:\/\/creaibiza.com\/producto\/pavimento-efecto-pizarra-cerdisa-varios-tamanos-colores\/#primaryimage"},"thumbnailUrl":"https:\/\/creaibiza.com\/wp-content\/uploads\/2024\/04\/blackboard-ash.jpg","datePublished":"2024-04-30T11:37:13+00:00","dateModified":"2026-02-19T17:58:02+00:00","description":"Crea Ibiza - Pavimento efecto pizarra Cerdisa varios tama\u00f1os\/colores - Descubre el estilo con el pavimento Space de efecto cer\u00e1mica de la marca Alcalagres.","breadcrumb":{"@id":"https:\/\/creaibiza.com\/producto\/pavimento-efecto-pizarra-cerdisa-varios-tamanos-colores\/#breadcrumb"},"inLanguage":"de","potentialAction":[{"@type":"ReadAction","target":["https:\/\/creaibiza.com\/producto\/pavimento-efecto-pizarra-cerdisa-varios-tamanos-colores\/"]}]},{"@type":"ImageObject","inLanguage":"de","@id":"https:\/\/creaibiza.com\/producto\/pavimento-efecto-pizarra-cerdisa-varios-tamanos-colores\/#primaryimage","url":"https:\/\/creaibiza.com\/wp-content\/uploads\/2024\/04\/blackboard-ash.jpg","contentUrl":"https:\/\/creaibiza.com\/wp-content\/uploads\/2024\/04\/blackboard-ash.jpg","width":1528,"height":1080},{"@type":"BreadcrumbList","@id":"https:\/\/creaibiza.com\/producto\/pavimento-efecto-pizarra-cerdisa-varios-tamanos-colores\/#breadcrumb","itemListElement":[{"@type":"ListItem","position":1,"name":"Portada","item":"https:\/\/creaibiza.com\/"},{"@type":"ListItem","position":2,"name":"Tienda","item":"https:\/\/creaibiza.com\/en\/tienda\/"},{"@type":"ListItem","position":3,"name":"Pavimento efecto pizarra Cerdisa varios tama\u00f1os\/colores"}]},{"@type":"WebSite","@id":"https:\/\/creaibiza.com\/#website","url":"https:\/\/creaibiza.com\/","name":"Ibiza erstellen","description":"Cer\u00e1mica, sanitarios y revestimientos de dise\u00f1o en Ibiza","publisher":{"@id":"https:\/\/creaibiza.com\/#organization"},"potentialAction":[{"@type":"SearchAction","target":{"@type":"EntryPoint","urlTemplate":"https:\/\/creaibiza.com\/?s={search_term_string}"},"query-input":{"@type":"PropertyValueSpecification","valueRequired":true,"valueName":"search_term_string"}}],"inLanguage":"de"},{"@type":"Organization","@id":"https:\/\/creaibiza.com\/#organization","name":"Ibiza erstellen","url":"https:\/\/creaibiza.com\/","logo":{"@type":"ImageObject","inLanguage":"de","@id":"https:\/\/creaibiza.com\/#\/schema\/logo\/image\/","url":"https:\/\/creaibiza.com\/wp-content\/uploads\/2024\/02\/cropped-logocrea-web.png","contentUrl":"https:\/\/creaibiza.com\/wp-content\/uploads\/2024\/02\/cropped-logocrea-web.png","width":591,"height":210,"caption":"Crea Ibiza"},"image":{"@id":"https:\/\/creaibiza.com\/#\/schema\/logo\/image\/"},"sameAs":["https:\/\/www.facebook.com\/creaibiza","https:\/\/www.instagram.com\/creaibiza"]}]}},"_links":{"self":[{"href":"https:\/\/creaibiza.com\/de\/wp-json\/wp\/v2\/product\/33193","targetHints":{"allow":["GET"]}}],"collection":[{"href":"https:\/\/creaibiza.com\/de\/wp-json\/wp\/v2\/product"}],"about":[{"href":"https:\/\/creaibiza.com\/de\/wp-json\/wp\/v2\/types\/product"}],"version-history":[{"count":3,"href":"https:\/\/creaibiza.com\/de\/wp-json\/wp\/v2\/product\/33193\/revisions"}],"predecessor-version":[{"id":33213,"href":"https:\/\/creaibiza.com\/de\/wp-json\/wp\/v2\/product\/33193\/revisions\/33213"}],"wp:featuredmedia":[{"embeddable":true,"href":"https:\/\/creaibiza.com\/de\/wp-json\/wp\/v2\/media\/33207"}],"wp:attachment":[{"href":"https:\/\/creaibiza.com\/de\/wp-json\/wp\/v2\/media?parent=33193"}],"wp:term":[{"taxonomy":"product_brand","embeddable":true,"href":"https:\/\/creaibiza.com\/de\/wp-json\/wp\/v2\/product_brand?post=33193"},{"taxonomy":"product_cat","embeddable":true,"href":"https:\/\/creaibiza.com\/de\/wp-json\/wp\/v2\/product_cat?post=33193"},{"taxonomy":"product_tag","embeddable":true,"href":"https:\/\/creaibiza.com\/de\/wp-json\/wp\/v2\/product_tag?post=33193"}],"curies":[{"name":"wp","href":"https:\/\/api.w.org\/{rel}","templated":true}]}}