{"id":32955,"date":"2024-04-30T08:29:22","date_gmt":"2024-04-30T07:29:22","guid":{"rendered":"https:\/\/creaibiza.com\/?post_type=product&#038;p=32955"},"modified":"2026-02-19T18:52:01","modified_gmt":"2026-02-19T17:52:01","slug":"pavimento-dolmen-efecto-ceramica-dolmen-varios-tamanos","status":"publish","type":"product","link":"https:\/\/creaibiza.com\/de\/produkt\/pavimento-dolmen-efecto-ceramica-dolmen-varios-tamanos\/","title":{"rendered":"Pavimento efecto cer\u00e1mica Dolmen varios tama\u00f1os"},"content":{"rendered":"<p>Explora la excelencia del pavimento Dolmen de efecto cer\u00e1mica de la prestigiosa marca Alcalagres, ahora en Crea Ibiza. Esta impresionante colecci\u00f3n combina la elegancia atemporal con la durabilidad y la innovaci\u00f3n de Alcalagres, ofreciendo una opci\u00f3n excepcional para tus proyectos de dise\u00f1o interior.<\/p>\n<p>Con una variedad de acabados y tonalidades que van desde lo cl\u00e1sico hasta lo contempor\u00e1neo, el pavimento Dolmen agrega un toque de distinci\u00f3n a cualquier espacio. Su resistencia y f\u00e1cil mantenimiento lo convierten en una elecci\u00f3n perfecta para \u00e1reas de alto tr\u00e1fico y uso constante.<\/p>\n<p>Transforma tus ambientes con la belleza y calidad del pavimento Dolmen de efecto cer\u00e1mica de Alcalagres, disponible ahora en Crea Ibiza. \u00a1Visita nuestra tienda y descubre c\u00f3mo puedes elevar tus espacios con esta colecci\u00f3n excepcional!<\/p>","protected":false},"excerpt":{"rendered":"<p>Explora la excelencia del pavimento Dolmen de efecto cer\u00e1mica de la prestigiosa marca Alcalagres, ahora en Crea Ibiza. Esta impresionante colecci\u00f3n combina la elegancia atemporal con la durabilidad y la innovaci\u00f3n de Alcalagres, ofreciendo una opci\u00f3n excepcional para tus proyectos de dise\u00f1o interior. Con una variedad de acabados y tonalidades que van desde lo cl\u00e1sico &hellip; <\/p>\n<p class=\"link-more\"><a href=\"https:\/\/creaibiza.com\/de\/produkt\/pavimento-dolmen-efecto-ceramica-dolmen-varios-tamanos\/\" class=\"more-link\">Read More <span class=\"screen-reader-text\"> \u00abPavimento efecto cer\u00e1mica Dolmen varios tama\u00f1os\u00bb<\/span><\/a><\/p>","protected":false},"featured_media":33004,"template":"","meta":{"_acf_changed":false},"product_brand":[2034],"product_cat":[2003,116,227],"product_tag":[1352,1353],"class_list":{"0":"post-32955","1":"product","2":"type-product","3":"status-publish","4":"has-post-thumbnail","6":"product_brand-alcalagres","7":"product_cat-natural-style","8":"product_cat-pavimento","9":"product_cat-piedra","10":"product_tag-pavimento","11":"product_tag-revestimiento","13":"first","14":"instock","15":"taxable","16":"shipping-taxable","17":"purchasable","18":"product-type-variable"},"acf":[],"yoast_head":"<!-- This site is optimized with the Yoast SEO plugin v27.2 - https:\/\/yoast.com\/product\/yoast-seo-wordpress\/ -->\n<title>Pavimento efecto cer\u00e1mica Dolmen varios tama\u00f1os - Crea Ibiza<\/title>\n<meta name=\"description\" content=\"Crea Ibiza - Pavimento efecto cer\u00e1mica Dolmen varios tama\u00f1os - xplora la excelencia del pavimento Dolmen de efecto cer\u00e1mica de la marca Alcalagres.\" \/>\n<meta name=\"robots\" content=\"index, follow, max-snippet:-1, max-image-preview:large, max-video-preview:-1\" \/>\n<link rel=\"canonical\" href=\"https:\/\/creaibiza.com\/de\/produkt\/pavimento-dolmen-efecto-ceramica-dolmen-varios-tamanos\/\" \/>\n<meta property=\"og:locale\" content=\"de_DE\" \/>\n<meta property=\"og:type\" content=\"article\" \/>\n<meta property=\"og:title\" content=\"Pavimento efecto cer\u00e1mica Dolmen varios tama\u00f1os - Crea Ibiza\" \/>\n<meta property=\"og:description\" content=\"Crea Ibiza - Pavimento efecto cer\u00e1mica Dolmen varios tama\u00f1os - xplora la excelencia del pavimento Dolmen de efecto cer\u00e1mica de la marca Alcalagres.\" \/>\n<meta property=\"og:url\" content=\"https:\/\/creaibiza.com\/de\/produkt\/pavimento-dolmen-efecto-ceramica-dolmen-varios-tamanos\/\" \/>\n<meta property=\"og:site_name\" content=\"Crea Ibiza\" \/>\n<meta property=\"article:publisher\" content=\"https:\/\/www.facebook.com\/creaibiza\" \/>\n<meta property=\"article:modified_time\" content=\"2026-02-19T17:52:01+00:00\" \/>\n<meta property=\"og:image\" content=\"https:\/\/creaibiza.com\/wp-content\/uploads\/2024\/04\/YDRAY-Dolmen-Beige-02-copia.jpg\" \/>\n\t<meta property=\"og:image:width\" content=\"1920\" \/>\n\t<meta property=\"og:image:height\" content=\"1080\" \/>\n\t<meta property=\"og:image:type\" content=\"image\/jpeg\" \/>\n<meta name=\"twitter:card\" content=\"summary_large_image\" \/>\n<meta name=\"twitter:label1\" content=\"Gesch\u00e4tzte Lesezeit\" \/>\n\t<meta name=\"twitter:data1\" content=\"1\u00a0Minute\" \/>\n<script type=\"application\/ld+json\" class=\"yoast-schema-graph\">{\"@context\":\"https:\/\/schema.org\",\"@graph\":[{\"@type\":\"WebPage\",\"@id\":\"https:\/\/creaibiza.com\/producto\/pavimento-dolmen-efecto-ceramica-dolmen-varios-tamanos\/\",\"url\":\"https:\/\/creaibiza.com\/producto\/pavimento-dolmen-efecto-ceramica-dolmen-varios-tamanos\/\",\"name\":\"Pavimento efecto cer\u00e1mica Dolmen varios tama\u00f1os - Crea Ibiza\",\"isPartOf\":{\"@id\":\"https:\/\/creaibiza.com\/#website\"},\"primaryImageOfPage\":{\"@id\":\"https:\/\/creaibiza.com\/producto\/pavimento-dolmen-efecto-ceramica-dolmen-varios-tamanos\/#primaryimage\"},\"image\":{\"@id\":\"https:\/\/creaibiza.com\/producto\/pavimento-dolmen-efecto-ceramica-dolmen-varios-tamanos\/#primaryimage\"},\"thumbnailUrl\":\"https:\/\/creaibiza.com\/wp-content\/uploads\/2024\/04\/YDRAY-Dolmen-Beige-02-copia.jpg\",\"datePublished\":\"2024-04-30T07:29:22+00:00\",\"dateModified\":\"2026-02-19T17:52:01+00:00\",\"description\":\"Crea Ibiza - Pavimento efecto cer\u00e1mica Dolmen varios tama\u00f1os - xplora la excelencia del pavimento Dolmen de efecto cer\u00e1mica de la marca Alcalagres.\",\"breadcrumb\":{\"@id\":\"https:\/\/creaibiza.com\/producto\/pavimento-dolmen-efecto-ceramica-dolmen-varios-tamanos\/#breadcrumb\"},\"inLanguage\":\"de\",\"potentialAction\":[{\"@type\":\"ReadAction\",\"target\":[\"https:\/\/creaibiza.com\/producto\/pavimento-dolmen-efecto-ceramica-dolmen-varios-tamanos\/\"]}]},{\"@type\":\"ImageObject\",\"inLanguage\":\"de\",\"@id\":\"https:\/\/creaibiza.com\/producto\/pavimento-dolmen-efecto-ceramica-dolmen-varios-tamanos\/#primaryimage\",\"url\":\"https:\/\/creaibiza.com\/wp-content\/uploads\/2024\/04\/YDRAY-Dolmen-Beige-02-copia.jpg\",\"contentUrl\":\"https:\/\/creaibiza.com\/wp-content\/uploads\/2024\/04\/YDRAY-Dolmen-Beige-02-copia.jpg\",\"width\":1920,\"height\":1080},{\"@type\":\"BreadcrumbList\",\"@id\":\"https:\/\/creaibiza.com\/producto\/pavimento-dolmen-efecto-ceramica-dolmen-varios-tamanos\/#breadcrumb\",\"itemListElement\":[{\"@type\":\"ListItem\",\"position\":1,\"name\":\"Portada\",\"item\":\"https:\/\/creaibiza.com\/\"},{\"@type\":\"ListItem\",\"position\":2,\"name\":\"Tienda\",\"item\":\"https:\/\/creaibiza.com\/en\/tienda\/\"},{\"@type\":\"ListItem\",\"position\":3,\"name\":\"Pavimento efecto cer\u00e1mica Dolmen varios tama\u00f1os\"}]},{\"@type\":\"WebSite\",\"@id\":\"https:\/\/creaibiza.com\/#website\",\"url\":\"https:\/\/creaibiza.com\/\",\"name\":\"Crea Ibiza\",\"description\":\"Cer\u00e1mica, sanitarios y revestimientos de dise\u00f1o en Ibiza\",\"publisher\":{\"@id\":\"https:\/\/creaibiza.com\/#organization\"},\"potentialAction\":[{\"@type\":\"SearchAction\",\"target\":{\"@type\":\"EntryPoint\",\"urlTemplate\":\"https:\/\/creaibiza.com\/?s={search_term_string}\"},\"query-input\":{\"@type\":\"PropertyValueSpecification\",\"valueRequired\":true,\"valueName\":\"search_term_string\"}}],\"inLanguage\":\"de\"},{\"@type\":\"Organization\",\"@id\":\"https:\/\/creaibiza.com\/#organization\",\"name\":\"Crea Ibiza\",\"url\":\"https:\/\/creaibiza.com\/\",\"logo\":{\"@type\":\"ImageObject\",\"inLanguage\":\"de\",\"@id\":\"https:\/\/creaibiza.com\/#\/schema\/logo\/image\/\",\"url\":\"https:\/\/creaibiza.com\/wp-content\/uploads\/2024\/02\/cropped-logocrea-web.png\",\"contentUrl\":\"https:\/\/creaibiza.com\/wp-content\/uploads\/2024\/02\/cropped-logocrea-web.png\",\"width\":591,\"height\":210,\"caption\":\"Crea Ibiza\"},\"image\":{\"@id\":\"https:\/\/creaibiza.com\/#\/schema\/logo\/image\/\"},\"sameAs\":[\"https:\/\/www.facebook.com\/creaibiza\",\"https:\/\/www.instagram.com\/creaibiza\"]}]}<\/script>\n<!-- \/ Yoast SEO plugin. -->","yoast_head_json":{"title":"Pavimento efecto cer\u00e1mica Dolmen varios tama\u00f1os - Crea Ibiza","description":"Crea Ibiza - Pavimento efecto cer\u00e1mica Dolmen varios tama\u00f1os - xplora la excelencia del pavimento Dolmen de efecto cer\u00e1mica de la marca Alcalagres.","robots":{"index":"index","follow":"follow","max-snippet":"max-snippet:-1","max-image-preview":"max-image-preview:large","max-video-preview":"max-video-preview:-1"},"canonical":"https:\/\/creaibiza.com\/de\/produkt\/pavimento-dolmen-efecto-ceramica-dolmen-varios-tamanos\/","og_locale":"de_DE","og_type":"article","og_title":"Pavimento efecto cer\u00e1mica Dolmen varios tama\u00f1os - Crea Ibiza","og_description":"Crea Ibiza - Pavimento efecto cer\u00e1mica Dolmen varios tama\u00f1os - xplora la excelencia del pavimento Dolmen de efecto cer\u00e1mica de la marca Alcalagres.","og_url":"https:\/\/creaibiza.com\/de\/produkt\/pavimento-dolmen-efecto-ceramica-dolmen-varios-tamanos\/","og_site_name":"Crea Ibiza","article_publisher":"https:\/\/www.facebook.com\/creaibiza","article_modified_time":"2026-02-19T17:52:01+00:00","og_image":[{"width":1920,"height":1080,"url":"https:\/\/creaibiza.com\/wp-content\/uploads\/2024\/04\/YDRAY-Dolmen-Beige-02-copia.jpg","type":"image\/jpeg"}],"twitter_card":"summary_large_image","twitter_misc":{"Gesch\u00e4tzte Lesezeit":"1\u00a0Minute"},"schema":{"@context":"https:\/\/schema.org","@graph":[{"@type":"WebPage","@id":"https:\/\/creaibiza.com\/producto\/pavimento-dolmen-efecto-ceramica-dolmen-varios-tamanos\/","url":"https:\/\/creaibiza.com\/producto\/pavimento-dolmen-efecto-ceramica-dolmen-varios-tamanos\/","name":"Pavimento efecto cer\u00e1mica Dolmen varios tama\u00f1os - Crea Ibiza","isPartOf":{"@id":"https:\/\/creaibiza.com\/#website"},"primaryImageOfPage":{"@id":"https:\/\/creaibiza.com\/producto\/pavimento-dolmen-efecto-ceramica-dolmen-varios-tamanos\/#primaryimage"},"image":{"@id":"https:\/\/creaibiza.com\/producto\/pavimento-dolmen-efecto-ceramica-dolmen-varios-tamanos\/#primaryimage"},"thumbnailUrl":"https:\/\/creaibiza.com\/wp-content\/uploads\/2024\/04\/YDRAY-Dolmen-Beige-02-copia.jpg","datePublished":"2024-04-30T07:29:22+00:00","dateModified":"2026-02-19T17:52:01+00:00","description":"Crea Ibiza - Pavimento efecto cer\u00e1mica Dolmen varios tama\u00f1os - xplora la excelencia del pavimento Dolmen de efecto cer\u00e1mica de la marca Alcalagres.","breadcrumb":{"@id":"https:\/\/creaibiza.com\/producto\/pavimento-dolmen-efecto-ceramica-dolmen-varios-tamanos\/#breadcrumb"},"inLanguage":"de","potentialAction":[{"@type":"ReadAction","target":["https:\/\/creaibiza.com\/producto\/pavimento-dolmen-efecto-ceramica-dolmen-varios-tamanos\/"]}]},{"@type":"ImageObject","inLanguage":"de","@id":"https:\/\/creaibiza.com\/producto\/pavimento-dolmen-efecto-ceramica-dolmen-varios-tamanos\/#primaryimage","url":"https:\/\/creaibiza.com\/wp-content\/uploads\/2024\/04\/YDRAY-Dolmen-Beige-02-copia.jpg","contentUrl":"https:\/\/creaibiza.com\/wp-content\/uploads\/2024\/04\/YDRAY-Dolmen-Beige-02-copia.jpg","width":1920,"height":1080},{"@type":"BreadcrumbList","@id":"https:\/\/creaibiza.com\/producto\/pavimento-dolmen-efecto-ceramica-dolmen-varios-tamanos\/#breadcrumb","itemListElement":[{"@type":"ListItem","position":1,"name":"Portada","item":"https:\/\/creaibiza.com\/"},{"@type":"ListItem","position":2,"name":"Tienda","item":"https:\/\/creaibiza.com\/en\/tienda\/"},{"@type":"ListItem","position":3,"name":"Pavimento efecto cer\u00e1mica Dolmen varios tama\u00f1os"}]},{"@type":"WebSite","@id":"https:\/\/creaibiza.com\/#website","url":"https:\/\/creaibiza.com\/","name":"Ibiza erstellen","description":"Cer\u00e1mica, sanitarios y revestimientos de dise\u00f1o en Ibiza","publisher":{"@id":"https:\/\/creaibiza.com\/#organization"},"potentialAction":[{"@type":"SearchAction","target":{"@type":"EntryPoint","urlTemplate":"https:\/\/creaibiza.com\/?s={search_term_string}"},"query-input":{"@type":"PropertyValueSpecification","valueRequired":true,"valueName":"search_term_string"}}],"inLanguage":"de"},{"@type":"Organization","@id":"https:\/\/creaibiza.com\/#organization","name":"Ibiza erstellen","url":"https:\/\/creaibiza.com\/","logo":{"@type":"ImageObject","inLanguage":"de","@id":"https:\/\/creaibiza.com\/#\/schema\/logo\/image\/","url":"https:\/\/creaibiza.com\/wp-content\/uploads\/2024\/02\/cropped-logocrea-web.png","contentUrl":"https:\/\/creaibiza.com\/wp-content\/uploads\/2024\/02\/cropped-logocrea-web.png","width":591,"height":210,"caption":"Crea Ibiza"},"image":{"@id":"https:\/\/creaibiza.com\/#\/schema\/logo\/image\/"},"sameAs":["https:\/\/www.facebook.com\/creaibiza","https:\/\/www.instagram.com\/creaibiza"]}]}},"_links":{"self":[{"href":"https:\/\/creaibiza.com\/de\/wp-json\/wp\/v2\/product\/32955","targetHints":{"allow":["GET"]}}],"collection":[{"href":"https:\/\/creaibiza.com\/de\/wp-json\/wp\/v2\/product"}],"about":[{"href":"https:\/\/creaibiza.com\/de\/wp-json\/wp\/v2\/types\/product"}],"version-history":[{"count":3,"href":"https:\/\/creaibiza.com\/de\/wp-json\/wp\/v2\/product\/32955\/revisions"}],"predecessor-version":[{"id":33134,"href":"https:\/\/creaibiza.com\/de\/wp-json\/wp\/v2\/product\/32955\/revisions\/33134"}],"wp:featuredmedia":[{"embeddable":true,"href":"https:\/\/creaibiza.com\/de\/wp-json\/wp\/v2\/media\/33004"}],"wp:attachment":[{"href":"https:\/\/creaibiza.com\/de\/wp-json\/wp\/v2\/media?parent=32955"}],"wp:term":[{"taxonomy":"product_brand","embeddable":true,"href":"https:\/\/creaibiza.com\/de\/wp-json\/wp\/v2\/product_brand?post=32955"},{"taxonomy":"product_cat","embeddable":true,"href":"https:\/\/creaibiza.com\/de\/wp-json\/wp\/v2\/product_cat?post=32955"},{"taxonomy":"product_tag","embeddable":true,"href":"https:\/\/creaibiza.com\/de\/wp-json\/wp\/v2\/product_tag?post=32955"}],"curies":[{"name":"wp","href":"https:\/\/api.w.org\/{rel}","templated":true}]}}