{"id":32739,"date":"2024-04-26T10:18:52","date_gmt":"2024-04-26T09:18:52","guid":{"rendered":"https:\/\/creaibiza.com\/?post_type=product&#038;p=32739"},"modified":"2025-10-30T12:46:45","modified_gmt":"2025-10-30T11:46:45","slug":"halo","status":"publish","type":"product","link":"https:\/\/creaibiza.com\/de\/produkt\/halo\/","title":{"rendered":"HALO"},"content":{"rendered":"<p>Desde las formas m\u00e1s puras y vibrantes de la piedra, Halo es una colecci\u00f3n que<br \/>\nfusiona la fuerza de la naturaleza con la innovaci\u00f3n del dise\u00f1o.<br \/>\nLa materia de colores incrustada en cada azulejo, resalta la inigualable riqueza<br \/>\nde la paleta natural. Cada pieza cuenta una historia singular, potenciada por su<br \/>\nflexibilidad modular, permitiendo crear superficies ilimitadas y personalizadas.<br \/>\nExalta tu espacio con la uni\u00f3n de la naturaleza y la innovaci\u00f3n.<\/p>","protected":false},"excerpt":{"rendered":"<p>Desde las formas m\u00e1s puras y vibrantes de la piedra, Halo es una colecci\u00f3n que fusiona la fuerza de la naturaleza con la innovaci\u00f3n del dise\u00f1o. La materia de colores incrustada en cada azulejo, resalta la inigualable riqueza de la paleta natural. Cada pieza cuenta una historia singular, potenciada por su flexibilidad modular, permitiendo crear &hellip; <\/p>\n<p class=\"link-more\"><a href=\"https:\/\/creaibiza.com\/de\/produkt\/halo\/\" class=\"more-link\">Read More <span class=\"screen-reader-text\"> \u00abHALO\u00bb<\/span><\/a><\/p>","protected":false},"featured_media":32777,"template":"","meta":{"_acf_changed":false},"product_brand":[187],"product_cat":[1000,1253,2003,116,227,1312,113],"product_tag":[1352,1359,1353],"class_list":{"0":"post-32739","1":"product","2":"type-product","3":"status-publish","4":"has-post-thumbnail","6":"product_brand-wow","7":"product_cat-madera-revestimiento","8":"product_cat-hidraulicos","9":"product_cat-natural-style","10":"product_cat-pavimento","11":"product_cat-piedra","12":"product_cat-piscinas","13":"product_cat-revestimiento","14":"product_tag-pavimento","15":"product_tag-piscina","16":"product_tag-revestimiento","18":"first","19":"instock","20":"taxable","21":"shipping-taxable","22":"purchasable","23":"product-type-variable"},"acf":[],"yoast_head":"<!-- This site is optimized with the Yoast SEO plugin v27.2 - https:\/\/yoast.com\/product\/yoast-seo-wordpress\/ -->\n<title>HALO - Crea Ibiza<\/title>\n<meta name=\"description\" content=\"Crea Ibiza - HALO -\" \/>\n<meta name=\"robots\" content=\"index, follow, max-snippet:-1, max-image-preview:large, max-video-preview:-1\" \/>\n<link rel=\"canonical\" href=\"https:\/\/creaibiza.com\/de\/produkt\/halo\/\" \/>\n<meta property=\"og:locale\" content=\"de_DE\" \/>\n<meta property=\"og:type\" content=\"article\" \/>\n<meta property=\"og:title\" content=\"HALO - Crea Ibiza\" \/>\n<meta property=\"og:description\" content=\"Crea Ibiza - HALO -\" \/>\n<meta property=\"og:url\" content=\"https:\/\/creaibiza.com\/de\/produkt\/halo\/\" \/>\n<meta property=\"og:site_name\" content=\"Crea Ibiza\" \/>\n<meta property=\"article:publisher\" content=\"https:\/\/www.facebook.com\/creaibiza\" \/>\n<meta property=\"article:modified_time\" content=\"2025-10-30T11:46:45+00:00\" \/>\n<meta property=\"og:image\" content=\"https:\/\/creaibiza.com\/wp-content\/uploads\/2024\/04\/0001_Amb17_Sand-44x44-Roots-White-Gloss-1-1.webp\" \/>\n\t<meta property=\"og:image:width\" content=\"2000\" \/>\n\t<meta property=\"og:image:height\" content=\"2000\" \/>\n\t<meta property=\"og:image:type\" content=\"image\/webp\" \/>\n<meta name=\"twitter:card\" content=\"summary_large_image\" \/>\n<meta name=\"twitter:label1\" content=\"Gesch\u00e4tzte Lesezeit\" \/>\n\t<meta name=\"twitter:data1\" content=\"1\u00a0Minute\" \/>\n<script type=\"application\/ld+json\" class=\"yoast-schema-graph\">{\"@context\":\"https:\/\/schema.org\",\"@graph\":[{\"@type\":\"WebPage\",\"@id\":\"https:\/\/creaibiza.com\/producto\/halo\/\",\"url\":\"https:\/\/creaibiza.com\/producto\/halo\/\",\"name\":\"HALO - Crea Ibiza\",\"isPartOf\":{\"@id\":\"https:\/\/creaibiza.com\/#website\"},\"primaryImageOfPage\":{\"@id\":\"https:\/\/creaibiza.com\/producto\/halo\/#primaryimage\"},\"image\":{\"@id\":\"https:\/\/creaibiza.com\/producto\/halo\/#primaryimage\"},\"thumbnailUrl\":\"https:\/\/creaibiza.com\/wp-content\/uploads\/2024\/04\/0001_Amb17_Sand-44x44-Roots-White-Gloss-1-1.webp\",\"datePublished\":\"2024-04-26T09:18:52+00:00\",\"dateModified\":\"2025-10-30T11:46:45+00:00\",\"description\":\"Crea Ibiza - HALO -\",\"breadcrumb\":{\"@id\":\"https:\/\/creaibiza.com\/producto\/halo\/#breadcrumb\"},\"inLanguage\":\"de\",\"potentialAction\":[{\"@type\":\"ReadAction\",\"target\":[\"https:\/\/creaibiza.com\/producto\/halo\/\"]}]},{\"@type\":\"ImageObject\",\"inLanguage\":\"de\",\"@id\":\"https:\/\/creaibiza.com\/producto\/halo\/#primaryimage\",\"url\":\"https:\/\/creaibiza.com\/wp-content\/uploads\/2024\/04\/0001_Amb17_Sand-44x44-Roots-White-Gloss-1-1.webp\",\"contentUrl\":\"https:\/\/creaibiza.com\/wp-content\/uploads\/2024\/04\/0001_Amb17_Sand-44x44-Roots-White-Gloss-1-1.webp\",\"width\":2000,\"height\":2000},{\"@type\":\"BreadcrumbList\",\"@id\":\"https:\/\/creaibiza.com\/producto\/halo\/#breadcrumb\",\"itemListElement\":[{\"@type\":\"ListItem\",\"position\":1,\"name\":\"Portada\",\"item\":\"https:\/\/creaibiza.com\/\"},{\"@type\":\"ListItem\",\"position\":2,\"name\":\"Tienda\",\"item\":\"https:\/\/creaibiza.com\/en\/tienda\/\"},{\"@type\":\"ListItem\",\"position\":3,\"name\":\"HALO\"}]},{\"@type\":\"WebSite\",\"@id\":\"https:\/\/creaibiza.com\/#website\",\"url\":\"https:\/\/creaibiza.com\/\",\"name\":\"Crea Ibiza\",\"description\":\"Cer\u00e1mica, sanitarios y revestimientos de dise\u00f1o en Ibiza\",\"publisher\":{\"@id\":\"https:\/\/creaibiza.com\/#organization\"},\"potentialAction\":[{\"@type\":\"SearchAction\",\"target\":{\"@type\":\"EntryPoint\",\"urlTemplate\":\"https:\/\/creaibiza.com\/?s={search_term_string}\"},\"query-input\":{\"@type\":\"PropertyValueSpecification\",\"valueRequired\":true,\"valueName\":\"search_term_string\"}}],\"inLanguage\":\"de\"},{\"@type\":\"Organization\",\"@id\":\"https:\/\/creaibiza.com\/#organization\",\"name\":\"Crea Ibiza\",\"url\":\"https:\/\/creaibiza.com\/\",\"logo\":{\"@type\":\"ImageObject\",\"inLanguage\":\"de\",\"@id\":\"https:\/\/creaibiza.com\/#\/schema\/logo\/image\/\",\"url\":\"https:\/\/creaibiza.com\/wp-content\/uploads\/2024\/02\/cropped-logocrea-web.png\",\"contentUrl\":\"https:\/\/creaibiza.com\/wp-content\/uploads\/2024\/02\/cropped-logocrea-web.png\",\"width\":591,\"height\":210,\"caption\":\"Crea Ibiza\"},\"image\":{\"@id\":\"https:\/\/creaibiza.com\/#\/schema\/logo\/image\/\"},\"sameAs\":[\"https:\/\/www.facebook.com\/creaibiza\",\"https:\/\/www.instagram.com\/creaibiza\"]}]}<\/script>\n<!-- \/ Yoast SEO plugin. -->","yoast_head_json":{"title":"HALO - Crea Ibiza","description":"Crea Ibiza - HALO -","robots":{"index":"index","follow":"follow","max-snippet":"max-snippet:-1","max-image-preview":"max-image-preview:large","max-video-preview":"max-video-preview:-1"},"canonical":"https:\/\/creaibiza.com\/de\/produkt\/halo\/","og_locale":"de_DE","og_type":"article","og_title":"HALO - Crea Ibiza","og_description":"Crea Ibiza - HALO -","og_url":"https:\/\/creaibiza.com\/de\/produkt\/halo\/","og_site_name":"Crea Ibiza","article_publisher":"https:\/\/www.facebook.com\/creaibiza","article_modified_time":"2025-10-30T11:46:45+00:00","og_image":[{"width":2000,"height":2000,"url":"https:\/\/creaibiza.com\/wp-content\/uploads\/2024\/04\/0001_Amb17_Sand-44x44-Roots-White-Gloss-1-1.webp","type":"image\/webp"}],"twitter_card":"summary_large_image","twitter_misc":{"Gesch\u00e4tzte Lesezeit":"1\u00a0Minute"},"schema":{"@context":"https:\/\/schema.org","@graph":[{"@type":"WebPage","@id":"https:\/\/creaibiza.com\/producto\/halo\/","url":"https:\/\/creaibiza.com\/producto\/halo\/","name":"HALO - Crea Ibiza","isPartOf":{"@id":"https:\/\/creaibiza.com\/#website"},"primaryImageOfPage":{"@id":"https:\/\/creaibiza.com\/producto\/halo\/#primaryimage"},"image":{"@id":"https:\/\/creaibiza.com\/producto\/halo\/#primaryimage"},"thumbnailUrl":"https:\/\/creaibiza.com\/wp-content\/uploads\/2024\/04\/0001_Amb17_Sand-44x44-Roots-White-Gloss-1-1.webp","datePublished":"2024-04-26T09:18:52+00:00","dateModified":"2025-10-30T11:46:45+00:00","description":"Crea Ibiza - HALO -","breadcrumb":{"@id":"https:\/\/creaibiza.com\/producto\/halo\/#breadcrumb"},"inLanguage":"de","potentialAction":[{"@type":"ReadAction","target":["https:\/\/creaibiza.com\/producto\/halo\/"]}]},{"@type":"ImageObject","inLanguage":"de","@id":"https:\/\/creaibiza.com\/producto\/halo\/#primaryimage","url":"https:\/\/creaibiza.com\/wp-content\/uploads\/2024\/04\/0001_Amb17_Sand-44x44-Roots-White-Gloss-1-1.webp","contentUrl":"https:\/\/creaibiza.com\/wp-content\/uploads\/2024\/04\/0001_Amb17_Sand-44x44-Roots-White-Gloss-1-1.webp","width":2000,"height":2000},{"@type":"BreadcrumbList","@id":"https:\/\/creaibiza.com\/producto\/halo\/#breadcrumb","itemListElement":[{"@type":"ListItem","position":1,"name":"Portada","item":"https:\/\/creaibiza.com\/"},{"@type":"ListItem","position":2,"name":"Tienda","item":"https:\/\/creaibiza.com\/en\/tienda\/"},{"@type":"ListItem","position":3,"name":"HALO"}]},{"@type":"WebSite","@id":"https:\/\/creaibiza.com\/#website","url":"https:\/\/creaibiza.com\/","name":"Ibiza erstellen","description":"Cer\u00e1mica, sanitarios y revestimientos de dise\u00f1o en Ibiza","publisher":{"@id":"https:\/\/creaibiza.com\/#organization"},"potentialAction":[{"@type":"SearchAction","target":{"@type":"EntryPoint","urlTemplate":"https:\/\/creaibiza.com\/?s={search_term_string}"},"query-input":{"@type":"PropertyValueSpecification","valueRequired":true,"valueName":"search_term_string"}}],"inLanguage":"de"},{"@type":"Organization","@id":"https:\/\/creaibiza.com\/#organization","name":"Ibiza erstellen","url":"https:\/\/creaibiza.com\/","logo":{"@type":"ImageObject","inLanguage":"de","@id":"https:\/\/creaibiza.com\/#\/schema\/logo\/image\/","url":"https:\/\/creaibiza.com\/wp-content\/uploads\/2024\/02\/cropped-logocrea-web.png","contentUrl":"https:\/\/creaibiza.com\/wp-content\/uploads\/2024\/02\/cropped-logocrea-web.png","width":591,"height":210,"caption":"Crea Ibiza"},"image":{"@id":"https:\/\/creaibiza.com\/#\/schema\/logo\/image\/"},"sameAs":["https:\/\/www.facebook.com\/creaibiza","https:\/\/www.instagram.com\/creaibiza"]}]}},"_links":{"self":[{"href":"https:\/\/creaibiza.com\/de\/wp-json\/wp\/v2\/product\/32739","targetHints":{"allow":["GET"]}}],"collection":[{"href":"https:\/\/creaibiza.com\/de\/wp-json\/wp\/v2\/product"}],"about":[{"href":"https:\/\/creaibiza.com\/de\/wp-json\/wp\/v2\/types\/product"}],"version-history":[{"count":2,"href":"https:\/\/creaibiza.com\/de\/wp-json\/wp\/v2\/product\/32739\/revisions"}],"predecessor-version":[{"id":32764,"href":"https:\/\/creaibiza.com\/de\/wp-json\/wp\/v2\/product\/32739\/revisions\/32764"}],"wp:featuredmedia":[{"embeddable":true,"href":"https:\/\/creaibiza.com\/de\/wp-json\/wp\/v2\/media\/32777"}],"wp:attachment":[{"href":"https:\/\/creaibiza.com\/de\/wp-json\/wp\/v2\/media?parent=32739"}],"wp:term":[{"taxonomy":"product_brand","embeddable":true,"href":"https:\/\/creaibiza.com\/de\/wp-json\/wp\/v2\/product_brand?post=32739"},{"taxonomy":"product_cat","embeddable":true,"href":"https:\/\/creaibiza.com\/de\/wp-json\/wp\/v2\/product_cat?post=32739"},{"taxonomy":"product_tag","embeddable":true,"href":"https:\/\/creaibiza.com\/de\/wp-json\/wp\/v2\/product_tag?post=32739"}],"curies":[{"name":"wp","href":"https:\/\/api.w.org\/{rel}","templated":true}]}}