{"id":31975,"date":"2024-04-10T20:28:31","date_gmt":"2024-04-10T19:28:31","guid":{"rendered":"https:\/\/creaibiza.com\/?post_type=product&#038;p=31975"},"modified":"2026-02-19T19:00:21","modified_gmt":"2026-02-19T18:00:21","slug":"pavimento-gres-porcelanico-efecto-piedra-bali-15x15","status":"publish","type":"product","link":"https:\/\/creaibiza.com\/de\/produkt\/pavimento-gres-porcelanico-efecto-piedra-bali-15x15\/","title":{"rendered":"Pavimento Gres Porcel\u00e1nico Efecto Piedra Bali 15&#215;15"},"content":{"rendered":"<p>Explora la belleza natural del pavimento gres porcel\u00e1nico efecto piedra Bali, disponible en Crea Ibiza de la prestigiosa marca VIVES. Inspirado en los paisajes tropicales de la isla de Bali, este excepcional pavimento ofrece una est\u00e9tica \u00fanica que evoca la tranquilidad y la serenidad de este destino paradis\u00edaco.<\/p>\n<p>El pavimento Bali est\u00e1 dise\u00f1ado en una amplia gama de colores que incluyen tonos suaves y c\u00e1lidos que reflejan la belleza de la piedra natural. Con su efecto piedra realista y su acabado de alta calidad, este pavimento a\u00f1ade un toque de elegancia y sofisticaci\u00f3n a cualquier espacio, ya sea interior o exterior.<\/p>\n<p>Con su formato vers\u00e1til y resistente de 80&#215;80, el pavimento Bali es perfecto para una variedad de aplicaciones, desde salones y cocinas hasta terrazas y patios. Adem\u00e1s de su aspecto impresionante, este pavimento ofrece durabilidad y facilidad de mantenimiento, asegurando un suelo que perdura en el tiempo con un estilo impecable.<\/p>\n<p>D\u00e9jate llevar por la ex\u00f3tica belleza del pavimento gres porcel\u00e1nico efecto piedra Bali de VIVES y transforma tu hogar o negocio en un refugio de serenidad y elegancia. Descubre esta magn\u00edfica opci\u00f3n de pavimento en Crea Ibiza y lleva un pedazo del para\u00edso tropical a tus espacios.<\/p>","protected":false},"excerpt":{"rendered":"<p>Explora la belleza natural del pavimento gres porcel\u00e1nico efecto piedra Bali, disponible en Crea Ibiza de la prestigiosa marca VIVES. Inspirado en los paisajes tropicales de la isla de Bali, este excepcional pavimento ofrece una est\u00e9tica \u00fanica que evoca la tranquilidad y la serenidad de este destino paradis\u00edaco. El pavimento Bali est\u00e1 dise\u00f1ado en una &hellip; <\/p>\n<p class=\"link-more\"><a href=\"https:\/\/creaibiza.com\/de\/produkt\/pavimento-gres-porcelanico-efecto-piedra-bali-15x15\/\" class=\"more-link\">Read More <span class=\"screen-reader-text\"> \u00abPavimento Gres Porcel\u00e1nico Efecto Piedra Bali 15&#215;15\u00bb<\/span><\/a><\/p>","protected":false},"featured_media":32017,"template":"","meta":{"_acf_changed":false},"product_brand":[],"product_cat":[116,227,1002,113],"product_tag":[1352,1353],"class_list":{"0":"post-31975","1":"product","2":"type-product","3":"status-publish","4":"has-post-thumbnail","6":"product_cat-pavimento","7":"product_cat-piedra","8":"product_cat-piedra-revestimiento","9":"product_cat-revestimiento","10":"product_tag-pavimento","11":"product_tag-revestimiento","13":"first","14":"instock","15":"taxable","16":"shipping-taxable","17":"purchasable","18":"product-type-variable"},"acf":[],"yoast_head":"<!-- This site is optimized with the Yoast SEO plugin v27.2 - https:\/\/yoast.com\/product\/yoast-seo-wordpress\/ -->\n<title>Pavimento Gres Porcel\u00e1nico Efecto Piedra Bali 15x15 - Crea Ibiza<\/title>\n<meta name=\"description\" content=\"Explora la belleza natural del pavimento gres porcel\u00e1nico Bali, disponible en Crea Ibiza- Pavimento Gres Porcel\u00e1nico Efecto Piedra Bali 15x15 -\" \/>\n<meta name=\"robots\" content=\"index, follow, max-snippet:-1, max-image-preview:large, max-video-preview:-1\" \/>\n<link rel=\"canonical\" href=\"https:\/\/creaibiza.com\/de\/produkt\/pavimento-gres-porcelanico-efecto-piedra-bali-15x15\/\" \/>\n<meta property=\"og:locale\" content=\"de_DE\" \/>\n<meta property=\"og:type\" content=\"article\" \/>\n<meta property=\"og:title\" content=\"Pavimento Gres Porcel\u00e1nico Efecto Piedra Bali 15x15 - Crea Ibiza\" \/>\n<meta property=\"og:description\" content=\"Explora la belleza natural del pavimento gres porcel\u00e1nico Bali, disponible en Crea Ibiza- Pavimento Gres Porcel\u00e1nico Efecto Piedra Bali 15x15 -\" \/>\n<meta property=\"og:url\" content=\"https:\/\/creaibiza.com\/de\/produkt\/pavimento-gres-porcelanico-efecto-piedra-bali-15x15\/\" \/>\n<meta property=\"og:site_name\" content=\"Crea Ibiza\" \/>\n<meta property=\"article:publisher\" content=\"https:\/\/www.facebook.com\/creaibiza\" \/>\n<meta property=\"article:modified_time\" content=\"2026-02-19T18:00:21+00:00\" \/>\n<meta property=\"og:image\" content=\"https:\/\/creaibiza.com\/wp-content\/uploads\/2024\/04\/A915_Bali_Beige.jpg\" \/>\n\t<meta property=\"og:image:width\" content=\"1920\" \/>\n\t<meta property=\"og:image:height\" content=\"1920\" \/>\n\t<meta property=\"og:image:type\" content=\"image\/jpeg\" \/>\n<meta name=\"twitter:card\" content=\"summary_large_image\" \/>\n<meta name=\"twitter:label1\" content=\"Gesch\u00e4tzte Lesezeit\" \/>\n\t<meta name=\"twitter:data1\" content=\"2\u00a0Minuten\" \/>\n<script type=\"application\/ld+json\" class=\"yoast-schema-graph\">{\"@context\":\"https:\/\/schema.org\",\"@graph\":[{\"@type\":\"WebPage\",\"@id\":\"https:\/\/creaibiza.com\/de\/produkt\/pavimento-gres-porcelanico-efecto-piedra-bali-15x15\/\",\"url\":\"https:\/\/creaibiza.com\/de\/produkt\/pavimento-gres-porcelanico-efecto-piedra-bali-15x15\/\",\"name\":\"Pavimento Gres Porcel\u00e1nico Efecto Piedra Bali 15x15 - Crea Ibiza\",\"isPartOf\":{\"@id\":\"https:\/\/creaibiza.com\/#website\"},\"primaryImageOfPage\":{\"@id\":\"https:\/\/creaibiza.com\/de\/produkt\/pavimento-gres-porcelanico-efecto-piedra-bali-15x15\/#primaryimage\"},\"image\":{\"@id\":\"https:\/\/creaibiza.com\/de\/produkt\/pavimento-gres-porcelanico-efecto-piedra-bali-15x15\/#primaryimage\"},\"thumbnailUrl\":\"https:\/\/creaibiza.com\/wp-content\/uploads\/2024\/04\/A915_Bali_Beige.jpg\",\"datePublished\":\"2024-04-10T19:28:31+00:00\",\"dateModified\":\"2026-02-19T18:00:21+00:00\",\"description\":\"Explora la belleza natural del pavimento gres porcel\u00e1nico Bali, disponible en Crea Ibiza- Pavimento Gres Porcel\u00e1nico Efecto Piedra Bali 15x15 -\",\"breadcrumb\":{\"@id\":\"https:\/\/creaibiza.com\/de\/produkt\/pavimento-gres-porcelanico-efecto-piedra-bali-15x15\/#breadcrumb\"},\"inLanguage\":\"de\",\"potentialAction\":[{\"@type\":\"ReadAction\",\"target\":[\"https:\/\/creaibiza.com\/de\/produkt\/pavimento-gres-porcelanico-efecto-piedra-bali-15x15\/\"]}]},{\"@type\":\"ImageObject\",\"inLanguage\":\"de\",\"@id\":\"https:\/\/creaibiza.com\/de\/produkt\/pavimento-gres-porcelanico-efecto-piedra-bali-15x15\/#primaryimage\",\"url\":\"https:\/\/creaibiza.com\/wp-content\/uploads\/2024\/04\/A915_Bali_Beige.jpg\",\"contentUrl\":\"https:\/\/creaibiza.com\/wp-content\/uploads\/2024\/04\/A915_Bali_Beige.jpg\",\"width\":1920,\"height\":1920,\"caption\":\"Pavimento Gres Porcel\u00e1nico Efecto Piedra Bali\"},{\"@type\":\"BreadcrumbList\",\"@id\":\"https:\/\/creaibiza.com\/de\/produkt\/pavimento-gres-porcelanico-efecto-piedra-bali-15x15\/#breadcrumb\",\"itemListElement\":[{\"@type\":\"ListItem\",\"position\":1,\"name\":\"Portada\",\"item\":\"https:\/\/creaibiza.com\/\"},{\"@type\":\"ListItem\",\"position\":2,\"name\":\"Tienda\",\"item\":\"https:\/\/creaibiza.com\/en\/tienda\/\"},{\"@type\":\"ListItem\",\"position\":3,\"name\":\"Pavimento Gres Porcel\u00e1nico Efecto Piedra Bali 15&#215;15\"}]},{\"@type\":\"WebSite\",\"@id\":\"https:\/\/creaibiza.com\/#website\",\"url\":\"https:\/\/creaibiza.com\/\",\"name\":\"Crea Ibiza\",\"description\":\"Cer\u00e1mica, sanitarios y revestimientos de dise\u00f1o en Ibiza\",\"publisher\":{\"@id\":\"https:\/\/creaibiza.com\/#organization\"},\"potentialAction\":[{\"@type\":\"SearchAction\",\"target\":{\"@type\":\"EntryPoint\",\"urlTemplate\":\"https:\/\/creaibiza.com\/?s={search_term_string}\"},\"query-input\":{\"@type\":\"PropertyValueSpecification\",\"valueRequired\":true,\"valueName\":\"search_term_string\"}}],\"inLanguage\":\"de\"},{\"@type\":\"Organization\",\"@id\":\"https:\/\/creaibiza.com\/#organization\",\"name\":\"Crea Ibiza\",\"url\":\"https:\/\/creaibiza.com\/\",\"logo\":{\"@type\":\"ImageObject\",\"inLanguage\":\"de\",\"@id\":\"https:\/\/creaibiza.com\/#\/schema\/logo\/image\/\",\"url\":\"https:\/\/creaibiza.com\/wp-content\/uploads\/2024\/02\/cropped-logocrea-web.png\",\"contentUrl\":\"https:\/\/creaibiza.com\/wp-content\/uploads\/2024\/02\/cropped-logocrea-web.png\",\"width\":591,\"height\":210,\"caption\":\"Crea Ibiza\"},\"image\":{\"@id\":\"https:\/\/creaibiza.com\/#\/schema\/logo\/image\/\"},\"sameAs\":[\"https:\/\/www.facebook.com\/creaibiza\",\"https:\/\/www.instagram.com\/creaibiza\"]}]}<\/script>\n<!-- \/ Yoast SEO plugin. -->","yoast_head_json":{"title":"Pavimento Gres Porcel\u00e1nico Efecto Piedra Bali 15x15 - Crea Ibiza","description":"Explora la belleza natural del pavimento gres porcel\u00e1nico Bali, disponible en Crea Ibiza- Pavimento Gres Porcel\u00e1nico Efecto Piedra Bali 15x15 -","robots":{"index":"index","follow":"follow","max-snippet":"max-snippet:-1","max-image-preview":"max-image-preview:large","max-video-preview":"max-video-preview:-1"},"canonical":"https:\/\/creaibiza.com\/de\/produkt\/pavimento-gres-porcelanico-efecto-piedra-bali-15x15\/","og_locale":"de_DE","og_type":"article","og_title":"Pavimento Gres Porcel\u00e1nico Efecto Piedra Bali 15x15 - Crea Ibiza","og_description":"Explora la belleza natural del pavimento gres porcel\u00e1nico Bali, disponible en Crea Ibiza- Pavimento Gres Porcel\u00e1nico Efecto Piedra Bali 15x15 -","og_url":"https:\/\/creaibiza.com\/de\/produkt\/pavimento-gres-porcelanico-efecto-piedra-bali-15x15\/","og_site_name":"Crea Ibiza","article_publisher":"https:\/\/www.facebook.com\/creaibiza","article_modified_time":"2026-02-19T18:00:21+00:00","og_image":[{"width":1920,"height":1920,"url":"https:\/\/creaibiza.com\/wp-content\/uploads\/2024\/04\/A915_Bali_Beige.jpg","type":"image\/jpeg"}],"twitter_card":"summary_large_image","twitter_misc":{"Gesch\u00e4tzte Lesezeit":"2\u00a0Minuten"},"schema":{"@context":"https:\/\/schema.org","@graph":[{"@type":"WebPage","@id":"https:\/\/creaibiza.com\/de\/produkt\/pavimento-gres-porcelanico-efecto-piedra-bali-15x15\/","url":"https:\/\/creaibiza.com\/de\/produkt\/pavimento-gres-porcelanico-efecto-piedra-bali-15x15\/","name":"Pavimento Gres Porcel\u00e1nico Efecto Piedra Bali 15x15 - Crea Ibiza","isPartOf":{"@id":"https:\/\/creaibiza.com\/#website"},"primaryImageOfPage":{"@id":"https:\/\/creaibiza.com\/de\/produkt\/pavimento-gres-porcelanico-efecto-piedra-bali-15x15\/#primaryimage"},"image":{"@id":"https:\/\/creaibiza.com\/de\/produkt\/pavimento-gres-porcelanico-efecto-piedra-bali-15x15\/#primaryimage"},"thumbnailUrl":"https:\/\/creaibiza.com\/wp-content\/uploads\/2024\/04\/A915_Bali_Beige.jpg","datePublished":"2024-04-10T19:28:31+00:00","dateModified":"2026-02-19T18:00:21+00:00","description":"Explora la belleza natural del pavimento gres porcel\u00e1nico Bali, disponible en Crea Ibiza- Pavimento Gres Porcel\u00e1nico Efecto Piedra Bali 15x15 -","breadcrumb":{"@id":"https:\/\/creaibiza.com\/de\/produkt\/pavimento-gres-porcelanico-efecto-piedra-bali-15x15\/#breadcrumb"},"inLanguage":"de","potentialAction":[{"@type":"ReadAction","target":["https:\/\/creaibiza.com\/de\/produkt\/pavimento-gres-porcelanico-efecto-piedra-bali-15x15\/"]}]},{"@type":"ImageObject","inLanguage":"de","@id":"https:\/\/creaibiza.com\/de\/produkt\/pavimento-gres-porcelanico-efecto-piedra-bali-15x15\/#primaryimage","url":"https:\/\/creaibiza.com\/wp-content\/uploads\/2024\/04\/A915_Bali_Beige.jpg","contentUrl":"https:\/\/creaibiza.com\/wp-content\/uploads\/2024\/04\/A915_Bali_Beige.jpg","width":1920,"height":1920,"caption":"Pavimento Gres Porcel\u00e1nico Efecto Piedra Bali"},{"@type":"BreadcrumbList","@id":"https:\/\/creaibiza.com\/de\/produkt\/pavimento-gres-porcelanico-efecto-piedra-bali-15x15\/#breadcrumb","itemListElement":[{"@type":"ListItem","position":1,"name":"Portada","item":"https:\/\/creaibiza.com\/"},{"@type":"ListItem","position":2,"name":"Tienda","item":"https:\/\/creaibiza.com\/en\/tienda\/"},{"@type":"ListItem","position":3,"name":"Pavimento Gres Porcel\u00e1nico Efecto Piedra Bali 15&#215;15"}]},{"@type":"WebSite","@id":"https:\/\/creaibiza.com\/#website","url":"https:\/\/creaibiza.com\/","name":"Ibiza erstellen","description":"Cer\u00e1mica, sanitarios y revestimientos de dise\u00f1o en Ibiza","publisher":{"@id":"https:\/\/creaibiza.com\/#organization"},"potentialAction":[{"@type":"SearchAction","target":{"@type":"EntryPoint","urlTemplate":"https:\/\/creaibiza.com\/?s={search_term_string}"},"query-input":{"@type":"PropertyValueSpecification","valueRequired":true,"valueName":"search_term_string"}}],"inLanguage":"de"},{"@type":"Organization","@id":"https:\/\/creaibiza.com\/#organization","name":"Ibiza erstellen","url":"https:\/\/creaibiza.com\/","logo":{"@type":"ImageObject","inLanguage":"de","@id":"https:\/\/creaibiza.com\/#\/schema\/logo\/image\/","url":"https:\/\/creaibiza.com\/wp-content\/uploads\/2024\/02\/cropped-logocrea-web.png","contentUrl":"https:\/\/creaibiza.com\/wp-content\/uploads\/2024\/02\/cropped-logocrea-web.png","width":591,"height":210,"caption":"Crea Ibiza"},"image":{"@id":"https:\/\/creaibiza.com\/#\/schema\/logo\/image\/"},"sameAs":["https:\/\/www.facebook.com\/creaibiza","https:\/\/www.instagram.com\/creaibiza"]}]}},"_links":{"self":[{"href":"https:\/\/creaibiza.com\/de\/wp-json\/wp\/v2\/product\/31975","targetHints":{"allow":["GET"]}}],"collection":[{"href":"https:\/\/creaibiza.com\/de\/wp-json\/wp\/v2\/product"}],"about":[{"href":"https:\/\/creaibiza.com\/de\/wp-json\/wp\/v2\/types\/product"}],"version-history":[{"count":3,"href":"https:\/\/creaibiza.com\/de\/wp-json\/wp\/v2\/product\/31975\/revisions"}],"predecessor-version":[{"id":32087,"href":"https:\/\/creaibiza.com\/de\/wp-json\/wp\/v2\/product\/31975\/revisions\/32087"}],"wp:featuredmedia":[{"embeddable":true,"href":"https:\/\/creaibiza.com\/de\/wp-json\/wp\/v2\/media\/32017"}],"wp:attachment":[{"href":"https:\/\/creaibiza.com\/de\/wp-json\/wp\/v2\/media?parent=31975"}],"wp:term":[{"taxonomy":"product_brand","embeddable":true,"href":"https:\/\/creaibiza.com\/de\/wp-json\/wp\/v2\/product_brand?post=31975"},{"taxonomy":"product_cat","embeddable":true,"href":"https:\/\/creaibiza.com\/de\/wp-json\/wp\/v2\/product_cat?post=31975"},{"taxonomy":"product_tag","embeddable":true,"href":"https:\/\/creaibiza.com\/de\/wp-json\/wp\/v2\/product_tag?post=31975"}],"curies":[{"name":"wp","href":"https:\/\/api.w.org\/{rel}","templated":true}]}}