{"id":31917,"date":"2024-04-09T22:50:26","date_gmt":"2024-04-09T21:50:26","guid":{"rendered":"https:\/\/creaibiza.com\/?post_type=product&#038;p=31917"},"modified":"2024-04-09T22:59:08","modified_gmt":"2024-04-09T21:59:08","slug":"laverton-60x60-feinsteinzeugboden-mit-terracotta-effekt","status":"publish","type":"product","link":"https:\/\/creaibiza.com\/de\/produkt\/laverton-60x60-feinsteinzeugboden-mit-terracotta-effekt\/","title":{"rendered":"Laverton 60\u00d760 Feinsteinzeugfliesen Bodenbelag Mud Effect"},"content":{"rendered":"<p>Entdecken Sie auf der Crea Ibiza die Feinsteinzeugfliese Laverton mit Terracotta-Effekt der renommierten Marke VIVES. Diese atemberaubende Bodenfliese kombiniert die St\u00e4rke und Haltbarkeit von Feinsteinzeug mit der nat\u00fcrlichen Sch\u00f6nheit von Terrakotta und schafft eine warme und einladende Atmosph\u00e4re in jedem Raum. Mit seinem authentischen Design und der hochwertigen Verarbeitung eignet sich der Laverton-Bodenbelag sowohl f\u00fcr den Innen- als auch f\u00fcr den Au\u00dfenbereich und bietet eine vielseitige und elegante L\u00f6sung f\u00fcr Ihre Designprojekte. Verleihen Sie Ihrem Zuhause oder Ihrem Gesch\u00e4ft einen Hauch von rustikalem Charme mit der Feinsteinzeugfliese Laverton in Terrakotta-Optik von VIVES, die jetzt bei Crea Ibiza erh\u00e4ltlich ist.<\/p>","protected":false},"excerpt":{"rendered":"<p>Descubre el pavimento gres porcel\u00e1nico efecto barro Laverton de la prestigiosa marca VIVES en Crea Ibiza. Este impresionante pavimento combina la resistencia y durabilidad del gres porcel\u00e1nico con la belleza natural del barro, creando un ambiente c\u00e1lido y acogedor en cualquier espacio. Con su dise\u00f1o aut\u00e9ntico y su acabado de alta calidad, el pavimento Laverton &hellip; <\/p>\n<p class=\"link-more\"><a href=\"https:\/\/creaibiza.com\/de\/produkt\/laverton-60x60-feinsteinzeugboden-mit-terracotta-effekt\/\" class=\"more-link\">Read More <span class=\"screen-reader-text\"> \u00abPavimento Gres Porcel\u00e1nico Efecto Barro Laverton 60&#215;60\u00bb<\/span><\/a><\/p>","protected":false},"featured_media":31936,"template":"","meta":{"_acf_changed":false},"product_brand":[],"product_cat":[317,116,1002,113],"product_tag":[1352,1353],"class_list":{"0":"post-31917","1":"product","2":"type-product","3":"status-publish","4":"has-post-thumbnail","6":"product_cat-cemento","7":"product_cat-pavimento","8":"product_cat-piedra-revestimiento","9":"product_cat-revestimiento","10":"product_tag-pavimento","11":"product_tag-revestimiento","13":"first","14":"instock","15":"taxable","16":"shipping-taxable","17":"purchasable","18":"product-type-variable"},"acf":[],"yoast_head":"<!-- This site is optimized with the Yoast SEO plugin v27.2 - https:\/\/yoast.com\/product\/yoast-seo-wordpress\/ -->\n<title>Pavimento Gres Porcel\u00e1nico Efecto Barro Laverton 60x60 - Crea Ibiza<\/title>\n<meta name=\"description\" content=\"Crea Ibiza - Pavimento Gres Porcel\u00e1nico Efecto Barro Laverton 60x60 -\" \/>\n<meta name=\"robots\" content=\"index, follow, max-snippet:-1, max-image-preview:large, max-video-preview:-1\" \/>\n<link rel=\"canonical\" href=\"https:\/\/creaibiza.com\/de\/produkt\/laverton-60x60-feinsteinzeugboden-mit-terracotta-effekt\/\" \/>\n<meta property=\"og:locale\" content=\"de_DE\" \/>\n<meta property=\"og:type\" content=\"article\" \/>\n<meta property=\"og:title\" content=\"Pavimento Gres Porcel\u00e1nico Efecto Barro Laverton 60x60 - Crea Ibiza\" \/>\n<meta property=\"og:description\" content=\"Crea Ibiza - Pavimento Gres Porcel\u00e1nico Efecto Barro Laverton 60x60 -\" \/>\n<meta property=\"og:url\" content=\"https:\/\/creaibiza.com\/de\/produkt\/laverton-60x60-feinsteinzeugboden-mit-terracotta-effekt\/\" \/>\n<meta property=\"og:site_name\" content=\"Crea Ibiza\" \/>\n<meta property=\"article:publisher\" content=\"https:\/\/www.facebook.com\/creaibiza\" \/>\n<meta property=\"article:modified_time\" content=\"2024-04-09T21:59:08+00:00\" \/>\n<meta property=\"og:image\" content=\"https:\/\/creaibiza.com\/wp-content\/uploads\/2024\/04\/Laverton_Gris_P013.jpg\" \/>\n\t<meta property=\"og:image:width\" content=\"450\" \/>\n\t<meta property=\"og:image:height\" content=\"637\" \/>\n\t<meta property=\"og:image:type\" content=\"image\/jpeg\" \/>\n<meta name=\"twitter:card\" content=\"summary_large_image\" \/>\n<meta name=\"twitter:label1\" content=\"Gesch\u00e4tzte Lesezeit\" \/>\n\t<meta name=\"twitter:data1\" content=\"1\u00a0Minute\" \/>\n<script type=\"application\/ld+json\" class=\"yoast-schema-graph\">{\"@context\":\"https:\/\/schema.org\",\"@graph\":[{\"@type\":\"WebPage\",\"@id\":\"https:\/\/creaibiza.com\/producto\/pavimento-gres-porcelanico-efecto-barro-laverton-60x60\/\",\"url\":\"https:\/\/creaibiza.com\/producto\/pavimento-gres-porcelanico-efecto-barro-laverton-60x60\/\",\"name\":\"Pavimento Gres Porcel\u00e1nico Efecto Barro Laverton 60x60 - Crea Ibiza\",\"isPartOf\":{\"@id\":\"https:\/\/creaibiza.com\/#website\"},\"primaryImageOfPage\":{\"@id\":\"https:\/\/creaibiza.com\/producto\/pavimento-gres-porcelanico-efecto-barro-laverton-60x60\/#primaryimage\"},\"image\":{\"@id\":\"https:\/\/creaibiza.com\/producto\/pavimento-gres-porcelanico-efecto-barro-laverton-60x60\/#primaryimage\"},\"thumbnailUrl\":\"https:\/\/creaibiza.com\/wp-content\/uploads\/2024\/04\/Laverton_Gris_P013.jpg\",\"datePublished\":\"2024-04-09T21:50:26+00:00\",\"dateModified\":\"2024-04-09T21:59:08+00:00\",\"description\":\"Crea Ibiza - Pavimento Gres Porcel\u00e1nico Efecto Barro Laverton 60x60 -\",\"breadcrumb\":{\"@id\":\"https:\/\/creaibiza.com\/producto\/pavimento-gres-porcelanico-efecto-barro-laverton-60x60\/#breadcrumb\"},\"inLanguage\":\"de\",\"potentialAction\":[{\"@type\":\"ReadAction\",\"target\":[\"https:\/\/creaibiza.com\/producto\/pavimento-gres-porcelanico-efecto-barro-laverton-60x60\/\"]}]},{\"@type\":\"ImageObject\",\"inLanguage\":\"de\",\"@id\":\"https:\/\/creaibiza.com\/producto\/pavimento-gres-porcelanico-efecto-barro-laverton-60x60\/#primaryimage\",\"url\":\"https:\/\/creaibiza.com\/wp-content\/uploads\/2024\/04\/Laverton_Gris_P013.jpg\",\"contentUrl\":\"https:\/\/creaibiza.com\/wp-content\/uploads\/2024\/04\/Laverton_Gris_P013.jpg\",\"width\":450,\"height\":637,\"caption\":\"Pavimento Gres Porcel\u00e1nico Efecto Piedra Seine 80x80\"},{\"@type\":\"BreadcrumbList\",\"@id\":\"https:\/\/creaibiza.com\/producto\/pavimento-gres-porcelanico-efecto-barro-laverton-60x60\/#breadcrumb\",\"itemListElement\":[{\"@type\":\"ListItem\",\"position\":1,\"name\":\"Portada\",\"item\":\"https:\/\/creaibiza.com\/\"},{\"@type\":\"ListItem\",\"position\":2,\"name\":\"Tienda\",\"item\":\"https:\/\/creaibiza.com\/en\/tienda\/\"},{\"@type\":\"ListItem\",\"position\":3,\"name\":\"Pavimento Gres Porcel\u00e1nico Efecto Barro Laverton 60&#215;60\"}]},{\"@type\":\"WebSite\",\"@id\":\"https:\/\/creaibiza.com\/#website\",\"url\":\"https:\/\/creaibiza.com\/\",\"name\":\"Crea Ibiza\",\"description\":\"Cer\u00e1mica, sanitarios y revestimientos de dise\u00f1o en Ibiza\",\"publisher\":{\"@id\":\"https:\/\/creaibiza.com\/#organization\"},\"potentialAction\":[{\"@type\":\"SearchAction\",\"target\":{\"@type\":\"EntryPoint\",\"urlTemplate\":\"https:\/\/creaibiza.com\/?s={search_term_string}\"},\"query-input\":{\"@type\":\"PropertyValueSpecification\",\"valueRequired\":true,\"valueName\":\"search_term_string\"}}],\"inLanguage\":\"de\"},{\"@type\":\"Organization\",\"@id\":\"https:\/\/creaibiza.com\/#organization\",\"name\":\"Crea Ibiza\",\"url\":\"https:\/\/creaibiza.com\/\",\"logo\":{\"@type\":\"ImageObject\",\"inLanguage\":\"de\",\"@id\":\"https:\/\/creaibiza.com\/#\/schema\/logo\/image\/\",\"url\":\"https:\/\/creaibiza.com\/wp-content\/uploads\/2024\/02\/cropped-logocrea-web.png\",\"contentUrl\":\"https:\/\/creaibiza.com\/wp-content\/uploads\/2024\/02\/cropped-logocrea-web.png\",\"width\":591,\"height\":210,\"caption\":\"Crea Ibiza\"},\"image\":{\"@id\":\"https:\/\/creaibiza.com\/#\/schema\/logo\/image\/\"},\"sameAs\":[\"https:\/\/www.facebook.com\/creaibiza\",\"https:\/\/www.instagram.com\/creaibiza\"]}]}<\/script>\n<!-- \/ Yoast SEO plugin. -->","yoast_head_json":{"title":"Laverton 60x60 Laverton 60x60 Feinsteinzeugfliesen - Crea Ibiza","description":"Crea Ibiza - Laverton 60x60 - Laverton 60x60 Clay Effect Feinsteinzeug Bodenfliesen -","robots":{"index":"index","follow":"follow","max-snippet":"max-snippet:-1","max-image-preview":"max-image-preview:large","max-video-preview":"max-video-preview:-1"},"canonical":"https:\/\/creaibiza.com\/de\/produkt\/laverton-60x60-feinsteinzeugboden-mit-terracotta-effekt\/","og_locale":"de_DE","og_type":"article","og_title":"Pavimento Gres Porcel\u00e1nico Efecto Barro Laverton 60x60 - Crea Ibiza","og_description":"Crea Ibiza - Pavimento Gres Porcel\u00e1nico Efecto Barro Laverton 60x60 -","og_url":"https:\/\/creaibiza.com\/de\/produkt\/laverton-60x60-feinsteinzeugboden-mit-terracotta-effekt\/","og_site_name":"Crea Ibiza","article_publisher":"https:\/\/www.facebook.com\/creaibiza","article_modified_time":"2024-04-09T21:59:08+00:00","og_image":[{"width":450,"height":637,"url":"https:\/\/creaibiza.com\/wp-content\/uploads\/2024\/04\/Laverton_Gris_P013.jpg","type":"image\/jpeg"}],"twitter_card":"summary_large_image","twitter_misc":{"Gesch\u00e4tzte Lesezeit":"1\u00a0Minute"},"schema":{"@context":"https:\/\/schema.org","@graph":[{"@type":"WebPage","@id":"https:\/\/creaibiza.com\/producto\/pavimento-gres-porcelanico-efecto-barro-laverton-60x60\/","url":"https:\/\/creaibiza.com\/producto\/pavimento-gres-porcelanico-efecto-barro-laverton-60x60\/","name":"Laverton 60x60 Laverton 60x60 Feinsteinzeugfliesen - Crea Ibiza","isPartOf":{"@id":"https:\/\/creaibiza.com\/#website"},"primaryImageOfPage":{"@id":"https:\/\/creaibiza.com\/producto\/pavimento-gres-porcelanico-efecto-barro-laverton-60x60\/#primaryimage"},"image":{"@id":"https:\/\/creaibiza.com\/producto\/pavimento-gres-porcelanico-efecto-barro-laverton-60x60\/#primaryimage"},"thumbnailUrl":"https:\/\/creaibiza.com\/wp-content\/uploads\/2024\/04\/Laverton_Gris_P013.jpg","datePublished":"2024-04-09T21:50:26+00:00","dateModified":"2024-04-09T21:59:08+00:00","description":"Crea Ibiza - Laverton 60x60 - Laverton 60x60 Clay Effect Feinsteinzeug Bodenfliesen -","breadcrumb":{"@id":"https:\/\/creaibiza.com\/producto\/pavimento-gres-porcelanico-efecto-barro-laverton-60x60\/#breadcrumb"},"inLanguage":"de","potentialAction":[{"@type":"ReadAction","target":["https:\/\/creaibiza.com\/producto\/pavimento-gres-porcelanico-efecto-barro-laverton-60x60\/"]}]},{"@type":"ImageObject","inLanguage":"de","@id":"https:\/\/creaibiza.com\/producto\/pavimento-gres-porcelanico-efecto-barro-laverton-60x60\/#primaryimage","url":"https:\/\/creaibiza.com\/wp-content\/uploads\/2024\/04\/Laverton_Gris_P013.jpg","contentUrl":"https:\/\/creaibiza.com\/wp-content\/uploads\/2024\/04\/Laverton_Gris_P013.jpg","width":450,"height":637,"caption":"Pavimento Gres Porcel\u00e1nico Efecto Piedra Seine 80x80"},{"@type":"BreadcrumbList","@id":"https:\/\/creaibiza.com\/producto\/pavimento-gres-porcelanico-efecto-barro-laverton-60x60\/#breadcrumb","itemListElement":[{"@type":"ListItem","position":1,"name":"Portada","item":"https:\/\/creaibiza.com\/"},{"@type":"ListItem","position":2,"name":"Tienda","item":"https:\/\/creaibiza.com\/en\/tienda\/"},{"@type":"ListItem","position":3,"name":"Pavimento Gres Porcel\u00e1nico Efecto Barro Laverton 60&#215;60"}]},{"@type":"WebSite","@id":"https:\/\/creaibiza.com\/#website","url":"https:\/\/creaibiza.com\/","name":"Ibiza erstellen","description":"Cer\u00e1mica, sanitarios y revestimientos de dise\u00f1o en Ibiza","publisher":{"@id":"https:\/\/creaibiza.com\/#organization"},"potentialAction":[{"@type":"SearchAction","target":{"@type":"EntryPoint","urlTemplate":"https:\/\/creaibiza.com\/?s={search_term_string}"},"query-input":{"@type":"PropertyValueSpecification","valueRequired":true,"valueName":"search_term_string"}}],"inLanguage":"de"},{"@type":"Organization","@id":"https:\/\/creaibiza.com\/#organization","name":"Ibiza erstellen","url":"https:\/\/creaibiza.com\/","logo":{"@type":"ImageObject","inLanguage":"de","@id":"https:\/\/creaibiza.com\/#\/schema\/logo\/image\/","url":"https:\/\/creaibiza.com\/wp-content\/uploads\/2024\/02\/cropped-logocrea-web.png","contentUrl":"https:\/\/creaibiza.com\/wp-content\/uploads\/2024\/02\/cropped-logocrea-web.png","width":591,"height":210,"caption":"Crea Ibiza"},"image":{"@id":"https:\/\/creaibiza.com\/#\/schema\/logo\/image\/"},"sameAs":["https:\/\/www.facebook.com\/creaibiza","https:\/\/www.instagram.com\/creaibiza"]}]}},"_links":{"self":[{"href":"https:\/\/creaibiza.com\/de\/wp-json\/wp\/v2\/product\/31917","targetHints":{"allow":["GET"]}}],"collection":[{"href":"https:\/\/creaibiza.com\/de\/wp-json\/wp\/v2\/product"}],"about":[{"href":"https:\/\/creaibiza.com\/de\/wp-json\/wp\/v2\/types\/product"}],"version-history":[{"count":1,"href":"https:\/\/creaibiza.com\/de\/wp-json\/wp\/v2\/product\/31917\/revisions"}],"predecessor-version":[{"id":31937,"href":"https:\/\/creaibiza.com\/de\/wp-json\/wp\/v2\/product\/31917\/revisions\/31937"}],"wp:featuredmedia":[{"embeddable":true,"href":"https:\/\/creaibiza.com\/de\/wp-json\/wp\/v2\/media\/31936"}],"wp:attachment":[{"href":"https:\/\/creaibiza.com\/de\/wp-json\/wp\/v2\/media?parent=31917"}],"wp:term":[{"taxonomy":"product_brand","embeddable":true,"href":"https:\/\/creaibiza.com\/de\/wp-json\/wp\/v2\/product_brand?post=31917"},{"taxonomy":"product_cat","embeddable":true,"href":"https:\/\/creaibiza.com\/de\/wp-json\/wp\/v2\/product_cat?post=31917"},{"taxonomy":"product_tag","embeddable":true,"href":"https:\/\/creaibiza.com\/de\/wp-json\/wp\/v2\/product_tag?post=31917"}],"curies":[{"name":"wp","href":"https:\/\/api.w.org\/{rel}","templated":true}]}}