{"id":30685,"date":"2024-02-27T13:12:35","date_gmt":"2024-02-27T12:12:35","guid":{"rendered":"https:\/\/creaibiza.com\/?post_type=product&#038;p=30685"},"modified":"2025-10-01T18:04:54","modified_gmt":"2025-10-01T17:04:54","slug":"arenisca-espe","status":"publish","type":"product","link":"https:\/\/creaibiza.com\/de\/produkt\/arenisca-espe\/","title":{"rendered":"ARENISCA 20mm"},"content":{"rendered":"<p>La fusi\u00f3n de la piedra con detalles del terrazo, ha sido la inspiraci\u00f3n para este porcel\u00e1nico rectificado. Los detalles de las peque\u00f1as piedras del terrazo, contrastan con la base de la piedra para crear un espacio singular y lleno de matices.<\/p>","protected":false},"excerpt":{"rendered":"<p>La fusi\u00f3n de la piedra con detalles del terrazo, ha sido la inspiraci\u00f3n para este porcel\u00e1nico rectificado. Los detalles de las peque\u00f1as piedras del terrazo, contrastan con la base de la piedra para crear un espacio singular y lleno de matices.<\/p>","protected":false},"featured_media":30684,"template":"","meta":{"_acf_changed":false},"product_brand":[233],"product_cat":[1837,2003,116],"product_tag":[1352],"class_list":{"0":"post-30685","1":"product","2":"type-product","3":"status-publish","4":"has-post-thumbnail","6":"product_brand-ecoceramic","7":"product_cat-espesorados","8":"product_cat-natural-style","9":"product_cat-pavimento","10":"product_tag-pavimento","12":"first","13":"instock","14":"taxable","15":"shipping-taxable","16":"purchasable","17":"product-type-variable"},"acf":[],"yoast_head":"<!-- This site is optimized with the Yoast SEO plugin v27.2 - https:\/\/yoast.com\/product\/yoast-seo-wordpress\/ -->\n<title>ARENISCA 20mm - Crea Ibiza<\/title>\n<meta name=\"description\" content=\"Crea Ibiza - ARENISCA 20mm -\" \/>\n<meta name=\"robots\" content=\"index, follow, max-snippet:-1, max-image-preview:large, max-video-preview:-1\" \/>\n<link rel=\"canonical\" href=\"https:\/\/creaibiza.com\/de\/produkt\/arenisca-espe\/\" \/>\n<meta property=\"og:locale\" content=\"de_DE\" \/>\n<meta property=\"og:type\" content=\"article\" \/>\n<meta property=\"og:title\" content=\"ARENISCA 20mm - Crea Ibiza\" \/>\n<meta property=\"og:description\" content=\"Crea Ibiza - ARENISCA 20mm -\" \/>\n<meta property=\"og:url\" content=\"https:\/\/creaibiza.com\/de\/produkt\/arenisca-espe\/\" \/>\n<meta property=\"og:site_name\" content=\"Crea Ibiza\" \/>\n<meta property=\"article:publisher\" content=\"https:\/\/www.facebook.com\/creaibiza\" \/>\n<meta property=\"article:modified_time\" content=\"2025-10-01T17:04:54+00:00\" \/>\n<meta property=\"og:image\" content=\"https:\/\/creaibiza.com\/wp-content\/uploads\/2021\/11\/AMB_ARENISCA_ARENA_2.0_PLOTER_copia-1.jpg\" \/>\n\t<meta property=\"og:image:width\" content=\"1080\" \/>\n\t<meta property=\"og:image:height\" content=\"864\" \/>\n\t<meta property=\"og:image:type\" content=\"image\/jpeg\" \/>\n<meta name=\"twitter:card\" content=\"summary_large_image\" \/>\n<meta name=\"twitter:label1\" content=\"Gesch\u00e4tzte Lesezeit\" \/>\n\t<meta name=\"twitter:data1\" content=\"1\u00a0Minute\" \/>\n<script type=\"application\/ld+json\" class=\"yoast-schema-graph\">{\"@context\":\"https:\/\/schema.org\",\"@graph\":[{\"@type\":\"WebPage\",\"@id\":\"https:\/\/creaibiza.com\/producto\/arenisca-espe\/\",\"url\":\"https:\/\/creaibiza.com\/producto\/arenisca-espe\/\",\"name\":\"ARENISCA 20mm - Crea Ibiza\",\"isPartOf\":{\"@id\":\"https:\/\/creaibiza.com\/#website\"},\"primaryImageOfPage\":{\"@id\":\"https:\/\/creaibiza.com\/producto\/arenisca-espe\/#primaryimage\"},\"image\":{\"@id\":\"https:\/\/creaibiza.com\/producto\/arenisca-espe\/#primaryimage\"},\"thumbnailUrl\":\"https:\/\/creaibiza.com\/wp-content\/uploads\/2021\/11\/AMB_ARENISCA_ARENA_2.0_PLOTER_copia-1.jpg\",\"datePublished\":\"2024-02-27T12:12:35+00:00\",\"dateModified\":\"2025-10-01T17:04:54+00:00\",\"description\":\"Crea Ibiza - ARENISCA 20mm -\",\"breadcrumb\":{\"@id\":\"https:\/\/creaibiza.com\/producto\/arenisca-espe\/#breadcrumb\"},\"inLanguage\":\"de\",\"potentialAction\":[{\"@type\":\"ReadAction\",\"target\":[\"https:\/\/creaibiza.com\/producto\/arenisca-espe\/\"]}]},{\"@type\":\"ImageObject\",\"inLanguage\":\"de\",\"@id\":\"https:\/\/creaibiza.com\/producto\/arenisca-espe\/#primaryimage\",\"url\":\"https:\/\/creaibiza.com\/wp-content\/uploads\/2021\/11\/AMB_ARENISCA_ARENA_2.0_PLOTER_copia-1.jpg\",\"contentUrl\":\"https:\/\/creaibiza.com\/wp-content\/uploads\/2021\/11\/AMB_ARENISCA_ARENA_2.0_PLOTER_copia-1.jpg\",\"width\":1080,\"height\":864},{\"@type\":\"BreadcrumbList\",\"@id\":\"https:\/\/creaibiza.com\/producto\/arenisca-espe\/#breadcrumb\",\"itemListElement\":[{\"@type\":\"ListItem\",\"position\":1,\"name\":\"Portada\",\"item\":\"https:\/\/creaibiza.com\/\"},{\"@type\":\"ListItem\",\"position\":2,\"name\":\"Tienda\",\"item\":\"https:\/\/creaibiza.com\/en\/tienda\/\"},{\"@type\":\"ListItem\",\"position\":3,\"name\":\"ARENISCA 20mm\"}]},{\"@type\":\"WebSite\",\"@id\":\"https:\/\/creaibiza.com\/#website\",\"url\":\"https:\/\/creaibiza.com\/\",\"name\":\"Crea Ibiza\",\"description\":\"Cer\u00e1mica, sanitarios y revestimientos de dise\u00f1o en Ibiza\",\"publisher\":{\"@id\":\"https:\/\/creaibiza.com\/#organization\"},\"potentialAction\":[{\"@type\":\"SearchAction\",\"target\":{\"@type\":\"EntryPoint\",\"urlTemplate\":\"https:\/\/creaibiza.com\/?s={search_term_string}\"},\"query-input\":{\"@type\":\"PropertyValueSpecification\",\"valueRequired\":true,\"valueName\":\"search_term_string\"}}],\"inLanguage\":\"de\"},{\"@type\":\"Organization\",\"@id\":\"https:\/\/creaibiza.com\/#organization\",\"name\":\"Crea Ibiza\",\"url\":\"https:\/\/creaibiza.com\/\",\"logo\":{\"@type\":\"ImageObject\",\"inLanguage\":\"de\",\"@id\":\"https:\/\/creaibiza.com\/#\/schema\/logo\/image\/\",\"url\":\"https:\/\/creaibiza.com\/wp-content\/uploads\/2024\/02\/cropped-logocrea-web.png\",\"contentUrl\":\"https:\/\/creaibiza.com\/wp-content\/uploads\/2024\/02\/cropped-logocrea-web.png\",\"width\":591,\"height\":210,\"caption\":\"Crea Ibiza\"},\"image\":{\"@id\":\"https:\/\/creaibiza.com\/#\/schema\/logo\/image\/\"},\"sameAs\":[\"https:\/\/www.facebook.com\/creaibiza\",\"https:\/\/www.instagram.com\/creaibiza\"]}]}<\/script>\n<!-- \/ Yoast SEO plugin. -->","yoast_head_json":{"title":"ARENISCA 20mm - Crea Ibiza","description":"Crea Ibiza - ARENISCA 20mm -","robots":{"index":"index","follow":"follow","max-snippet":"max-snippet:-1","max-image-preview":"max-image-preview:large","max-video-preview":"max-video-preview:-1"},"canonical":"https:\/\/creaibiza.com\/de\/produkt\/arenisca-espe\/","og_locale":"de_DE","og_type":"article","og_title":"ARENISCA 20mm - Crea Ibiza","og_description":"Crea Ibiza - ARENISCA 20mm -","og_url":"https:\/\/creaibiza.com\/de\/produkt\/arenisca-espe\/","og_site_name":"Crea Ibiza","article_publisher":"https:\/\/www.facebook.com\/creaibiza","article_modified_time":"2025-10-01T17:04:54+00:00","og_image":[{"width":1080,"height":864,"url":"https:\/\/creaibiza.com\/wp-content\/uploads\/2021\/11\/AMB_ARENISCA_ARENA_2.0_PLOTER_copia-1.jpg","type":"image\/jpeg"}],"twitter_card":"summary_large_image","twitter_misc":{"Gesch\u00e4tzte Lesezeit":"1\u00a0Minute"},"schema":{"@context":"https:\/\/schema.org","@graph":[{"@type":"WebPage","@id":"https:\/\/creaibiza.com\/producto\/arenisca-espe\/","url":"https:\/\/creaibiza.com\/producto\/arenisca-espe\/","name":"ARENISCA 20mm - Crea Ibiza","isPartOf":{"@id":"https:\/\/creaibiza.com\/#website"},"primaryImageOfPage":{"@id":"https:\/\/creaibiza.com\/producto\/arenisca-espe\/#primaryimage"},"image":{"@id":"https:\/\/creaibiza.com\/producto\/arenisca-espe\/#primaryimage"},"thumbnailUrl":"https:\/\/creaibiza.com\/wp-content\/uploads\/2021\/11\/AMB_ARENISCA_ARENA_2.0_PLOTER_copia-1.jpg","datePublished":"2024-02-27T12:12:35+00:00","dateModified":"2025-10-01T17:04:54+00:00","description":"Crea Ibiza - ARENISCA 20mm -","breadcrumb":{"@id":"https:\/\/creaibiza.com\/producto\/arenisca-espe\/#breadcrumb"},"inLanguage":"de","potentialAction":[{"@type":"ReadAction","target":["https:\/\/creaibiza.com\/producto\/arenisca-espe\/"]}]},{"@type":"ImageObject","inLanguage":"de","@id":"https:\/\/creaibiza.com\/producto\/arenisca-espe\/#primaryimage","url":"https:\/\/creaibiza.com\/wp-content\/uploads\/2021\/11\/AMB_ARENISCA_ARENA_2.0_PLOTER_copia-1.jpg","contentUrl":"https:\/\/creaibiza.com\/wp-content\/uploads\/2021\/11\/AMB_ARENISCA_ARENA_2.0_PLOTER_copia-1.jpg","width":1080,"height":864},{"@type":"BreadcrumbList","@id":"https:\/\/creaibiza.com\/producto\/arenisca-espe\/#breadcrumb","itemListElement":[{"@type":"ListItem","position":1,"name":"Portada","item":"https:\/\/creaibiza.com\/"},{"@type":"ListItem","position":2,"name":"Tienda","item":"https:\/\/creaibiza.com\/en\/tienda\/"},{"@type":"ListItem","position":3,"name":"ARENISCA 20mm"}]},{"@type":"WebSite","@id":"https:\/\/creaibiza.com\/#website","url":"https:\/\/creaibiza.com\/","name":"Ibiza erstellen","description":"Cer\u00e1mica, sanitarios y revestimientos de dise\u00f1o en Ibiza","publisher":{"@id":"https:\/\/creaibiza.com\/#organization"},"potentialAction":[{"@type":"SearchAction","target":{"@type":"EntryPoint","urlTemplate":"https:\/\/creaibiza.com\/?s={search_term_string}"},"query-input":{"@type":"PropertyValueSpecification","valueRequired":true,"valueName":"search_term_string"}}],"inLanguage":"de"},{"@type":"Organization","@id":"https:\/\/creaibiza.com\/#organization","name":"Ibiza erstellen","url":"https:\/\/creaibiza.com\/","logo":{"@type":"ImageObject","inLanguage":"de","@id":"https:\/\/creaibiza.com\/#\/schema\/logo\/image\/","url":"https:\/\/creaibiza.com\/wp-content\/uploads\/2024\/02\/cropped-logocrea-web.png","contentUrl":"https:\/\/creaibiza.com\/wp-content\/uploads\/2024\/02\/cropped-logocrea-web.png","width":591,"height":210,"caption":"Crea Ibiza"},"image":{"@id":"https:\/\/creaibiza.com\/#\/schema\/logo\/image\/"},"sameAs":["https:\/\/www.facebook.com\/creaibiza","https:\/\/www.instagram.com\/creaibiza"]}]}},"_links":{"self":[{"href":"https:\/\/creaibiza.com\/de\/wp-json\/wp\/v2\/product\/30685","targetHints":{"allow":["GET"]}}],"collection":[{"href":"https:\/\/creaibiza.com\/de\/wp-json\/wp\/v2\/product"}],"about":[{"href":"https:\/\/creaibiza.com\/de\/wp-json\/wp\/v2\/types\/product"}],"version-history":[{"count":5,"href":"https:\/\/creaibiza.com\/de\/wp-json\/wp\/v2\/product\/30685\/revisions"}],"predecessor-version":[{"id":35685,"href":"https:\/\/creaibiza.com\/de\/wp-json\/wp\/v2\/product\/30685\/revisions\/35685"}],"wp:featuredmedia":[{"embeddable":true,"href":"https:\/\/creaibiza.com\/de\/wp-json\/wp\/v2\/media\/30684"}],"wp:attachment":[{"href":"https:\/\/creaibiza.com\/de\/wp-json\/wp\/v2\/media?parent=30685"}],"wp:term":[{"taxonomy":"product_brand","embeddable":true,"href":"https:\/\/creaibiza.com\/de\/wp-json\/wp\/v2\/product_brand?post=30685"},{"taxonomy":"product_cat","embeddable":true,"href":"https:\/\/creaibiza.com\/de\/wp-json\/wp\/v2\/product_cat?post=30685"},{"taxonomy":"product_tag","embeddable":true,"href":"https:\/\/creaibiza.com\/de\/wp-json\/wp\/v2\/product_tag?post=30685"}],"curies":[{"name":"wp","href":"https:\/\/api.w.org\/{rel}","templated":true}]}}