{"id":30521,"date":"2024-02-23T21:33:52","date_gmt":"2024-02-23T20:33:52","guid":{"rendered":"https:\/\/creaibiza.com\/?post_type=product&#038;p=30521"},"modified":"2025-09-30T21:00:08","modified_gmt":"2025-09-30T20:00:08","slug":"cr-fresco","status":"publish","type":"product","link":"https:\/\/creaibiza.com\/de\/produkt\/cr-fresco\/","title":{"rendered":"CR FRESCO 20mm"},"content":{"rendered":"<p>La decoloraci\u00f3n con el tiempo de los colores del yeso y los frescos de las paredes recuerdan la elegante preciosidad de la arquitectura europea del siglo XVIII, que resurge con toda su relevancia en el dise\u00f1o contempor\u00e1neo. Siete colores sofisticados, con un aspecto polvoriento que resalta los refinados matices crom\u00e1ticos y la delicada materialidad de la superficie, cinco refinados motivos decorativos y dos mosaicos recuerdan el arte del pasado en la creatividad del presente.<\/p>","protected":false},"excerpt":{"rendered":"<p>La decoloraci\u00f3n con el tiempo de los colores del yeso y los frescos de las paredes recuerdan la elegante preciosidad de la arquitectura europea del siglo XVIII, que resurge con toda su relevancia en el dise\u00f1o contempor\u00e1neo. Siete colores sofisticados, con un aspecto polvoriento que resalta los refinados matices crom\u00e1ticos y la delicada materialidad de &hellip; <\/p>\n<p class=\"link-more\"><a href=\"https:\/\/creaibiza.com\/de\/produkt\/cr-fresco\/\" class=\"more-link\">Read More <span class=\"screen-reader-text\"> \u00abCR FRESCO 20mm\u00bb<\/span><\/a><\/p>","protected":false},"featured_media":30530,"template":"","meta":{"_acf_changed":false},"product_brand":[235],"product_cat":[1837,2003,116],"product_tag":[1352],"class_list":{"0":"post-30521","1":"product","2":"type-product","3":"status-publish","4":"has-post-thumbnail","6":"product_brand-cerdisa-richetti","7":"product_cat-espesorados","8":"product_cat-natural-style","9":"product_cat-pavimento","10":"product_tag-pavimento","12":"first","13":"instock","14":"taxable","15":"shipping-taxable","16":"purchasable","17":"product-type-variable"},"acf":[],"yoast_head":"<!-- This site is optimized with the Yoast SEO plugin v27.2 - https:\/\/yoast.com\/product\/yoast-seo-wordpress\/ -->\n<title>CR FRESCO 20mm - Crea Ibiza<\/title>\n<meta name=\"description\" content=\"Crea Ibiza - CR FRESCO 20mm -\" \/>\n<meta name=\"robots\" content=\"index, follow, max-snippet:-1, max-image-preview:large, max-video-preview:-1\" \/>\n<link rel=\"canonical\" href=\"https:\/\/creaibiza.com\/de\/produkt\/cr-fresco\/\" \/>\n<meta property=\"og:locale\" content=\"de_DE\" \/>\n<meta property=\"og:type\" content=\"article\" \/>\n<meta property=\"og:title\" content=\"CR FRESCO 20mm - Crea Ibiza\" \/>\n<meta property=\"og:description\" content=\"Crea Ibiza - CR FRESCO 20mm -\" \/>\n<meta property=\"og:url\" content=\"https:\/\/creaibiza.com\/de\/produkt\/cr-fresco\/\" \/>\n<meta property=\"og:site_name\" content=\"Crea Ibiza\" \/>\n<meta property=\"article:publisher\" content=\"https:\/\/www.facebook.com\/creaibiza\" \/>\n<meta property=\"article:modified_time\" content=\"2025-09-30T20:00:08+00:00\" \/>\n<meta property=\"og:image\" content=\"https:\/\/creaibiza.com\/wp-content\/uploads\/2024\/02\/ricchetti_fresco_grey_80x80x2_grp_spa_detail-1-2.jpg\" \/>\n\t<meta property=\"og:image:width\" content=\"1000\" \/>\n\t<meta property=\"og:image:height\" content=\"1415\" \/>\n\t<meta property=\"og:image:type\" content=\"image\/jpeg\" \/>\n<meta name=\"twitter:card\" content=\"summary_large_image\" \/>\n<meta name=\"twitter:label1\" content=\"Gesch\u00e4tzte Lesezeit\" \/>\n\t<meta name=\"twitter:data1\" content=\"1\u00a0Minute\" \/>\n<script type=\"application\/ld+json\" class=\"yoast-schema-graph\">{\"@context\":\"https:\/\/schema.org\",\"@graph\":[{\"@type\":\"WebPage\",\"@id\":\"https:\/\/creaibiza.com\/producto\/cr-fresco\/\",\"url\":\"https:\/\/creaibiza.com\/producto\/cr-fresco\/\",\"name\":\"CR FRESCO 20mm - Crea Ibiza\",\"isPartOf\":{\"@id\":\"https:\/\/creaibiza.com\/#website\"},\"primaryImageOfPage\":{\"@id\":\"https:\/\/creaibiza.com\/producto\/cr-fresco\/#primaryimage\"},\"image\":{\"@id\":\"https:\/\/creaibiza.com\/producto\/cr-fresco\/#primaryimage\"},\"thumbnailUrl\":\"https:\/\/creaibiza.com\/wp-content\/uploads\/2024\/02\/ricchetti_fresco_grey_80x80x2_grp_spa_detail-1-2.jpg\",\"datePublished\":\"2024-02-23T20:33:52+00:00\",\"dateModified\":\"2025-09-30T20:00:08+00:00\",\"description\":\"Crea Ibiza - CR FRESCO 20mm -\",\"breadcrumb\":{\"@id\":\"https:\/\/creaibiza.com\/producto\/cr-fresco\/#breadcrumb\"},\"inLanguage\":\"de\",\"potentialAction\":[{\"@type\":\"ReadAction\",\"target\":[\"https:\/\/creaibiza.com\/producto\/cr-fresco\/\"]}]},{\"@type\":\"ImageObject\",\"inLanguage\":\"de\",\"@id\":\"https:\/\/creaibiza.com\/producto\/cr-fresco\/#primaryimage\",\"url\":\"https:\/\/creaibiza.com\/wp-content\/uploads\/2024\/02\/ricchetti_fresco_grey_80x80x2_grp_spa_detail-1-2.jpg\",\"contentUrl\":\"https:\/\/creaibiza.com\/wp-content\/uploads\/2024\/02\/ricchetti_fresco_grey_80x80x2_grp_spa_detail-1-2.jpg\",\"width\":1000,\"height\":1415},{\"@type\":\"BreadcrumbList\",\"@id\":\"https:\/\/creaibiza.com\/producto\/cr-fresco\/#breadcrumb\",\"itemListElement\":[{\"@type\":\"ListItem\",\"position\":1,\"name\":\"Portada\",\"item\":\"https:\/\/creaibiza.com\/\"},{\"@type\":\"ListItem\",\"position\":2,\"name\":\"Tienda\",\"item\":\"https:\/\/creaibiza.com\/en\/tienda\/\"},{\"@type\":\"ListItem\",\"position\":3,\"name\":\"CR FRESCO 20mm\"}]},{\"@type\":\"WebSite\",\"@id\":\"https:\/\/creaibiza.com\/#website\",\"url\":\"https:\/\/creaibiza.com\/\",\"name\":\"Crea Ibiza\",\"description\":\"Cer\u00e1mica, sanitarios y revestimientos de dise\u00f1o en Ibiza\",\"publisher\":{\"@id\":\"https:\/\/creaibiza.com\/#organization\"},\"potentialAction\":[{\"@type\":\"SearchAction\",\"target\":{\"@type\":\"EntryPoint\",\"urlTemplate\":\"https:\/\/creaibiza.com\/?s={search_term_string}\"},\"query-input\":{\"@type\":\"PropertyValueSpecification\",\"valueRequired\":true,\"valueName\":\"search_term_string\"}}],\"inLanguage\":\"de\"},{\"@type\":\"Organization\",\"@id\":\"https:\/\/creaibiza.com\/#organization\",\"name\":\"Crea Ibiza\",\"url\":\"https:\/\/creaibiza.com\/\",\"logo\":{\"@type\":\"ImageObject\",\"inLanguage\":\"de\",\"@id\":\"https:\/\/creaibiza.com\/#\/schema\/logo\/image\/\",\"url\":\"https:\/\/creaibiza.com\/wp-content\/uploads\/2024\/02\/cropped-logocrea-web.png\",\"contentUrl\":\"https:\/\/creaibiza.com\/wp-content\/uploads\/2024\/02\/cropped-logocrea-web.png\",\"width\":591,\"height\":210,\"caption\":\"Crea Ibiza\"},\"image\":{\"@id\":\"https:\/\/creaibiza.com\/#\/schema\/logo\/image\/\"},\"sameAs\":[\"https:\/\/www.facebook.com\/creaibiza\",\"https:\/\/www.instagram.com\/creaibiza\"]}]}<\/script>\n<!-- \/ Yoast SEO plugin. -->","yoast_head_json":{"title":"CR FRESCO 20mm - Crea Ibiza","description":"Crea Ibiza - CR FRESCO 20mm -","robots":{"index":"index","follow":"follow","max-snippet":"max-snippet:-1","max-image-preview":"max-image-preview:large","max-video-preview":"max-video-preview:-1"},"canonical":"https:\/\/creaibiza.com\/de\/produkt\/cr-fresco\/","og_locale":"de_DE","og_type":"article","og_title":"CR FRESCO 20mm - Crea Ibiza","og_description":"Crea Ibiza - CR FRESCO 20mm -","og_url":"https:\/\/creaibiza.com\/de\/produkt\/cr-fresco\/","og_site_name":"Crea Ibiza","article_publisher":"https:\/\/www.facebook.com\/creaibiza","article_modified_time":"2025-09-30T20:00:08+00:00","og_image":[{"width":1000,"height":1415,"url":"https:\/\/creaibiza.com\/wp-content\/uploads\/2024\/02\/ricchetti_fresco_grey_80x80x2_grp_spa_detail-1-2.jpg","type":"image\/jpeg"}],"twitter_card":"summary_large_image","twitter_misc":{"Gesch\u00e4tzte Lesezeit":"1\u00a0Minute"},"schema":{"@context":"https:\/\/schema.org","@graph":[{"@type":"WebPage","@id":"https:\/\/creaibiza.com\/producto\/cr-fresco\/","url":"https:\/\/creaibiza.com\/producto\/cr-fresco\/","name":"CR FRESCO 20mm - Crea Ibiza","isPartOf":{"@id":"https:\/\/creaibiza.com\/#website"},"primaryImageOfPage":{"@id":"https:\/\/creaibiza.com\/producto\/cr-fresco\/#primaryimage"},"image":{"@id":"https:\/\/creaibiza.com\/producto\/cr-fresco\/#primaryimage"},"thumbnailUrl":"https:\/\/creaibiza.com\/wp-content\/uploads\/2024\/02\/ricchetti_fresco_grey_80x80x2_grp_spa_detail-1-2.jpg","datePublished":"2024-02-23T20:33:52+00:00","dateModified":"2025-09-30T20:00:08+00:00","description":"Crea Ibiza - CR FRESCO 20mm -","breadcrumb":{"@id":"https:\/\/creaibiza.com\/producto\/cr-fresco\/#breadcrumb"},"inLanguage":"de","potentialAction":[{"@type":"ReadAction","target":["https:\/\/creaibiza.com\/producto\/cr-fresco\/"]}]},{"@type":"ImageObject","inLanguage":"de","@id":"https:\/\/creaibiza.com\/producto\/cr-fresco\/#primaryimage","url":"https:\/\/creaibiza.com\/wp-content\/uploads\/2024\/02\/ricchetti_fresco_grey_80x80x2_grp_spa_detail-1-2.jpg","contentUrl":"https:\/\/creaibiza.com\/wp-content\/uploads\/2024\/02\/ricchetti_fresco_grey_80x80x2_grp_spa_detail-1-2.jpg","width":1000,"height":1415},{"@type":"BreadcrumbList","@id":"https:\/\/creaibiza.com\/producto\/cr-fresco\/#breadcrumb","itemListElement":[{"@type":"ListItem","position":1,"name":"Portada","item":"https:\/\/creaibiza.com\/"},{"@type":"ListItem","position":2,"name":"Tienda","item":"https:\/\/creaibiza.com\/en\/tienda\/"},{"@type":"ListItem","position":3,"name":"CR FRESCO 20mm"}]},{"@type":"WebSite","@id":"https:\/\/creaibiza.com\/#website","url":"https:\/\/creaibiza.com\/","name":"Ibiza erstellen","description":"Cer\u00e1mica, sanitarios y revestimientos de dise\u00f1o en Ibiza","publisher":{"@id":"https:\/\/creaibiza.com\/#organization"},"potentialAction":[{"@type":"SearchAction","target":{"@type":"EntryPoint","urlTemplate":"https:\/\/creaibiza.com\/?s={search_term_string}"},"query-input":{"@type":"PropertyValueSpecification","valueRequired":true,"valueName":"search_term_string"}}],"inLanguage":"de"},{"@type":"Organization","@id":"https:\/\/creaibiza.com\/#organization","name":"Ibiza erstellen","url":"https:\/\/creaibiza.com\/","logo":{"@type":"ImageObject","inLanguage":"de","@id":"https:\/\/creaibiza.com\/#\/schema\/logo\/image\/","url":"https:\/\/creaibiza.com\/wp-content\/uploads\/2024\/02\/cropped-logocrea-web.png","contentUrl":"https:\/\/creaibiza.com\/wp-content\/uploads\/2024\/02\/cropped-logocrea-web.png","width":591,"height":210,"caption":"Crea Ibiza"},"image":{"@id":"https:\/\/creaibiza.com\/#\/schema\/logo\/image\/"},"sameAs":["https:\/\/www.facebook.com\/creaibiza","https:\/\/www.instagram.com\/creaibiza"]}]}},"_links":{"self":[{"href":"https:\/\/creaibiza.com\/de\/wp-json\/wp\/v2\/product\/30521","targetHints":{"allow":["GET"]}}],"collection":[{"href":"https:\/\/creaibiza.com\/de\/wp-json\/wp\/v2\/product"}],"about":[{"href":"https:\/\/creaibiza.com\/de\/wp-json\/wp\/v2\/types\/product"}],"version-history":[{"count":4,"href":"https:\/\/creaibiza.com\/de\/wp-json\/wp\/v2\/product\/30521\/revisions"}],"predecessor-version":[{"id":31517,"href":"https:\/\/creaibiza.com\/de\/wp-json\/wp\/v2\/product\/30521\/revisions\/31517"}],"wp:featuredmedia":[{"embeddable":true,"href":"https:\/\/creaibiza.com\/de\/wp-json\/wp\/v2\/media\/30530"}],"wp:attachment":[{"href":"https:\/\/creaibiza.com\/de\/wp-json\/wp\/v2\/media?parent=30521"}],"wp:term":[{"taxonomy":"product_brand","embeddable":true,"href":"https:\/\/creaibiza.com\/de\/wp-json\/wp\/v2\/product_brand?post=30521"},{"taxonomy":"product_cat","embeddable":true,"href":"https:\/\/creaibiza.com\/de\/wp-json\/wp\/v2\/product_cat?post=30521"},{"taxonomy":"product_tag","embeddable":true,"href":"https:\/\/creaibiza.com\/de\/wp-json\/wp\/v2\/product_tag?post=30521"}],"curies":[{"name":"wp","href":"https:\/\/api.w.org\/{rel}","templated":true}]}}