{"id":30282,"date":"2024-02-18T20:07:56","date_gmt":"2024-02-18T19:07:56","guid":{"rendered":"https:\/\/creaibiza.com\/?post_type=product&#038;p=30282"},"modified":"2026-01-27T19:35:52","modified_gmt":"2026-01-27T18:35:52","slug":"time-stone","status":"publish","type":"product","link":"https:\/\/creaibiza.com\/de\/produkt\/time-stone\/","title":{"rendered":"CR TIME STONE"},"content":{"rendered":"<p>EL TRAVERTINO. EL MATERIAL ETERNO.<br \/>\nUna imitaci\u00f3n fidel\u00edsima en gres, tan minuciosamente realizada que replica a la<br \/>\nperfecci\u00f3n la belleza del modelo natural.<\/p>\n<p>El formato por m\u00f3dulos, disponible ya empacado para algunas composiciones, exalta a\u00fan m\u00e1s las caracter\u00edsticas visuales del material, su variedad gr\u00e1fica dentro de un equilibrado movimiento de conjunto que es el fruto de una destonalizaci\u00f3n dosificada, por lo que una instalaci\u00f3n casual y la irregularidad resultante amplifican toda la naturalidad de este producto. A la vez que definen su valor creativo y la dificultad de realizaci\u00f3n.<\/p>\n<p>Los lados est\u00e1n pulidos con arte para valorizar con aparente imperfecci\u00f3n<br \/>\nel cl\u00e1sico car\u00e1cter contempor\u00e1neo de este material envejecido, que resulta<br \/>\nincluso m\u00e1s realista y embellecido por la mano del tiempo.<\/p>\n<p>Los t\u00edpicos poros y otras caracter\u00edsticas est\u00e9ticas peculiares del travertino cl\u00e1sico natural se plasman en el porcel\u00e1nico solo gr\u00e1ficamente mediante la impresi\u00f3n digital de ultim\u00edsima generaci\u00f3n, asociado con un esmero escrupuloso por los detalles. Se consigue as\u00ed un alto nivel de calidad est\u00e9tica combinada con gran<br \/>\nfuncionalidad, seguridad y facilidad de limpieza y mantenimiento, con lo que permanece inalterado con el paso del tiempo.<\/p>","protected":false},"excerpt":{"rendered":"<p>EL TRAVERTINO. EL MATERIAL ETERNO. Una imitaci\u00f3n fidel\u00edsima en gres, tan minuciosamente realizada que replica a la perfecci\u00f3n la belleza del modelo natural. El formato por m\u00f3dulos, disponible ya empacado para algunas composiciones, exalta a\u00fan m\u00e1s las caracter\u00edsticas visuales del material, su variedad gr\u00e1fica dentro de un equilibrado movimiento de conjunto que es el fruto &hellip; <\/p>\n<p class=\"link-more\"><a href=\"https:\/\/creaibiza.com\/de\/produkt\/time-stone\/\" class=\"more-link\">Read More <span class=\"screen-reader-text\"> \u00abCR TIME STONE\u00bb<\/span><\/a><\/p>","protected":false},"featured_media":30450,"template":"","meta":{"_acf_changed":false},"product_brand":[235],"product_cat":[2003,116,227],"product_tag":[1352],"class_list":{"0":"post-30282","1":"product","2":"type-product","3":"status-publish","4":"has-post-thumbnail","6":"product_brand-cerdisa-richetti","7":"product_cat-natural-style","8":"product_cat-pavimento","9":"product_cat-piedra","10":"product_tag-pavimento","12":"first","13":"instock","14":"taxable","15":"shipping-taxable","16":"purchasable","17":"product-type-variable"},"acf":[],"yoast_head":"<!-- This site is optimized with the Yoast SEO plugin v27.2 - https:\/\/yoast.com\/product\/yoast-seo-wordpress\/ -->\n<title>CR TIME STONE - Crea Ibiza<\/title>\n<meta name=\"description\" content=\"Crea Ibiza - CR TIME STONE -\" \/>\n<meta name=\"robots\" content=\"index, follow, max-snippet:-1, max-image-preview:large, max-video-preview:-1\" \/>\n<link rel=\"canonical\" href=\"https:\/\/creaibiza.com\/de\/produkt\/time-stone\/\" \/>\n<meta property=\"og:locale\" content=\"de_DE\" \/>\n<meta property=\"og:type\" content=\"article\" \/>\n<meta property=\"og:title\" content=\"CR TIME STONE - Crea Ibiza\" \/>\n<meta property=\"og:description\" content=\"Crea Ibiza - CR TIME STONE -\" \/>\n<meta property=\"og:url\" content=\"https:\/\/creaibiza.com\/de\/produkt\/time-stone\/\" \/>\n<meta property=\"og:site_name\" content=\"Crea Ibiza\" \/>\n<meta property=\"article:publisher\" content=\"https:\/\/www.facebook.com\/creaibiza\" \/>\n<meta property=\"article:modified_time\" content=\"2026-01-27T18:35:52+00:00\" \/>\n<meta property=\"og:image\" content=\"https:\/\/creaibiza.com\/wp-content\/uploads\/2024\/02\/cerdisatimestonebeige4bntdiningdetail-1-1.jpg\" \/>\n\t<meta property=\"og:image:width\" content=\"1000\" \/>\n\t<meta property=\"og:image:height\" content=\"707\" \/>\n\t<meta property=\"og:image:type\" content=\"image\/jpeg\" \/>\n<meta name=\"twitter:card\" content=\"summary_large_image\" \/>\n<meta name=\"twitter:label1\" content=\"Gesch\u00e4tzte Lesezeit\" \/>\n\t<meta name=\"twitter:data1\" content=\"2\u00a0Minuten\" \/>\n<script type=\"application\/ld+json\" class=\"yoast-schema-graph\">{\"@context\":\"https:\/\/schema.org\",\"@graph\":[{\"@type\":\"WebPage\",\"@id\":\"https:\/\/creaibiza.com\/producto\/time-stone\/\",\"url\":\"https:\/\/creaibiza.com\/producto\/time-stone\/\",\"name\":\"CR TIME STONE - Crea Ibiza\",\"isPartOf\":{\"@id\":\"https:\/\/creaibiza.com\/#website\"},\"primaryImageOfPage\":{\"@id\":\"https:\/\/creaibiza.com\/producto\/time-stone\/#primaryimage\"},\"image\":{\"@id\":\"https:\/\/creaibiza.com\/producto\/time-stone\/#primaryimage\"},\"thumbnailUrl\":\"https:\/\/creaibiza.com\/wp-content\/uploads\/2024\/02\/cerdisatimestonebeige4bntdiningdetail-1-1.jpg\",\"datePublished\":\"2024-02-18T19:07:56+00:00\",\"dateModified\":\"2026-01-27T18:35:52+00:00\",\"description\":\"Crea Ibiza - CR TIME STONE -\",\"breadcrumb\":{\"@id\":\"https:\/\/creaibiza.com\/producto\/time-stone\/#breadcrumb\"},\"inLanguage\":\"de\",\"potentialAction\":[{\"@type\":\"ReadAction\",\"target\":[\"https:\/\/creaibiza.com\/producto\/time-stone\/\"]}]},{\"@type\":\"ImageObject\",\"inLanguage\":\"de\",\"@id\":\"https:\/\/creaibiza.com\/producto\/time-stone\/#primaryimage\",\"url\":\"https:\/\/creaibiza.com\/wp-content\/uploads\/2024\/02\/cerdisatimestonebeige4bntdiningdetail-1-1.jpg\",\"contentUrl\":\"https:\/\/creaibiza.com\/wp-content\/uploads\/2024\/02\/cerdisatimestonebeige4bntdiningdetail-1-1.jpg\",\"width\":1000,\"height\":707},{\"@type\":\"BreadcrumbList\",\"@id\":\"https:\/\/creaibiza.com\/producto\/time-stone\/#breadcrumb\",\"itemListElement\":[{\"@type\":\"ListItem\",\"position\":1,\"name\":\"Portada\",\"item\":\"https:\/\/creaibiza.com\/\"},{\"@type\":\"ListItem\",\"position\":2,\"name\":\"Tienda\",\"item\":\"https:\/\/creaibiza.com\/en\/tienda\/\"},{\"@type\":\"ListItem\",\"position\":3,\"name\":\"CR TIME STONE\"}]},{\"@type\":\"WebSite\",\"@id\":\"https:\/\/creaibiza.com\/#website\",\"url\":\"https:\/\/creaibiza.com\/\",\"name\":\"Crea Ibiza\",\"description\":\"Cer\u00e1mica, sanitarios y revestimientos de dise\u00f1o en Ibiza\",\"publisher\":{\"@id\":\"https:\/\/creaibiza.com\/#organization\"},\"potentialAction\":[{\"@type\":\"SearchAction\",\"target\":{\"@type\":\"EntryPoint\",\"urlTemplate\":\"https:\/\/creaibiza.com\/?s={search_term_string}\"},\"query-input\":{\"@type\":\"PropertyValueSpecification\",\"valueRequired\":true,\"valueName\":\"search_term_string\"}}],\"inLanguage\":\"de\"},{\"@type\":\"Organization\",\"@id\":\"https:\/\/creaibiza.com\/#organization\",\"name\":\"Crea Ibiza\",\"url\":\"https:\/\/creaibiza.com\/\",\"logo\":{\"@type\":\"ImageObject\",\"inLanguage\":\"de\",\"@id\":\"https:\/\/creaibiza.com\/#\/schema\/logo\/image\/\",\"url\":\"https:\/\/creaibiza.com\/wp-content\/uploads\/2024\/02\/cropped-logocrea-web.png\",\"contentUrl\":\"https:\/\/creaibiza.com\/wp-content\/uploads\/2024\/02\/cropped-logocrea-web.png\",\"width\":591,\"height\":210,\"caption\":\"Crea Ibiza\"},\"image\":{\"@id\":\"https:\/\/creaibiza.com\/#\/schema\/logo\/image\/\"},\"sameAs\":[\"https:\/\/www.facebook.com\/creaibiza\",\"https:\/\/www.instagram.com\/creaibiza\"]}]}<\/script>\n<!-- \/ Yoast SEO plugin. -->","yoast_head_json":{"title":"CR TIME STONE - Crea Ibiza","description":"Crea Ibiza - CR TIME STONE -","robots":{"index":"index","follow":"follow","max-snippet":"max-snippet:-1","max-image-preview":"max-image-preview:large","max-video-preview":"max-video-preview:-1"},"canonical":"https:\/\/creaibiza.com\/de\/produkt\/time-stone\/","og_locale":"de_DE","og_type":"article","og_title":"CR TIME STONE - Crea Ibiza","og_description":"Crea Ibiza - CR TIME STONE -","og_url":"https:\/\/creaibiza.com\/de\/produkt\/time-stone\/","og_site_name":"Crea Ibiza","article_publisher":"https:\/\/www.facebook.com\/creaibiza","article_modified_time":"2026-01-27T18:35:52+00:00","og_image":[{"width":1000,"height":707,"url":"https:\/\/creaibiza.com\/wp-content\/uploads\/2024\/02\/cerdisatimestonebeige4bntdiningdetail-1-1.jpg","type":"image\/jpeg"}],"twitter_card":"summary_large_image","twitter_misc":{"Gesch\u00e4tzte Lesezeit":"2\u00a0Minuten"},"schema":{"@context":"https:\/\/schema.org","@graph":[{"@type":"WebPage","@id":"https:\/\/creaibiza.com\/producto\/time-stone\/","url":"https:\/\/creaibiza.com\/producto\/time-stone\/","name":"CR TIME STONE - Crea Ibiza","isPartOf":{"@id":"https:\/\/creaibiza.com\/#website"},"primaryImageOfPage":{"@id":"https:\/\/creaibiza.com\/producto\/time-stone\/#primaryimage"},"image":{"@id":"https:\/\/creaibiza.com\/producto\/time-stone\/#primaryimage"},"thumbnailUrl":"https:\/\/creaibiza.com\/wp-content\/uploads\/2024\/02\/cerdisatimestonebeige4bntdiningdetail-1-1.jpg","datePublished":"2024-02-18T19:07:56+00:00","dateModified":"2026-01-27T18:35:52+00:00","description":"Crea Ibiza - CR TIME STONE -","breadcrumb":{"@id":"https:\/\/creaibiza.com\/producto\/time-stone\/#breadcrumb"},"inLanguage":"de","potentialAction":[{"@type":"ReadAction","target":["https:\/\/creaibiza.com\/producto\/time-stone\/"]}]},{"@type":"ImageObject","inLanguage":"de","@id":"https:\/\/creaibiza.com\/producto\/time-stone\/#primaryimage","url":"https:\/\/creaibiza.com\/wp-content\/uploads\/2024\/02\/cerdisatimestonebeige4bntdiningdetail-1-1.jpg","contentUrl":"https:\/\/creaibiza.com\/wp-content\/uploads\/2024\/02\/cerdisatimestonebeige4bntdiningdetail-1-1.jpg","width":1000,"height":707},{"@type":"BreadcrumbList","@id":"https:\/\/creaibiza.com\/producto\/time-stone\/#breadcrumb","itemListElement":[{"@type":"ListItem","position":1,"name":"Portada","item":"https:\/\/creaibiza.com\/"},{"@type":"ListItem","position":2,"name":"Tienda","item":"https:\/\/creaibiza.com\/en\/tienda\/"},{"@type":"ListItem","position":3,"name":"CR TIME STONE"}]},{"@type":"WebSite","@id":"https:\/\/creaibiza.com\/#website","url":"https:\/\/creaibiza.com\/","name":"Ibiza erstellen","description":"Cer\u00e1mica, sanitarios y revestimientos de dise\u00f1o en Ibiza","publisher":{"@id":"https:\/\/creaibiza.com\/#organization"},"potentialAction":[{"@type":"SearchAction","target":{"@type":"EntryPoint","urlTemplate":"https:\/\/creaibiza.com\/?s={search_term_string}"},"query-input":{"@type":"PropertyValueSpecification","valueRequired":true,"valueName":"search_term_string"}}],"inLanguage":"de"},{"@type":"Organization","@id":"https:\/\/creaibiza.com\/#organization","name":"Ibiza erstellen","url":"https:\/\/creaibiza.com\/","logo":{"@type":"ImageObject","inLanguage":"de","@id":"https:\/\/creaibiza.com\/#\/schema\/logo\/image\/","url":"https:\/\/creaibiza.com\/wp-content\/uploads\/2024\/02\/cropped-logocrea-web.png","contentUrl":"https:\/\/creaibiza.com\/wp-content\/uploads\/2024\/02\/cropped-logocrea-web.png","width":591,"height":210,"caption":"Crea Ibiza"},"image":{"@id":"https:\/\/creaibiza.com\/#\/schema\/logo\/image\/"},"sameAs":["https:\/\/www.facebook.com\/creaibiza","https:\/\/www.instagram.com\/creaibiza"]}]}},"_links":{"self":[{"href":"https:\/\/creaibiza.com\/de\/wp-json\/wp\/v2\/product\/30282","targetHints":{"allow":["GET"]}}],"collection":[{"href":"https:\/\/creaibiza.com\/de\/wp-json\/wp\/v2\/product"}],"about":[{"href":"https:\/\/creaibiza.com\/de\/wp-json\/wp\/v2\/types\/product"}],"version-history":[{"count":3,"href":"https:\/\/creaibiza.com\/de\/wp-json\/wp\/v2\/product\/30282\/revisions"}],"predecessor-version":[{"id":30316,"href":"https:\/\/creaibiza.com\/de\/wp-json\/wp\/v2\/product\/30282\/revisions\/30316"}],"wp:featuredmedia":[{"embeddable":true,"href":"https:\/\/creaibiza.com\/de\/wp-json\/wp\/v2\/media\/30450"}],"wp:attachment":[{"href":"https:\/\/creaibiza.com\/de\/wp-json\/wp\/v2\/media?parent=30282"}],"wp:term":[{"taxonomy":"product_brand","embeddable":true,"href":"https:\/\/creaibiza.com\/de\/wp-json\/wp\/v2\/product_brand?post=30282"},{"taxonomy":"product_cat","embeddable":true,"href":"https:\/\/creaibiza.com\/de\/wp-json\/wp\/v2\/product_cat?post=30282"},{"taxonomy":"product_tag","embeddable":true,"href":"https:\/\/creaibiza.com\/de\/wp-json\/wp\/v2\/product_tag?post=30282"}],"curies":[{"name":"wp","href":"https:\/\/api.w.org\/{rel}","templated":true}]}}