{"id":30016,"date":"2024-02-15T13:40:53","date_gmt":"2024-02-15T12:40:53","guid":{"rendered":"https:\/\/creaibiza.com\/?post_type=product&#038;p=30016"},"modified":"2024-03-08T16:06:49","modified_gmt":"2024-03-08T15:06:49","slug":"ec-loir","status":"publish","type":"product","link":"https:\/\/creaibiza.com\/de\/produkt\/ec-loir\/","title":{"rendered":"EC LOIR"},"content":{"rendered":"<p>El retorno de los cl\u00e1sico. Una madera de l\u00edneas rectas y tonalidades uniformes que destaca por su composici\u00f3n en forma de espiga. Un aire de calidez y personalidad en nuestra casa.<\/p>\n<p>&nbsp;<\/p>","protected":false},"excerpt":{"rendered":"<p>El retorno de los cl\u00e1sico. Una madera de l\u00edneas rectas y tonalidades uniformes que destaca por su composici\u00f3n en forma de espiga. Un aire de calidez y personalidad en nuestra casa. &nbsp;<\/p>","protected":false},"featured_media":30024,"template":"","meta":{"_acf_changed":false},"product_brand":[233],"product_cat":[186,273,116,113],"product_tag":[1352,1353],"class_list":{"0":"post-30016","1":"product","2":"type-product","3":"status-publish","4":"has-post-thumbnail","6":"product_brand-ecoceramic","7":"product_cat-decorados","8":"product_cat-madera","9":"product_cat-pavimento","10":"product_cat-revestimiento","11":"product_tag-pavimento","12":"product_tag-revestimiento","14":"first","15":"instock","16":"taxable","17":"shipping-taxable","18":"purchasable","19":"product-type-variable"},"acf":[],"yoast_head":"<!-- This site is optimized with the Yoast SEO plugin v27.2 - https:\/\/yoast.com\/product\/yoast-seo-wordpress\/ -->\n<title>EC LOIR - Crea Ibiza<\/title>\n<meta name=\"description\" content=\"Crea Ibiza - EC LOIR -\" \/>\n<meta name=\"robots\" content=\"index, follow, max-snippet:-1, max-image-preview:large, max-video-preview:-1\" \/>\n<link rel=\"canonical\" href=\"https:\/\/creaibiza.com\/de\/produkt\/ec-loir\/\" \/>\n<meta property=\"og:locale\" content=\"de_DE\" \/>\n<meta property=\"og:type\" content=\"article\" \/>\n<meta property=\"og:title\" content=\"EC LOIR - Crea Ibiza\" \/>\n<meta property=\"og:description\" content=\"Crea Ibiza - EC LOIR -\" \/>\n<meta property=\"og:url\" content=\"https:\/\/creaibiza.com\/de\/produkt\/ec-loir\/\" \/>\n<meta property=\"og:site_name\" content=\"Crea Ibiza\" \/>\n<meta property=\"article:publisher\" content=\"https:\/\/www.facebook.com\/creaibiza\" \/>\n<meta property=\"article:modified_time\" content=\"2024-03-08T15:06:49+00:00\" \/>\n<meta property=\"og:image\" content=\"https:\/\/creaibiza.com\/wp-content\/uploads\/2024\/02\/AMB_MARSHALL_60X120_-_LOIRE_OAK_60X120-1-1.jpg\" \/>\n\t<meta property=\"og:image:width\" content=\"1000\" \/>\n\t<meta property=\"og:image:height\" content=\"800\" \/>\n\t<meta property=\"og:image:type\" content=\"image\/jpeg\" \/>\n<meta name=\"twitter:card\" content=\"summary_large_image\" \/>\n<meta name=\"twitter:label1\" content=\"Gesch\u00e4tzte Lesezeit\" \/>\n\t<meta name=\"twitter:data1\" content=\"1\u00a0Minute\" \/>\n<script type=\"application\/ld+json\" class=\"yoast-schema-graph\">{\"@context\":\"https:\/\/schema.org\",\"@graph\":[{\"@type\":\"WebPage\",\"@id\":\"https:\/\/creaibiza.com\/producto\/ec-loir\/\",\"url\":\"https:\/\/creaibiza.com\/producto\/ec-loir\/\",\"name\":\"EC LOIR - Crea Ibiza\",\"isPartOf\":{\"@id\":\"https:\/\/creaibiza.com\/#website\"},\"primaryImageOfPage\":{\"@id\":\"https:\/\/creaibiza.com\/producto\/ec-loir\/#primaryimage\"},\"image\":{\"@id\":\"https:\/\/creaibiza.com\/producto\/ec-loir\/#primaryimage\"},\"thumbnailUrl\":\"https:\/\/creaibiza.com\/wp-content\/uploads\/2024\/02\/AMB_MARSHALL_60X120_-_LOIRE_OAK_60X120-1-1.jpg\",\"datePublished\":\"2024-02-15T12:40:53+00:00\",\"dateModified\":\"2024-03-08T15:06:49+00:00\",\"description\":\"Crea Ibiza - EC LOIR -\",\"breadcrumb\":{\"@id\":\"https:\/\/creaibiza.com\/producto\/ec-loir\/#breadcrumb\"},\"inLanguage\":\"de\",\"potentialAction\":[{\"@type\":\"ReadAction\",\"target\":[\"https:\/\/creaibiza.com\/producto\/ec-loir\/\"]}]},{\"@type\":\"ImageObject\",\"inLanguage\":\"de\",\"@id\":\"https:\/\/creaibiza.com\/producto\/ec-loir\/#primaryimage\",\"url\":\"https:\/\/creaibiza.com\/wp-content\/uploads\/2024\/02\/AMB_MARSHALL_60X120_-_LOIRE_OAK_60X120-1-1.jpg\",\"contentUrl\":\"https:\/\/creaibiza.com\/wp-content\/uploads\/2024\/02\/AMB_MARSHALL_60X120_-_LOIRE_OAK_60X120-1-1.jpg\",\"width\":1000,\"height\":800},{\"@type\":\"BreadcrumbList\",\"@id\":\"https:\/\/creaibiza.com\/producto\/ec-loir\/#breadcrumb\",\"itemListElement\":[{\"@type\":\"ListItem\",\"position\":1,\"name\":\"Portada\",\"item\":\"https:\/\/creaibiza.com\/\"},{\"@type\":\"ListItem\",\"position\":2,\"name\":\"Tienda\",\"item\":\"https:\/\/creaibiza.com\/en\/tienda\/\"},{\"@type\":\"ListItem\",\"position\":3,\"name\":\"EC LOIR\"}]},{\"@type\":\"WebSite\",\"@id\":\"https:\/\/creaibiza.com\/#website\",\"url\":\"https:\/\/creaibiza.com\/\",\"name\":\"Crea Ibiza\",\"description\":\"Cer\u00e1mica, sanitarios y revestimientos de dise\u00f1o en Ibiza\",\"publisher\":{\"@id\":\"https:\/\/creaibiza.com\/#organization\"},\"potentialAction\":[{\"@type\":\"SearchAction\",\"target\":{\"@type\":\"EntryPoint\",\"urlTemplate\":\"https:\/\/creaibiza.com\/?s={search_term_string}\"},\"query-input\":{\"@type\":\"PropertyValueSpecification\",\"valueRequired\":true,\"valueName\":\"search_term_string\"}}],\"inLanguage\":\"de\"},{\"@type\":\"Organization\",\"@id\":\"https:\/\/creaibiza.com\/#organization\",\"name\":\"Crea Ibiza\",\"url\":\"https:\/\/creaibiza.com\/\",\"logo\":{\"@type\":\"ImageObject\",\"inLanguage\":\"de\",\"@id\":\"https:\/\/creaibiza.com\/#\/schema\/logo\/image\/\",\"url\":\"https:\/\/creaibiza.com\/wp-content\/uploads\/2024\/02\/cropped-logocrea-web.png\",\"contentUrl\":\"https:\/\/creaibiza.com\/wp-content\/uploads\/2024\/02\/cropped-logocrea-web.png\",\"width\":591,\"height\":210,\"caption\":\"Crea Ibiza\"},\"image\":{\"@id\":\"https:\/\/creaibiza.com\/#\/schema\/logo\/image\/\"},\"sameAs\":[\"https:\/\/www.facebook.com\/creaibiza\",\"https:\/\/www.instagram.com\/creaibiza\"]}]}<\/script>\n<!-- \/ Yoast SEO plugin. -->","yoast_head_json":{"title":"EC LOIR - Crea Ibiza","description":"Crea Ibiza - EC LOIR -","robots":{"index":"index","follow":"follow","max-snippet":"max-snippet:-1","max-image-preview":"max-image-preview:large","max-video-preview":"max-video-preview:-1"},"canonical":"https:\/\/creaibiza.com\/de\/produkt\/ec-loir\/","og_locale":"de_DE","og_type":"article","og_title":"EC LOIR - Crea Ibiza","og_description":"Crea Ibiza - EC LOIR -","og_url":"https:\/\/creaibiza.com\/de\/produkt\/ec-loir\/","og_site_name":"Crea Ibiza","article_publisher":"https:\/\/www.facebook.com\/creaibiza","article_modified_time":"2024-03-08T15:06:49+00:00","og_image":[{"width":1000,"height":800,"url":"https:\/\/creaibiza.com\/wp-content\/uploads\/2024\/02\/AMB_MARSHALL_60X120_-_LOIRE_OAK_60X120-1-1.jpg","type":"image\/jpeg"}],"twitter_card":"summary_large_image","twitter_misc":{"Gesch\u00e4tzte Lesezeit":"1\u00a0Minute"},"schema":{"@context":"https:\/\/schema.org","@graph":[{"@type":"WebPage","@id":"https:\/\/creaibiza.com\/producto\/ec-loir\/","url":"https:\/\/creaibiza.com\/producto\/ec-loir\/","name":"EC LOIR - Crea Ibiza","isPartOf":{"@id":"https:\/\/creaibiza.com\/#website"},"primaryImageOfPage":{"@id":"https:\/\/creaibiza.com\/producto\/ec-loir\/#primaryimage"},"image":{"@id":"https:\/\/creaibiza.com\/producto\/ec-loir\/#primaryimage"},"thumbnailUrl":"https:\/\/creaibiza.com\/wp-content\/uploads\/2024\/02\/AMB_MARSHALL_60X120_-_LOIRE_OAK_60X120-1-1.jpg","datePublished":"2024-02-15T12:40:53+00:00","dateModified":"2024-03-08T15:06:49+00:00","description":"Crea Ibiza - EC LOIR -","breadcrumb":{"@id":"https:\/\/creaibiza.com\/producto\/ec-loir\/#breadcrumb"},"inLanguage":"de","potentialAction":[{"@type":"ReadAction","target":["https:\/\/creaibiza.com\/producto\/ec-loir\/"]}]},{"@type":"ImageObject","inLanguage":"de","@id":"https:\/\/creaibiza.com\/producto\/ec-loir\/#primaryimage","url":"https:\/\/creaibiza.com\/wp-content\/uploads\/2024\/02\/AMB_MARSHALL_60X120_-_LOIRE_OAK_60X120-1-1.jpg","contentUrl":"https:\/\/creaibiza.com\/wp-content\/uploads\/2024\/02\/AMB_MARSHALL_60X120_-_LOIRE_OAK_60X120-1-1.jpg","width":1000,"height":800},{"@type":"BreadcrumbList","@id":"https:\/\/creaibiza.com\/producto\/ec-loir\/#breadcrumb","itemListElement":[{"@type":"ListItem","position":1,"name":"Portada","item":"https:\/\/creaibiza.com\/"},{"@type":"ListItem","position":2,"name":"Tienda","item":"https:\/\/creaibiza.com\/en\/tienda\/"},{"@type":"ListItem","position":3,"name":"EC LOIR"}]},{"@type":"WebSite","@id":"https:\/\/creaibiza.com\/#website","url":"https:\/\/creaibiza.com\/","name":"Ibiza erstellen","description":"Cer\u00e1mica, sanitarios y revestimientos de dise\u00f1o en Ibiza","publisher":{"@id":"https:\/\/creaibiza.com\/#organization"},"potentialAction":[{"@type":"SearchAction","target":{"@type":"EntryPoint","urlTemplate":"https:\/\/creaibiza.com\/?s={search_term_string}"},"query-input":{"@type":"PropertyValueSpecification","valueRequired":true,"valueName":"search_term_string"}}],"inLanguage":"de"},{"@type":"Organization","@id":"https:\/\/creaibiza.com\/#organization","name":"Ibiza erstellen","url":"https:\/\/creaibiza.com\/","logo":{"@type":"ImageObject","inLanguage":"de","@id":"https:\/\/creaibiza.com\/#\/schema\/logo\/image\/","url":"https:\/\/creaibiza.com\/wp-content\/uploads\/2024\/02\/cropped-logocrea-web.png","contentUrl":"https:\/\/creaibiza.com\/wp-content\/uploads\/2024\/02\/cropped-logocrea-web.png","width":591,"height":210,"caption":"Crea Ibiza"},"image":{"@id":"https:\/\/creaibiza.com\/#\/schema\/logo\/image\/"},"sameAs":["https:\/\/www.facebook.com\/creaibiza","https:\/\/www.instagram.com\/creaibiza"]}]}},"_links":{"self":[{"href":"https:\/\/creaibiza.com\/de\/wp-json\/wp\/v2\/product\/30016","targetHints":{"allow":["GET"]}}],"collection":[{"href":"https:\/\/creaibiza.com\/de\/wp-json\/wp\/v2\/product"}],"about":[{"href":"https:\/\/creaibiza.com\/de\/wp-json\/wp\/v2\/types\/product"}],"version-history":[{"count":1,"href":"https:\/\/creaibiza.com\/de\/wp-json\/wp\/v2\/product\/30016\/revisions"}],"predecessor-version":[{"id":30023,"href":"https:\/\/creaibiza.com\/de\/wp-json\/wp\/v2\/product\/30016\/revisions\/30023"}],"wp:featuredmedia":[{"embeddable":true,"href":"https:\/\/creaibiza.com\/de\/wp-json\/wp\/v2\/media\/30024"}],"wp:attachment":[{"href":"https:\/\/creaibiza.com\/de\/wp-json\/wp\/v2\/media?parent=30016"}],"wp:term":[{"taxonomy":"product_brand","embeddable":true,"href":"https:\/\/creaibiza.com\/de\/wp-json\/wp\/v2\/product_brand?post=30016"},{"taxonomy":"product_cat","embeddable":true,"href":"https:\/\/creaibiza.com\/de\/wp-json\/wp\/v2\/product_cat?post=30016"},{"taxonomy":"product_tag","embeddable":true,"href":"https:\/\/creaibiza.com\/de\/wp-json\/wp\/v2\/product_tag?post=30016"}],"curies":[{"name":"wp","href":"https:\/\/api.w.org\/{rel}","templated":true}]}}