{"id":27634,"date":"2023-11-29T14:51:33","date_gmt":"2023-11-29T14:51:33","guid":{"rendered":"http:\/\/creaibiza.com\/?post_type=product&#038;p=27634"},"modified":"2026-02-27T18:20:43","modified_gmt":"2026-02-27T17:20:43","slug":"rem","status":"publish","type":"product","link":"https:\/\/creaibiza.com\/de\/produkt\/rem\/","title":{"rendered":"REM"},"content":{"rendered":"<p>Rem besteht aus einem Holzsockel, der mit einer Textur aus parallelen Linien gegen die Maserung kombiniert ist, die in der endg\u00fcltigen Grafik einen \"Kreuzungseffekt\" erzeugen. Jedes St\u00fcck hat einen Abstand zwischen den Linien, wodurch zusammen mit den verschiedenen Holzgrafiken St\u00fccke mit unterschiedlichen Grafiken entstehen, die einen reichen visuellen Effekt erzeugen. Rem ist ideal f\u00fcr Fu\u00dfb\u00f6den und Innenverkleidungen und bietet einen einzigartigen Mehrwert f\u00fcr Holzinterieurs.<\/p>\n<p>Die Basis, auf der REM arbeitet, ist die innovative Uno-Kollektion, so dass die beiden ein perfektes Tandem in R\u00e4umen bilden k\u00f6nnen, in denen eine optische Trennung oder zus\u00e4tzliche Dynamik gesucht wird.<\/p>","protected":false},"excerpt":{"rendered":"<p>Rem presenta una base de madera, la cual se combina con una textura de l\u00edneas paralelas a contraveta que crean un efecto \u201ccruce\u201d en la gr\u00e1fica final. Cada pieza tiene una distancia entre las l\u00edneas, lo que crea, junto a las diferentes gr\u00e1ficas de la madera, piezas con gr\u00e1ficas distintas que crean un rico efecto &hellip; <\/p>\n<p class=\"link-more\"><a href=\"https:\/\/creaibiza.com\/de\/produkt\/rem\/\" class=\"more-link\">Read More <span class=\"screen-reader-text\"> \u00abREM\u00bb<\/span><\/a><\/p>","protected":false},"featured_media":27662,"template":"","meta":{"_acf_changed":false},"product_brand":[1806],"product_cat":[186,273,116,113],"product_tag":[1352,1353],"class_list":{"0":"post-27634","1":"product","2":"type-product","3":"status-publish","4":"has-post-thumbnail","6":"product_brand-livingceramics","7":"product_cat-decorados","8":"product_cat-madera","9":"product_cat-pavimento","10":"product_cat-revestimiento","11":"product_tag-pavimento","12":"product_tag-revestimiento","14":"first","15":"instock","16":"taxable","17":"shipping-taxable","18":"purchasable","19":"product-type-variable"},"acf":[],"yoast_head":"<!-- This site is optimized with the Yoast SEO plugin v27.2 - https:\/\/yoast.com\/product\/yoast-seo-wordpress\/ -->\n<title>REM - Crea Ibiza<\/title>\n<meta name=\"description\" content=\"Crea Ibiza - REM -\" \/>\n<meta name=\"robots\" content=\"index, follow, max-snippet:-1, max-image-preview:large, max-video-preview:-1\" \/>\n<link rel=\"canonical\" href=\"https:\/\/creaibiza.com\/de\/produkt\/rem\/\" \/>\n<meta property=\"og:locale\" content=\"de_DE\" \/>\n<meta property=\"og:type\" content=\"article\" \/>\n<meta property=\"og:title\" content=\"REM - Crea Ibiza\" \/>\n<meta property=\"og:description\" content=\"Crea Ibiza - REM -\" \/>\n<meta property=\"og:url\" content=\"https:\/\/creaibiza.com\/de\/produkt\/rem\/\" \/>\n<meta property=\"og:site_name\" content=\"Crea Ibiza\" \/>\n<meta property=\"article:publisher\" content=\"https:\/\/www.facebook.com\/creaibiza\" \/>\n<meta property=\"article:modified_time\" content=\"2026-02-27T17:20:43+00:00\" \/>\n<meta property=\"og:image\" content=\"https:\/\/creaibiza.com\/wp-content\/uploads\/2023\/11\/amb-living-ceramics-rem-white-01-hr-web-e1701269357152.jpg\" \/>\n\t<meta property=\"og:image:width\" content=\"1000\" \/>\n\t<meta property=\"og:image:height\" content=\"1500\" \/>\n\t<meta property=\"og:image:type\" content=\"image\/jpeg\" \/>\n<meta name=\"twitter:card\" content=\"summary_large_image\" \/>\n<meta name=\"twitter:label1\" content=\"Gesch\u00e4tzte Lesezeit\" \/>\n\t<meta name=\"twitter:data1\" content=\"1\u00a0Minute\" \/>\n<script type=\"application\/ld+json\" class=\"yoast-schema-graph\">{\"@context\":\"https:\/\/schema.org\",\"@graph\":[{\"@type\":\"WebPage\",\"@id\":\"https:\/\/creaibiza.com\/en\/product\/rem\/\",\"url\":\"https:\/\/creaibiza.com\/en\/product\/rem\/\",\"name\":\"REM - Crea Ibiza\",\"isPartOf\":{\"@id\":\"https:\/\/creaibiza.com\/#website\"},\"primaryImageOfPage\":{\"@id\":\"https:\/\/creaibiza.com\/en\/product\/rem\/#primaryimage\"},\"image\":{\"@id\":\"https:\/\/creaibiza.com\/en\/product\/rem\/#primaryimage\"},\"thumbnailUrl\":\"https:\/\/creaibiza.com\/wp-content\/uploads\/2023\/11\/amb-living-ceramics-rem-white-01-hr-web-e1701269357152.jpg\",\"datePublished\":\"2023-11-29T14:51:33+00:00\",\"dateModified\":\"2026-02-27T17:20:43+00:00\",\"description\":\"Crea Ibiza - REM -\",\"breadcrumb\":{\"@id\":\"https:\/\/creaibiza.com\/en\/product\/rem\/#breadcrumb\"},\"inLanguage\":\"de\",\"potentialAction\":[{\"@type\":\"ReadAction\",\"target\":[\"https:\/\/creaibiza.com\/en\/product\/rem\/\"]}]},{\"@type\":\"ImageObject\",\"inLanguage\":\"de\",\"@id\":\"https:\/\/creaibiza.com\/en\/product\/rem\/#primaryimage\",\"url\":\"https:\/\/creaibiza.com\/wp-content\/uploads\/2023\/11\/amb-living-ceramics-rem-white-01-hr-web-e1701269357152.jpg\",\"contentUrl\":\"https:\/\/creaibiza.com\/wp-content\/uploads\/2023\/11\/amb-living-ceramics-rem-white-01-hr-web-e1701269357152.jpg\",\"width\":1000,\"height\":1500},{\"@type\":\"BreadcrumbList\",\"@id\":\"https:\/\/creaibiza.com\/en\/product\/rem\/#breadcrumb\",\"itemListElement\":[{\"@type\":\"ListItem\",\"position\":1,\"name\":\"Portada\",\"item\":\"https:\/\/creaibiza.com\/\"},{\"@type\":\"ListItem\",\"position\":2,\"name\":\"Tienda\",\"item\":\"https:\/\/creaibiza.com\/en\/tienda\/\"},{\"@type\":\"ListItem\",\"position\":3,\"name\":\"REM\"}]},{\"@type\":\"WebSite\",\"@id\":\"https:\/\/creaibiza.com\/#website\",\"url\":\"https:\/\/creaibiza.com\/\",\"name\":\"Crea Ibiza\",\"description\":\"Cer\u00e1mica, sanitarios y revestimientos de dise\u00f1o en Ibiza\",\"publisher\":{\"@id\":\"https:\/\/creaibiza.com\/#organization\"},\"potentialAction\":[{\"@type\":\"SearchAction\",\"target\":{\"@type\":\"EntryPoint\",\"urlTemplate\":\"https:\/\/creaibiza.com\/?s={search_term_string}\"},\"query-input\":{\"@type\":\"PropertyValueSpecification\",\"valueRequired\":true,\"valueName\":\"search_term_string\"}}],\"inLanguage\":\"de\"},{\"@type\":\"Organization\",\"@id\":\"https:\/\/creaibiza.com\/#organization\",\"name\":\"Crea Ibiza\",\"url\":\"https:\/\/creaibiza.com\/\",\"logo\":{\"@type\":\"ImageObject\",\"inLanguage\":\"de\",\"@id\":\"https:\/\/creaibiza.com\/#\/schema\/logo\/image\/\",\"url\":\"https:\/\/creaibiza.com\/wp-content\/uploads\/2024\/02\/cropped-logocrea-web.png\",\"contentUrl\":\"https:\/\/creaibiza.com\/wp-content\/uploads\/2024\/02\/cropped-logocrea-web.png\",\"width\":591,\"height\":210,\"caption\":\"Crea Ibiza\"},\"image\":{\"@id\":\"https:\/\/creaibiza.com\/#\/schema\/logo\/image\/\"},\"sameAs\":[\"https:\/\/www.facebook.com\/creaibiza\",\"https:\/\/www.instagram.com\/creaibiza\"]}]}<\/script>\n<!-- \/ Yoast SEO plugin. -->","yoast_head_json":{"title":"REM - Crea Ibiza","description":"Crea Ibiza - EMN -","robots":{"index":"index","follow":"follow","max-snippet":"max-snippet:-1","max-image-preview":"max-image-preview:large","max-video-preview":"max-video-preview:-1"},"canonical":"https:\/\/creaibiza.com\/de\/produkt\/rem\/","og_locale":"de_DE","og_type":"article","og_title":"REM - Crea Ibiza","og_description":"Crea Ibiza - REM -","og_url":"https:\/\/creaibiza.com\/de\/produkt\/rem\/","og_site_name":"Crea Ibiza","article_publisher":"https:\/\/www.facebook.com\/creaibiza","article_modified_time":"2026-02-27T17:20:43+00:00","og_image":[{"width":1000,"height":1500,"url":"https:\/\/creaibiza.com\/wp-content\/uploads\/2023\/11\/amb-living-ceramics-rem-white-01-hr-web-e1701269357152.jpg","type":"image\/jpeg"}],"twitter_card":"summary_large_image","twitter_misc":{"Gesch\u00e4tzte Lesezeit":"1\u00a0Minute"},"schema":{"@context":"https:\/\/schema.org","@graph":[{"@type":"WebPage","@id":"https:\/\/creaibiza.com\/en\/product\/rem\/","url":"https:\/\/creaibiza.com\/en\/product\/rem\/","name":"REM - Crea Ibiza","isPartOf":{"@id":"https:\/\/creaibiza.com\/#website"},"primaryImageOfPage":{"@id":"https:\/\/creaibiza.com\/en\/product\/rem\/#primaryimage"},"image":{"@id":"https:\/\/creaibiza.com\/en\/product\/rem\/#primaryimage"},"thumbnailUrl":"https:\/\/creaibiza.com\/wp-content\/uploads\/2023\/11\/amb-living-ceramics-rem-white-01-hr-web-e1701269357152.jpg","datePublished":"2023-11-29T14:51:33+00:00","dateModified":"2026-02-27T17:20:43+00:00","description":"Crea Ibiza - EMN -","breadcrumb":{"@id":"https:\/\/creaibiza.com\/en\/product\/rem\/#breadcrumb"},"inLanguage":"de","potentialAction":[{"@type":"ReadAction","target":["https:\/\/creaibiza.com\/en\/product\/rem\/"]}]},{"@type":"ImageObject","inLanguage":"de","@id":"https:\/\/creaibiza.com\/en\/product\/rem\/#primaryimage","url":"https:\/\/creaibiza.com\/wp-content\/uploads\/2023\/11\/amb-living-ceramics-rem-white-01-hr-web-e1701269357152.jpg","contentUrl":"https:\/\/creaibiza.com\/wp-content\/uploads\/2023\/11\/amb-living-ceramics-rem-white-01-hr-web-e1701269357152.jpg","width":1000,"height":1500},{"@type":"BreadcrumbList","@id":"https:\/\/creaibiza.com\/en\/product\/rem\/#breadcrumb","itemListElement":[{"@type":"ListItem","position":1,"name":"Portada","item":"https:\/\/creaibiza.com\/"},{"@type":"ListItem","position":2,"name":"Tienda","item":"https:\/\/creaibiza.com\/en\/tienda\/"},{"@type":"ListItem","position":3,"name":"REM"}]},{"@type":"WebSite","@id":"https:\/\/creaibiza.com\/#website","url":"https:\/\/creaibiza.com\/","name":"Ibiza erstellen","description":"Cer\u00e1mica, sanitarios y revestimientos de dise\u00f1o en Ibiza","publisher":{"@id":"https:\/\/creaibiza.com\/#organization"},"potentialAction":[{"@type":"SearchAction","target":{"@type":"EntryPoint","urlTemplate":"https:\/\/creaibiza.com\/?s={search_term_string}"},"query-input":{"@type":"PropertyValueSpecification","valueRequired":true,"valueName":"search_term_string"}}],"inLanguage":"de"},{"@type":"Organization","@id":"https:\/\/creaibiza.com\/#organization","name":"Ibiza erstellen","url":"https:\/\/creaibiza.com\/","logo":{"@type":"ImageObject","inLanguage":"de","@id":"https:\/\/creaibiza.com\/#\/schema\/logo\/image\/","url":"https:\/\/creaibiza.com\/wp-content\/uploads\/2024\/02\/cropped-logocrea-web.png","contentUrl":"https:\/\/creaibiza.com\/wp-content\/uploads\/2024\/02\/cropped-logocrea-web.png","width":591,"height":210,"caption":"Crea Ibiza"},"image":{"@id":"https:\/\/creaibiza.com\/#\/schema\/logo\/image\/"},"sameAs":["https:\/\/www.facebook.com\/creaibiza","https:\/\/www.instagram.com\/creaibiza"]}]}},"_links":{"self":[{"href":"https:\/\/creaibiza.com\/de\/wp-json\/wp\/v2\/product\/27634","targetHints":{"allow":["GET"]}}],"collection":[{"href":"https:\/\/creaibiza.com\/de\/wp-json\/wp\/v2\/product"}],"about":[{"href":"https:\/\/creaibiza.com\/de\/wp-json\/wp\/v2\/types\/product"}],"version-history":[{"count":1,"href":"https:\/\/creaibiza.com\/de\/wp-json\/wp\/v2\/product\/27634\/revisions"}],"predecessor-version":[{"id":27666,"href":"https:\/\/creaibiza.com\/de\/wp-json\/wp\/v2\/product\/27634\/revisions\/27666"}],"wp:featuredmedia":[{"embeddable":true,"href":"https:\/\/creaibiza.com\/de\/wp-json\/wp\/v2\/media\/27662"}],"wp:attachment":[{"href":"https:\/\/creaibiza.com\/de\/wp-json\/wp\/v2\/media?parent=27634"}],"wp:term":[{"taxonomy":"product_brand","embeddable":true,"href":"https:\/\/creaibiza.com\/de\/wp-json\/wp\/v2\/product_brand?post=27634"},{"taxonomy":"product_cat","embeddable":true,"href":"https:\/\/creaibiza.com\/de\/wp-json\/wp\/v2\/product_cat?post=27634"},{"taxonomy":"product_tag","embeddable":true,"href":"https:\/\/creaibiza.com\/de\/wp-json\/wp\/v2\/product_tag?post=27634"}],"curies":[{"name":"wp","href":"https:\/\/api.w.org\/{rel}","templated":true}]}}