{"id":25173,"date":"2023-10-19T08:10:51","date_gmt":"2023-10-19T08:10:51","guid":{"rendered":"http:\/\/creaibiza.com\/?post_type=product&#038;p=25173"},"modified":"2025-03-17T14:05:09","modified_gmt":"2025-03-17T13:05:09","slug":"raster","status":"publish","type":"product","link":"https:\/\/creaibiza.com\/de\/produkt\/raster\/","title":{"rendered":"RASTER"},"content":{"rendered":"<p style=\"text-align: left;\">Raster es una estructura matricial, formada por una colecci\u00f3n de peque\u00f1os pixeles de tama\u00f1o uniforme dispuesto en una cuadricula, que se utiliza para crear composiciones complejas. Combinando el pensamiento creativo, la elecci\u00f3n crom\u00e1tica y un m\u00e9todo de instalaci\u00f3n sencillo, se revela la esencia de esta colecci\u00f3n.<\/p>\n<p style=\"text-align: left;\">Las hendiduras de la pieza pueden presentar peque\u00f1os poros visibles que favorecen la perfecta fijaci\u00f3n del material de rejunte y quedar\u00e1n totalmente ocultos una vez hecha la correcta instalaci\u00f3n<\/p>\n<p style=\"text-align: left;\">Formato 15 x 15<\/p>","protected":false},"excerpt":{"rendered":"<p>Raster es una estructura matricial, formada por una colecci\u00f3n de peque\u00f1os pixeles de tama\u00f1o uniforme dispuesto en una cuadricula, que se utiliza para crear composiciones complejas. Combinando el pensamiento creativo, la elecci\u00f3n crom\u00e1tica y un m\u00e9todo de instalaci\u00f3n sencillo, se revela la esencia de esta colecci\u00f3n. Las hendiduras de la pieza pueden presentar peque\u00f1os poros &hellip; <\/p>\n<p class=\"link-more\"><a href=\"https:\/\/creaibiza.com\/de\/produkt\/raster\/\" class=\"more-link\">Read More <span class=\"screen-reader-text\"> \u00abRASTER\u00bb<\/span><\/a><\/p>","protected":false},"featured_media":25243,"template":"","meta":{"_acf_changed":false},"product_brand":[187],"product_cat":[1630,186,116,113],"product_tag":[1352,1353],"class_list":{"0":"post-25173","1":"product","2":"type-product","3":"status-publish","4":"has-post-thumbnail","6":"product_brand-wow","7":"product_cat-decorados-pavimento","8":"product_cat-decorados","9":"product_cat-pavimento","10":"product_cat-revestimiento","11":"product_tag-pavimento","12":"product_tag-revestimiento","14":"first","15":"instock","16":"taxable","17":"shipping-taxable","18":"purchasable","19":"product-type-variable"},"acf":[],"yoast_head":"<!-- This site is optimized with the Yoast SEO plugin v27.2 - https:\/\/yoast.com\/product\/yoast-seo-wordpress\/ -->\n<title>RASTER - Crea Ibiza<\/title>\n<meta name=\"description\" content=\"Crea Ibiza - RASTER -\" \/>\n<meta name=\"robots\" content=\"index, follow, max-snippet:-1, max-image-preview:large, max-video-preview:-1\" \/>\n<link rel=\"canonical\" href=\"https:\/\/creaibiza.com\/de\/produkt\/raster\/\" \/>\n<meta property=\"og:locale\" content=\"de_DE\" \/>\n<meta property=\"og:type\" content=\"article\" \/>\n<meta property=\"og:title\" content=\"RASTER - Crea Ibiza\" \/>\n<meta property=\"og:description\" content=\"Crea Ibiza - RASTER -\" \/>\n<meta property=\"og:url\" content=\"https:\/\/creaibiza.com\/de\/produkt\/raster\/\" \/>\n<meta property=\"og:site_name\" content=\"Crea Ibiza\" \/>\n<meta property=\"article:publisher\" content=\"https:\/\/www.facebook.com\/creaibiza\" \/>\n<meta property=\"article:modified_time\" content=\"2025-03-17T13:05:09+00:00\" \/>\n<meta property=\"og:image\" content=\"https:\/\/creaibiza.com\/wp-content\/uploads\/2023\/10\/AMB15_Lines-M-Moss-Lines-S-Moss-1-1.webp\" \/>\n\t<meta property=\"og:image:width\" content=\"960\" \/>\n\t<meta property=\"og:image:height\" content=\"960\" \/>\n\t<meta property=\"og:image:type\" content=\"image\/webp\" \/>\n<meta name=\"twitter:card\" content=\"summary_large_image\" \/>\n<meta name=\"twitter:label1\" content=\"Gesch\u00e4tzte Lesezeit\" \/>\n\t<meta name=\"twitter:data1\" content=\"1\u00a0Minute\" \/>\n<script type=\"application\/ld+json\" class=\"yoast-schema-graph\">{\"@context\":\"https:\/\/schema.org\",\"@graph\":[{\"@type\":\"WebPage\",\"@id\":\"https:\/\/creaibiza.com\/producto\/raster\/\",\"url\":\"https:\/\/creaibiza.com\/producto\/raster\/\",\"name\":\"RASTER - Crea Ibiza\",\"isPartOf\":{\"@id\":\"https:\/\/creaibiza.com\/#website\"},\"primaryImageOfPage\":{\"@id\":\"https:\/\/creaibiza.com\/producto\/raster\/#primaryimage\"},\"image\":{\"@id\":\"https:\/\/creaibiza.com\/producto\/raster\/#primaryimage\"},\"thumbnailUrl\":\"https:\/\/creaibiza.com\/wp-content\/uploads\/2023\/10\/AMB15_Lines-M-Moss-Lines-S-Moss-1-1.webp\",\"datePublished\":\"2023-10-19T08:10:51+00:00\",\"dateModified\":\"2025-03-17T13:05:09+00:00\",\"description\":\"Crea Ibiza - RASTER -\",\"breadcrumb\":{\"@id\":\"https:\/\/creaibiza.com\/producto\/raster\/#breadcrumb\"},\"inLanguage\":\"de\",\"potentialAction\":[{\"@type\":\"ReadAction\",\"target\":[\"https:\/\/creaibiza.com\/producto\/raster\/\"]}]},{\"@type\":\"ImageObject\",\"inLanguage\":\"de\",\"@id\":\"https:\/\/creaibiza.com\/producto\/raster\/#primaryimage\",\"url\":\"https:\/\/creaibiza.com\/wp-content\/uploads\/2023\/10\/AMB15_Lines-M-Moss-Lines-S-Moss-1-1.webp\",\"contentUrl\":\"https:\/\/creaibiza.com\/wp-content\/uploads\/2023\/10\/AMB15_Lines-M-Moss-Lines-S-Moss-1-1.webp\",\"width\":960,\"height\":960},{\"@type\":\"BreadcrumbList\",\"@id\":\"https:\/\/creaibiza.com\/producto\/raster\/#breadcrumb\",\"itemListElement\":[{\"@type\":\"ListItem\",\"position\":1,\"name\":\"Portada\",\"item\":\"https:\/\/creaibiza.com\/\"},{\"@type\":\"ListItem\",\"position\":2,\"name\":\"Tienda\",\"item\":\"https:\/\/creaibiza.com\/en\/tienda\/\"},{\"@type\":\"ListItem\",\"position\":3,\"name\":\"RASTER\"}]},{\"@type\":\"WebSite\",\"@id\":\"https:\/\/creaibiza.com\/#website\",\"url\":\"https:\/\/creaibiza.com\/\",\"name\":\"Crea Ibiza\",\"description\":\"Cer\u00e1mica, sanitarios y revestimientos de dise\u00f1o en Ibiza\",\"publisher\":{\"@id\":\"https:\/\/creaibiza.com\/#organization\"},\"potentialAction\":[{\"@type\":\"SearchAction\",\"target\":{\"@type\":\"EntryPoint\",\"urlTemplate\":\"https:\/\/creaibiza.com\/?s={search_term_string}\"},\"query-input\":{\"@type\":\"PropertyValueSpecification\",\"valueRequired\":true,\"valueName\":\"search_term_string\"}}],\"inLanguage\":\"de\"},{\"@type\":\"Organization\",\"@id\":\"https:\/\/creaibiza.com\/#organization\",\"name\":\"Crea Ibiza\",\"url\":\"https:\/\/creaibiza.com\/\",\"logo\":{\"@type\":\"ImageObject\",\"inLanguage\":\"de\",\"@id\":\"https:\/\/creaibiza.com\/#\/schema\/logo\/image\/\",\"url\":\"https:\/\/creaibiza.com\/wp-content\/uploads\/2024\/02\/cropped-logocrea-web.png\",\"contentUrl\":\"https:\/\/creaibiza.com\/wp-content\/uploads\/2024\/02\/cropped-logocrea-web.png\",\"width\":591,\"height\":210,\"caption\":\"Crea Ibiza\"},\"image\":{\"@id\":\"https:\/\/creaibiza.com\/#\/schema\/logo\/image\/\"},\"sameAs\":[\"https:\/\/www.facebook.com\/creaibiza\",\"https:\/\/www.instagram.com\/creaibiza\"]}]}<\/script>\n<!-- \/ Yoast SEO plugin. -->","yoast_head_json":{"title":"RASTER - Crea Ibiza","description":"Crea Ibiza - RASTER -","robots":{"index":"index","follow":"follow","max-snippet":"max-snippet:-1","max-image-preview":"max-image-preview:large","max-video-preview":"max-video-preview:-1"},"canonical":"https:\/\/creaibiza.com\/de\/produkt\/raster\/","og_locale":"de_DE","og_type":"article","og_title":"RASTER - Crea Ibiza","og_description":"Crea Ibiza - RASTER -","og_url":"https:\/\/creaibiza.com\/de\/produkt\/raster\/","og_site_name":"Crea Ibiza","article_publisher":"https:\/\/www.facebook.com\/creaibiza","article_modified_time":"2025-03-17T13:05:09+00:00","og_image":[{"width":960,"height":960,"url":"https:\/\/creaibiza.com\/wp-content\/uploads\/2023\/10\/AMB15_Lines-M-Moss-Lines-S-Moss-1-1.webp","type":"image\/webp"}],"twitter_card":"summary_large_image","twitter_misc":{"Gesch\u00e4tzte Lesezeit":"1\u00a0Minute"},"schema":{"@context":"https:\/\/schema.org","@graph":[{"@type":"WebPage","@id":"https:\/\/creaibiza.com\/producto\/raster\/","url":"https:\/\/creaibiza.com\/producto\/raster\/","name":"RASTER - Crea Ibiza","isPartOf":{"@id":"https:\/\/creaibiza.com\/#website"},"primaryImageOfPage":{"@id":"https:\/\/creaibiza.com\/producto\/raster\/#primaryimage"},"image":{"@id":"https:\/\/creaibiza.com\/producto\/raster\/#primaryimage"},"thumbnailUrl":"https:\/\/creaibiza.com\/wp-content\/uploads\/2023\/10\/AMB15_Lines-M-Moss-Lines-S-Moss-1-1.webp","datePublished":"2023-10-19T08:10:51+00:00","dateModified":"2025-03-17T13:05:09+00:00","description":"Crea Ibiza - RASTER -","breadcrumb":{"@id":"https:\/\/creaibiza.com\/producto\/raster\/#breadcrumb"},"inLanguage":"de","potentialAction":[{"@type":"ReadAction","target":["https:\/\/creaibiza.com\/producto\/raster\/"]}]},{"@type":"ImageObject","inLanguage":"de","@id":"https:\/\/creaibiza.com\/producto\/raster\/#primaryimage","url":"https:\/\/creaibiza.com\/wp-content\/uploads\/2023\/10\/AMB15_Lines-M-Moss-Lines-S-Moss-1-1.webp","contentUrl":"https:\/\/creaibiza.com\/wp-content\/uploads\/2023\/10\/AMB15_Lines-M-Moss-Lines-S-Moss-1-1.webp","width":960,"height":960},{"@type":"BreadcrumbList","@id":"https:\/\/creaibiza.com\/producto\/raster\/#breadcrumb","itemListElement":[{"@type":"ListItem","position":1,"name":"Portada","item":"https:\/\/creaibiza.com\/"},{"@type":"ListItem","position":2,"name":"Tienda","item":"https:\/\/creaibiza.com\/en\/tienda\/"},{"@type":"ListItem","position":3,"name":"RASTER"}]},{"@type":"WebSite","@id":"https:\/\/creaibiza.com\/#website","url":"https:\/\/creaibiza.com\/","name":"Ibiza erstellen","description":"Cer\u00e1mica, sanitarios y revestimientos de dise\u00f1o en Ibiza","publisher":{"@id":"https:\/\/creaibiza.com\/#organization"},"potentialAction":[{"@type":"SearchAction","target":{"@type":"EntryPoint","urlTemplate":"https:\/\/creaibiza.com\/?s={search_term_string}"},"query-input":{"@type":"PropertyValueSpecification","valueRequired":true,"valueName":"search_term_string"}}],"inLanguage":"de"},{"@type":"Organization","@id":"https:\/\/creaibiza.com\/#organization","name":"Ibiza erstellen","url":"https:\/\/creaibiza.com\/","logo":{"@type":"ImageObject","inLanguage":"de","@id":"https:\/\/creaibiza.com\/#\/schema\/logo\/image\/","url":"https:\/\/creaibiza.com\/wp-content\/uploads\/2024\/02\/cropped-logocrea-web.png","contentUrl":"https:\/\/creaibiza.com\/wp-content\/uploads\/2024\/02\/cropped-logocrea-web.png","width":591,"height":210,"caption":"Crea Ibiza"},"image":{"@id":"https:\/\/creaibiza.com\/#\/schema\/logo\/image\/"},"sameAs":["https:\/\/www.facebook.com\/creaibiza","https:\/\/www.instagram.com\/creaibiza"]}]}},"_links":{"self":[{"href":"https:\/\/creaibiza.com\/de\/wp-json\/wp\/v2\/product\/25173","targetHints":{"allow":["GET"]}}],"collection":[{"href":"https:\/\/creaibiza.com\/de\/wp-json\/wp\/v2\/product"}],"about":[{"href":"https:\/\/creaibiza.com\/de\/wp-json\/wp\/v2\/types\/product"}],"version-history":[{"count":4,"href":"https:\/\/creaibiza.com\/de\/wp-json\/wp\/v2\/product\/25173\/revisions"}],"predecessor-version":[{"id":25250,"href":"https:\/\/creaibiza.com\/de\/wp-json\/wp\/v2\/product\/25173\/revisions\/25250"}],"wp:featuredmedia":[{"embeddable":true,"href":"https:\/\/creaibiza.com\/de\/wp-json\/wp\/v2\/media\/25243"}],"wp:attachment":[{"href":"https:\/\/creaibiza.com\/de\/wp-json\/wp\/v2\/media?parent=25173"}],"wp:term":[{"taxonomy":"product_brand","embeddable":true,"href":"https:\/\/creaibiza.com\/de\/wp-json\/wp\/v2\/product_brand?post=25173"},{"taxonomy":"product_cat","embeddable":true,"href":"https:\/\/creaibiza.com\/de\/wp-json\/wp\/v2\/product_cat?post=25173"},{"taxonomy":"product_tag","embeddable":true,"href":"https:\/\/creaibiza.com\/de\/wp-json\/wp\/v2\/product_tag?post=25173"}],"curies":[{"name":"wp","href":"https:\/\/api.w.org\/{rel}","templated":true}]}}