{"id":25130,"date":"2023-10-18T11:17:59","date_gmt":"2023-10-18T11:17:59","guid":{"rendered":"http:\/\/creaibiza.com\/?post_type=product&#038;p=25130"},"modified":"2024-04-29T11:02:21","modified_gmt":"2024-04-29T10:02:21","slug":"concrete-ss","status":"publish","type":"product","link":"https:\/\/creaibiza.com\/de\/produkt\/concrete-ss\/","title":{"rendered":"CONCRETE SS"},"content":{"rendered":"<p>Concrete, en sinergia con Made 2.0, es un sistema cer\u00e1mico flexible al servicio de los espacios habitables. Se trata de la paleta de combinaci\u00f3n color\/superficie m\u00e1s completa en tonalidades neutras y naturales: trece colores y cuatro superficies diferentes que se adaptan a las diferentes necesidades de la vida.<\/p>\n<p>El mismo color se puede utilizar desde el interior al exterior, en suelos y paredes y para la creaci\u00f3n de encimeras de cocina y muebles de ba\u00f1o manteniendo una fuerte consistencia crom\u00e1tica. Toda la paleta de colores Concrete corresponde a los colores Made 2.0; el color Blanco combina con el Made 2.0 White Sand.<\/p>","protected":false},"excerpt":{"rendered":"<p>Concrete, en sinergia con Made 2.0, es un sistema cer\u00e1mico flexible al servicio de los espacios habitables. Se trata de la paleta de combinaci\u00f3n color\/superficie m\u00e1s completa en tonalidades neutras y naturales: trece colores y cuatro superficies diferentes que se adaptan a las diferentes necesidades de la vida. El mismo color se puede utilizar desde &hellip; <\/p>\n<p class=\"link-more\"><a href=\"https:\/\/creaibiza.com\/de\/produkt\/concrete-ss\/\" class=\"more-link\">Read More <span class=\"screen-reader-text\"> \u00abCONCRETE SS\u00bb<\/span><\/a><\/p>","protected":false},"featured_media":25170,"template":"","meta":{"_acf_changed":false},"product_brand":[1588],"product_cat":[317,116,113,999],"product_tag":[1352,1353],"class_list":{"0":"post-25130","1":"product","2":"type-product","3":"status-publish","4":"has-post-thumbnail","6":"product_brand-gigacer","7":"product_cat-cemento","8":"product_cat-pavimento","9":"product_cat-revestimiento","10":"product_cat-cementos","11":"product_tag-pavimento","12":"product_tag-revestimiento","14":"first","15":"instock","16":"taxable","17":"shipping-taxable","18":"purchasable","19":"product-type-variable"},"acf":[],"yoast_head":"<!-- This site is optimized with the Yoast SEO plugin v27.2 - https:\/\/yoast.com\/product\/yoast-seo-wordpress\/ -->\n<title>CONCRETE SS - Crea Ibiza<\/title>\n<meta name=\"description\" content=\"Crea Ibiza - CONCRETE SS -\" \/>\n<meta name=\"robots\" content=\"index, follow, max-snippet:-1, max-image-preview:large, max-video-preview:-1\" \/>\n<link rel=\"canonical\" href=\"https:\/\/creaibiza.com\/de\/produkt\/concrete-ss\/\" \/>\n<meta property=\"og:locale\" content=\"de_DE\" \/>\n<meta property=\"og:type\" content=\"article\" \/>\n<meta property=\"og:title\" content=\"CONCRETE SS - Crea Ibiza\" \/>\n<meta property=\"og:description\" content=\"Crea Ibiza - CONCRETE SS -\" \/>\n<meta property=\"og:url\" content=\"https:\/\/creaibiza.com\/de\/produkt\/concrete-ss\/\" \/>\n<meta property=\"og:site_name\" content=\"Crea Ibiza\" \/>\n<meta property=\"article:publisher\" content=\"https:\/\/www.facebook.com\/creaibiza\" \/>\n<meta property=\"article:modified_time\" content=\"2024-04-29T10:02:21+00:00\" \/>\n<meta property=\"og:image\" content=\"https:\/\/creaibiza.com\/wp-content\/uploads\/2023\/10\/Concrete-Gigacer-5-e1697627863156.jpeg\" \/>\n\t<meta property=\"og:image:width\" content=\"1001\" \/>\n\t<meta property=\"og:image:height\" content=\"945\" \/>\n\t<meta property=\"og:image:type\" content=\"image\/jpeg\" \/>\n<meta name=\"twitter:card\" content=\"summary_large_image\" \/>\n<meta name=\"twitter:label1\" content=\"Gesch\u00e4tzte Lesezeit\" \/>\n\t<meta name=\"twitter:data1\" content=\"1\u00a0Minute\" \/>\n<script type=\"application\/ld+json\" class=\"yoast-schema-graph\">{\"@context\":\"https:\/\/schema.org\",\"@graph\":[{\"@type\":\"WebPage\",\"@id\":\"https:\/\/creaibiza.com\/producto\/concrete-ss\/\",\"url\":\"https:\/\/creaibiza.com\/producto\/concrete-ss\/\",\"name\":\"CONCRETE SS - Crea Ibiza\",\"isPartOf\":{\"@id\":\"https:\/\/creaibiza.com\/#website\"},\"primaryImageOfPage\":{\"@id\":\"https:\/\/creaibiza.com\/producto\/concrete-ss\/#primaryimage\"},\"image\":{\"@id\":\"https:\/\/creaibiza.com\/producto\/concrete-ss\/#primaryimage\"},\"thumbnailUrl\":\"https:\/\/creaibiza.com\/wp-content\/uploads\/2023\/10\/Concrete-Gigacer-5-e1697627863156.jpeg\",\"datePublished\":\"2023-10-18T11:17:59+00:00\",\"dateModified\":\"2024-04-29T10:02:21+00:00\",\"description\":\"Crea Ibiza - CONCRETE SS -\",\"breadcrumb\":{\"@id\":\"https:\/\/creaibiza.com\/producto\/concrete-ss\/#breadcrumb\"},\"inLanguage\":\"de\",\"potentialAction\":[{\"@type\":\"ReadAction\",\"target\":[\"https:\/\/creaibiza.com\/producto\/concrete-ss\/\"]}]},{\"@type\":\"ImageObject\",\"inLanguage\":\"de\",\"@id\":\"https:\/\/creaibiza.com\/producto\/concrete-ss\/#primaryimage\",\"url\":\"https:\/\/creaibiza.com\/wp-content\/uploads\/2023\/10\/Concrete-Gigacer-5-e1697627863156.jpeg\",\"contentUrl\":\"https:\/\/creaibiza.com\/wp-content\/uploads\/2023\/10\/Concrete-Gigacer-5-e1697627863156.jpeg\",\"width\":1001,\"height\":945},{\"@type\":\"BreadcrumbList\",\"@id\":\"https:\/\/creaibiza.com\/producto\/concrete-ss\/#breadcrumb\",\"itemListElement\":[{\"@type\":\"ListItem\",\"position\":1,\"name\":\"Portada\",\"item\":\"https:\/\/creaibiza.com\/\"},{\"@type\":\"ListItem\",\"position\":2,\"name\":\"Tienda\",\"item\":\"https:\/\/creaibiza.com\/en\/tienda\/\"},{\"@type\":\"ListItem\",\"position\":3,\"name\":\"CONCRETE SS\"}]},{\"@type\":\"WebSite\",\"@id\":\"https:\/\/creaibiza.com\/#website\",\"url\":\"https:\/\/creaibiza.com\/\",\"name\":\"Crea Ibiza\",\"description\":\"Cer\u00e1mica, sanitarios y revestimientos de dise\u00f1o en Ibiza\",\"publisher\":{\"@id\":\"https:\/\/creaibiza.com\/#organization\"},\"potentialAction\":[{\"@type\":\"SearchAction\",\"target\":{\"@type\":\"EntryPoint\",\"urlTemplate\":\"https:\/\/creaibiza.com\/?s={search_term_string}\"},\"query-input\":{\"@type\":\"PropertyValueSpecification\",\"valueRequired\":true,\"valueName\":\"search_term_string\"}}],\"inLanguage\":\"de\"},{\"@type\":\"Organization\",\"@id\":\"https:\/\/creaibiza.com\/#organization\",\"name\":\"Crea Ibiza\",\"url\":\"https:\/\/creaibiza.com\/\",\"logo\":{\"@type\":\"ImageObject\",\"inLanguage\":\"de\",\"@id\":\"https:\/\/creaibiza.com\/#\/schema\/logo\/image\/\",\"url\":\"https:\/\/creaibiza.com\/wp-content\/uploads\/2024\/02\/cropped-logocrea-web.png\",\"contentUrl\":\"https:\/\/creaibiza.com\/wp-content\/uploads\/2024\/02\/cropped-logocrea-web.png\",\"width\":591,\"height\":210,\"caption\":\"Crea Ibiza\"},\"image\":{\"@id\":\"https:\/\/creaibiza.com\/#\/schema\/logo\/image\/\"},\"sameAs\":[\"https:\/\/www.facebook.com\/creaibiza\",\"https:\/\/www.instagram.com\/creaibiza\"]}]}<\/script>\n<!-- \/ Yoast SEO plugin. -->","yoast_head_json":{"title":"CONCRETE SS - Crea Ibiza","description":"Crea Ibiza - CONCRETE SS -","robots":{"index":"index","follow":"follow","max-snippet":"max-snippet:-1","max-image-preview":"max-image-preview:large","max-video-preview":"max-video-preview:-1"},"canonical":"https:\/\/creaibiza.com\/de\/produkt\/concrete-ss\/","og_locale":"de_DE","og_type":"article","og_title":"CONCRETE SS - Crea Ibiza","og_description":"Crea Ibiza - CONCRETE SS -","og_url":"https:\/\/creaibiza.com\/de\/produkt\/concrete-ss\/","og_site_name":"Crea Ibiza","article_publisher":"https:\/\/www.facebook.com\/creaibiza","article_modified_time":"2024-04-29T10:02:21+00:00","og_image":[{"width":1001,"height":945,"url":"https:\/\/creaibiza.com\/wp-content\/uploads\/2023\/10\/Concrete-Gigacer-5-e1697627863156.jpeg","type":"image\/jpeg"}],"twitter_card":"summary_large_image","twitter_misc":{"Gesch\u00e4tzte Lesezeit":"1\u00a0Minute"},"schema":{"@context":"https:\/\/schema.org","@graph":[{"@type":"WebPage","@id":"https:\/\/creaibiza.com\/producto\/concrete-ss\/","url":"https:\/\/creaibiza.com\/producto\/concrete-ss\/","name":"CONCRETE SS - Crea Ibiza","isPartOf":{"@id":"https:\/\/creaibiza.com\/#website"},"primaryImageOfPage":{"@id":"https:\/\/creaibiza.com\/producto\/concrete-ss\/#primaryimage"},"image":{"@id":"https:\/\/creaibiza.com\/producto\/concrete-ss\/#primaryimage"},"thumbnailUrl":"https:\/\/creaibiza.com\/wp-content\/uploads\/2023\/10\/Concrete-Gigacer-5-e1697627863156.jpeg","datePublished":"2023-10-18T11:17:59+00:00","dateModified":"2024-04-29T10:02:21+00:00","description":"Crea Ibiza - CONCRETE SS -","breadcrumb":{"@id":"https:\/\/creaibiza.com\/producto\/concrete-ss\/#breadcrumb"},"inLanguage":"de","potentialAction":[{"@type":"ReadAction","target":["https:\/\/creaibiza.com\/producto\/concrete-ss\/"]}]},{"@type":"ImageObject","inLanguage":"de","@id":"https:\/\/creaibiza.com\/producto\/concrete-ss\/#primaryimage","url":"https:\/\/creaibiza.com\/wp-content\/uploads\/2023\/10\/Concrete-Gigacer-5-e1697627863156.jpeg","contentUrl":"https:\/\/creaibiza.com\/wp-content\/uploads\/2023\/10\/Concrete-Gigacer-5-e1697627863156.jpeg","width":1001,"height":945},{"@type":"BreadcrumbList","@id":"https:\/\/creaibiza.com\/producto\/concrete-ss\/#breadcrumb","itemListElement":[{"@type":"ListItem","position":1,"name":"Portada","item":"https:\/\/creaibiza.com\/"},{"@type":"ListItem","position":2,"name":"Tienda","item":"https:\/\/creaibiza.com\/en\/tienda\/"},{"@type":"ListItem","position":3,"name":"CONCRETE SS"}]},{"@type":"WebSite","@id":"https:\/\/creaibiza.com\/#website","url":"https:\/\/creaibiza.com\/","name":"Ibiza erstellen","description":"Cer\u00e1mica, sanitarios y revestimientos de dise\u00f1o en Ibiza","publisher":{"@id":"https:\/\/creaibiza.com\/#organization"},"potentialAction":[{"@type":"SearchAction","target":{"@type":"EntryPoint","urlTemplate":"https:\/\/creaibiza.com\/?s={search_term_string}"},"query-input":{"@type":"PropertyValueSpecification","valueRequired":true,"valueName":"search_term_string"}}],"inLanguage":"de"},{"@type":"Organization","@id":"https:\/\/creaibiza.com\/#organization","name":"Ibiza erstellen","url":"https:\/\/creaibiza.com\/","logo":{"@type":"ImageObject","inLanguage":"de","@id":"https:\/\/creaibiza.com\/#\/schema\/logo\/image\/","url":"https:\/\/creaibiza.com\/wp-content\/uploads\/2024\/02\/cropped-logocrea-web.png","contentUrl":"https:\/\/creaibiza.com\/wp-content\/uploads\/2024\/02\/cropped-logocrea-web.png","width":591,"height":210,"caption":"Crea Ibiza"},"image":{"@id":"https:\/\/creaibiza.com\/#\/schema\/logo\/image\/"},"sameAs":["https:\/\/www.facebook.com\/creaibiza","https:\/\/www.instagram.com\/creaibiza"]}]}},"_links":{"self":[{"href":"https:\/\/creaibiza.com\/de\/wp-json\/wp\/v2\/product\/25130","targetHints":{"allow":["GET"]}}],"collection":[{"href":"https:\/\/creaibiza.com\/de\/wp-json\/wp\/v2\/product"}],"about":[{"href":"https:\/\/creaibiza.com\/de\/wp-json\/wp\/v2\/types\/product"}],"version-history":[{"count":2,"href":"https:\/\/creaibiza.com\/de\/wp-json\/wp\/v2\/product\/25130\/revisions"}],"predecessor-version":[{"id":25926,"href":"https:\/\/creaibiza.com\/de\/wp-json\/wp\/v2\/product\/25130\/revisions\/25926"}],"wp:featuredmedia":[{"embeddable":true,"href":"https:\/\/creaibiza.com\/de\/wp-json\/wp\/v2\/media\/25170"}],"wp:attachment":[{"href":"https:\/\/creaibiza.com\/de\/wp-json\/wp\/v2\/media?parent=25130"}],"wp:term":[{"taxonomy":"product_brand","embeddable":true,"href":"https:\/\/creaibiza.com\/de\/wp-json\/wp\/v2\/product_brand?post=25130"},{"taxonomy":"product_cat","embeddable":true,"href":"https:\/\/creaibiza.com\/de\/wp-json\/wp\/v2\/product_cat?post=25130"},{"taxonomy":"product_tag","embeddable":true,"href":"https:\/\/creaibiza.com\/de\/wp-json\/wp\/v2\/product_tag?post=25130"}],"curies":[{"name":"wp","href":"https:\/\/api.w.org\/{rel}","templated":true}]}}