{"id":24959,"date":"2023-10-17T10:19:26","date_gmt":"2023-10-17T10:19:26","guid":{"rendered":"http:\/\/creaibiza.com\/?post_type=product&#038;p=24959"},"modified":"2024-01-11T02:13:47","modified_gmt":"2024-01-11T01:13:47","slug":"giarcilla","status":"publish","type":"product","link":"https:\/\/creaibiza.com\/de\/produkt\/giarcilla\/","title":{"rendered":"GIARCILLA"},"content":{"rendered":"<p>Argilla redescubre la expresi\u00f3n m\u00e1s natural de las tierras fentinias, las arcillas, creando una gama crom\u00e1tica con tonos pastel, donde la materia se convierte en protagonista.<\/p>\n<p>El Dry grey y el Biacca Clear, colores modernos y refinados, recuerdan la presencia de una veta de tiza, determinando una tendencia fr\u00eda y rocosa. Marr\u00f3n niebla y Marr\u00f3n oscuro se presentan en tonalidades m\u00e1s c\u00e1lidas que recuerdan a las arcillas m\u00e1s superficiales. Vetiver y Marine completan la colecci\u00f3n con referencia al agua, el compendio natural de la tierra.<\/p>\n<p>Las dos superficies de la colecci\u00f3n, que interpretan el mismo color, subrayan la plasticidad de nuestra materia prima: la superficie del Cuarzo, mat\u00e9rica y pastosa, es casi cerosa y muy suave.<\/p>","protected":false},"excerpt":{"rendered":"<p>Argilla redescubre la expresi\u00f3n m\u00e1s natural de las tierras fentinias, las arcillas, creando una gama crom\u00e1tica con tonos pastel, donde la materia se convierte en protagonista. El Dry grey y el Biacca Clear, colores modernos y refinados, recuerdan la presencia de una veta de tiza, determinando una tendencia fr\u00eda y rocosa. Marr\u00f3n niebla y Marr\u00f3n &hellip; <\/p>\n<p class=\"link-more\"><a href=\"https:\/\/creaibiza.com\/de\/produkt\/giarcilla\/\" class=\"more-link\">Read More <span class=\"screen-reader-text\"> \u00abGIARCILLA\u00bb<\/span><\/a><\/p>","protected":false},"featured_media":25004,"template":"","meta":{"_acf_changed":false},"product_brand":[1588],"product_cat":[317,116,113,999],"product_tag":[1352,1353],"class_list":{"0":"post-24959","1":"product","2":"type-product","3":"status-publish","4":"has-post-thumbnail","6":"product_brand-gigacer","7":"product_cat-cemento","8":"product_cat-pavimento","9":"product_cat-revestimiento","10":"product_cat-cementos","11":"product_tag-pavimento","12":"product_tag-revestimiento","14":"first","15":"instock","16":"taxable","17":"shipping-taxable","18":"purchasable","19":"product-type-variable"},"acf":[],"yoast_head":"<!-- This site is optimized with the Yoast SEO plugin v27.2 - https:\/\/yoast.com\/product\/yoast-seo-wordpress\/ -->\n<title>GIARCILLA - Crea Ibiza<\/title>\n<meta name=\"description\" content=\"Crea Ibiza - GIARCILLA -\" \/>\n<meta name=\"robots\" content=\"index, follow, max-snippet:-1, max-image-preview:large, max-video-preview:-1\" \/>\n<link rel=\"canonical\" href=\"https:\/\/creaibiza.com\/de\/produkt\/giarcilla\/\" \/>\n<meta property=\"og:locale\" content=\"de_DE\" \/>\n<meta property=\"og:type\" content=\"article\" \/>\n<meta property=\"og:title\" content=\"GIARCILLA - Crea Ibiza\" \/>\n<meta property=\"og:description\" content=\"Crea Ibiza - GIARCILLA -\" \/>\n<meta property=\"og:url\" content=\"https:\/\/creaibiza.com\/de\/produkt\/giarcilla\/\" \/>\n<meta property=\"og:site_name\" content=\"Crea Ibiza\" \/>\n<meta property=\"article:publisher\" content=\"https:\/\/www.facebook.com\/creaibiza\" \/>\n<meta property=\"article:modified_time\" content=\"2024-01-11T01:13:47+00:00\" \/>\n<meta property=\"og:image\" content=\"https:\/\/creaibiza.com\/wp-content\/uploads\/2023\/10\/NegozioARGILLA-e1697538737904.jpg\" \/>\n\t<meta property=\"og:image:width\" content=\"1001\" \/>\n\t<meta property=\"og:image:height\" content=\"563\" \/>\n\t<meta property=\"og:image:type\" content=\"image\/jpeg\" \/>\n<meta name=\"twitter:card\" content=\"summary_large_image\" \/>\n<meta name=\"twitter:label1\" content=\"Gesch\u00e4tzte Lesezeit\" \/>\n\t<meta name=\"twitter:data1\" content=\"1\u00a0Minute\" \/>\n<script type=\"application\/ld+json\" class=\"yoast-schema-graph\">{\"@context\":\"https:\/\/schema.org\",\"@graph\":[{\"@type\":\"WebPage\",\"@id\":\"https:\/\/creaibiza.com\/producto\/giarcilla\/\",\"url\":\"https:\/\/creaibiza.com\/producto\/giarcilla\/\",\"name\":\"GIARCILLA - Crea Ibiza\",\"isPartOf\":{\"@id\":\"https:\/\/creaibiza.com\/#website\"},\"primaryImageOfPage\":{\"@id\":\"https:\/\/creaibiza.com\/producto\/giarcilla\/#primaryimage\"},\"image\":{\"@id\":\"https:\/\/creaibiza.com\/producto\/giarcilla\/#primaryimage\"},\"thumbnailUrl\":\"https:\/\/creaibiza.com\/wp-content\/uploads\/2023\/10\/NegozioARGILLA-e1697538737904.jpg\",\"datePublished\":\"2023-10-17T10:19:26+00:00\",\"dateModified\":\"2024-01-11T01:13:47+00:00\",\"description\":\"Crea Ibiza - GIARCILLA -\",\"breadcrumb\":{\"@id\":\"https:\/\/creaibiza.com\/producto\/giarcilla\/#breadcrumb\"},\"inLanguage\":\"de\",\"potentialAction\":[{\"@type\":\"ReadAction\",\"target\":[\"https:\/\/creaibiza.com\/producto\/giarcilla\/\"]}]},{\"@type\":\"ImageObject\",\"inLanguage\":\"de\",\"@id\":\"https:\/\/creaibiza.com\/producto\/giarcilla\/#primaryimage\",\"url\":\"https:\/\/creaibiza.com\/wp-content\/uploads\/2023\/10\/NegozioARGILLA-e1697538737904.jpg\",\"contentUrl\":\"https:\/\/creaibiza.com\/wp-content\/uploads\/2023\/10\/NegozioARGILLA-e1697538737904.jpg\",\"width\":1001,\"height\":563},{\"@type\":\"BreadcrumbList\",\"@id\":\"https:\/\/creaibiza.com\/producto\/giarcilla\/#breadcrumb\",\"itemListElement\":[{\"@type\":\"ListItem\",\"position\":1,\"name\":\"Portada\",\"item\":\"https:\/\/creaibiza.com\/\"},{\"@type\":\"ListItem\",\"position\":2,\"name\":\"Tienda\",\"item\":\"https:\/\/creaibiza.com\/en\/tienda\/\"},{\"@type\":\"ListItem\",\"position\":3,\"name\":\"GIARCILLA\"}]},{\"@type\":\"WebSite\",\"@id\":\"https:\/\/creaibiza.com\/#website\",\"url\":\"https:\/\/creaibiza.com\/\",\"name\":\"Crea Ibiza\",\"description\":\"Cer\u00e1mica, sanitarios y revestimientos de dise\u00f1o en Ibiza\",\"publisher\":{\"@id\":\"https:\/\/creaibiza.com\/#organization\"},\"potentialAction\":[{\"@type\":\"SearchAction\",\"target\":{\"@type\":\"EntryPoint\",\"urlTemplate\":\"https:\/\/creaibiza.com\/?s={search_term_string}\"},\"query-input\":{\"@type\":\"PropertyValueSpecification\",\"valueRequired\":true,\"valueName\":\"search_term_string\"}}],\"inLanguage\":\"de\"},{\"@type\":\"Organization\",\"@id\":\"https:\/\/creaibiza.com\/#organization\",\"name\":\"Crea Ibiza\",\"url\":\"https:\/\/creaibiza.com\/\",\"logo\":{\"@type\":\"ImageObject\",\"inLanguage\":\"de\",\"@id\":\"https:\/\/creaibiza.com\/#\/schema\/logo\/image\/\",\"url\":\"https:\/\/creaibiza.com\/wp-content\/uploads\/2024\/02\/cropped-logocrea-web.png\",\"contentUrl\":\"https:\/\/creaibiza.com\/wp-content\/uploads\/2024\/02\/cropped-logocrea-web.png\",\"width\":591,\"height\":210,\"caption\":\"Crea Ibiza\"},\"image\":{\"@id\":\"https:\/\/creaibiza.com\/#\/schema\/logo\/image\/\"},\"sameAs\":[\"https:\/\/www.facebook.com\/creaibiza\",\"https:\/\/www.instagram.com\/creaibiza\"]}]}<\/script>\n<!-- \/ Yoast SEO plugin. -->","yoast_head_json":{"title":"GIARCILLA - Crea Ibiza","description":"Crea Ibiza - GIARCILLA -","robots":{"index":"index","follow":"follow","max-snippet":"max-snippet:-1","max-image-preview":"max-image-preview:large","max-video-preview":"max-video-preview:-1"},"canonical":"https:\/\/creaibiza.com\/de\/produkt\/giarcilla\/","og_locale":"de_DE","og_type":"article","og_title":"GIARCILLA - Crea Ibiza","og_description":"Crea Ibiza - GIARCILLA -","og_url":"https:\/\/creaibiza.com\/de\/produkt\/giarcilla\/","og_site_name":"Crea Ibiza","article_publisher":"https:\/\/www.facebook.com\/creaibiza","article_modified_time":"2024-01-11T01:13:47+00:00","og_image":[{"width":1001,"height":563,"url":"https:\/\/creaibiza.com\/wp-content\/uploads\/2023\/10\/NegozioARGILLA-e1697538737904.jpg","type":"image\/jpeg"}],"twitter_card":"summary_large_image","twitter_misc":{"Gesch\u00e4tzte Lesezeit":"1\u00a0Minute"},"schema":{"@context":"https:\/\/schema.org","@graph":[{"@type":"WebPage","@id":"https:\/\/creaibiza.com\/producto\/giarcilla\/","url":"https:\/\/creaibiza.com\/producto\/giarcilla\/","name":"GIARCILLA - Crea Ibiza","isPartOf":{"@id":"https:\/\/creaibiza.com\/#website"},"primaryImageOfPage":{"@id":"https:\/\/creaibiza.com\/producto\/giarcilla\/#primaryimage"},"image":{"@id":"https:\/\/creaibiza.com\/producto\/giarcilla\/#primaryimage"},"thumbnailUrl":"https:\/\/creaibiza.com\/wp-content\/uploads\/2023\/10\/NegozioARGILLA-e1697538737904.jpg","datePublished":"2023-10-17T10:19:26+00:00","dateModified":"2024-01-11T01:13:47+00:00","description":"Crea Ibiza - GIARCILLA -","breadcrumb":{"@id":"https:\/\/creaibiza.com\/producto\/giarcilla\/#breadcrumb"},"inLanguage":"de","potentialAction":[{"@type":"ReadAction","target":["https:\/\/creaibiza.com\/producto\/giarcilla\/"]}]},{"@type":"ImageObject","inLanguage":"de","@id":"https:\/\/creaibiza.com\/producto\/giarcilla\/#primaryimage","url":"https:\/\/creaibiza.com\/wp-content\/uploads\/2023\/10\/NegozioARGILLA-e1697538737904.jpg","contentUrl":"https:\/\/creaibiza.com\/wp-content\/uploads\/2023\/10\/NegozioARGILLA-e1697538737904.jpg","width":1001,"height":563},{"@type":"BreadcrumbList","@id":"https:\/\/creaibiza.com\/producto\/giarcilla\/#breadcrumb","itemListElement":[{"@type":"ListItem","position":1,"name":"Portada","item":"https:\/\/creaibiza.com\/"},{"@type":"ListItem","position":2,"name":"Tienda","item":"https:\/\/creaibiza.com\/en\/tienda\/"},{"@type":"ListItem","position":3,"name":"GIARCILLA"}]},{"@type":"WebSite","@id":"https:\/\/creaibiza.com\/#website","url":"https:\/\/creaibiza.com\/","name":"Ibiza erstellen","description":"Cer\u00e1mica, sanitarios y revestimientos de dise\u00f1o en Ibiza","publisher":{"@id":"https:\/\/creaibiza.com\/#organization"},"potentialAction":[{"@type":"SearchAction","target":{"@type":"EntryPoint","urlTemplate":"https:\/\/creaibiza.com\/?s={search_term_string}"},"query-input":{"@type":"PropertyValueSpecification","valueRequired":true,"valueName":"search_term_string"}}],"inLanguage":"de"},{"@type":"Organization","@id":"https:\/\/creaibiza.com\/#organization","name":"Ibiza erstellen","url":"https:\/\/creaibiza.com\/","logo":{"@type":"ImageObject","inLanguage":"de","@id":"https:\/\/creaibiza.com\/#\/schema\/logo\/image\/","url":"https:\/\/creaibiza.com\/wp-content\/uploads\/2024\/02\/cropped-logocrea-web.png","contentUrl":"https:\/\/creaibiza.com\/wp-content\/uploads\/2024\/02\/cropped-logocrea-web.png","width":591,"height":210,"caption":"Crea Ibiza"},"image":{"@id":"https:\/\/creaibiza.com\/#\/schema\/logo\/image\/"},"sameAs":["https:\/\/www.facebook.com\/creaibiza","https:\/\/www.instagram.com\/creaibiza"]}]}},"_links":{"self":[{"href":"https:\/\/creaibiza.com\/de\/wp-json\/wp\/v2\/product\/24959","targetHints":{"allow":["GET"]}}],"collection":[{"href":"https:\/\/creaibiza.com\/de\/wp-json\/wp\/v2\/product"}],"about":[{"href":"https:\/\/creaibiza.com\/de\/wp-json\/wp\/v2\/types\/product"}],"version-history":[{"count":3,"href":"https:\/\/creaibiza.com\/de\/wp-json\/wp\/v2\/product\/24959\/revisions"}],"predecessor-version":[{"id":25930,"href":"https:\/\/creaibiza.com\/de\/wp-json\/wp\/v2\/product\/24959\/revisions\/25930"}],"wp:featuredmedia":[{"embeddable":true,"href":"https:\/\/creaibiza.com\/de\/wp-json\/wp\/v2\/media\/25004"}],"wp:attachment":[{"href":"https:\/\/creaibiza.com\/de\/wp-json\/wp\/v2\/media?parent=24959"}],"wp:term":[{"taxonomy":"product_brand","embeddable":true,"href":"https:\/\/creaibiza.com\/de\/wp-json\/wp\/v2\/product_brand?post=24959"},{"taxonomy":"product_cat","embeddable":true,"href":"https:\/\/creaibiza.com\/de\/wp-json\/wp\/v2\/product_cat?post=24959"},{"taxonomy":"product_tag","embeddable":true,"href":"https:\/\/creaibiza.com\/de\/wp-json\/wp\/v2\/product_tag?post=24959"}],"curies":[{"name":"wp","href":"https:\/\/api.w.org\/{rel}","templated":true}]}}