{"id":23506,"date":"2022-09-30T10:19:06","date_gmt":"2022-09-30T10:19:06","guid":{"rendered":"http:\/\/creaibiza.com?post_type=product&#038;p=23506"},"modified":"2025-10-15T11:13:36","modified_gmt":"2025-10-15T10:13:36","slug":"tesserae","status":"publish","type":"product","link":"https:\/\/creaibiza.com\/de\/produkt\/tesserae\/","title":{"rendered":"TESSERAE"},"content":{"rendered":"<p style=\"text-align: left;\">Inspirada en el siglo XIX por las teselas de cemento hechas a mano. Piezas \u00fanicas de marcado car\u00e1cter, reclamo de la prominencia de los artesanos del mosaico, que compon\u00edan sus dise\u00f1os pieza a pieza.<br \/>\nInicialmente eran pavimentos que se convert\u00edan en piezas de arte, sol\u00edan mostrar de forma individual su propia marca, fecha y firma. Algunos de los mosaicos originales, como los de Nolla de Valencia, todav\u00eda sobreviven en muchos<br \/>\nhogares del Levante espa\u00f1ol. Superficies matificadas que evitan el reflejo de la luz, ensalzando a la vez los infinitos dise\u00f1os de mosaicos posibles.<br \/>\nSe utilizan como pavimentos interiores as\u00ed como exteriores, ba\u00f1os, cocinas, salpicaderos y patios.<\/p>","protected":false},"excerpt":{"rendered":"<p>En la fase de producci\u00f3n de cada una de las piezas, se conforma un rebaje destinado a la zona de rejuntado entre las teselas. Esta zona presenta peque\u00f1os<br \/>\nporos visibles que favorecen la perfecta fijaci\u00f3n del material de junta y quedar\u00e1n<br \/>\ntotalmente ocultos una vez hecha la correcta instalaci\u00f3n del producto de rejunte<br \/>\nquede fijado firmemente. Formato 28 x 28 cm.<\/p>","protected":false},"featured_media":23558,"template":"","meta":{"_acf_changed":false},"product_brand":[187],"product_cat":[1630,186,1253,116,113],"product_tag":[1352,1353],"class_list":{"0":"post-23506","1":"product","2":"type-product","3":"status-publish","4":"has-post-thumbnail","6":"product_brand-wow","7":"product_cat-decorados-pavimento","8":"product_cat-decorados","9":"product_cat-hidraulicos","10":"product_cat-pavimento","11":"product_cat-revestimiento","12":"product_tag-pavimento","13":"product_tag-revestimiento","15":"first","16":"instock","17":"taxable","18":"shipping-taxable","19":"purchasable","20":"product-type-variable"},"acf":[],"yoast_head":"<!-- This site is optimized with the Yoast SEO plugin v27.2 - https:\/\/yoast.com\/product\/yoast-seo-wordpress\/ -->\n<title>TESSERAE - Crea Ibiza<\/title>\n<meta name=\"description\" content=\"Crea Ibiza - TESSERAE -\" \/>\n<meta name=\"robots\" content=\"index, follow, max-snippet:-1, max-image-preview:large, max-video-preview:-1\" \/>\n<link rel=\"canonical\" href=\"https:\/\/creaibiza.com\/de\/produkt\/tesserae\/\" \/>\n<meta property=\"og:locale\" content=\"de_DE\" \/>\n<meta property=\"og:type\" content=\"article\" \/>\n<meta property=\"og:title\" content=\"TESSERAE - Crea Ibiza\" \/>\n<meta property=\"og:description\" content=\"Crea Ibiza - TESSERAE -\" \/>\n<meta property=\"og:url\" content=\"https:\/\/creaibiza.com\/de\/produkt\/tesserae\/\" \/>\n<meta property=\"og:site_name\" content=\"Crea Ibiza\" \/>\n<meta property=\"article:publisher\" content=\"https:\/\/www.facebook.com\/creaibiza\" \/>\n<meta property=\"article:modified_time\" content=\"2025-10-15T10:13:36+00:00\" \/>\n<meta property=\"og:image\" content=\"https:\/\/creaibiza.com\/wp-content\/uploads\/2022\/09\/03.jpg\" \/>\n\t<meta property=\"og:image:width\" content=\"1000\" \/>\n\t<meta property=\"og:image:height\" content=\"1000\" \/>\n\t<meta property=\"og:image:type\" content=\"image\/jpeg\" \/>\n<meta name=\"twitter:card\" content=\"summary_large_image\" \/>\n<meta name=\"twitter:label1\" content=\"Gesch\u00e4tzte Lesezeit\" \/>\n\t<meta name=\"twitter:data1\" content=\"1\u00a0Minute\" \/>\n<script type=\"application\/ld+json\" class=\"yoast-schema-graph\">{\"@context\":\"https:\/\/schema.org\",\"@graph\":[{\"@type\":\"WebPage\",\"@id\":\"https:\/\/creaibiza.com\/producto\/tesserae\/\",\"url\":\"https:\/\/creaibiza.com\/producto\/tesserae\/\",\"name\":\"TESSERAE - Crea Ibiza\",\"isPartOf\":{\"@id\":\"https:\/\/creaibiza.com\/#website\"},\"primaryImageOfPage\":{\"@id\":\"https:\/\/creaibiza.com\/producto\/tesserae\/#primaryimage\"},\"image\":{\"@id\":\"https:\/\/creaibiza.com\/producto\/tesserae\/#primaryimage\"},\"thumbnailUrl\":\"https:\/\/creaibiza.com\/wp-content\/uploads\/2022\/09\/03.jpg\",\"datePublished\":\"2022-09-30T10:19:06+00:00\",\"dateModified\":\"2025-10-15T10:13:36+00:00\",\"description\":\"Crea Ibiza - TESSERAE -\",\"breadcrumb\":{\"@id\":\"https:\/\/creaibiza.com\/producto\/tesserae\/#breadcrumb\"},\"inLanguage\":\"de\",\"potentialAction\":[{\"@type\":\"ReadAction\",\"target\":[\"https:\/\/creaibiza.com\/producto\/tesserae\/\"]}]},{\"@type\":\"ImageObject\",\"inLanguage\":\"de\",\"@id\":\"https:\/\/creaibiza.com\/producto\/tesserae\/#primaryimage\",\"url\":\"https:\/\/creaibiza.com\/wp-content\/uploads\/2022\/09\/03.jpg\",\"contentUrl\":\"https:\/\/creaibiza.com\/wp-content\/uploads\/2022\/09\/03.jpg\",\"width\":1000,\"height\":1000},{\"@type\":\"BreadcrumbList\",\"@id\":\"https:\/\/creaibiza.com\/producto\/tesserae\/#breadcrumb\",\"itemListElement\":[{\"@type\":\"ListItem\",\"position\":1,\"name\":\"Portada\",\"item\":\"https:\/\/creaibiza.com\/\"},{\"@type\":\"ListItem\",\"position\":2,\"name\":\"Tienda\",\"item\":\"https:\/\/creaibiza.com\/en\/tienda\/\"},{\"@type\":\"ListItem\",\"position\":3,\"name\":\"TESSERAE\"}]},{\"@type\":\"WebSite\",\"@id\":\"https:\/\/creaibiza.com\/#website\",\"url\":\"https:\/\/creaibiza.com\/\",\"name\":\"Crea Ibiza\",\"description\":\"Cer\u00e1mica, sanitarios y revestimientos de dise\u00f1o en Ibiza\",\"publisher\":{\"@id\":\"https:\/\/creaibiza.com\/#organization\"},\"potentialAction\":[{\"@type\":\"SearchAction\",\"target\":{\"@type\":\"EntryPoint\",\"urlTemplate\":\"https:\/\/creaibiza.com\/?s={search_term_string}\"},\"query-input\":{\"@type\":\"PropertyValueSpecification\",\"valueRequired\":true,\"valueName\":\"search_term_string\"}}],\"inLanguage\":\"de\"},{\"@type\":\"Organization\",\"@id\":\"https:\/\/creaibiza.com\/#organization\",\"name\":\"Crea Ibiza\",\"url\":\"https:\/\/creaibiza.com\/\",\"logo\":{\"@type\":\"ImageObject\",\"inLanguage\":\"de\",\"@id\":\"https:\/\/creaibiza.com\/#\/schema\/logo\/image\/\",\"url\":\"https:\/\/creaibiza.com\/wp-content\/uploads\/2024\/02\/cropped-logocrea-web.png\",\"contentUrl\":\"https:\/\/creaibiza.com\/wp-content\/uploads\/2024\/02\/cropped-logocrea-web.png\",\"width\":591,\"height\":210,\"caption\":\"Crea Ibiza\"},\"image\":{\"@id\":\"https:\/\/creaibiza.com\/#\/schema\/logo\/image\/\"},\"sameAs\":[\"https:\/\/www.facebook.com\/creaibiza\",\"https:\/\/www.instagram.com\/creaibiza\"]}]}<\/script>\n<!-- \/ Yoast SEO plugin. -->","yoast_head_json":{"title":"TESSERAE - Crea Ibiza","description":"Crea Ibiza - TESSERAE -","robots":{"index":"index","follow":"follow","max-snippet":"max-snippet:-1","max-image-preview":"max-image-preview:large","max-video-preview":"max-video-preview:-1"},"canonical":"https:\/\/creaibiza.com\/de\/produkt\/tesserae\/","og_locale":"de_DE","og_type":"article","og_title":"TESSERAE - Crea Ibiza","og_description":"Crea Ibiza - TESSERAE -","og_url":"https:\/\/creaibiza.com\/de\/produkt\/tesserae\/","og_site_name":"Crea Ibiza","article_publisher":"https:\/\/www.facebook.com\/creaibiza","article_modified_time":"2025-10-15T10:13:36+00:00","og_image":[{"width":1000,"height":1000,"url":"https:\/\/creaibiza.com\/wp-content\/uploads\/2022\/09\/03.jpg","type":"image\/jpeg"}],"twitter_card":"summary_large_image","twitter_misc":{"Gesch\u00e4tzte Lesezeit":"1\u00a0Minute"},"schema":{"@context":"https:\/\/schema.org","@graph":[{"@type":"WebPage","@id":"https:\/\/creaibiza.com\/producto\/tesserae\/","url":"https:\/\/creaibiza.com\/producto\/tesserae\/","name":"TESSERAE - Crea Ibiza","isPartOf":{"@id":"https:\/\/creaibiza.com\/#website"},"primaryImageOfPage":{"@id":"https:\/\/creaibiza.com\/producto\/tesserae\/#primaryimage"},"image":{"@id":"https:\/\/creaibiza.com\/producto\/tesserae\/#primaryimage"},"thumbnailUrl":"https:\/\/creaibiza.com\/wp-content\/uploads\/2022\/09\/03.jpg","datePublished":"2022-09-30T10:19:06+00:00","dateModified":"2025-10-15T10:13:36+00:00","description":"Crea Ibiza - TESSERAE -","breadcrumb":{"@id":"https:\/\/creaibiza.com\/producto\/tesserae\/#breadcrumb"},"inLanguage":"de","potentialAction":[{"@type":"ReadAction","target":["https:\/\/creaibiza.com\/producto\/tesserae\/"]}]},{"@type":"ImageObject","inLanguage":"de","@id":"https:\/\/creaibiza.com\/producto\/tesserae\/#primaryimage","url":"https:\/\/creaibiza.com\/wp-content\/uploads\/2022\/09\/03.jpg","contentUrl":"https:\/\/creaibiza.com\/wp-content\/uploads\/2022\/09\/03.jpg","width":1000,"height":1000},{"@type":"BreadcrumbList","@id":"https:\/\/creaibiza.com\/producto\/tesserae\/#breadcrumb","itemListElement":[{"@type":"ListItem","position":1,"name":"Portada","item":"https:\/\/creaibiza.com\/"},{"@type":"ListItem","position":2,"name":"Tienda","item":"https:\/\/creaibiza.com\/en\/tienda\/"},{"@type":"ListItem","position":3,"name":"TESSERAE"}]},{"@type":"WebSite","@id":"https:\/\/creaibiza.com\/#website","url":"https:\/\/creaibiza.com\/","name":"Ibiza erstellen","description":"Cer\u00e1mica, sanitarios y revestimientos de dise\u00f1o en Ibiza","publisher":{"@id":"https:\/\/creaibiza.com\/#organization"},"potentialAction":[{"@type":"SearchAction","target":{"@type":"EntryPoint","urlTemplate":"https:\/\/creaibiza.com\/?s={search_term_string}"},"query-input":{"@type":"PropertyValueSpecification","valueRequired":true,"valueName":"search_term_string"}}],"inLanguage":"de"},{"@type":"Organization","@id":"https:\/\/creaibiza.com\/#organization","name":"Ibiza erstellen","url":"https:\/\/creaibiza.com\/","logo":{"@type":"ImageObject","inLanguage":"de","@id":"https:\/\/creaibiza.com\/#\/schema\/logo\/image\/","url":"https:\/\/creaibiza.com\/wp-content\/uploads\/2024\/02\/cropped-logocrea-web.png","contentUrl":"https:\/\/creaibiza.com\/wp-content\/uploads\/2024\/02\/cropped-logocrea-web.png","width":591,"height":210,"caption":"Crea Ibiza"},"image":{"@id":"https:\/\/creaibiza.com\/#\/schema\/logo\/image\/"},"sameAs":["https:\/\/www.facebook.com\/creaibiza","https:\/\/www.instagram.com\/creaibiza"]}]}},"_links":{"self":[{"href":"https:\/\/creaibiza.com\/de\/wp-json\/wp\/v2\/product\/23506","targetHints":{"allow":["GET"]}}],"collection":[{"href":"https:\/\/creaibiza.com\/de\/wp-json\/wp\/v2\/product"}],"about":[{"href":"https:\/\/creaibiza.com\/de\/wp-json\/wp\/v2\/types\/product"}],"version-history":[{"count":1,"href":"https:\/\/creaibiza.com\/de\/wp-json\/wp\/v2\/product\/23506\/revisions"}],"predecessor-version":[{"id":23551,"href":"https:\/\/creaibiza.com\/de\/wp-json\/wp\/v2\/product\/23506\/revisions\/23551"}],"wp:featuredmedia":[{"embeddable":true,"href":"https:\/\/creaibiza.com\/de\/wp-json\/wp\/v2\/media\/23558"}],"wp:attachment":[{"href":"https:\/\/creaibiza.com\/de\/wp-json\/wp\/v2\/media?parent=23506"}],"wp:term":[{"taxonomy":"product_brand","embeddable":true,"href":"https:\/\/creaibiza.com\/de\/wp-json\/wp\/v2\/product_brand?post=23506"},{"taxonomy":"product_cat","embeddable":true,"href":"https:\/\/creaibiza.com\/de\/wp-json\/wp\/v2\/product_cat?post=23506"},{"taxonomy":"product_tag","embeddable":true,"href":"https:\/\/creaibiza.com\/de\/wp-json\/wp\/v2\/product_tag?post=23506"}],"curies":[{"name":"wp","href":"https:\/\/api.w.org\/{rel}","templated":true}]}}