{"id":21614,"date":"2021-11-20T11:43:32","date_gmt":"2021-11-20T11:43:32","guid":{"rendered":"http:\/\/creaibiza.com?post_type=product&#038;p=21614"},"modified":"2023-11-08T11:52:22","modified_gmt":"2023-11-08T11:52:22","slug":"blink","status":"publish","type":"product","link":"https:\/\/creaibiza.com\/de\/produkt\/blink\/","title":{"rendered":"BLINK"},"content":{"rendered":"<p>OLI es la primera compa\u00f1\u00eda de sistemas sanitarios en el mundo en adoptar\u00a0un c\u00f3digo \u00fanico, universal y transversal que permite a las personas dalt\u00f3nicas identificar correctamente los colores.<\/p>","protected":false},"excerpt":{"rendered":"<p><a class=\"productinfo-characteristics__toggle selected\" title=\"Caracter\u00edsticas\" href=\"https:\/\/www.oli-world.com\/es\/productos\/sistemas-sanitarios\/pulsadores\/blink\/bronze-\/#characteristics\">CARACTER\u00cdSTICAS<i class=\"icon-plus\"><\/i><\/a><\/p>\n<div class=\"productinfo-characteristics__content productinfo-characteristics__content--active\">\n<ul>\n<li>Doble descarga<\/li>\n<li>Accionamiento neum\u00e1tico<\/li>\n<li>Material: inox<\/li>\n<li>Fuerza de accionamiento<\/li>\n<li>Espesor de 2 mm<\/li>\n<li>2 a\u00f1os de garant\u00eda<\/li>\n<\/ul>\n<\/div>","protected":false},"featured_media":26007,"template":"","meta":{"_acf_changed":false},"product_brand":[587],"product_cat":[591,114],"product_tag":[1360],"class_list":{"0":"post-21614","1":"product","2":"type-product","3":"status-publish","4":"has-post-thumbnail","6":"product_brand-oli","7":"product_cat-pulsadores","8":"product_cat-sanitario","9":"product_tag-sanitarios","11":"first","12":"instock","13":"taxable","14":"shipping-taxable","15":"purchasable","16":"product-type-variable"},"acf":[],"yoast_head":"<!-- This site is optimized with the Yoast SEO plugin v27.2 - https:\/\/yoast.com\/product\/yoast-seo-wordpress\/ -->\n<title>BLINK - Crea Ibiza<\/title>\n<meta name=\"description\" content=\"Crea Ibiza - BLINK -\" \/>\n<meta name=\"robots\" content=\"index, follow, max-snippet:-1, max-image-preview:large, max-video-preview:-1\" \/>\n<link rel=\"canonical\" href=\"https:\/\/creaibiza.com\/de\/produkt\/blink\/\" \/>\n<meta property=\"og:locale\" content=\"de_DE\" \/>\n<meta property=\"og:type\" content=\"article\" \/>\n<meta property=\"og:title\" content=\"BLINK - Crea Ibiza\" \/>\n<meta property=\"og:description\" content=\"Crea Ibiza - BLINK -\" \/>\n<meta property=\"og:url\" content=\"https:\/\/creaibiza.com\/de\/produkt\/blink\/\" \/>\n<meta property=\"og:site_name\" content=\"Crea Ibiza\" \/>\n<meta property=\"article:publisher\" content=\"https:\/\/www.facebook.com\/creaibiza\" \/>\n<meta property=\"article:modified_time\" content=\"2023-11-08T11:52:22+00:00\" \/>\n<meta property=\"og:image\" content=\"https:\/\/creaibiza.com\/wp-content\/uploads\/2021\/11\/618X535_618X535_crop_210302111555810-e1699440886431.jpg\" \/>\n\t<meta property=\"og:image:width\" content=\"600\" \/>\n\t<meta property=\"og:image:height\" content=\"341\" \/>\n\t<meta property=\"og:image:type\" content=\"image\/jpeg\" \/>\n<meta name=\"twitter:card\" content=\"summary_large_image\" \/>\n<script type=\"application\/ld+json\" class=\"yoast-schema-graph\">{\"@context\":\"https:\/\/schema.org\",\"@graph\":[{\"@type\":\"WebPage\",\"@id\":\"https:\/\/creaibiza.com\/en\/product\/blink\/\",\"url\":\"https:\/\/creaibiza.com\/en\/product\/blink\/\",\"name\":\"BLINK - Crea Ibiza\",\"isPartOf\":{\"@id\":\"https:\/\/creaibiza.com\/#website\"},\"primaryImageOfPage\":{\"@id\":\"https:\/\/creaibiza.com\/en\/product\/blink\/#primaryimage\"},\"image\":{\"@id\":\"https:\/\/creaibiza.com\/en\/product\/blink\/#primaryimage\"},\"thumbnailUrl\":\"https:\/\/creaibiza.com\/wp-content\/uploads\/2021\/11\/618X535_618X535_crop_210302111555810-e1699440886431.jpg\",\"datePublished\":\"2021-11-20T11:43:32+00:00\",\"dateModified\":\"2023-11-08T11:52:22+00:00\",\"description\":\"Crea Ibiza - BLINK -\",\"breadcrumb\":{\"@id\":\"https:\/\/creaibiza.com\/en\/product\/blink\/#breadcrumb\"},\"inLanguage\":\"de\",\"potentialAction\":[{\"@type\":\"ReadAction\",\"target\":[\"https:\/\/creaibiza.com\/en\/product\/blink\/\"]}]},{\"@type\":\"ImageObject\",\"inLanguage\":\"de\",\"@id\":\"https:\/\/creaibiza.com\/en\/product\/blink\/#primaryimage\",\"url\":\"https:\/\/creaibiza.com\/wp-content\/uploads\/2021\/11\/618X535_618X535_crop_210302111555810-e1699440886431.jpg\",\"contentUrl\":\"https:\/\/creaibiza.com\/wp-content\/uploads\/2021\/11\/618X535_618X535_crop_210302111555810-e1699440886431.jpg\",\"width\":600,\"height\":341},{\"@type\":\"BreadcrumbList\",\"@id\":\"https:\/\/creaibiza.com\/en\/product\/blink\/#breadcrumb\",\"itemListElement\":[{\"@type\":\"ListItem\",\"position\":1,\"name\":\"Portada\",\"item\":\"https:\/\/creaibiza.com\/\"},{\"@type\":\"ListItem\",\"position\":2,\"name\":\"Tienda\",\"item\":\"https:\/\/creaibiza.com\/en\/tienda\/\"},{\"@type\":\"ListItem\",\"position\":3,\"name\":\"BLINK\"}]},{\"@type\":\"WebSite\",\"@id\":\"https:\/\/creaibiza.com\/#website\",\"url\":\"https:\/\/creaibiza.com\/\",\"name\":\"Crea Ibiza\",\"description\":\"Cer\u00e1mica, sanitarios y revestimientos de dise\u00f1o en Ibiza\",\"publisher\":{\"@id\":\"https:\/\/creaibiza.com\/#organization\"},\"potentialAction\":[{\"@type\":\"SearchAction\",\"target\":{\"@type\":\"EntryPoint\",\"urlTemplate\":\"https:\/\/creaibiza.com\/?s={search_term_string}\"},\"query-input\":{\"@type\":\"PropertyValueSpecification\",\"valueRequired\":true,\"valueName\":\"search_term_string\"}}],\"inLanguage\":\"de\"},{\"@type\":\"Organization\",\"@id\":\"https:\/\/creaibiza.com\/#organization\",\"name\":\"Crea Ibiza\",\"url\":\"https:\/\/creaibiza.com\/\",\"logo\":{\"@type\":\"ImageObject\",\"inLanguage\":\"de\",\"@id\":\"https:\/\/creaibiza.com\/#\/schema\/logo\/image\/\",\"url\":\"https:\/\/creaibiza.com\/wp-content\/uploads\/2024\/02\/cropped-logocrea-web.png\",\"contentUrl\":\"https:\/\/creaibiza.com\/wp-content\/uploads\/2024\/02\/cropped-logocrea-web.png\",\"width\":591,\"height\":210,\"caption\":\"Crea Ibiza\"},\"image\":{\"@id\":\"https:\/\/creaibiza.com\/#\/schema\/logo\/image\/\"},\"sameAs\":[\"https:\/\/www.facebook.com\/creaibiza\",\"https:\/\/www.instagram.com\/creaibiza\"]}]}<\/script>\n<!-- \/ Yoast SEO plugin. -->","yoast_head_json":{"title":"BLINK - Crea Ibiza","description":"Crea Ibiza - BLINK -","robots":{"index":"index","follow":"follow","max-snippet":"max-snippet:-1","max-image-preview":"max-image-preview:large","max-video-preview":"max-video-preview:-1"},"canonical":"https:\/\/creaibiza.com\/de\/produkt\/blink\/","og_locale":"de_DE","og_type":"article","og_title":"BLINK - Crea Ibiza","og_description":"Crea Ibiza - BLINK -","og_url":"https:\/\/creaibiza.com\/de\/produkt\/blink\/","og_site_name":"Crea Ibiza","article_publisher":"https:\/\/www.facebook.com\/creaibiza","article_modified_time":"2023-11-08T11:52:22+00:00","og_image":[{"width":600,"height":341,"url":"https:\/\/creaibiza.com\/wp-content\/uploads\/2021\/11\/618X535_618X535_crop_210302111555810-e1699440886431.jpg","type":"image\/jpeg"}],"twitter_card":"summary_large_image","schema":{"@context":"https:\/\/schema.org","@graph":[{"@type":"WebPage","@id":"https:\/\/creaibiza.com\/en\/product\/blink\/","url":"https:\/\/creaibiza.com\/en\/product\/blink\/","name":"BLINK - Crea Ibiza","isPartOf":{"@id":"https:\/\/creaibiza.com\/#website"},"primaryImageOfPage":{"@id":"https:\/\/creaibiza.com\/en\/product\/blink\/#primaryimage"},"image":{"@id":"https:\/\/creaibiza.com\/en\/product\/blink\/#primaryimage"},"thumbnailUrl":"https:\/\/creaibiza.com\/wp-content\/uploads\/2021\/11\/618X535_618X535_crop_210302111555810-e1699440886431.jpg","datePublished":"2021-11-20T11:43:32+00:00","dateModified":"2023-11-08T11:52:22+00:00","description":"Crea Ibiza - BLINK -","breadcrumb":{"@id":"https:\/\/creaibiza.com\/en\/product\/blink\/#breadcrumb"},"inLanguage":"de","potentialAction":[{"@type":"ReadAction","target":["https:\/\/creaibiza.com\/en\/product\/blink\/"]}]},{"@type":"ImageObject","inLanguage":"de","@id":"https:\/\/creaibiza.com\/en\/product\/blink\/#primaryimage","url":"https:\/\/creaibiza.com\/wp-content\/uploads\/2021\/11\/618X535_618X535_crop_210302111555810-e1699440886431.jpg","contentUrl":"https:\/\/creaibiza.com\/wp-content\/uploads\/2021\/11\/618X535_618X535_crop_210302111555810-e1699440886431.jpg","width":600,"height":341},{"@type":"BreadcrumbList","@id":"https:\/\/creaibiza.com\/en\/product\/blink\/#breadcrumb","itemListElement":[{"@type":"ListItem","position":1,"name":"Portada","item":"https:\/\/creaibiza.com\/"},{"@type":"ListItem","position":2,"name":"Tienda","item":"https:\/\/creaibiza.com\/en\/tienda\/"},{"@type":"ListItem","position":3,"name":"BLINK"}]},{"@type":"WebSite","@id":"https:\/\/creaibiza.com\/#website","url":"https:\/\/creaibiza.com\/","name":"Ibiza erstellen","description":"Cer\u00e1mica, sanitarios y revestimientos de dise\u00f1o en Ibiza","publisher":{"@id":"https:\/\/creaibiza.com\/#organization"},"potentialAction":[{"@type":"SearchAction","target":{"@type":"EntryPoint","urlTemplate":"https:\/\/creaibiza.com\/?s={search_term_string}"},"query-input":{"@type":"PropertyValueSpecification","valueRequired":true,"valueName":"search_term_string"}}],"inLanguage":"de"},{"@type":"Organization","@id":"https:\/\/creaibiza.com\/#organization","name":"Ibiza erstellen","url":"https:\/\/creaibiza.com\/","logo":{"@type":"ImageObject","inLanguage":"de","@id":"https:\/\/creaibiza.com\/#\/schema\/logo\/image\/","url":"https:\/\/creaibiza.com\/wp-content\/uploads\/2024\/02\/cropped-logocrea-web.png","contentUrl":"https:\/\/creaibiza.com\/wp-content\/uploads\/2024\/02\/cropped-logocrea-web.png","width":591,"height":210,"caption":"Crea Ibiza"},"image":{"@id":"https:\/\/creaibiza.com\/#\/schema\/logo\/image\/"},"sameAs":["https:\/\/www.facebook.com\/creaibiza","https:\/\/www.instagram.com\/creaibiza"]}]}},"_links":{"self":[{"href":"https:\/\/creaibiza.com\/de\/wp-json\/wp\/v2\/product\/21614","targetHints":{"allow":["GET"]}}],"collection":[{"href":"https:\/\/creaibiza.com\/de\/wp-json\/wp\/v2\/product"}],"about":[{"href":"https:\/\/creaibiza.com\/de\/wp-json\/wp\/v2\/types\/product"}],"version-history":[{"count":3,"href":"https:\/\/creaibiza.com\/de\/wp-json\/wp\/v2\/product\/21614\/revisions"}],"predecessor-version":[{"id":23245,"href":"https:\/\/creaibiza.com\/de\/wp-json\/wp\/v2\/product\/21614\/revisions\/23245"}],"wp:featuredmedia":[{"embeddable":true,"href":"https:\/\/creaibiza.com\/de\/wp-json\/wp\/v2\/media\/26007"}],"wp:attachment":[{"href":"https:\/\/creaibiza.com\/de\/wp-json\/wp\/v2\/media?parent=21614"}],"wp:term":[{"taxonomy":"product_brand","embeddable":true,"href":"https:\/\/creaibiza.com\/de\/wp-json\/wp\/v2\/product_brand?post=21614"},{"taxonomy":"product_cat","embeddable":true,"href":"https:\/\/creaibiza.com\/de\/wp-json\/wp\/v2\/product_cat?post=21614"},{"taxonomy":"product_tag","embeddable":true,"href":"https:\/\/creaibiza.com\/de\/wp-json\/wp\/v2\/product_tag?post=21614"}],"curies":[{"name":"wp","href":"https:\/\/api.w.org\/{rel}","templated":true}]}}