{"id":21528,"date":"2021-11-19T17:34:05","date_gmt":"2021-11-19T17:34:05","guid":{"rendered":"http:\/\/creaibiza.com?post_type=product&#038;p=21528"},"modified":"2024-05-24T11:08:11","modified_gmt":"2024-05-24T10:08:11","slug":"green-river","status":"publish","type":"product","link":"https:\/\/creaibiza.com\/de\/produkt\/green-river\/","title":{"rendered":"OCEAN GREEN RIVER"},"content":{"rendered":"<p>OCEAN es una colecci\u00f3n de\u00a0<strong>gres porcel\u00e1nico<\/strong>\u00a0vers\u00e1til como pocas. Sus formatos peque\u00f1o (15\u00d715 cm.) y mediano (30\u00d730 y 30\u00d760 en Green River y Blue Bali)) , su\u00a0<strong>acabado brillante o mate<\/strong>\u00a0y sus cuatro llamativos colores.<\/p>\n<p>Un sorprendente dise\u00f1o que no deja indiferente, m\u00e1s a\u00fan sumergido en agua como parte del\u00a0<strong>revestimiento de una piscina.<\/strong>\u00a0Tonalidades\u00a0<strong>turquesas, esmeraldas o propias del azul cobalto, brillos y transparencias propias de turmalinas<\/strong>, unidas a una iridiscencia nacarada al reflejo de la luz, hacen a esta serie \u00fanica.<\/p>\n<p>Las posibilidades de dise\u00f1o tanto en\u00a0<strong>ambientes exteriores como en interiores<\/strong>\u00a0son pr\u00e1cticamente infinitas, desde\u00a0<strong>piscinas, spas, hasta ba\u00f1os o incluso en cocinas<\/strong>, m\u00e1s all\u00e1 de los usos comunes, es muy apreciada para crear efectos muy singulares, tanto en grandes proyectos como en peque\u00f1as ejecuciones.<\/p>","protected":false},"excerpt":{"rendered":"<p>Der Preis ist pro Box<\/p>","protected":false},"featured_media":26026,"template":"","meta":{"_acf_changed":false},"product_brand":[1258],"product_cat":[1312,113],"product_tag":[1359],"class_list":{"0":"post-21528","1":"product","2":"type-product","3":"status-publish","4":"has-post-thumbnail","6":"product_brand-gres-aragon","7":"product_cat-piscinas","8":"product_cat-revestimiento","9":"product_tag-piscina","11":"first","12":"instock","13":"taxable","14":"shipping-taxable","15":"purchasable","16":"product-type-variable"},"acf":[],"yoast_head":"<!-- This site is optimized with the Yoast SEO plugin v27.2 - https:\/\/yoast.com\/product\/yoast-seo-wordpress\/ -->\n<title>OCEAN GREEN RIVER - Crea Ibiza<\/title>\n<meta name=\"description\" content=\"Crea Ibiza - OCEAN GREEN RIVER -\" \/>\n<meta name=\"robots\" content=\"index, follow, max-snippet:-1, max-image-preview:large, max-video-preview:-1\" \/>\n<link rel=\"canonical\" href=\"https:\/\/creaibiza.com\/de\/produkt\/green-river\/\" \/>\n<meta property=\"og:locale\" content=\"de_DE\" \/>\n<meta property=\"og:type\" content=\"article\" \/>\n<meta property=\"og:title\" content=\"OCEAN GREEN RIVER - Crea Ibiza\" \/>\n<meta property=\"og:description\" content=\"Crea Ibiza - OCEAN GREEN RIVER -\" \/>\n<meta property=\"og:url\" content=\"https:\/\/creaibiza.com\/de\/produkt\/green-river\/\" \/>\n<meta property=\"og:site_name\" content=\"Crea Ibiza\" \/>\n<meta property=\"article:publisher\" content=\"https:\/\/www.facebook.com\/creaibiza\" \/>\n<meta property=\"article:modified_time\" content=\"2024-05-24T10:08:11+00:00\" \/>\n<meta property=\"og:image\" content=\"https:\/\/creaibiza.com\/wp-content\/uploads\/2021\/11\/IMG-20200117-WA0002.jpg\" \/>\n\t<meta property=\"og:image:width\" content=\"1024\" \/>\n\t<meta property=\"og:image:height\" content=\"768\" \/>\n\t<meta property=\"og:image:type\" content=\"image\/jpeg\" \/>\n<meta name=\"twitter:card\" content=\"summary_large_image\" \/>\n<meta name=\"twitter:label1\" content=\"Gesch\u00e4tzte Lesezeit\" \/>\n\t<meta name=\"twitter:data1\" content=\"1\u00a0Minute\" \/>\n<script type=\"application\/ld+json\" class=\"yoast-schema-graph\">{\"@context\":\"https:\/\/schema.org\",\"@graph\":[{\"@type\":\"WebPage\",\"@id\":\"https:\/\/creaibiza.com\/producto\/green-river\/\",\"url\":\"https:\/\/creaibiza.com\/producto\/green-river\/\",\"name\":\"OCEAN GREEN RIVER - Crea Ibiza\",\"isPartOf\":{\"@id\":\"https:\/\/creaibiza.com\/#website\"},\"primaryImageOfPage\":{\"@id\":\"https:\/\/creaibiza.com\/producto\/green-river\/#primaryimage\"},\"image\":{\"@id\":\"https:\/\/creaibiza.com\/producto\/green-river\/#primaryimage\"},\"thumbnailUrl\":\"https:\/\/creaibiza.com\/wp-content\/uploads\/2021\/11\/IMG-20200117-WA0002.jpg\",\"datePublished\":\"2021-11-19T17:34:05+00:00\",\"dateModified\":\"2024-05-24T10:08:11+00:00\",\"description\":\"Crea Ibiza - OCEAN GREEN RIVER -\",\"breadcrumb\":{\"@id\":\"https:\/\/creaibiza.com\/producto\/green-river\/#breadcrumb\"},\"inLanguage\":\"de\",\"potentialAction\":[{\"@type\":\"ReadAction\",\"target\":[\"https:\/\/creaibiza.com\/producto\/green-river\/\"]}]},{\"@type\":\"ImageObject\",\"inLanguage\":\"de\",\"@id\":\"https:\/\/creaibiza.com\/producto\/green-river\/#primaryimage\",\"url\":\"https:\/\/creaibiza.com\/wp-content\/uploads\/2021\/11\/IMG-20200117-WA0002.jpg\",\"contentUrl\":\"https:\/\/creaibiza.com\/wp-content\/uploads\/2021\/11\/IMG-20200117-WA0002.jpg\",\"width\":1024,\"height\":768},{\"@type\":\"BreadcrumbList\",\"@id\":\"https:\/\/creaibiza.com\/producto\/green-river\/#breadcrumb\",\"itemListElement\":[{\"@type\":\"ListItem\",\"position\":1,\"name\":\"Portada\",\"item\":\"https:\/\/creaibiza.com\/\"},{\"@type\":\"ListItem\",\"position\":2,\"name\":\"Tienda\",\"item\":\"https:\/\/creaibiza.com\/en\/tienda\/\"},{\"@type\":\"ListItem\",\"position\":3,\"name\":\"OCEAN GREEN RIVER\"}]},{\"@type\":\"WebSite\",\"@id\":\"https:\/\/creaibiza.com\/#website\",\"url\":\"https:\/\/creaibiza.com\/\",\"name\":\"Crea Ibiza\",\"description\":\"Cer\u00e1mica, sanitarios y revestimientos de dise\u00f1o en Ibiza\",\"publisher\":{\"@id\":\"https:\/\/creaibiza.com\/#organization\"},\"potentialAction\":[{\"@type\":\"SearchAction\",\"target\":{\"@type\":\"EntryPoint\",\"urlTemplate\":\"https:\/\/creaibiza.com\/?s={search_term_string}\"},\"query-input\":{\"@type\":\"PropertyValueSpecification\",\"valueRequired\":true,\"valueName\":\"search_term_string\"}}],\"inLanguage\":\"de\"},{\"@type\":\"Organization\",\"@id\":\"https:\/\/creaibiza.com\/#organization\",\"name\":\"Crea Ibiza\",\"url\":\"https:\/\/creaibiza.com\/\",\"logo\":{\"@type\":\"ImageObject\",\"inLanguage\":\"de\",\"@id\":\"https:\/\/creaibiza.com\/#\/schema\/logo\/image\/\",\"url\":\"https:\/\/creaibiza.com\/wp-content\/uploads\/2024\/02\/cropped-logocrea-web.png\",\"contentUrl\":\"https:\/\/creaibiza.com\/wp-content\/uploads\/2024\/02\/cropped-logocrea-web.png\",\"width\":591,\"height\":210,\"caption\":\"Crea Ibiza\"},\"image\":{\"@id\":\"https:\/\/creaibiza.com\/#\/schema\/logo\/image\/\"},\"sameAs\":[\"https:\/\/www.facebook.com\/creaibiza\",\"https:\/\/www.instagram.com\/creaibiza\"]}]}<\/script>\n<!-- \/ Yoast SEO plugin. -->","yoast_head_json":{"title":"OCEAN GREEN RIVER - Crea Ibiza","description":"Crea Ibiza - OCEAN GREEN RIVER -","robots":{"index":"index","follow":"follow","max-snippet":"max-snippet:-1","max-image-preview":"max-image-preview:large","max-video-preview":"max-video-preview:-1"},"canonical":"https:\/\/creaibiza.com\/de\/produkt\/green-river\/","og_locale":"de_DE","og_type":"article","og_title":"OCEAN GREEN RIVER - Crea Ibiza","og_description":"Crea Ibiza - OCEAN GREEN RIVER -","og_url":"https:\/\/creaibiza.com\/de\/produkt\/green-river\/","og_site_name":"Crea Ibiza","article_publisher":"https:\/\/www.facebook.com\/creaibiza","article_modified_time":"2024-05-24T10:08:11+00:00","og_image":[{"width":1024,"height":768,"url":"https:\/\/creaibiza.com\/wp-content\/uploads\/2021\/11\/IMG-20200117-WA0002.jpg","type":"image\/jpeg"}],"twitter_card":"summary_large_image","twitter_misc":{"Gesch\u00e4tzte Lesezeit":"1\u00a0Minute"},"schema":{"@context":"https:\/\/schema.org","@graph":[{"@type":"WebPage","@id":"https:\/\/creaibiza.com\/producto\/green-river\/","url":"https:\/\/creaibiza.com\/producto\/green-river\/","name":"OCEAN GREEN RIVER - Crea Ibiza","isPartOf":{"@id":"https:\/\/creaibiza.com\/#website"},"primaryImageOfPage":{"@id":"https:\/\/creaibiza.com\/producto\/green-river\/#primaryimage"},"image":{"@id":"https:\/\/creaibiza.com\/producto\/green-river\/#primaryimage"},"thumbnailUrl":"https:\/\/creaibiza.com\/wp-content\/uploads\/2021\/11\/IMG-20200117-WA0002.jpg","datePublished":"2021-11-19T17:34:05+00:00","dateModified":"2024-05-24T10:08:11+00:00","description":"Crea Ibiza - OCEAN GREEN RIVER -","breadcrumb":{"@id":"https:\/\/creaibiza.com\/producto\/green-river\/#breadcrumb"},"inLanguage":"de","potentialAction":[{"@type":"ReadAction","target":["https:\/\/creaibiza.com\/producto\/green-river\/"]}]},{"@type":"ImageObject","inLanguage":"de","@id":"https:\/\/creaibiza.com\/producto\/green-river\/#primaryimage","url":"https:\/\/creaibiza.com\/wp-content\/uploads\/2021\/11\/IMG-20200117-WA0002.jpg","contentUrl":"https:\/\/creaibiza.com\/wp-content\/uploads\/2021\/11\/IMG-20200117-WA0002.jpg","width":1024,"height":768},{"@type":"BreadcrumbList","@id":"https:\/\/creaibiza.com\/producto\/green-river\/#breadcrumb","itemListElement":[{"@type":"ListItem","position":1,"name":"Portada","item":"https:\/\/creaibiza.com\/"},{"@type":"ListItem","position":2,"name":"Tienda","item":"https:\/\/creaibiza.com\/en\/tienda\/"},{"@type":"ListItem","position":3,"name":"OCEAN GREEN RIVER"}]},{"@type":"WebSite","@id":"https:\/\/creaibiza.com\/#website","url":"https:\/\/creaibiza.com\/","name":"Ibiza erstellen","description":"Cer\u00e1mica, sanitarios y revestimientos de dise\u00f1o en Ibiza","publisher":{"@id":"https:\/\/creaibiza.com\/#organization"},"potentialAction":[{"@type":"SearchAction","target":{"@type":"EntryPoint","urlTemplate":"https:\/\/creaibiza.com\/?s={search_term_string}"},"query-input":{"@type":"PropertyValueSpecification","valueRequired":true,"valueName":"search_term_string"}}],"inLanguage":"de"},{"@type":"Organization","@id":"https:\/\/creaibiza.com\/#organization","name":"Ibiza erstellen","url":"https:\/\/creaibiza.com\/","logo":{"@type":"ImageObject","inLanguage":"de","@id":"https:\/\/creaibiza.com\/#\/schema\/logo\/image\/","url":"https:\/\/creaibiza.com\/wp-content\/uploads\/2024\/02\/cropped-logocrea-web.png","contentUrl":"https:\/\/creaibiza.com\/wp-content\/uploads\/2024\/02\/cropped-logocrea-web.png","width":591,"height":210,"caption":"Crea Ibiza"},"image":{"@id":"https:\/\/creaibiza.com\/#\/schema\/logo\/image\/"},"sameAs":["https:\/\/www.facebook.com\/creaibiza","https:\/\/www.instagram.com\/creaibiza"]}]}},"_links":{"self":[{"href":"https:\/\/creaibiza.com\/de\/wp-json\/wp\/v2\/product\/21528","targetHints":{"allow":["GET"]}}],"collection":[{"href":"https:\/\/creaibiza.com\/de\/wp-json\/wp\/v2\/product"}],"about":[{"href":"https:\/\/creaibiza.com\/de\/wp-json\/wp\/v2\/types\/product"}],"version-history":[{"count":6,"href":"https:\/\/creaibiza.com\/de\/wp-json\/wp\/v2\/product\/21528\/revisions"}],"predecessor-version":[{"id":26029,"href":"https:\/\/creaibiza.com\/de\/wp-json\/wp\/v2\/product\/21528\/revisions\/26029"}],"wp:featuredmedia":[{"embeddable":true,"href":"https:\/\/creaibiza.com\/de\/wp-json\/wp\/v2\/media\/26026"}],"wp:attachment":[{"href":"https:\/\/creaibiza.com\/de\/wp-json\/wp\/v2\/media?parent=21528"}],"wp:term":[{"taxonomy":"product_brand","embeddable":true,"href":"https:\/\/creaibiza.com\/de\/wp-json\/wp\/v2\/product_brand?post=21528"},{"taxonomy":"product_cat","embeddable":true,"href":"https:\/\/creaibiza.com\/de\/wp-json\/wp\/v2\/product_cat?post=21528"},{"taxonomy":"product_tag","embeddable":true,"href":"https:\/\/creaibiza.com\/de\/wp-json\/wp\/v2\/product_tag?post=21528"}],"curies":[{"name":"wp","href":"https:\/\/api.w.org\/{rel}","templated":true}]}}