{"id":20935,"date":"2021-11-15T12:40:52","date_gmt":"2021-11-15T12:40:52","guid":{"rendered":"http:\/\/creaibiza.com?post_type=product&#038;p=20935"},"modified":"2022-11-08T10:03:33","modified_gmt":"2022-11-08T10:03:33","slug":"asiento-pared","status":"publish","type":"product","link":"https:\/\/creaibiza.com\/de\/produkt\/asiento-pared\/","title":{"rendered":"BARRA PARED"},"content":{"rendered":"<p>Un asiento de ducha abatible c\u00f3modo y seguro: la estructura es de acero inoxidable y esto permite que el asiento soporte pesos de hasta 150 kg.<\/p>\n<p>El asiento, por otro lado, es de aluminio pintado y tiene un grosor de 3 mm: esto hace que el dise\u00f1o del asiento de ducha abatible sea f\u00e1cil de usar y abatible.<\/p>\n<p>El asiento se pliega hacia la pared y ocupa poco espacio. El asiento es ancho y ergon\u00f3mico y mide 40 cm.<\/p>\n<p>De esta forma el asiento es realmente c\u00f3modo y te permite quedarte y abrigarte incluso en la ducha.<\/p>\n<p>Ideal para instalar en casa o incluso en hoteles.<\/p>\n<p>Caracter\u00edsticas t\u00e9cnicas: Asiento de ducha abatible aislado el\u00e9ctricamente, con gran asiento de aluminio de 3 mm de espesor, estructura de acero inoxidable, aislamiento de pared de PVC. Lacado en polvo, blanco mate RAL 9016 o negro mate RAL 9011.<\/p>\n<p>Fijaci\u00f3n a pared con 5 tacos, incluida en el paquete. Elija anclajes adecuados seg\u00fan el tipo de mamposter\u00eda. Di\u00e1metro m\u00e1ximo para tornillos de fijaci\u00f3n \u00d8 8 mm<\/p>\n<p>Colores disponibles: blanco mate y negro mate.<\/p>","protected":false},"excerpt":{"rendered":"<p>Un asiento de ducha abatible c\u00f3modo y seguro: la estructura es de acero inoxidable y esto permite que el asiento soporte pesos de hasta 150 kg. El asiento, por otro lado, es de aluminio pintado y tiene un grosor de 3 mm: esto hace que el dise\u00f1o del asiento de ducha abatible sea f\u00e1cil de &hellip; <\/p>\n<p class=\"link-more\"><a href=\"https:\/\/creaibiza.com\/de\/produkt\/asiento-pared\/\" class=\"more-link\">Read More <span class=\"screen-reader-text\"> \u00abBARRA PARED\u00bb<\/span><\/a><\/p>","protected":false},"featured_media":20940,"template":"","meta":{"_acf_changed":false},"product_brand":[1318],"product_cat":[1215],"product_tag":[1366],"class_list":{"0":"post-20935","1":"product","2":"type-product","3":"status-publish","4":"has-post-thumbnail","6":"product_brand-ever-life-design","7":"product_cat-accesorios","8":"product_tag-accesorios","10":"first","11":"instock","12":"taxable","13":"shipping-taxable","14":"purchasable","15":"product-type-variable"},"acf":[],"yoast_head":"<!-- This site is optimized with the Yoast SEO plugin v27.2 - https:\/\/yoast.com\/product\/yoast-seo-wordpress\/ -->\n<title>BARRA PARED - Crea Ibiza<\/title>\n<meta name=\"description\" content=\"Crea Ibiza - BARRA PARED -\" \/>\n<meta name=\"robots\" content=\"index, follow, max-snippet:-1, max-image-preview:large, max-video-preview:-1\" \/>\n<link rel=\"canonical\" href=\"https:\/\/creaibiza.com\/de\/produkt\/asiento-pared\/\" \/>\n<meta property=\"og:locale\" content=\"de_DE\" \/>\n<meta property=\"og:type\" content=\"article\" \/>\n<meta property=\"og:title\" content=\"BARRA PARED - Crea Ibiza\" \/>\n<meta property=\"og:description\" content=\"Crea Ibiza - BARRA PARED -\" \/>\n<meta property=\"og:url\" content=\"https:\/\/creaibiza.com\/de\/produkt\/asiento-pared\/\" \/>\n<meta property=\"og:site_name\" content=\"Crea Ibiza\" \/>\n<meta property=\"article:publisher\" content=\"https:\/\/www.facebook.com\/creaibiza\" \/>\n<meta property=\"article:modified_time\" content=\"2022-11-08T10:03:33+00:00\" \/>\n<meta property=\"og:image\" content=\"https:\/\/creaibiza.com\/wp-content\/uploads\/2021\/11\/sedile-doccia-ribaltabile-elegance-1.jpg\" \/>\n\t<meta property=\"og:image:width\" content=\"1000\" \/>\n\t<meta property=\"og:image:height\" content=\"1000\" \/>\n\t<meta property=\"og:image:type\" content=\"image\/jpeg\" \/>\n<meta name=\"twitter:card\" content=\"summary_large_image\" \/>\n<meta name=\"twitter:label1\" content=\"Gesch\u00e4tzte Lesezeit\" \/>\n\t<meta name=\"twitter:data1\" content=\"1\u00a0Minute\" \/>\n<script type=\"application\/ld+json\" class=\"yoast-schema-graph\">{\"@context\":\"https:\/\/schema.org\",\"@graph\":[{\"@type\":\"WebPage\",\"@id\":\"https:\/\/creaibiza.com\/producto\/asiento-pared\/\",\"url\":\"https:\/\/creaibiza.com\/producto\/asiento-pared\/\",\"name\":\"BARRA PARED - Crea Ibiza\",\"isPartOf\":{\"@id\":\"https:\/\/creaibiza.com\/#website\"},\"primaryImageOfPage\":{\"@id\":\"https:\/\/creaibiza.com\/producto\/asiento-pared\/#primaryimage\"},\"image\":{\"@id\":\"https:\/\/creaibiza.com\/producto\/asiento-pared\/#primaryimage\"},\"thumbnailUrl\":\"https:\/\/creaibiza.com\/wp-content\/uploads\/2021\/11\/sedile-doccia-ribaltabile-elegance-1.jpg\",\"datePublished\":\"2021-11-15T12:40:52+00:00\",\"dateModified\":\"2022-11-08T10:03:33+00:00\",\"description\":\"Crea Ibiza - BARRA PARED -\",\"breadcrumb\":{\"@id\":\"https:\/\/creaibiza.com\/producto\/asiento-pared\/#breadcrumb\"},\"inLanguage\":\"de\",\"potentialAction\":[{\"@type\":\"ReadAction\",\"target\":[\"https:\/\/creaibiza.com\/producto\/asiento-pared\/\"]}]},{\"@type\":\"ImageObject\",\"inLanguage\":\"de\",\"@id\":\"https:\/\/creaibiza.com\/producto\/asiento-pared\/#primaryimage\",\"url\":\"https:\/\/creaibiza.com\/wp-content\/uploads\/2021\/11\/sedile-doccia-ribaltabile-elegance-1.jpg\",\"contentUrl\":\"https:\/\/creaibiza.com\/wp-content\/uploads\/2021\/11\/sedile-doccia-ribaltabile-elegance-1.jpg\",\"width\":1000,\"height\":1000},{\"@type\":\"BreadcrumbList\",\"@id\":\"https:\/\/creaibiza.com\/producto\/asiento-pared\/#breadcrumb\",\"itemListElement\":[{\"@type\":\"ListItem\",\"position\":1,\"name\":\"Portada\",\"item\":\"https:\/\/creaibiza.com\/\"},{\"@type\":\"ListItem\",\"position\":2,\"name\":\"Tienda\",\"item\":\"https:\/\/creaibiza.com\/en\/tienda\/\"},{\"@type\":\"ListItem\",\"position\":3,\"name\":\"BARRA PARED\"}]},{\"@type\":\"WebSite\",\"@id\":\"https:\/\/creaibiza.com\/#website\",\"url\":\"https:\/\/creaibiza.com\/\",\"name\":\"Crea Ibiza\",\"description\":\"Cer\u00e1mica, sanitarios y revestimientos de dise\u00f1o en Ibiza\",\"publisher\":{\"@id\":\"https:\/\/creaibiza.com\/#organization\"},\"potentialAction\":[{\"@type\":\"SearchAction\",\"target\":{\"@type\":\"EntryPoint\",\"urlTemplate\":\"https:\/\/creaibiza.com\/?s={search_term_string}\"},\"query-input\":{\"@type\":\"PropertyValueSpecification\",\"valueRequired\":true,\"valueName\":\"search_term_string\"}}],\"inLanguage\":\"de\"},{\"@type\":\"Organization\",\"@id\":\"https:\/\/creaibiza.com\/#organization\",\"name\":\"Crea Ibiza\",\"url\":\"https:\/\/creaibiza.com\/\",\"logo\":{\"@type\":\"ImageObject\",\"inLanguage\":\"de\",\"@id\":\"https:\/\/creaibiza.com\/#\/schema\/logo\/image\/\",\"url\":\"https:\/\/creaibiza.com\/wp-content\/uploads\/2024\/02\/cropped-logocrea-web.png\",\"contentUrl\":\"https:\/\/creaibiza.com\/wp-content\/uploads\/2024\/02\/cropped-logocrea-web.png\",\"width\":591,\"height\":210,\"caption\":\"Crea Ibiza\"},\"image\":{\"@id\":\"https:\/\/creaibiza.com\/#\/schema\/logo\/image\/\"},\"sameAs\":[\"https:\/\/www.facebook.com\/creaibiza\",\"https:\/\/www.instagram.com\/creaibiza\"]}]}<\/script>\n<!-- \/ Yoast SEO plugin. -->","yoast_head_json":{"title":"BARRA PARED - Crea Ibiza","description":"Crea Ibiza - BARRA PARED -","robots":{"index":"index","follow":"follow","max-snippet":"max-snippet:-1","max-image-preview":"max-image-preview:large","max-video-preview":"max-video-preview:-1"},"canonical":"https:\/\/creaibiza.com\/de\/produkt\/asiento-pared\/","og_locale":"de_DE","og_type":"article","og_title":"BARRA PARED - Crea Ibiza","og_description":"Crea Ibiza - BARRA PARED -","og_url":"https:\/\/creaibiza.com\/de\/produkt\/asiento-pared\/","og_site_name":"Crea Ibiza","article_publisher":"https:\/\/www.facebook.com\/creaibiza","article_modified_time":"2022-11-08T10:03:33+00:00","og_image":[{"width":1000,"height":1000,"url":"https:\/\/creaibiza.com\/wp-content\/uploads\/2021\/11\/sedile-doccia-ribaltabile-elegance-1.jpg","type":"image\/jpeg"}],"twitter_card":"summary_large_image","twitter_misc":{"Gesch\u00e4tzte Lesezeit":"1\u00a0Minute"},"schema":{"@context":"https:\/\/schema.org","@graph":[{"@type":"WebPage","@id":"https:\/\/creaibiza.com\/producto\/asiento-pared\/","url":"https:\/\/creaibiza.com\/producto\/asiento-pared\/","name":"BARRA PARED - Crea Ibiza","isPartOf":{"@id":"https:\/\/creaibiza.com\/#website"},"primaryImageOfPage":{"@id":"https:\/\/creaibiza.com\/producto\/asiento-pared\/#primaryimage"},"image":{"@id":"https:\/\/creaibiza.com\/producto\/asiento-pared\/#primaryimage"},"thumbnailUrl":"https:\/\/creaibiza.com\/wp-content\/uploads\/2021\/11\/sedile-doccia-ribaltabile-elegance-1.jpg","datePublished":"2021-11-15T12:40:52+00:00","dateModified":"2022-11-08T10:03:33+00:00","description":"Crea Ibiza - BARRA PARED -","breadcrumb":{"@id":"https:\/\/creaibiza.com\/producto\/asiento-pared\/#breadcrumb"},"inLanguage":"de","potentialAction":[{"@type":"ReadAction","target":["https:\/\/creaibiza.com\/producto\/asiento-pared\/"]}]},{"@type":"ImageObject","inLanguage":"de","@id":"https:\/\/creaibiza.com\/producto\/asiento-pared\/#primaryimage","url":"https:\/\/creaibiza.com\/wp-content\/uploads\/2021\/11\/sedile-doccia-ribaltabile-elegance-1.jpg","contentUrl":"https:\/\/creaibiza.com\/wp-content\/uploads\/2021\/11\/sedile-doccia-ribaltabile-elegance-1.jpg","width":1000,"height":1000},{"@type":"BreadcrumbList","@id":"https:\/\/creaibiza.com\/producto\/asiento-pared\/#breadcrumb","itemListElement":[{"@type":"ListItem","position":1,"name":"Portada","item":"https:\/\/creaibiza.com\/"},{"@type":"ListItem","position":2,"name":"Tienda","item":"https:\/\/creaibiza.com\/en\/tienda\/"},{"@type":"ListItem","position":3,"name":"BARRA PARED"}]},{"@type":"WebSite","@id":"https:\/\/creaibiza.com\/#website","url":"https:\/\/creaibiza.com\/","name":"Ibiza erstellen","description":"Cer\u00e1mica, sanitarios y revestimientos de dise\u00f1o en Ibiza","publisher":{"@id":"https:\/\/creaibiza.com\/#organization"},"potentialAction":[{"@type":"SearchAction","target":{"@type":"EntryPoint","urlTemplate":"https:\/\/creaibiza.com\/?s={search_term_string}"},"query-input":{"@type":"PropertyValueSpecification","valueRequired":true,"valueName":"search_term_string"}}],"inLanguage":"de"},{"@type":"Organization","@id":"https:\/\/creaibiza.com\/#organization","name":"Ibiza erstellen","url":"https:\/\/creaibiza.com\/","logo":{"@type":"ImageObject","inLanguage":"de","@id":"https:\/\/creaibiza.com\/#\/schema\/logo\/image\/","url":"https:\/\/creaibiza.com\/wp-content\/uploads\/2024\/02\/cropped-logocrea-web.png","contentUrl":"https:\/\/creaibiza.com\/wp-content\/uploads\/2024\/02\/cropped-logocrea-web.png","width":591,"height":210,"caption":"Crea Ibiza"},"image":{"@id":"https:\/\/creaibiza.com\/#\/schema\/logo\/image\/"},"sameAs":["https:\/\/www.facebook.com\/creaibiza","https:\/\/www.instagram.com\/creaibiza"]}]}},"_links":{"self":[{"href":"https:\/\/creaibiza.com\/de\/wp-json\/wp\/v2\/product\/20935","targetHints":{"allow":["GET"]}}],"collection":[{"href":"https:\/\/creaibiza.com\/de\/wp-json\/wp\/v2\/product"}],"about":[{"href":"https:\/\/creaibiza.com\/de\/wp-json\/wp\/v2\/types\/product"}],"version-history":[{"count":5,"href":"https:\/\/creaibiza.com\/de\/wp-json\/wp\/v2\/product\/20935\/revisions"}],"predecessor-version":[{"id":22991,"href":"https:\/\/creaibiza.com\/de\/wp-json\/wp\/v2\/product\/20935\/revisions\/22991"}],"wp:featuredmedia":[{"embeddable":true,"href":"https:\/\/creaibiza.com\/de\/wp-json\/wp\/v2\/media\/20940"}],"wp:attachment":[{"href":"https:\/\/creaibiza.com\/de\/wp-json\/wp\/v2\/media?parent=20935"}],"wp:term":[{"taxonomy":"product_brand","embeddable":true,"href":"https:\/\/creaibiza.com\/de\/wp-json\/wp\/v2\/product_brand?post=20935"},{"taxonomy":"product_cat","embeddable":true,"href":"https:\/\/creaibiza.com\/de\/wp-json\/wp\/v2\/product_cat?post=20935"},{"taxonomy":"product_tag","embeddable":true,"href":"https:\/\/creaibiza.com\/de\/wp-json\/wp\/v2\/product_tag?post=20935"}],"curies":[{"name":"wp","href":"https:\/\/api.w.org\/{rel}","templated":true}]}}