{"id":20808,"date":"2021-11-15T10:50:50","date_gmt":"2021-11-15T10:50:50","guid":{"rendered":"http:\/\/creaibiza.com?post_type=product&#038;p=20808"},"modified":"2022-11-08T10:05:09","modified_gmt":"2022-11-08T10:05:09","slug":"jabonera-dot","status":"publish","type":"product","link":"https:\/\/creaibiza.com\/de\/produkt\/jabonera-dot\/","title":{"rendered":"DOT"},"content":{"rendered":"<p>El estante con vasos de la colecci\u00f3n DOT de \u00a0es ideal para usar como portacepillos o portaescobillas en el ba\u00f1o. Vers\u00e1til y minimalista, la estanter\u00eda tambi\u00e9n se puede utilizar en la cocina y utensilios dom\u00e9sticos, cucharas y cubiertos. Un toque original que sorprende y amuebla al mismo tiempo. El estante est\u00e1 compuesto por una base de lat\u00f3n resistente que descansa sobre una tapa de lat\u00f3n. Los vasos y el estante tienen colores coordinados; los colores disponibles son, de hecho, negro mate, blanco mate, acabado cromado y n\u00edquel cepillado. El tama\u00f1o del estante es de 19 x 7,9 cm y se puede insertar f\u00e1cilmente en la pared incluso en espacios que no son demasiado grandes. Las gafas est\u00e1n incluidas en el paquete. La calidad de los materiales utilizados hace de este estante un accesorio de dise\u00f1o duradero. El minimalismo del dise\u00f1o le confiere un car\u00e1cter sobrio y definido capaz de encajar en cualquier ambiente y estilo preexistente.<\/p>\n<p>Cuidado y mantenimiento<\/p>\n<p>Limpiar adecuadamente con agua y jab\u00f3n, no utilizar productos agresivos, abrasivos, corrosivos, \u00e1cidos, acetona, diluyentes, etc.<\/p>\n<p>No raye la pintura \/ cromado \/ niquelado.<\/p>\n<p>Controlar peri\u00f3dicamente la correcta sujeci\u00f3n y solidez de la instalaci\u00f3n.<\/p>\n<p>No utilice el producto para fines distintos a los previstos.<\/p>","protected":false},"excerpt":{"rendered":"<p>El estante con vasos de la colecci\u00f3n DOT de \u00a0es ideal para usar como portacepillos o portaescobillas en el ba\u00f1o. Vers\u00e1til y minimalista, la estanter\u00eda tambi\u00e9n se puede utilizar en la cocina y utensilios dom\u00e9sticos, cucharas y cubiertos. Un toque original que sorprende y amuebla al mismo tiempo. El estante est\u00e1 compuesto por una base &hellip; <\/p>\n<p class=\"link-more\"><a href=\"https:\/\/creaibiza.com\/de\/produkt\/jabonera-dot\/\" class=\"more-link\">Read More <span class=\"screen-reader-text\"> \u00abDOT\u00bb<\/span><\/a><\/p>","protected":false},"featured_media":20809,"template":"","meta":{"_acf_changed":false},"product_brand":[1318],"product_cat":[1215],"product_tag":[1366],"class_list":{"0":"post-20808","1":"product","2":"type-product","3":"status-publish","4":"has-post-thumbnail","6":"product_brand-ever-life-design","7":"product_cat-accesorios","8":"product_tag-accesorios","10":"first","11":"instock","12":"taxable","13":"shipping-taxable","14":"purchasable","15":"product-type-variable"},"acf":[],"yoast_head":"<!-- This site is optimized with the Yoast SEO plugin v27.2 - https:\/\/yoast.com\/product\/yoast-seo-wordpress\/ -->\n<title>DOT - Crea Ibiza<\/title>\n<meta name=\"description\" content=\"Crea Ibiza - DOT -\" \/>\n<meta name=\"robots\" content=\"index, follow, max-snippet:-1, max-image-preview:large, max-video-preview:-1\" \/>\n<link rel=\"canonical\" href=\"https:\/\/creaibiza.com\/de\/produkt\/jabonera-dot\/\" \/>\n<meta property=\"og:locale\" content=\"de_DE\" \/>\n<meta property=\"og:type\" content=\"article\" \/>\n<meta property=\"og:title\" content=\"DOT - Crea Ibiza\" \/>\n<meta property=\"og:description\" content=\"Crea Ibiza - DOT -\" \/>\n<meta property=\"og:url\" content=\"https:\/\/creaibiza.com\/de\/produkt\/jabonera-dot\/\" \/>\n<meta property=\"og:site_name\" content=\"Crea Ibiza\" \/>\n<meta property=\"article:publisher\" content=\"https:\/\/www.facebook.com\/creaibiza\" \/>\n<meta property=\"article:modified_time\" content=\"2022-11-08T10:05:09+00:00\" \/>\n<meta property=\"og:image\" content=\"https:\/\/creaibiza.com\/wp-content\/uploads\/2021\/11\/mensola-in-ottone-con-bicchieri-dot.jpg\" \/>\n\t<meta property=\"og:image:width\" content=\"1000\" \/>\n\t<meta property=\"og:image:height\" content=\"1000\" \/>\n\t<meta property=\"og:image:type\" content=\"image\/jpeg\" \/>\n<meta name=\"twitter:card\" content=\"summary_large_image\" \/>\n<meta name=\"twitter:label1\" content=\"Gesch\u00e4tzte Lesezeit\" \/>\n\t<meta name=\"twitter:data1\" content=\"1\u00a0Minute\" \/>\n<script type=\"application\/ld+json\" class=\"yoast-schema-graph\">{\"@context\":\"https:\/\/schema.org\",\"@graph\":[{\"@type\":\"WebPage\",\"@id\":\"https:\/\/creaibiza.com\/producto\/jabonera-dot\/\",\"url\":\"https:\/\/creaibiza.com\/producto\/jabonera-dot\/\",\"name\":\"DOT - Crea Ibiza\",\"isPartOf\":{\"@id\":\"https:\/\/creaibiza.com\/#website\"},\"primaryImageOfPage\":{\"@id\":\"https:\/\/creaibiza.com\/producto\/jabonera-dot\/#primaryimage\"},\"image\":{\"@id\":\"https:\/\/creaibiza.com\/producto\/jabonera-dot\/#primaryimage\"},\"thumbnailUrl\":\"https:\/\/creaibiza.com\/wp-content\/uploads\/2021\/11\/mensola-in-ottone-con-bicchieri-dot.jpg\",\"datePublished\":\"2021-11-15T10:50:50+00:00\",\"dateModified\":\"2022-11-08T10:05:09+00:00\",\"description\":\"Crea Ibiza - DOT -\",\"breadcrumb\":{\"@id\":\"https:\/\/creaibiza.com\/producto\/jabonera-dot\/#breadcrumb\"},\"inLanguage\":\"de\",\"potentialAction\":[{\"@type\":\"ReadAction\",\"target\":[\"https:\/\/creaibiza.com\/producto\/jabonera-dot\/\"]}]},{\"@type\":\"ImageObject\",\"inLanguage\":\"de\",\"@id\":\"https:\/\/creaibiza.com\/producto\/jabonera-dot\/#primaryimage\",\"url\":\"https:\/\/creaibiza.com\/wp-content\/uploads\/2021\/11\/mensola-in-ottone-con-bicchieri-dot.jpg\",\"contentUrl\":\"https:\/\/creaibiza.com\/wp-content\/uploads\/2021\/11\/mensola-in-ottone-con-bicchieri-dot.jpg\",\"width\":1000,\"height\":1000},{\"@type\":\"BreadcrumbList\",\"@id\":\"https:\/\/creaibiza.com\/producto\/jabonera-dot\/#breadcrumb\",\"itemListElement\":[{\"@type\":\"ListItem\",\"position\":1,\"name\":\"Portada\",\"item\":\"https:\/\/creaibiza.com\/\"},{\"@type\":\"ListItem\",\"position\":2,\"name\":\"Tienda\",\"item\":\"https:\/\/creaibiza.com\/en\/tienda\/\"},{\"@type\":\"ListItem\",\"position\":3,\"name\":\"DOT\"}]},{\"@type\":\"WebSite\",\"@id\":\"https:\/\/creaibiza.com\/#website\",\"url\":\"https:\/\/creaibiza.com\/\",\"name\":\"Crea Ibiza\",\"description\":\"Cer\u00e1mica, sanitarios y revestimientos de dise\u00f1o en Ibiza\",\"publisher\":{\"@id\":\"https:\/\/creaibiza.com\/#organization\"},\"potentialAction\":[{\"@type\":\"SearchAction\",\"target\":{\"@type\":\"EntryPoint\",\"urlTemplate\":\"https:\/\/creaibiza.com\/?s={search_term_string}\"},\"query-input\":{\"@type\":\"PropertyValueSpecification\",\"valueRequired\":true,\"valueName\":\"search_term_string\"}}],\"inLanguage\":\"de\"},{\"@type\":\"Organization\",\"@id\":\"https:\/\/creaibiza.com\/#organization\",\"name\":\"Crea Ibiza\",\"url\":\"https:\/\/creaibiza.com\/\",\"logo\":{\"@type\":\"ImageObject\",\"inLanguage\":\"de\",\"@id\":\"https:\/\/creaibiza.com\/#\/schema\/logo\/image\/\",\"url\":\"https:\/\/creaibiza.com\/wp-content\/uploads\/2024\/02\/cropped-logocrea-web.png\",\"contentUrl\":\"https:\/\/creaibiza.com\/wp-content\/uploads\/2024\/02\/cropped-logocrea-web.png\",\"width\":591,\"height\":210,\"caption\":\"Crea Ibiza\"},\"image\":{\"@id\":\"https:\/\/creaibiza.com\/#\/schema\/logo\/image\/\"},\"sameAs\":[\"https:\/\/www.facebook.com\/creaibiza\",\"https:\/\/www.instagram.com\/creaibiza\"]}]}<\/script>\n<!-- \/ Yoast SEO plugin. -->","yoast_head_json":{"title":"DOT - Crea Ibiza","description":"Crea Ibiza - DOT -","robots":{"index":"index","follow":"follow","max-snippet":"max-snippet:-1","max-image-preview":"max-image-preview:large","max-video-preview":"max-video-preview:-1"},"canonical":"https:\/\/creaibiza.com\/de\/produkt\/jabonera-dot\/","og_locale":"de_DE","og_type":"article","og_title":"DOT - Crea Ibiza","og_description":"Crea Ibiza - DOT -","og_url":"https:\/\/creaibiza.com\/de\/produkt\/jabonera-dot\/","og_site_name":"Crea Ibiza","article_publisher":"https:\/\/www.facebook.com\/creaibiza","article_modified_time":"2022-11-08T10:05:09+00:00","og_image":[{"width":1000,"height":1000,"url":"https:\/\/creaibiza.com\/wp-content\/uploads\/2021\/11\/mensola-in-ottone-con-bicchieri-dot.jpg","type":"image\/jpeg"}],"twitter_card":"summary_large_image","twitter_misc":{"Gesch\u00e4tzte Lesezeit":"1\u00a0Minute"},"schema":{"@context":"https:\/\/schema.org","@graph":[{"@type":"WebPage","@id":"https:\/\/creaibiza.com\/producto\/jabonera-dot\/","url":"https:\/\/creaibiza.com\/producto\/jabonera-dot\/","name":"DOT - Crea Ibiza","isPartOf":{"@id":"https:\/\/creaibiza.com\/#website"},"primaryImageOfPage":{"@id":"https:\/\/creaibiza.com\/producto\/jabonera-dot\/#primaryimage"},"image":{"@id":"https:\/\/creaibiza.com\/producto\/jabonera-dot\/#primaryimage"},"thumbnailUrl":"https:\/\/creaibiza.com\/wp-content\/uploads\/2021\/11\/mensola-in-ottone-con-bicchieri-dot.jpg","datePublished":"2021-11-15T10:50:50+00:00","dateModified":"2022-11-08T10:05:09+00:00","description":"Crea Ibiza - DOT -","breadcrumb":{"@id":"https:\/\/creaibiza.com\/producto\/jabonera-dot\/#breadcrumb"},"inLanguage":"de","potentialAction":[{"@type":"ReadAction","target":["https:\/\/creaibiza.com\/producto\/jabonera-dot\/"]}]},{"@type":"ImageObject","inLanguage":"de","@id":"https:\/\/creaibiza.com\/producto\/jabonera-dot\/#primaryimage","url":"https:\/\/creaibiza.com\/wp-content\/uploads\/2021\/11\/mensola-in-ottone-con-bicchieri-dot.jpg","contentUrl":"https:\/\/creaibiza.com\/wp-content\/uploads\/2021\/11\/mensola-in-ottone-con-bicchieri-dot.jpg","width":1000,"height":1000},{"@type":"BreadcrumbList","@id":"https:\/\/creaibiza.com\/producto\/jabonera-dot\/#breadcrumb","itemListElement":[{"@type":"ListItem","position":1,"name":"Portada","item":"https:\/\/creaibiza.com\/"},{"@type":"ListItem","position":2,"name":"Tienda","item":"https:\/\/creaibiza.com\/en\/tienda\/"},{"@type":"ListItem","position":3,"name":"DOT"}]},{"@type":"WebSite","@id":"https:\/\/creaibiza.com\/#website","url":"https:\/\/creaibiza.com\/","name":"Ibiza erstellen","description":"Cer\u00e1mica, sanitarios y revestimientos de dise\u00f1o en Ibiza","publisher":{"@id":"https:\/\/creaibiza.com\/#organization"},"potentialAction":[{"@type":"SearchAction","target":{"@type":"EntryPoint","urlTemplate":"https:\/\/creaibiza.com\/?s={search_term_string}"},"query-input":{"@type":"PropertyValueSpecification","valueRequired":true,"valueName":"search_term_string"}}],"inLanguage":"de"},{"@type":"Organization","@id":"https:\/\/creaibiza.com\/#organization","name":"Ibiza erstellen","url":"https:\/\/creaibiza.com\/","logo":{"@type":"ImageObject","inLanguage":"de","@id":"https:\/\/creaibiza.com\/#\/schema\/logo\/image\/","url":"https:\/\/creaibiza.com\/wp-content\/uploads\/2024\/02\/cropped-logocrea-web.png","contentUrl":"https:\/\/creaibiza.com\/wp-content\/uploads\/2024\/02\/cropped-logocrea-web.png","width":591,"height":210,"caption":"Crea Ibiza"},"image":{"@id":"https:\/\/creaibiza.com\/#\/schema\/logo\/image\/"},"sameAs":["https:\/\/www.facebook.com\/creaibiza","https:\/\/www.instagram.com\/creaibiza"]}]}},"_links":{"self":[{"href":"https:\/\/creaibiza.com\/de\/wp-json\/wp\/v2\/product\/20808","targetHints":{"allow":["GET"]}}],"collection":[{"href":"https:\/\/creaibiza.com\/de\/wp-json\/wp\/v2\/product"}],"about":[{"href":"https:\/\/creaibiza.com\/de\/wp-json\/wp\/v2\/types\/product"}],"version-history":[{"count":4,"href":"https:\/\/creaibiza.com\/de\/wp-json\/wp\/v2\/product\/20808\/revisions"}],"predecessor-version":[{"id":22966,"href":"https:\/\/creaibiza.com\/de\/wp-json\/wp\/v2\/product\/20808\/revisions\/22966"}],"wp:featuredmedia":[{"embeddable":true,"href":"https:\/\/creaibiza.com\/de\/wp-json\/wp\/v2\/media\/20809"}],"wp:attachment":[{"href":"https:\/\/creaibiza.com\/de\/wp-json\/wp\/v2\/media?parent=20808"}],"wp:term":[{"taxonomy":"product_brand","embeddable":true,"href":"https:\/\/creaibiza.com\/de\/wp-json\/wp\/v2\/product_brand?post=20808"},{"taxonomy":"product_cat","embeddable":true,"href":"https:\/\/creaibiza.com\/de\/wp-json\/wp\/v2\/product_cat?post=20808"},{"taxonomy":"product_tag","embeddable":true,"href":"https:\/\/creaibiza.com\/de\/wp-json\/wp\/v2\/product_tag?post=20808"}],"curies":[{"name":"wp","href":"https:\/\/api.w.org\/{rel}","templated":true}]}}