{"id":20776,"date":"2021-11-15T09:10:08","date_gmt":"2021-11-15T09:10:08","guid":{"rendered":"http:\/\/creaibiza.com?post_type=product&#038;p=20776"},"modified":"2022-11-08T09:51:31","modified_gmt":"2022-11-08T09:51:31","slug":"anillas","status":"publish","type":"product","link":"https:\/\/creaibiza.com\/de\/produkt\/anillas\/","title":{"rendered":"ANILLA"},"content":{"rendered":"<p>El toallero multifuncional de techo de la colecci\u00f3n Gambol es un buen ejemplo de un accesorio pr\u00e1ctico, funcional y hermoso, capaz de amueblar el ba\u00f1o con estilo y car\u00e1cter. En madera de haya natural y con forma circular, el toallero nos sorprende con un dise\u00f1o minimalista y ligero que, desde el dise\u00f1o de la dise\u00f1adora Monica Graffeo, realza el ambiente del ba\u00f1o encaj\u00e1ndolo con discreci\u00f3n. Su peculiaridad es que se fija al techo mediante un dispositivo de fijaci\u00f3n de acero pintado al que se conecta una correa de polipropileno que, por el otro lado, suspende el toallero. Las correas se ajustan mediante una hebilla para poder ajustar la altura. Gambol tambi\u00e9n demuestra un car\u00e1cter vers\u00e1til: de hecho, se puede utilizar como un soporte al que agarrarse para facilitar los movimientos y el apoyo de las personas de la unidad familiar dentro del ba\u00f1o.<\/p>\n<p>Con Gambol tambi\u00e9n es posible realizar ejercicios de entrenamiento en casa.<\/p>\n<p>Dimensiones: circunferencia 23,5 cm.<\/p>\n<p>Altura m\u00e1xima: 250 cm &#8211; altura m\u00ednima 125 cm.<\/p>","protected":false},"excerpt":{"rendered":"<p>El toallero multifuncional de techo de la colecci\u00f3n Gambol es un buen ejemplo de un accesorio pr\u00e1ctico, funcional y hermoso, capaz de amueblar el ba\u00f1o con estilo y car\u00e1cter. En madera de haya natural y con forma circular, el toallero nos sorprende con un dise\u00f1o minimalista y ligero que, desde el dise\u00f1o de la dise\u00f1adora &hellip; <\/p>\n<p class=\"link-more\"><a href=\"https:\/\/creaibiza.com\/de\/produkt\/anillas\/\" class=\"more-link\">Read More <span class=\"screen-reader-text\"> \u00abANILLA\u00bb<\/span><\/a><\/p>","protected":false},"featured_media":20780,"template":"","meta":{"_acf_changed":false},"product_brand":[1318],"product_cat":[1215],"product_tag":[1366],"class_list":{"0":"post-20776","1":"product","2":"type-product","3":"status-publish","4":"has-post-thumbnail","6":"product_brand-ever-life-design","7":"product_cat-accesorios","8":"product_tag-accesorios","10":"first","11":"instock","12":"taxable","13":"shipping-taxable","14":"purchasable","15":"product-type-variable"},"acf":[],"yoast_head":"<!-- This site is optimized with the Yoast SEO plugin v27.2 - https:\/\/yoast.com\/product\/yoast-seo-wordpress\/ -->\n<title>ANILLA - Crea Ibiza<\/title>\n<meta name=\"description\" content=\"Crea Ibiza - ANILLA -\" \/>\n<meta name=\"robots\" content=\"index, follow, max-snippet:-1, max-image-preview:large, max-video-preview:-1\" \/>\n<link rel=\"canonical\" href=\"https:\/\/creaibiza.com\/de\/produkt\/anillas\/\" \/>\n<meta property=\"og:locale\" content=\"de_DE\" \/>\n<meta property=\"og:type\" content=\"article\" \/>\n<meta property=\"og:title\" content=\"ANILLA - Crea Ibiza\" \/>\n<meta property=\"og:description\" content=\"Crea Ibiza - ANILLA -\" \/>\n<meta property=\"og:url\" content=\"https:\/\/creaibiza.com\/de\/produkt\/anillas\/\" \/>\n<meta property=\"og:site_name\" content=\"Crea Ibiza\" \/>\n<meta property=\"article:publisher\" content=\"https:\/\/www.facebook.com\/creaibiza\" \/>\n<meta property=\"article:modified_time\" content=\"2022-11-08T09:51:31+00:00\" \/>\n<meta property=\"og:image\" content=\"https:\/\/creaibiza.com\/wp-content\/uploads\/2021\/11\/porta-asciugamani-multifunzionale-ad-anello-gambol.jpg\" \/>\n\t<meta property=\"og:image:width\" content=\"1000\" \/>\n\t<meta property=\"og:image:height\" content=\"1000\" \/>\n\t<meta property=\"og:image:type\" content=\"image\/jpeg\" \/>\n<meta name=\"twitter:card\" content=\"summary_large_image\" \/>\n<meta name=\"twitter:label1\" content=\"Gesch\u00e4tzte Lesezeit\" \/>\n\t<meta name=\"twitter:data1\" content=\"1\u00a0Minute\" \/>\n<script type=\"application\/ld+json\" class=\"yoast-schema-graph\">{\"@context\":\"https:\/\/schema.org\",\"@graph\":[{\"@type\":\"WebPage\",\"@id\":\"https:\/\/creaibiza.com\/producto\/anillas\/\",\"url\":\"https:\/\/creaibiza.com\/producto\/anillas\/\",\"name\":\"ANILLA - Crea Ibiza\",\"isPartOf\":{\"@id\":\"https:\/\/creaibiza.com\/#website\"},\"primaryImageOfPage\":{\"@id\":\"https:\/\/creaibiza.com\/producto\/anillas\/#primaryimage\"},\"image\":{\"@id\":\"https:\/\/creaibiza.com\/producto\/anillas\/#primaryimage\"},\"thumbnailUrl\":\"https:\/\/creaibiza.com\/wp-content\/uploads\/2021\/11\/porta-asciugamani-multifunzionale-ad-anello-gambol.jpg\",\"datePublished\":\"2021-11-15T09:10:08+00:00\",\"dateModified\":\"2022-11-08T09:51:31+00:00\",\"description\":\"Crea Ibiza - ANILLA -\",\"breadcrumb\":{\"@id\":\"https:\/\/creaibiza.com\/producto\/anillas\/#breadcrumb\"},\"inLanguage\":\"de\",\"potentialAction\":[{\"@type\":\"ReadAction\",\"target\":[\"https:\/\/creaibiza.com\/producto\/anillas\/\"]}]},{\"@type\":\"ImageObject\",\"inLanguage\":\"de\",\"@id\":\"https:\/\/creaibiza.com\/producto\/anillas\/#primaryimage\",\"url\":\"https:\/\/creaibiza.com\/wp-content\/uploads\/2021\/11\/porta-asciugamani-multifunzionale-ad-anello-gambol.jpg\",\"contentUrl\":\"https:\/\/creaibiza.com\/wp-content\/uploads\/2021\/11\/porta-asciugamani-multifunzionale-ad-anello-gambol.jpg\",\"width\":1000,\"height\":1000},{\"@type\":\"BreadcrumbList\",\"@id\":\"https:\/\/creaibiza.com\/producto\/anillas\/#breadcrumb\",\"itemListElement\":[{\"@type\":\"ListItem\",\"position\":1,\"name\":\"Portada\",\"item\":\"https:\/\/creaibiza.com\/\"},{\"@type\":\"ListItem\",\"position\":2,\"name\":\"Tienda\",\"item\":\"https:\/\/creaibiza.com\/en\/tienda\/\"},{\"@type\":\"ListItem\",\"position\":3,\"name\":\"ANILLA\"}]},{\"@type\":\"WebSite\",\"@id\":\"https:\/\/creaibiza.com\/#website\",\"url\":\"https:\/\/creaibiza.com\/\",\"name\":\"Crea Ibiza\",\"description\":\"Cer\u00e1mica, sanitarios y revestimientos de dise\u00f1o en Ibiza\",\"publisher\":{\"@id\":\"https:\/\/creaibiza.com\/#organization\"},\"potentialAction\":[{\"@type\":\"SearchAction\",\"target\":{\"@type\":\"EntryPoint\",\"urlTemplate\":\"https:\/\/creaibiza.com\/?s={search_term_string}\"},\"query-input\":{\"@type\":\"PropertyValueSpecification\",\"valueRequired\":true,\"valueName\":\"search_term_string\"}}],\"inLanguage\":\"de\"},{\"@type\":\"Organization\",\"@id\":\"https:\/\/creaibiza.com\/#organization\",\"name\":\"Crea Ibiza\",\"url\":\"https:\/\/creaibiza.com\/\",\"logo\":{\"@type\":\"ImageObject\",\"inLanguage\":\"de\",\"@id\":\"https:\/\/creaibiza.com\/#\/schema\/logo\/image\/\",\"url\":\"https:\/\/creaibiza.com\/wp-content\/uploads\/2024\/02\/cropped-logocrea-web.png\",\"contentUrl\":\"https:\/\/creaibiza.com\/wp-content\/uploads\/2024\/02\/cropped-logocrea-web.png\",\"width\":591,\"height\":210,\"caption\":\"Crea Ibiza\"},\"image\":{\"@id\":\"https:\/\/creaibiza.com\/#\/schema\/logo\/image\/\"},\"sameAs\":[\"https:\/\/www.facebook.com\/creaibiza\",\"https:\/\/www.instagram.com\/creaibiza\"]}]}<\/script>\n<!-- \/ Yoast SEO plugin. -->","yoast_head_json":{"title":"ANILLA - Crea Ibiza","description":"Crea Ibiza - ANILLA -","robots":{"index":"index","follow":"follow","max-snippet":"max-snippet:-1","max-image-preview":"max-image-preview:large","max-video-preview":"max-video-preview:-1"},"canonical":"https:\/\/creaibiza.com\/de\/produkt\/anillas\/","og_locale":"de_DE","og_type":"article","og_title":"ANILLA - Crea Ibiza","og_description":"Crea Ibiza - ANILLA -","og_url":"https:\/\/creaibiza.com\/de\/produkt\/anillas\/","og_site_name":"Crea Ibiza","article_publisher":"https:\/\/www.facebook.com\/creaibiza","article_modified_time":"2022-11-08T09:51:31+00:00","og_image":[{"width":1000,"height":1000,"url":"https:\/\/creaibiza.com\/wp-content\/uploads\/2021\/11\/porta-asciugamani-multifunzionale-ad-anello-gambol.jpg","type":"image\/jpeg"}],"twitter_card":"summary_large_image","twitter_misc":{"Gesch\u00e4tzte Lesezeit":"1\u00a0Minute"},"schema":{"@context":"https:\/\/schema.org","@graph":[{"@type":"WebPage","@id":"https:\/\/creaibiza.com\/producto\/anillas\/","url":"https:\/\/creaibiza.com\/producto\/anillas\/","name":"ANILLA - Crea Ibiza","isPartOf":{"@id":"https:\/\/creaibiza.com\/#website"},"primaryImageOfPage":{"@id":"https:\/\/creaibiza.com\/producto\/anillas\/#primaryimage"},"image":{"@id":"https:\/\/creaibiza.com\/producto\/anillas\/#primaryimage"},"thumbnailUrl":"https:\/\/creaibiza.com\/wp-content\/uploads\/2021\/11\/porta-asciugamani-multifunzionale-ad-anello-gambol.jpg","datePublished":"2021-11-15T09:10:08+00:00","dateModified":"2022-11-08T09:51:31+00:00","description":"Crea Ibiza - ANILLA -","breadcrumb":{"@id":"https:\/\/creaibiza.com\/producto\/anillas\/#breadcrumb"},"inLanguage":"de","potentialAction":[{"@type":"ReadAction","target":["https:\/\/creaibiza.com\/producto\/anillas\/"]}]},{"@type":"ImageObject","inLanguage":"de","@id":"https:\/\/creaibiza.com\/producto\/anillas\/#primaryimage","url":"https:\/\/creaibiza.com\/wp-content\/uploads\/2021\/11\/porta-asciugamani-multifunzionale-ad-anello-gambol.jpg","contentUrl":"https:\/\/creaibiza.com\/wp-content\/uploads\/2021\/11\/porta-asciugamani-multifunzionale-ad-anello-gambol.jpg","width":1000,"height":1000},{"@type":"BreadcrumbList","@id":"https:\/\/creaibiza.com\/producto\/anillas\/#breadcrumb","itemListElement":[{"@type":"ListItem","position":1,"name":"Portada","item":"https:\/\/creaibiza.com\/"},{"@type":"ListItem","position":2,"name":"Tienda","item":"https:\/\/creaibiza.com\/en\/tienda\/"},{"@type":"ListItem","position":3,"name":"ANILLA"}]},{"@type":"WebSite","@id":"https:\/\/creaibiza.com\/#website","url":"https:\/\/creaibiza.com\/","name":"Ibiza erstellen","description":"Cer\u00e1mica, sanitarios y revestimientos de dise\u00f1o en Ibiza","publisher":{"@id":"https:\/\/creaibiza.com\/#organization"},"potentialAction":[{"@type":"SearchAction","target":{"@type":"EntryPoint","urlTemplate":"https:\/\/creaibiza.com\/?s={search_term_string}"},"query-input":{"@type":"PropertyValueSpecification","valueRequired":true,"valueName":"search_term_string"}}],"inLanguage":"de"},{"@type":"Organization","@id":"https:\/\/creaibiza.com\/#organization","name":"Ibiza erstellen","url":"https:\/\/creaibiza.com\/","logo":{"@type":"ImageObject","inLanguage":"de","@id":"https:\/\/creaibiza.com\/#\/schema\/logo\/image\/","url":"https:\/\/creaibiza.com\/wp-content\/uploads\/2024\/02\/cropped-logocrea-web.png","contentUrl":"https:\/\/creaibiza.com\/wp-content\/uploads\/2024\/02\/cropped-logocrea-web.png","width":591,"height":210,"caption":"Crea Ibiza"},"image":{"@id":"https:\/\/creaibiza.com\/#\/schema\/logo\/image\/"},"sameAs":["https:\/\/www.facebook.com\/creaibiza","https:\/\/www.instagram.com\/creaibiza"]}]}},"_links":{"self":[{"href":"https:\/\/creaibiza.com\/de\/wp-json\/wp\/v2\/product\/20776","targetHints":{"allow":["GET"]}}],"collection":[{"href":"https:\/\/creaibiza.com\/de\/wp-json\/wp\/v2\/product"}],"about":[{"href":"https:\/\/creaibiza.com\/de\/wp-json\/wp\/v2\/types\/product"}],"version-history":[{"count":4,"href":"https:\/\/creaibiza.com\/de\/wp-json\/wp\/v2\/product\/20776\/revisions"}],"predecessor-version":[{"id":22931,"href":"https:\/\/creaibiza.com\/de\/wp-json\/wp\/v2\/product\/20776\/revisions\/22931"}],"wp:featuredmedia":[{"embeddable":true,"href":"https:\/\/creaibiza.com\/de\/wp-json\/wp\/v2\/media\/20780"}],"wp:attachment":[{"href":"https:\/\/creaibiza.com\/de\/wp-json\/wp\/v2\/media?parent=20776"}],"wp:term":[{"taxonomy":"product_brand","embeddable":true,"href":"https:\/\/creaibiza.com\/de\/wp-json\/wp\/v2\/product_brand?post=20776"},{"taxonomy":"product_cat","embeddable":true,"href":"https:\/\/creaibiza.com\/de\/wp-json\/wp\/v2\/product_cat?post=20776"},{"taxonomy":"product_tag","embeddable":true,"href":"https:\/\/creaibiza.com\/de\/wp-json\/wp\/v2\/product_tag?post=20776"}],"curies":[{"name":"wp","href":"https:\/\/api.w.org\/{rel}","templated":true}]}}