{"id":20755,"date":"2021-11-15T08:51:17","date_gmt":"2021-11-15T08:51:17","guid":{"rendered":"http:\/\/creaibiza.com?post_type=product&#038;p=20755"},"modified":"2022-11-08T09:54:31","modified_gmt":"2022-11-08T09:54:31","slug":"roll","status":"publish","type":"product","link":"https:\/\/creaibiza.com\/de\/produkt\/roll\/","title":{"rendered":"ASIENTO ROLL"},"content":{"rendered":"<p>El taburete \/ puf de dise\u00f1o de la colecci\u00f3n ROLL es verdaderamente innovador: un taburete ligero y ergon\u00f3mico, tambi\u00e9n se puede usar en la ducha gracias a su tejido impermeable que hace que ROLL sea resistente al agua y la humedad. Su peso (solo 1 kg) hace que sea f\u00e1cil de mover y adecuado para todos. El asiento sigue siendo resistente incluso si es ligero, capaz de soportar el peso de personas de hasta 120 kg. ROLL es vers\u00e1til y colorido: de hecho hemos creado un objeto que incluso en colores se puede combinar con diferentes estancias de la casa y usarse en diferentes ubicaciones: desde el ba\u00f1o hasta la sala de estar, desde el jard\u00edn o en la cocina ROLL es un accesorio que por sus caracter\u00edsticas es adaptable pero tiene car\u00e1cter. El asiento se completa con una red de malla que le permite contener objetos (en la ducha, por ejemplo, el ba\u00f1o de burbujas o la esponja, en la sala de estar el control remoto o un libro), lo que hace que el asiento sea a\u00fan m\u00e1s funcional. Para ampliar la funcionalidad de ROLL, puede adquirir el estante &#8211; disponible en dos colores &#8211; para aplicarlo a su gusto transformando ROLL en una peque\u00f1a mesa.<\/p>\n<p>&nbsp;<\/p>","protected":false},"excerpt":{"rendered":"<p>El taburete \/ puf de dise\u00f1o de la colecci\u00f3n ROLL es verdaderamente innovador: un taburete ligero y ergon\u00f3mico, tambi\u00e9n se puede usar en la ducha gracias a su tejido impermeable que hace que ROLL sea resistente al agua y la humedad. Su peso (solo 1 kg) hace que sea f\u00e1cil de mover y adecuado para &hellip; <\/p>\n<p class=\"link-more\"><a href=\"https:\/\/creaibiza.com\/de\/produkt\/roll\/\" class=\"more-link\">Read More <span class=\"screen-reader-text\"> \u00abASIENTO ROLL\u00bb<\/span><\/a><\/p>","protected":false},"featured_media":20756,"template":"","meta":{"_acf_changed":false},"product_brand":[1318],"product_cat":[1215],"product_tag":[1366],"class_list":{"0":"post-20755","1":"product","2":"type-product","3":"status-publish","4":"has-post-thumbnail","6":"product_brand-ever-life-design","7":"product_cat-accesorios","8":"product_tag-accesorios","10":"first","11":"instock","12":"taxable","13":"shipping-taxable","14":"purchasable","15":"product-type-variable"},"acf":[],"yoast_head":"<!-- This site is optimized with the Yoast SEO plugin v27.2 - https:\/\/yoast.com\/product\/yoast-seo-wordpress\/ -->\n<title>ASIENTO ROLL - Crea Ibiza<\/title>\n<meta name=\"description\" content=\"Crea Ibiza - ASIENTO ROLL -\" \/>\n<meta name=\"robots\" content=\"index, follow, max-snippet:-1, max-image-preview:large, max-video-preview:-1\" \/>\n<link rel=\"canonical\" href=\"https:\/\/creaibiza.com\/de\/produkt\/roll\/\" \/>\n<meta property=\"og:locale\" content=\"de_DE\" \/>\n<meta property=\"og:type\" content=\"article\" \/>\n<meta property=\"og:title\" content=\"ASIENTO ROLL - Crea Ibiza\" \/>\n<meta property=\"og:description\" content=\"Crea Ibiza - ASIENTO ROLL -\" \/>\n<meta property=\"og:url\" content=\"https:\/\/creaibiza.com\/de\/produkt\/roll\/\" \/>\n<meta property=\"og:site_name\" content=\"Crea Ibiza\" \/>\n<meta property=\"article:publisher\" content=\"https:\/\/www.facebook.com\/creaibiza\" \/>\n<meta property=\"article:modified_time\" content=\"2022-11-08T09:54:31+00:00\" \/>\n<meta property=\"og:image\" content=\"https:\/\/creaibiza.com\/wp-content\/uploads\/2021\/11\/sgabello-di-design-roll.jpg\" \/>\n\t<meta property=\"og:image:width\" content=\"1000\" \/>\n\t<meta property=\"og:image:height\" content=\"1000\" \/>\n\t<meta property=\"og:image:type\" content=\"image\/jpeg\" \/>\n<meta name=\"twitter:card\" content=\"summary_large_image\" \/>\n<meta name=\"twitter:label1\" content=\"Gesch\u00e4tzte Lesezeit\" \/>\n\t<meta name=\"twitter:data1\" content=\"1\u00a0Minute\" \/>\n<script type=\"application\/ld+json\" class=\"yoast-schema-graph\">{\"@context\":\"https:\/\/schema.org\",\"@graph\":[{\"@type\":\"WebPage\",\"@id\":\"https:\/\/creaibiza.com\/producto\/roll\/\",\"url\":\"https:\/\/creaibiza.com\/producto\/roll\/\",\"name\":\"ASIENTO ROLL - Crea Ibiza\",\"isPartOf\":{\"@id\":\"https:\/\/creaibiza.com\/#website\"},\"primaryImageOfPage\":{\"@id\":\"https:\/\/creaibiza.com\/producto\/roll\/#primaryimage\"},\"image\":{\"@id\":\"https:\/\/creaibiza.com\/producto\/roll\/#primaryimage\"},\"thumbnailUrl\":\"https:\/\/creaibiza.com\/wp-content\/uploads\/2021\/11\/sgabello-di-design-roll.jpg\",\"datePublished\":\"2021-11-15T08:51:17+00:00\",\"dateModified\":\"2022-11-08T09:54:31+00:00\",\"description\":\"Crea Ibiza - ASIENTO ROLL -\",\"breadcrumb\":{\"@id\":\"https:\/\/creaibiza.com\/producto\/roll\/#breadcrumb\"},\"inLanguage\":\"de\",\"potentialAction\":[{\"@type\":\"ReadAction\",\"target\":[\"https:\/\/creaibiza.com\/producto\/roll\/\"]}]},{\"@type\":\"ImageObject\",\"inLanguage\":\"de\",\"@id\":\"https:\/\/creaibiza.com\/producto\/roll\/#primaryimage\",\"url\":\"https:\/\/creaibiza.com\/wp-content\/uploads\/2021\/11\/sgabello-di-design-roll.jpg\",\"contentUrl\":\"https:\/\/creaibiza.com\/wp-content\/uploads\/2021\/11\/sgabello-di-design-roll.jpg\",\"width\":1000,\"height\":1000},{\"@type\":\"BreadcrumbList\",\"@id\":\"https:\/\/creaibiza.com\/producto\/roll\/#breadcrumb\",\"itemListElement\":[{\"@type\":\"ListItem\",\"position\":1,\"name\":\"Portada\",\"item\":\"https:\/\/creaibiza.com\/\"},{\"@type\":\"ListItem\",\"position\":2,\"name\":\"Tienda\",\"item\":\"https:\/\/creaibiza.com\/en\/tienda\/\"},{\"@type\":\"ListItem\",\"position\":3,\"name\":\"ASIENTO ROLL\"}]},{\"@type\":\"WebSite\",\"@id\":\"https:\/\/creaibiza.com\/#website\",\"url\":\"https:\/\/creaibiza.com\/\",\"name\":\"Crea Ibiza\",\"description\":\"Cer\u00e1mica, sanitarios y revestimientos de dise\u00f1o en Ibiza\",\"publisher\":{\"@id\":\"https:\/\/creaibiza.com\/#organization\"},\"potentialAction\":[{\"@type\":\"SearchAction\",\"target\":{\"@type\":\"EntryPoint\",\"urlTemplate\":\"https:\/\/creaibiza.com\/?s={search_term_string}\"},\"query-input\":{\"@type\":\"PropertyValueSpecification\",\"valueRequired\":true,\"valueName\":\"search_term_string\"}}],\"inLanguage\":\"de\"},{\"@type\":\"Organization\",\"@id\":\"https:\/\/creaibiza.com\/#organization\",\"name\":\"Crea Ibiza\",\"url\":\"https:\/\/creaibiza.com\/\",\"logo\":{\"@type\":\"ImageObject\",\"inLanguage\":\"de\",\"@id\":\"https:\/\/creaibiza.com\/#\/schema\/logo\/image\/\",\"url\":\"https:\/\/creaibiza.com\/wp-content\/uploads\/2024\/02\/cropped-logocrea-web.png\",\"contentUrl\":\"https:\/\/creaibiza.com\/wp-content\/uploads\/2024\/02\/cropped-logocrea-web.png\",\"width\":591,\"height\":210,\"caption\":\"Crea Ibiza\"},\"image\":{\"@id\":\"https:\/\/creaibiza.com\/#\/schema\/logo\/image\/\"},\"sameAs\":[\"https:\/\/www.facebook.com\/creaibiza\",\"https:\/\/www.instagram.com\/creaibiza\"]}]}<\/script>\n<!-- \/ Yoast SEO plugin. -->","yoast_head_json":{"title":"ASIENTO ROLL - Crea Ibiza","description":"Crea Ibiza - ASIENTO ROLL -","robots":{"index":"index","follow":"follow","max-snippet":"max-snippet:-1","max-image-preview":"max-image-preview:large","max-video-preview":"max-video-preview:-1"},"canonical":"https:\/\/creaibiza.com\/de\/produkt\/roll\/","og_locale":"de_DE","og_type":"article","og_title":"ASIENTO ROLL - Crea Ibiza","og_description":"Crea Ibiza - ASIENTO ROLL -","og_url":"https:\/\/creaibiza.com\/de\/produkt\/roll\/","og_site_name":"Crea Ibiza","article_publisher":"https:\/\/www.facebook.com\/creaibiza","article_modified_time":"2022-11-08T09:54:31+00:00","og_image":[{"width":1000,"height":1000,"url":"https:\/\/creaibiza.com\/wp-content\/uploads\/2021\/11\/sgabello-di-design-roll.jpg","type":"image\/jpeg"}],"twitter_card":"summary_large_image","twitter_misc":{"Gesch\u00e4tzte Lesezeit":"1\u00a0Minute"},"schema":{"@context":"https:\/\/schema.org","@graph":[{"@type":"WebPage","@id":"https:\/\/creaibiza.com\/producto\/roll\/","url":"https:\/\/creaibiza.com\/producto\/roll\/","name":"ASIENTO ROLL - Crea Ibiza","isPartOf":{"@id":"https:\/\/creaibiza.com\/#website"},"primaryImageOfPage":{"@id":"https:\/\/creaibiza.com\/producto\/roll\/#primaryimage"},"image":{"@id":"https:\/\/creaibiza.com\/producto\/roll\/#primaryimage"},"thumbnailUrl":"https:\/\/creaibiza.com\/wp-content\/uploads\/2021\/11\/sgabello-di-design-roll.jpg","datePublished":"2021-11-15T08:51:17+00:00","dateModified":"2022-11-08T09:54:31+00:00","description":"Crea Ibiza - ASIENTO ROLL -","breadcrumb":{"@id":"https:\/\/creaibiza.com\/producto\/roll\/#breadcrumb"},"inLanguage":"de","potentialAction":[{"@type":"ReadAction","target":["https:\/\/creaibiza.com\/producto\/roll\/"]}]},{"@type":"ImageObject","inLanguage":"de","@id":"https:\/\/creaibiza.com\/producto\/roll\/#primaryimage","url":"https:\/\/creaibiza.com\/wp-content\/uploads\/2021\/11\/sgabello-di-design-roll.jpg","contentUrl":"https:\/\/creaibiza.com\/wp-content\/uploads\/2021\/11\/sgabello-di-design-roll.jpg","width":1000,"height":1000},{"@type":"BreadcrumbList","@id":"https:\/\/creaibiza.com\/producto\/roll\/#breadcrumb","itemListElement":[{"@type":"ListItem","position":1,"name":"Portada","item":"https:\/\/creaibiza.com\/"},{"@type":"ListItem","position":2,"name":"Tienda","item":"https:\/\/creaibiza.com\/en\/tienda\/"},{"@type":"ListItem","position":3,"name":"ASIENTO ROLL"}]},{"@type":"WebSite","@id":"https:\/\/creaibiza.com\/#website","url":"https:\/\/creaibiza.com\/","name":"Ibiza erstellen","description":"Cer\u00e1mica, sanitarios y revestimientos de dise\u00f1o en Ibiza","publisher":{"@id":"https:\/\/creaibiza.com\/#organization"},"potentialAction":[{"@type":"SearchAction","target":{"@type":"EntryPoint","urlTemplate":"https:\/\/creaibiza.com\/?s={search_term_string}"},"query-input":{"@type":"PropertyValueSpecification","valueRequired":true,"valueName":"search_term_string"}}],"inLanguage":"de"},{"@type":"Organization","@id":"https:\/\/creaibiza.com\/#organization","name":"Ibiza erstellen","url":"https:\/\/creaibiza.com\/","logo":{"@type":"ImageObject","inLanguage":"de","@id":"https:\/\/creaibiza.com\/#\/schema\/logo\/image\/","url":"https:\/\/creaibiza.com\/wp-content\/uploads\/2024\/02\/cropped-logocrea-web.png","contentUrl":"https:\/\/creaibiza.com\/wp-content\/uploads\/2024\/02\/cropped-logocrea-web.png","width":591,"height":210,"caption":"Crea Ibiza"},"image":{"@id":"https:\/\/creaibiza.com\/#\/schema\/logo\/image\/"},"sameAs":["https:\/\/www.facebook.com\/creaibiza","https:\/\/www.instagram.com\/creaibiza"]}]}},"_links":{"self":[{"href":"https:\/\/creaibiza.com\/de\/wp-json\/wp\/v2\/product\/20755","targetHints":{"allow":["GET"]}}],"collection":[{"href":"https:\/\/creaibiza.com\/de\/wp-json\/wp\/v2\/product"}],"about":[{"href":"https:\/\/creaibiza.com\/de\/wp-json\/wp\/v2\/types\/product"}],"version-history":[{"count":5,"href":"https:\/\/creaibiza.com\/de\/wp-json\/wp\/v2\/product\/20755\/revisions"}],"predecessor-version":[{"id":22996,"href":"https:\/\/creaibiza.com\/de\/wp-json\/wp\/v2\/product\/20755\/revisions\/22996"}],"wp:featuredmedia":[{"embeddable":true,"href":"https:\/\/creaibiza.com\/de\/wp-json\/wp\/v2\/media\/20756"}],"wp:attachment":[{"href":"https:\/\/creaibiza.com\/de\/wp-json\/wp\/v2\/media?parent=20755"}],"wp:term":[{"taxonomy":"product_brand","embeddable":true,"href":"https:\/\/creaibiza.com\/de\/wp-json\/wp\/v2\/product_brand?post=20755"},{"taxonomy":"product_cat","embeddable":true,"href":"https:\/\/creaibiza.com\/de\/wp-json\/wp\/v2\/product_cat?post=20755"},{"taxonomy":"product_tag","embeddable":true,"href":"https:\/\/creaibiza.com\/de\/wp-json\/wp\/v2\/product_tag?post=20755"}],"curies":[{"name":"wp","href":"https:\/\/api.w.org\/{rel}","templated":true}]}}