{"id":19791,"date":"2021-11-09T11:00:02","date_gmt":"2021-11-09T11:00:02","guid":{"rendered":"http:\/\/creaibiza.com?post_type=product&#038;p=19791"},"modified":"2026-02-27T18:20:43","modified_gmt":"2026-02-27T17:20:43","slug":"allure-wall","status":"publish","type":"product","link":"https:\/\/creaibiza.com\/de\/produkt\/allure-wall\/","title":{"rendered":"ALLURE WALL"},"content":{"rendered":"<p>Una de las colecciones m\u00e1s cuidadas de la marca se presenta en la serie Wall, consiguiendo un mayor protagonismo y resaltando la fuerza y el car\u00e1cter propio de la piedra que ha inspirado en la colecci\u00f3n Allure.<\/p>\n<p>Sin quitarle protagonismo a la veta que la caracteriza, se proponen dos relieves, consiguiendo un mayor dinamismo y elegancia en la pieza. Wave y Wiggle siguen una misma l\u00ednea de dise\u00f1o presentando un perfil redondeado uniforme. Ambos destacan por su textura, diferenci\u00e1ndose en las dos opciones de escala. Se presenta una primera opci\u00f3n de car\u00e1cter m\u00e1s sutil que contrasta con la personalidad y fuerza de un segundo relieve m\u00e1s marcado.<\/p>","protected":false},"excerpt":{"rendered":"<p>Der Preis ist pro Box<\/p>","protected":false},"featured_media":26582,"template":"","meta":{"_acf_changed":false},"product_brand":[1806],"product_cat":[186,1002,113],"product_tag":[1353],"class_list":{"0":"post-19791","1":"product","2":"type-product","3":"status-publish","4":"has-post-thumbnail","6":"product_brand-livingceramics","7":"product_cat-decorados","8":"product_cat-piedra-revestimiento","9":"product_cat-revestimiento","10":"product_tag-revestimiento","12":"first","13":"instock","14":"taxable","15":"shipping-taxable","16":"purchasable","17":"product-type-variable"},"acf":[],"yoast_head":"<!-- This site is optimized with the Yoast SEO plugin v27.2 - https:\/\/yoast.com\/product\/yoast-seo-wordpress\/ -->\n<title>ALLURE WALL - Crea Ibiza<\/title>\n<meta name=\"description\" content=\"Crea Ibiza - ALLURE WALL -\" \/>\n<meta name=\"robots\" content=\"index, follow, max-snippet:-1, max-image-preview:large, max-video-preview:-1\" \/>\n<link rel=\"canonical\" href=\"https:\/\/creaibiza.com\/de\/produkt\/allure-wall\/\" \/>\n<meta property=\"og:locale\" content=\"de_DE\" \/>\n<meta property=\"og:type\" content=\"article\" \/>\n<meta property=\"og:title\" content=\"ALLURE WALL - Crea Ibiza\" \/>\n<meta property=\"og:description\" content=\"Crea Ibiza - ALLURE WALL -\" \/>\n<meta property=\"og:url\" content=\"https:\/\/creaibiza.com\/de\/produkt\/allure-wall\/\" \/>\n<meta property=\"og:site_name\" content=\"Crea Ibiza\" \/>\n<meta property=\"article:publisher\" content=\"https:\/\/www.facebook.com\/creaibiza\" \/>\n<meta property=\"article:modified_time\" content=\"2026-02-27T17:20:43+00:00\" \/>\n<meta property=\"og:image\" content=\"https:\/\/creaibiza.com\/wp-content\/uploads\/2023\/11\/allure-ambiente_7-1.png\" \/>\n\t<meta property=\"og:image:width\" content=\"576\" \/>\n\t<meta property=\"og:image:height\" content=\"678\" \/>\n\t<meta property=\"og:image:type\" content=\"image\/png\" \/>\n<meta name=\"twitter:card\" content=\"summary_large_image\" \/>\n<meta name=\"twitter:label1\" content=\"Gesch\u00e4tzte Lesezeit\" \/>\n\t<meta name=\"twitter:data1\" content=\"1\u00a0Minute\" \/>\n<script type=\"application\/ld+json\" class=\"yoast-schema-graph\">{\"@context\":\"https:\/\/schema.org\",\"@graph\":[{\"@type\":\"WebPage\",\"@id\":\"https:\/\/creaibiza.com\/producto\/allure-wall\/\",\"url\":\"https:\/\/creaibiza.com\/producto\/allure-wall\/\",\"name\":\"ALLURE WALL - Crea Ibiza\",\"isPartOf\":{\"@id\":\"https:\/\/creaibiza.com\/#website\"},\"primaryImageOfPage\":{\"@id\":\"https:\/\/creaibiza.com\/producto\/allure-wall\/#primaryimage\"},\"image\":{\"@id\":\"https:\/\/creaibiza.com\/producto\/allure-wall\/#primaryimage\"},\"thumbnailUrl\":\"https:\/\/creaibiza.com\/wp-content\/uploads\/2023\/11\/allure-ambiente_7-1.png\",\"datePublished\":\"2021-11-09T11:00:02+00:00\",\"dateModified\":\"2026-02-27T17:20:43+00:00\",\"description\":\"Crea Ibiza - ALLURE WALL -\",\"breadcrumb\":{\"@id\":\"https:\/\/creaibiza.com\/producto\/allure-wall\/#breadcrumb\"},\"inLanguage\":\"de\",\"potentialAction\":[{\"@type\":\"ReadAction\",\"target\":[\"https:\/\/creaibiza.com\/producto\/allure-wall\/\"]}]},{\"@type\":\"ImageObject\",\"inLanguage\":\"de\",\"@id\":\"https:\/\/creaibiza.com\/producto\/allure-wall\/#primaryimage\",\"url\":\"https:\/\/creaibiza.com\/wp-content\/uploads\/2023\/11\/allure-ambiente_7-1.png\",\"contentUrl\":\"https:\/\/creaibiza.com\/wp-content\/uploads\/2023\/11\/allure-ambiente_7-1.png\",\"width\":576,\"height\":678},{\"@type\":\"BreadcrumbList\",\"@id\":\"https:\/\/creaibiza.com\/producto\/allure-wall\/#breadcrumb\",\"itemListElement\":[{\"@type\":\"ListItem\",\"position\":1,\"name\":\"Portada\",\"item\":\"https:\/\/creaibiza.com\/\"},{\"@type\":\"ListItem\",\"position\":2,\"name\":\"Tienda\",\"item\":\"https:\/\/creaibiza.com\/en\/tienda\/\"},{\"@type\":\"ListItem\",\"position\":3,\"name\":\"ALLURE WALL\"}]},{\"@type\":\"WebSite\",\"@id\":\"https:\/\/creaibiza.com\/#website\",\"url\":\"https:\/\/creaibiza.com\/\",\"name\":\"Crea Ibiza\",\"description\":\"Cer\u00e1mica, sanitarios y revestimientos de dise\u00f1o en Ibiza\",\"publisher\":{\"@id\":\"https:\/\/creaibiza.com\/#organization\"},\"potentialAction\":[{\"@type\":\"SearchAction\",\"target\":{\"@type\":\"EntryPoint\",\"urlTemplate\":\"https:\/\/creaibiza.com\/?s={search_term_string}\"},\"query-input\":{\"@type\":\"PropertyValueSpecification\",\"valueRequired\":true,\"valueName\":\"search_term_string\"}}],\"inLanguage\":\"de\"},{\"@type\":\"Organization\",\"@id\":\"https:\/\/creaibiza.com\/#organization\",\"name\":\"Crea Ibiza\",\"url\":\"https:\/\/creaibiza.com\/\",\"logo\":{\"@type\":\"ImageObject\",\"inLanguage\":\"de\",\"@id\":\"https:\/\/creaibiza.com\/#\/schema\/logo\/image\/\",\"url\":\"https:\/\/creaibiza.com\/wp-content\/uploads\/2024\/02\/cropped-logocrea-web.png\",\"contentUrl\":\"https:\/\/creaibiza.com\/wp-content\/uploads\/2024\/02\/cropped-logocrea-web.png\",\"width\":591,\"height\":210,\"caption\":\"Crea Ibiza\"},\"image\":{\"@id\":\"https:\/\/creaibiza.com\/#\/schema\/logo\/image\/\"},\"sameAs\":[\"https:\/\/www.facebook.com\/creaibiza\",\"https:\/\/www.instagram.com\/creaibiza\"]}]}<\/script>\n<!-- \/ Yoast SEO plugin. -->","yoast_head_json":{"title":"ALLURE WALL - Crea Ibiza","description":"Crea Ibiza - ALLURE WALL -","robots":{"index":"index","follow":"follow","max-snippet":"max-snippet:-1","max-image-preview":"max-image-preview:large","max-video-preview":"max-video-preview:-1"},"canonical":"https:\/\/creaibiza.com\/de\/produkt\/allure-wall\/","og_locale":"de_DE","og_type":"article","og_title":"ALLURE WALL - Crea Ibiza","og_description":"Crea Ibiza - ALLURE WALL -","og_url":"https:\/\/creaibiza.com\/de\/produkt\/allure-wall\/","og_site_name":"Crea Ibiza","article_publisher":"https:\/\/www.facebook.com\/creaibiza","article_modified_time":"2026-02-27T17:20:43+00:00","og_image":[{"width":576,"height":678,"url":"https:\/\/creaibiza.com\/wp-content\/uploads\/2023\/11\/allure-ambiente_7-1.png","type":"image\/png"}],"twitter_card":"summary_large_image","twitter_misc":{"Gesch\u00e4tzte Lesezeit":"1\u00a0Minute"},"schema":{"@context":"https:\/\/schema.org","@graph":[{"@type":"WebPage","@id":"https:\/\/creaibiza.com\/producto\/allure-wall\/","url":"https:\/\/creaibiza.com\/producto\/allure-wall\/","name":"ALLURE WALL - Crea Ibiza","isPartOf":{"@id":"https:\/\/creaibiza.com\/#website"},"primaryImageOfPage":{"@id":"https:\/\/creaibiza.com\/producto\/allure-wall\/#primaryimage"},"image":{"@id":"https:\/\/creaibiza.com\/producto\/allure-wall\/#primaryimage"},"thumbnailUrl":"https:\/\/creaibiza.com\/wp-content\/uploads\/2023\/11\/allure-ambiente_7-1.png","datePublished":"2021-11-09T11:00:02+00:00","dateModified":"2026-02-27T17:20:43+00:00","description":"Crea Ibiza - ALLURE WALL -","breadcrumb":{"@id":"https:\/\/creaibiza.com\/producto\/allure-wall\/#breadcrumb"},"inLanguage":"de","potentialAction":[{"@type":"ReadAction","target":["https:\/\/creaibiza.com\/producto\/allure-wall\/"]}]},{"@type":"ImageObject","inLanguage":"de","@id":"https:\/\/creaibiza.com\/producto\/allure-wall\/#primaryimage","url":"https:\/\/creaibiza.com\/wp-content\/uploads\/2023\/11\/allure-ambiente_7-1.png","contentUrl":"https:\/\/creaibiza.com\/wp-content\/uploads\/2023\/11\/allure-ambiente_7-1.png","width":576,"height":678},{"@type":"BreadcrumbList","@id":"https:\/\/creaibiza.com\/producto\/allure-wall\/#breadcrumb","itemListElement":[{"@type":"ListItem","position":1,"name":"Portada","item":"https:\/\/creaibiza.com\/"},{"@type":"ListItem","position":2,"name":"Tienda","item":"https:\/\/creaibiza.com\/en\/tienda\/"},{"@type":"ListItem","position":3,"name":"ALLURE WALL"}]},{"@type":"WebSite","@id":"https:\/\/creaibiza.com\/#website","url":"https:\/\/creaibiza.com\/","name":"Ibiza erstellen","description":"Cer\u00e1mica, sanitarios y revestimientos de dise\u00f1o en Ibiza","publisher":{"@id":"https:\/\/creaibiza.com\/#organization"},"potentialAction":[{"@type":"SearchAction","target":{"@type":"EntryPoint","urlTemplate":"https:\/\/creaibiza.com\/?s={search_term_string}"},"query-input":{"@type":"PropertyValueSpecification","valueRequired":true,"valueName":"search_term_string"}}],"inLanguage":"de"},{"@type":"Organization","@id":"https:\/\/creaibiza.com\/#organization","name":"Ibiza erstellen","url":"https:\/\/creaibiza.com\/","logo":{"@type":"ImageObject","inLanguage":"de","@id":"https:\/\/creaibiza.com\/#\/schema\/logo\/image\/","url":"https:\/\/creaibiza.com\/wp-content\/uploads\/2024\/02\/cropped-logocrea-web.png","contentUrl":"https:\/\/creaibiza.com\/wp-content\/uploads\/2024\/02\/cropped-logocrea-web.png","width":591,"height":210,"caption":"Crea Ibiza"},"image":{"@id":"https:\/\/creaibiza.com\/#\/schema\/logo\/image\/"},"sameAs":["https:\/\/www.facebook.com\/creaibiza","https:\/\/www.instagram.com\/creaibiza"]}]}},"_links":{"self":[{"href":"https:\/\/creaibiza.com\/de\/wp-json\/wp\/v2\/product\/19791","targetHints":{"allow":["GET"]}}],"collection":[{"href":"https:\/\/creaibiza.com\/de\/wp-json\/wp\/v2\/product"}],"about":[{"href":"https:\/\/creaibiza.com\/de\/wp-json\/wp\/v2\/types\/product"}],"version-history":[{"count":2,"href":"https:\/\/creaibiza.com\/de\/wp-json\/wp\/v2\/product\/19791\/revisions"}],"predecessor-version":[{"id":24619,"href":"https:\/\/creaibiza.com\/de\/wp-json\/wp\/v2\/product\/19791\/revisions\/24619"}],"wp:featuredmedia":[{"embeddable":true,"href":"https:\/\/creaibiza.com\/de\/wp-json\/wp\/v2\/media\/26582"}],"wp:attachment":[{"href":"https:\/\/creaibiza.com\/de\/wp-json\/wp\/v2\/media?parent=19791"}],"wp:term":[{"taxonomy":"product_brand","embeddable":true,"href":"https:\/\/creaibiza.com\/de\/wp-json\/wp\/v2\/product_brand?post=19791"},{"taxonomy":"product_cat","embeddable":true,"href":"https:\/\/creaibiza.com\/de\/wp-json\/wp\/v2\/product_cat?post=19791"},{"taxonomy":"product_tag","embeddable":true,"href":"https:\/\/creaibiza.com\/de\/wp-json\/wp\/v2\/product_tag?post=19791"}],"curies":[{"name":"wp","href":"https:\/\/api.w.org\/{rel}","templated":true}]}}