{"id":17864,"date":"2021-10-06T11:23:49","date_gmt":"2021-10-06T11:23:49","guid":{"rendered":"http:\/\/creaibiza.com?post_type=product&#038;p=17864"},"modified":"2025-10-06T11:35:23","modified_gmt":"2025-10-06T10:35:23","slug":"portland","status":"publish","type":"product","link":"https:\/\/creaibiza.com\/de\/produkt\/portland\/","title":{"rendered":"PORTLAND"},"content":{"rendered":"<p>Entendemos por encimera de cer\u00e1mica a las encimeras y lavabos en una sola\u00a0pieza y de cer\u00e1mica o porcelana, tambi\u00e9n se conocen como lavabos cer\u00e1micos\u00a0o lavabos incrustados.\u00a0La principal caracter\u00edstica que ofrecen las encimeras de cer\u00e1mica es una r\u00e1pida\u00a0limpieza y lo m\u00e1s importante es que no lleva ninguna junta o uni\u00f3n donde pueda\u00a0introducirse el agua y que tan molesta se hace su limpieza.<\/p>","protected":false},"excerpt":{"rendered":"<p>Entendemos por encimera de cer\u00e1mica a las encimeras y lavabos en una sola\u00a0pieza y de cer\u00e1mica o porcelana, tambi\u00e9n se conocen como lavabos cer\u00e1micos\u00a0o lavabos incrustados.\u00a0La principal caracter\u00edstica que ofrecen las encimeras de cer\u00e1mica es una r\u00e1pida\u00a0limpieza y lo m\u00e1s importante es que no lleva ninguna junta o uni\u00f3n donde pueda\u00a0introducirse el agua y que &hellip; <\/p>\n<p class=\"link-more\"><a href=\"https:\/\/creaibiza.com\/de\/produkt\/portland\/\" class=\"more-link\">Read More <span class=\"screen-reader-text\"> \u00abPORTLAND\u00bb<\/span><\/a><\/p>","protected":false},"featured_media":0,"template":"","meta":{"_acf_changed":false},"product_brand":[247],"product_cat":[192,114],"product_tag":[1360],"class_list":{"0":"post-17864","1":"product","2":"type-product","3":"status-publish","5":"product_brand-codis","6":"product_cat-lavabos","7":"product_cat-sanitario","8":"product_tag-sanitarios","10":"first","11":"instock","12":"taxable","13":"shipping-taxable","14":"purchasable","15":"product-type-variable"},"acf":[],"yoast_head":"<!-- This site is optimized with the Yoast SEO plugin v27.2 - https:\/\/yoast.com\/product\/yoast-seo-wordpress\/ -->\n<title>PORTLAND - Crea Ibiza<\/title>\n<meta name=\"description\" content=\"Crea Ibiza - PORTLAND -\" \/>\n<meta name=\"robots\" content=\"index, follow, max-snippet:-1, max-image-preview:large, max-video-preview:-1\" \/>\n<link rel=\"canonical\" href=\"https:\/\/creaibiza.com\/de\/produkt\/portland\/\" \/>\n<meta property=\"og:locale\" content=\"de_DE\" \/>\n<meta property=\"og:type\" content=\"article\" \/>\n<meta property=\"og:title\" content=\"PORTLAND - Crea Ibiza\" \/>\n<meta property=\"og:description\" content=\"Crea Ibiza - PORTLAND -\" \/>\n<meta property=\"og:url\" content=\"https:\/\/creaibiza.com\/de\/produkt\/portland\/\" \/>\n<meta property=\"og:site_name\" content=\"Crea Ibiza\" \/>\n<meta property=\"article:publisher\" content=\"https:\/\/www.facebook.com\/creaibiza\" \/>\n<meta property=\"article:modified_time\" content=\"2025-10-06T10:35:23+00:00\" \/>\n<meta name=\"twitter:card\" content=\"summary_large_image\" \/>\n<meta name=\"twitter:label1\" content=\"Gesch\u00e4tzte Lesezeit\" \/>\n\t<meta name=\"twitter:data1\" content=\"1\u00a0Minute\" \/>\n<script type=\"application\/ld+json\" class=\"yoast-schema-graph\">{\"@context\":\"https:\/\/schema.org\",\"@graph\":[{\"@type\":\"WebPage\",\"@id\":\"https:\/\/creaibiza.com\/producto\/portland\/\",\"url\":\"https:\/\/creaibiza.com\/producto\/portland\/\",\"name\":\"PORTLAND - Crea Ibiza\",\"isPartOf\":{\"@id\":\"https:\/\/creaibiza.com\/#website\"},\"datePublished\":\"2021-10-06T11:23:49+00:00\",\"dateModified\":\"2025-10-06T10:35:23+00:00\",\"description\":\"Crea Ibiza - PORTLAND -\",\"breadcrumb\":{\"@id\":\"https:\/\/creaibiza.com\/producto\/portland\/#breadcrumb\"},\"inLanguage\":\"de\",\"potentialAction\":[{\"@type\":\"ReadAction\",\"target\":[\"https:\/\/creaibiza.com\/producto\/portland\/\"]}]},{\"@type\":\"BreadcrumbList\",\"@id\":\"https:\/\/creaibiza.com\/producto\/portland\/#breadcrumb\",\"itemListElement\":[{\"@type\":\"ListItem\",\"position\":1,\"name\":\"Portada\",\"item\":\"https:\/\/creaibiza.com\/\"},{\"@type\":\"ListItem\",\"position\":2,\"name\":\"Tienda\",\"item\":\"https:\/\/creaibiza.com\/en\/tienda\/\"},{\"@type\":\"ListItem\",\"position\":3,\"name\":\"PORTLAND\"}]},{\"@type\":\"WebSite\",\"@id\":\"https:\/\/creaibiza.com\/#website\",\"url\":\"https:\/\/creaibiza.com\/\",\"name\":\"Crea Ibiza\",\"description\":\"Cer\u00e1mica, sanitarios y revestimientos de dise\u00f1o en Ibiza\",\"publisher\":{\"@id\":\"https:\/\/creaibiza.com\/#organization\"},\"potentialAction\":[{\"@type\":\"SearchAction\",\"target\":{\"@type\":\"EntryPoint\",\"urlTemplate\":\"https:\/\/creaibiza.com\/?s={search_term_string}\"},\"query-input\":{\"@type\":\"PropertyValueSpecification\",\"valueRequired\":true,\"valueName\":\"search_term_string\"}}],\"inLanguage\":\"de\"},{\"@type\":\"Organization\",\"@id\":\"https:\/\/creaibiza.com\/#organization\",\"name\":\"Crea Ibiza\",\"url\":\"https:\/\/creaibiza.com\/\",\"logo\":{\"@type\":\"ImageObject\",\"inLanguage\":\"de\",\"@id\":\"https:\/\/creaibiza.com\/#\/schema\/logo\/image\/\",\"url\":\"https:\/\/creaibiza.com\/wp-content\/uploads\/2024\/02\/cropped-logocrea-web.png\",\"contentUrl\":\"https:\/\/creaibiza.com\/wp-content\/uploads\/2024\/02\/cropped-logocrea-web.png\",\"width\":591,\"height\":210,\"caption\":\"Crea Ibiza\"},\"image\":{\"@id\":\"https:\/\/creaibiza.com\/#\/schema\/logo\/image\/\"},\"sameAs\":[\"https:\/\/www.facebook.com\/creaibiza\",\"https:\/\/www.instagram.com\/creaibiza\"]}]}<\/script>\n<!-- \/ Yoast SEO plugin. -->","yoast_head_json":{"title":"PORTLAND - Crea Ibiza","description":"Crea Ibiza - PORTLAND -","robots":{"index":"index","follow":"follow","max-snippet":"max-snippet:-1","max-image-preview":"max-image-preview:large","max-video-preview":"max-video-preview:-1"},"canonical":"https:\/\/creaibiza.com\/de\/produkt\/portland\/","og_locale":"de_DE","og_type":"article","og_title":"PORTLAND - Crea Ibiza","og_description":"Crea Ibiza - PORTLAND -","og_url":"https:\/\/creaibiza.com\/de\/produkt\/portland\/","og_site_name":"Crea Ibiza","article_publisher":"https:\/\/www.facebook.com\/creaibiza","article_modified_time":"2025-10-06T10:35:23+00:00","twitter_card":"summary_large_image","twitter_misc":{"Gesch\u00e4tzte Lesezeit":"1\u00a0Minute"},"schema":{"@context":"https:\/\/schema.org","@graph":[{"@type":"WebPage","@id":"https:\/\/creaibiza.com\/producto\/portland\/","url":"https:\/\/creaibiza.com\/producto\/portland\/","name":"PORTLAND - Crea Ibiza","isPartOf":{"@id":"https:\/\/creaibiza.com\/#website"},"datePublished":"2021-10-06T11:23:49+00:00","dateModified":"2025-10-06T10:35:23+00:00","description":"Crea Ibiza - PORTLAND -","breadcrumb":{"@id":"https:\/\/creaibiza.com\/producto\/portland\/#breadcrumb"},"inLanguage":"de","potentialAction":[{"@type":"ReadAction","target":["https:\/\/creaibiza.com\/producto\/portland\/"]}]},{"@type":"BreadcrumbList","@id":"https:\/\/creaibiza.com\/producto\/portland\/#breadcrumb","itemListElement":[{"@type":"ListItem","position":1,"name":"Portada","item":"https:\/\/creaibiza.com\/"},{"@type":"ListItem","position":2,"name":"Tienda","item":"https:\/\/creaibiza.com\/en\/tienda\/"},{"@type":"ListItem","position":3,"name":"PORTLAND"}]},{"@type":"WebSite","@id":"https:\/\/creaibiza.com\/#website","url":"https:\/\/creaibiza.com\/","name":"Ibiza erstellen","description":"Cer\u00e1mica, sanitarios y revestimientos de dise\u00f1o en Ibiza","publisher":{"@id":"https:\/\/creaibiza.com\/#organization"},"potentialAction":[{"@type":"SearchAction","target":{"@type":"EntryPoint","urlTemplate":"https:\/\/creaibiza.com\/?s={search_term_string}"},"query-input":{"@type":"PropertyValueSpecification","valueRequired":true,"valueName":"search_term_string"}}],"inLanguage":"de"},{"@type":"Organization","@id":"https:\/\/creaibiza.com\/#organization","name":"Ibiza erstellen","url":"https:\/\/creaibiza.com\/","logo":{"@type":"ImageObject","inLanguage":"de","@id":"https:\/\/creaibiza.com\/#\/schema\/logo\/image\/","url":"https:\/\/creaibiza.com\/wp-content\/uploads\/2024\/02\/cropped-logocrea-web.png","contentUrl":"https:\/\/creaibiza.com\/wp-content\/uploads\/2024\/02\/cropped-logocrea-web.png","width":591,"height":210,"caption":"Crea Ibiza"},"image":{"@id":"https:\/\/creaibiza.com\/#\/schema\/logo\/image\/"},"sameAs":["https:\/\/www.facebook.com\/creaibiza","https:\/\/www.instagram.com\/creaibiza"]}]}},"_links":{"self":[{"href":"https:\/\/creaibiza.com\/de\/wp-json\/wp\/v2\/product\/17864","targetHints":{"allow":["GET"]}}],"collection":[{"href":"https:\/\/creaibiza.com\/de\/wp-json\/wp\/v2\/product"}],"about":[{"href":"https:\/\/creaibiza.com\/de\/wp-json\/wp\/v2\/types\/product"}],"version-history":[{"count":3,"href":"https:\/\/creaibiza.com\/de\/wp-json\/wp\/v2\/product\/17864\/revisions"}],"predecessor-version":[{"id":23246,"href":"https:\/\/creaibiza.com\/de\/wp-json\/wp\/v2\/product\/17864\/revisions\/23246"}],"wp:attachment":[{"href":"https:\/\/creaibiza.com\/de\/wp-json\/wp\/v2\/media?parent=17864"}],"wp:term":[{"taxonomy":"product_brand","embeddable":true,"href":"https:\/\/creaibiza.com\/de\/wp-json\/wp\/v2\/product_brand?post=17864"},{"taxonomy":"product_cat","embeddable":true,"href":"https:\/\/creaibiza.com\/de\/wp-json\/wp\/v2\/product_cat?post=17864"},{"taxonomy":"product_tag","embeddable":true,"href":"https:\/\/creaibiza.com\/de\/wp-json\/wp\/v2\/product_tag?post=17864"}],"curies":[{"name":"wp","href":"https:\/\/api.w.org\/{rel}","templated":true}]}}