{"id":17057,"date":"2021-09-30T17:37:46","date_gmt":"2021-09-30T17:37:46","guid":{"rendered":"http:\/\/creaibiza.com?post_type=product&#038;p=17057"},"modified":"2026-03-11T18:47:03","modified_gmt":"2026-03-11T17:47:03","slug":"cisterna-urinario","status":"publish","type":"product","link":"https:\/\/creaibiza.com\/de\/produkt\/cisterna-urinario\/","title":{"rendered":"URINARIO"},"content":{"rendered":"<div class=\"productinfo-characteristics__item\">\n<p><a class=\"productinfo-characteristics__toggle selected\" title=\"Caracter\u00edsticas\" href=\"https:\/\/www.oli-world.com\/es\/productos\/sistemas-sanitarios\/estructuras\/urinal\/sanitarblock--\/#characteristics\">CARACTER\u00cdSTICAS<i class=\"icon-plus\"><\/i><\/a><\/p>\n<div class=\"productinfo-characteristics__content productinfo-characteristics__content--active\">\n<ul>\n<li>Estructura para urinarios de pared<\/li>\n<li>Para la instalaci\u00f3n en paredes de ladrillo o en placa de yeso\/drywall<\/li>\n<li>Estructura tubular pintado<\/li>\n<li>Instalaci\u00f3n f\u00e1cil y r\u00e1pida con sistema Fast-Fit<\/li>\n<li>Estructura probado para una carga de 130 kg<\/li>\n<li>Altura ajustable de 0 a 200 mm<\/li>\n<li>Placas de fijaci\u00f3n ajustables<\/li>\n<li>El flux\u00f3metro debe instalarse antes de cerrar la pared<\/li>\n<li>10 a\u00f1os de garant\u00eda<\/li>\n<\/ul>\n<p><strong>Incluido<\/strong><\/p>\n<ul>\n<li>Accesorios de fijaci\u00f3n de Estructura<\/li>\n<li>Toma de corriente \u00d8 50\/50<\/li>\n<li>Ajuste para conexi\u00f3n de derivaci\u00f3n G \u00bd \u2018\u2019 (ajustable)<\/li>\n<li>Manguera flexible de \u00bd \u2018\u2019<\/li>\n<\/ul>\n<\/div>\n<\/div>\n<div class=\"productinfo-characteristics__item\"><\/div>","protected":false},"excerpt":{"rendered":"<p>CARACTER\u00cdSTICAS Estructura para urinarios de pared Para la instalaci\u00f3n en paredes de ladrillo o en placa de yeso\/drywall Estructura tubular pintado Instalaci\u00f3n f\u00e1cil y r\u00e1pida con sistema Fast-Fit Estructura probado para una carga de 130 kg Altura ajustable de 0 a 200 mm Placas de fijaci\u00f3n ajustables El flux\u00f3metro debe instalarse antes de cerrar la &hellip; <\/p>\n<p class=\"link-more\"><a href=\"https:\/\/creaibiza.com\/de\/produkt\/cisterna-urinario\/\" class=\"more-link\">Read More <span class=\"screen-reader-text\"> \u00abURINARIO\u00bb<\/span><\/a><\/p>","protected":false},"featured_media":36738,"template":"","meta":{"_acf_changed":false},"product_brand":[587],"product_cat":[589,114],"product_tag":[1360],"class_list":{"0":"post-17057","1":"product","2":"type-product","3":"status-publish","4":"has-post-thumbnail","6":"product_brand-oli","7":"product_cat-cisternas-empotradas-sanitario","8":"product_cat-sanitario","9":"product_tag-sanitarios","11":"first","12":"instock","13":"taxable","14":"shipping-taxable","15":"purchasable","16":"product-type-simple"},"acf":[],"yoast_head":"<!-- This site is optimized with the Yoast SEO plugin v27.2 - https:\/\/yoast.com\/product\/yoast-seo-wordpress\/ -->\n<title>URINARIO - Crea Ibiza<\/title>\n<meta name=\"description\" content=\"Crea Ibiza - URINARIO -\" \/>\n<meta name=\"robots\" content=\"index, follow, max-snippet:-1, max-image-preview:large, max-video-preview:-1\" \/>\n<link rel=\"canonical\" href=\"https:\/\/creaibiza.com\/de\/produkt\/cisterna-urinario\/\" \/>\n<meta property=\"og:locale\" content=\"de_DE\" \/>\n<meta property=\"og:type\" content=\"article\" \/>\n<meta property=\"og:title\" content=\"URINARIO - Crea Ibiza\" \/>\n<meta property=\"og:description\" content=\"Crea Ibiza - URINARIO -\" \/>\n<meta property=\"og:url\" content=\"https:\/\/creaibiza.com\/de\/produkt\/cisterna-urinario\/\" \/>\n<meta property=\"og:site_name\" content=\"Crea Ibiza\" \/>\n<meta property=\"article:publisher\" content=\"https:\/\/www.facebook.com\/creaibiza\" \/>\n<meta property=\"article:modified_time\" content=\"2026-03-11T17:47:03+00:00\" \/>\n<meta property=\"og:image\" content=\"https:\/\/creaibiza.com\/wp-content\/uploads\/2021\/09\/618X535_618X535_crop_250310043427818.png\" \/>\n\t<meta property=\"og:image:width\" content=\"618\" \/>\n\t<meta property=\"og:image:height\" content=\"535\" \/>\n\t<meta property=\"og:image:type\" content=\"image\/png\" \/>\n<meta name=\"twitter:card\" content=\"summary_large_image\" \/>\n<meta name=\"twitter:label1\" content=\"Gesch\u00e4tzte Lesezeit\" \/>\n\t<meta name=\"twitter:data1\" content=\"1\u00a0Minute\" \/>\n<script type=\"application\/ld+json\" class=\"yoast-schema-graph\">{\"@context\":\"https:\/\/schema.org\",\"@graph\":[{\"@type\":\"WebPage\",\"@id\":\"https:\/\/creaibiza.com\/producto\/cisterna-urinario\/\",\"url\":\"https:\/\/creaibiza.com\/producto\/cisterna-urinario\/\",\"name\":\"URINARIO - Crea Ibiza\",\"isPartOf\":{\"@id\":\"https:\/\/creaibiza.com\/#website\"},\"primaryImageOfPage\":{\"@id\":\"https:\/\/creaibiza.com\/producto\/cisterna-urinario\/#primaryimage\"},\"image\":{\"@id\":\"https:\/\/creaibiza.com\/producto\/cisterna-urinario\/#primaryimage\"},\"thumbnailUrl\":\"https:\/\/creaibiza.com\/wp-content\/uploads\/2021\/09\/618X535_618X535_crop_250310043427818.png\",\"datePublished\":\"2021-09-30T17:37:46+00:00\",\"dateModified\":\"2026-03-11T17:47:03+00:00\",\"description\":\"Crea Ibiza - URINARIO -\",\"breadcrumb\":{\"@id\":\"https:\/\/creaibiza.com\/producto\/cisterna-urinario\/#breadcrumb\"},\"inLanguage\":\"de\",\"potentialAction\":[{\"@type\":\"ReadAction\",\"target\":[\"https:\/\/creaibiza.com\/producto\/cisterna-urinario\/\"]}]},{\"@type\":\"ImageObject\",\"inLanguage\":\"de\",\"@id\":\"https:\/\/creaibiza.com\/producto\/cisterna-urinario\/#primaryimage\",\"url\":\"https:\/\/creaibiza.com\/wp-content\/uploads\/2021\/09\/618X535_618X535_crop_250310043427818.png\",\"contentUrl\":\"https:\/\/creaibiza.com\/wp-content\/uploads\/2021\/09\/618X535_618X535_crop_250310043427818.png\",\"width\":618,\"height\":535},{\"@type\":\"BreadcrumbList\",\"@id\":\"https:\/\/creaibiza.com\/producto\/cisterna-urinario\/#breadcrumb\",\"itemListElement\":[{\"@type\":\"ListItem\",\"position\":1,\"name\":\"Portada\",\"item\":\"https:\/\/creaibiza.com\/\"},{\"@type\":\"ListItem\",\"position\":2,\"name\":\"Tienda\",\"item\":\"https:\/\/creaibiza.com\/en\/tienda\/\"},{\"@type\":\"ListItem\",\"position\":3,\"name\":\"URINARIO\"}]},{\"@type\":\"WebSite\",\"@id\":\"https:\/\/creaibiza.com\/#website\",\"url\":\"https:\/\/creaibiza.com\/\",\"name\":\"Crea Ibiza\",\"description\":\"Cer\u00e1mica, sanitarios y revestimientos de dise\u00f1o en Ibiza\",\"publisher\":{\"@id\":\"https:\/\/creaibiza.com\/#organization\"},\"potentialAction\":[{\"@type\":\"SearchAction\",\"target\":{\"@type\":\"EntryPoint\",\"urlTemplate\":\"https:\/\/creaibiza.com\/?s={search_term_string}\"},\"query-input\":{\"@type\":\"PropertyValueSpecification\",\"valueRequired\":true,\"valueName\":\"search_term_string\"}}],\"inLanguage\":\"de\"},{\"@type\":\"Organization\",\"@id\":\"https:\/\/creaibiza.com\/#organization\",\"name\":\"Crea Ibiza\",\"url\":\"https:\/\/creaibiza.com\/\",\"logo\":{\"@type\":\"ImageObject\",\"inLanguage\":\"de\",\"@id\":\"https:\/\/creaibiza.com\/#\/schema\/logo\/image\/\",\"url\":\"https:\/\/creaibiza.com\/wp-content\/uploads\/2024\/02\/cropped-logocrea-web.png\",\"contentUrl\":\"https:\/\/creaibiza.com\/wp-content\/uploads\/2024\/02\/cropped-logocrea-web.png\",\"width\":591,\"height\":210,\"caption\":\"Crea Ibiza\"},\"image\":{\"@id\":\"https:\/\/creaibiza.com\/#\/schema\/logo\/image\/\"},\"sameAs\":[\"https:\/\/www.facebook.com\/creaibiza\",\"https:\/\/www.instagram.com\/creaibiza\"]}]}<\/script>\n<!-- \/ Yoast SEO plugin. -->","yoast_head_json":{"title":"URINARIO - Crea Ibiza","description":"Crea Ibiza - URINARIO -","robots":{"index":"index","follow":"follow","max-snippet":"max-snippet:-1","max-image-preview":"max-image-preview:large","max-video-preview":"max-video-preview:-1"},"canonical":"https:\/\/creaibiza.com\/de\/produkt\/cisterna-urinario\/","og_locale":"de_DE","og_type":"article","og_title":"URINARIO - Crea Ibiza","og_description":"Crea Ibiza - URINARIO -","og_url":"https:\/\/creaibiza.com\/de\/produkt\/cisterna-urinario\/","og_site_name":"Crea Ibiza","article_publisher":"https:\/\/www.facebook.com\/creaibiza","article_modified_time":"2026-03-11T17:47:03+00:00","og_image":[{"width":618,"height":535,"url":"https:\/\/creaibiza.com\/wp-content\/uploads\/2021\/09\/618X535_618X535_crop_250310043427818.png","type":"image\/png"}],"twitter_card":"summary_large_image","twitter_misc":{"Gesch\u00e4tzte Lesezeit":"1\u00a0Minute"},"schema":{"@context":"https:\/\/schema.org","@graph":[{"@type":"WebPage","@id":"https:\/\/creaibiza.com\/producto\/cisterna-urinario\/","url":"https:\/\/creaibiza.com\/producto\/cisterna-urinario\/","name":"URINARIO - Crea Ibiza","isPartOf":{"@id":"https:\/\/creaibiza.com\/#website"},"primaryImageOfPage":{"@id":"https:\/\/creaibiza.com\/producto\/cisterna-urinario\/#primaryimage"},"image":{"@id":"https:\/\/creaibiza.com\/producto\/cisterna-urinario\/#primaryimage"},"thumbnailUrl":"https:\/\/creaibiza.com\/wp-content\/uploads\/2021\/09\/618X535_618X535_crop_250310043427818.png","datePublished":"2021-09-30T17:37:46+00:00","dateModified":"2026-03-11T17:47:03+00:00","description":"Crea Ibiza - URINARIO -","breadcrumb":{"@id":"https:\/\/creaibiza.com\/producto\/cisterna-urinario\/#breadcrumb"},"inLanguage":"de","potentialAction":[{"@type":"ReadAction","target":["https:\/\/creaibiza.com\/producto\/cisterna-urinario\/"]}]},{"@type":"ImageObject","inLanguage":"de","@id":"https:\/\/creaibiza.com\/producto\/cisterna-urinario\/#primaryimage","url":"https:\/\/creaibiza.com\/wp-content\/uploads\/2021\/09\/618X535_618X535_crop_250310043427818.png","contentUrl":"https:\/\/creaibiza.com\/wp-content\/uploads\/2021\/09\/618X535_618X535_crop_250310043427818.png","width":618,"height":535},{"@type":"BreadcrumbList","@id":"https:\/\/creaibiza.com\/producto\/cisterna-urinario\/#breadcrumb","itemListElement":[{"@type":"ListItem","position":1,"name":"Portada","item":"https:\/\/creaibiza.com\/"},{"@type":"ListItem","position":2,"name":"Tienda","item":"https:\/\/creaibiza.com\/en\/tienda\/"},{"@type":"ListItem","position":3,"name":"URINARIO"}]},{"@type":"WebSite","@id":"https:\/\/creaibiza.com\/#website","url":"https:\/\/creaibiza.com\/","name":"Ibiza erstellen","description":"Cer\u00e1mica, sanitarios y revestimientos de dise\u00f1o en Ibiza","publisher":{"@id":"https:\/\/creaibiza.com\/#organization"},"potentialAction":[{"@type":"SearchAction","target":{"@type":"EntryPoint","urlTemplate":"https:\/\/creaibiza.com\/?s={search_term_string}"},"query-input":{"@type":"PropertyValueSpecification","valueRequired":true,"valueName":"search_term_string"}}],"inLanguage":"de"},{"@type":"Organization","@id":"https:\/\/creaibiza.com\/#organization","name":"Ibiza erstellen","url":"https:\/\/creaibiza.com\/","logo":{"@type":"ImageObject","inLanguage":"de","@id":"https:\/\/creaibiza.com\/#\/schema\/logo\/image\/","url":"https:\/\/creaibiza.com\/wp-content\/uploads\/2024\/02\/cropped-logocrea-web.png","contentUrl":"https:\/\/creaibiza.com\/wp-content\/uploads\/2024\/02\/cropped-logocrea-web.png","width":591,"height":210,"caption":"Crea Ibiza"},"image":{"@id":"https:\/\/creaibiza.com\/#\/schema\/logo\/image\/"},"sameAs":["https:\/\/www.facebook.com\/creaibiza","https:\/\/www.instagram.com\/creaibiza"]}]}},"_links":{"self":[{"href":"https:\/\/creaibiza.com\/de\/wp-json\/wp\/v2\/product\/17057","targetHints":{"allow":["GET"]}}],"collection":[{"href":"https:\/\/creaibiza.com\/de\/wp-json\/wp\/v2\/product"}],"about":[{"href":"https:\/\/creaibiza.com\/de\/wp-json\/wp\/v2\/types\/product"}],"version-history":[{"count":7,"href":"https:\/\/creaibiza.com\/de\/wp-json\/wp\/v2\/product\/17057\/revisions"}],"predecessor-version":[{"id":36740,"href":"https:\/\/creaibiza.com\/de\/wp-json\/wp\/v2\/product\/17057\/revisions\/36740"}],"wp:featuredmedia":[{"embeddable":true,"href":"https:\/\/creaibiza.com\/de\/wp-json\/wp\/v2\/media\/36738"}],"wp:attachment":[{"href":"https:\/\/creaibiza.com\/de\/wp-json\/wp\/v2\/media?parent=17057"}],"wp:term":[{"taxonomy":"product_brand","embeddable":true,"href":"https:\/\/creaibiza.com\/de\/wp-json\/wp\/v2\/product_brand?post=17057"},{"taxonomy":"product_cat","embeddable":true,"href":"https:\/\/creaibiza.com\/de\/wp-json\/wp\/v2\/product_cat?post=17057"},{"taxonomy":"product_tag","embeddable":true,"href":"https:\/\/creaibiza.com\/de\/wp-json\/wp\/v2\/product_tag?post=17057"}],"curies":[{"name":"wp","href":"https:\/\/api.w.org\/{rel}","templated":true}]}}