{"id":10760,"date":"2021-08-11T19:46:46","date_gmt":"2021-08-11T19:46:46","guid":{"rendered":"http:\/\/creaibiza.com?post_type=product&#038;p=10760"},"modified":"2022-06-22T09:29:54","modified_gmt":"2022-06-22T09:29:54","slug":"emozioni","status":"publish","type":"product","link":"https:\/\/creaibiza.com\/de\/produkt\/emozioni\/","title":{"rendered":"GLAMEM"},"content":{"rendered":"<p>El dise\u00f1o modular del papel pintado Glamora permite revestir paredes de hasta 9 metros de longitud y m\u00e1s largas sin repetir el tema de la composici\u00f3n.GlamFusion\u00ae es el papel tapiz impermeable patentado que no necesita ninguna aplicaci\u00f3n de tratamiento repelente al agua por parte del instalador. Con una combinaci\u00f3n perfecta de funci\u00f3n t\u00e9cnica y est\u00e9tica, es el revestimiento ideal para paredes en contacto con agua o sometidas a intensas tensiones, tanto mec\u00e1nicas como qu\u00edmicas.<\/p>\n<p>&nbsp;<\/p>","protected":false},"excerpt":{"rendered":"<p>El dise\u00f1o modular del papel pintado Glamora permite revestir paredes de hasta 9 metros de longitud y m\u00e1s largas sin repetir el tema de la composici\u00f3n.GlamFusion\u00ae es el papel tapiz impermeable patentado que no necesita ninguna aplicaci\u00f3n de tratamiento repelente al agua por parte del instalador. Con una combinaci\u00f3n perfecta de funci\u00f3n t\u00e9cnica y est\u00e9tica, &hellip; <\/p>\n<p class=\"link-more\"><a href=\"https:\/\/creaibiza.com\/de\/produkt\/emozioni\/\" class=\"more-link\">Read More <span class=\"screen-reader-text\"> \u00abGLAMEM\u00bb<\/span><\/a><\/p>","protected":false},"featured_media":0,"template":"","meta":{"_acf_changed":false},"product_brand":[391],"product_cat":[390],"product_tag":[],"class_list":{"0":"post-10760","1":"product","2":"type-product","3":"status-publish","5":"product_brand-glamora","6":"product_cat-vinilo","8":"first","9":"instock","10":"taxable","11":"shipping-taxable","12":"purchasable","13":"product-type-variable"},"acf":[],"yoast_head":"<!-- This site is optimized with the Yoast SEO plugin v27.2 - https:\/\/yoast.com\/product\/yoast-seo-wordpress\/ -->\n<title>GLAMEM - Crea Ibiza<\/title>\n<meta name=\"description\" content=\"Crea Ibiza - GLAMEM -\" \/>\n<meta name=\"robots\" content=\"index, follow, max-snippet:-1, max-image-preview:large, max-video-preview:-1\" \/>\n<link rel=\"canonical\" href=\"https:\/\/creaibiza.com\/de\/produkt\/emozioni\/\" \/>\n<meta property=\"og:locale\" content=\"de_DE\" \/>\n<meta property=\"og:type\" content=\"article\" \/>\n<meta property=\"og:title\" content=\"GLAMEM - Crea Ibiza\" \/>\n<meta property=\"og:description\" content=\"Crea Ibiza - GLAMEM -\" \/>\n<meta property=\"og:url\" content=\"https:\/\/creaibiza.com\/de\/produkt\/emozioni\/\" \/>\n<meta property=\"og:site_name\" content=\"Crea Ibiza\" \/>\n<meta property=\"article:publisher\" content=\"https:\/\/www.facebook.com\/creaibiza\" \/>\n<meta property=\"article:modified_time\" content=\"2022-06-22T09:29:54+00:00\" \/>\n<meta name=\"twitter:card\" content=\"summary_large_image\" \/>\n<script type=\"application\/ld+json\" class=\"yoast-schema-graph\">{\"@context\":\"https:\/\/schema.org\",\"@graph\":[{\"@type\":\"WebPage\",\"@id\":\"https:\/\/creaibiza.com\/producto\/emozioni\/\",\"url\":\"https:\/\/creaibiza.com\/producto\/emozioni\/\",\"name\":\"GLAMEM - Crea Ibiza\",\"isPartOf\":{\"@id\":\"https:\/\/creaibiza.com\/#website\"},\"datePublished\":\"2021-08-11T19:46:46+00:00\",\"dateModified\":\"2022-06-22T09:29:54+00:00\",\"description\":\"Crea Ibiza - GLAMEM -\",\"breadcrumb\":{\"@id\":\"https:\/\/creaibiza.com\/producto\/emozioni\/#breadcrumb\"},\"inLanguage\":\"de\",\"potentialAction\":[{\"@type\":\"ReadAction\",\"target\":[\"https:\/\/creaibiza.com\/producto\/emozioni\/\"]}]},{\"@type\":\"BreadcrumbList\",\"@id\":\"https:\/\/creaibiza.com\/producto\/emozioni\/#breadcrumb\",\"itemListElement\":[{\"@type\":\"ListItem\",\"position\":1,\"name\":\"Portada\",\"item\":\"https:\/\/creaibiza.com\/\"},{\"@type\":\"ListItem\",\"position\":2,\"name\":\"Tienda\",\"item\":\"https:\/\/creaibiza.com\/en\/tienda\/\"},{\"@type\":\"ListItem\",\"position\":3,\"name\":\"GLAMEM\"}]},{\"@type\":\"WebSite\",\"@id\":\"https:\/\/creaibiza.com\/#website\",\"url\":\"https:\/\/creaibiza.com\/\",\"name\":\"Crea Ibiza\",\"description\":\"Cer\u00e1mica, sanitarios y revestimientos de dise\u00f1o en Ibiza\",\"publisher\":{\"@id\":\"https:\/\/creaibiza.com\/#organization\"},\"potentialAction\":[{\"@type\":\"SearchAction\",\"target\":{\"@type\":\"EntryPoint\",\"urlTemplate\":\"https:\/\/creaibiza.com\/?s={search_term_string}\"},\"query-input\":{\"@type\":\"PropertyValueSpecification\",\"valueRequired\":true,\"valueName\":\"search_term_string\"}}],\"inLanguage\":\"de\"},{\"@type\":\"Organization\",\"@id\":\"https:\/\/creaibiza.com\/#organization\",\"name\":\"Crea Ibiza\",\"url\":\"https:\/\/creaibiza.com\/\",\"logo\":{\"@type\":\"ImageObject\",\"inLanguage\":\"de\",\"@id\":\"https:\/\/creaibiza.com\/#\/schema\/logo\/image\/\",\"url\":\"https:\/\/creaibiza.com\/wp-content\/uploads\/2024\/02\/cropped-logocrea-web.png\",\"contentUrl\":\"https:\/\/creaibiza.com\/wp-content\/uploads\/2024\/02\/cropped-logocrea-web.png\",\"width\":591,\"height\":210,\"caption\":\"Crea Ibiza\"},\"image\":{\"@id\":\"https:\/\/creaibiza.com\/#\/schema\/logo\/image\/\"},\"sameAs\":[\"https:\/\/www.facebook.com\/creaibiza\",\"https:\/\/www.instagram.com\/creaibiza\"]}]}<\/script>\n<!-- \/ Yoast SEO plugin. -->","yoast_head_json":{"title":"GLAMEM - Crea Ibiza","description":"Crea Ibiza - GLAMEM -","robots":{"index":"index","follow":"follow","max-snippet":"max-snippet:-1","max-image-preview":"max-image-preview:large","max-video-preview":"max-video-preview:-1"},"canonical":"https:\/\/creaibiza.com\/de\/produkt\/emozioni\/","og_locale":"de_DE","og_type":"article","og_title":"GLAMEM - Crea Ibiza","og_description":"Crea Ibiza - GLAMEM -","og_url":"https:\/\/creaibiza.com\/de\/produkt\/emozioni\/","og_site_name":"Crea Ibiza","article_publisher":"https:\/\/www.facebook.com\/creaibiza","article_modified_time":"2022-06-22T09:29:54+00:00","twitter_card":"summary_large_image","schema":{"@context":"https:\/\/schema.org","@graph":[{"@type":"WebPage","@id":"https:\/\/creaibiza.com\/producto\/emozioni\/","url":"https:\/\/creaibiza.com\/producto\/emozioni\/","name":"GLAMEM - Crea Ibiza","isPartOf":{"@id":"https:\/\/creaibiza.com\/#website"},"datePublished":"2021-08-11T19:46:46+00:00","dateModified":"2022-06-22T09:29:54+00:00","description":"Crea Ibiza - GLAMEM -","breadcrumb":{"@id":"https:\/\/creaibiza.com\/producto\/emozioni\/#breadcrumb"},"inLanguage":"de","potentialAction":[{"@type":"ReadAction","target":["https:\/\/creaibiza.com\/producto\/emozioni\/"]}]},{"@type":"BreadcrumbList","@id":"https:\/\/creaibiza.com\/producto\/emozioni\/#breadcrumb","itemListElement":[{"@type":"ListItem","position":1,"name":"Portada","item":"https:\/\/creaibiza.com\/"},{"@type":"ListItem","position":2,"name":"Tienda","item":"https:\/\/creaibiza.com\/en\/tienda\/"},{"@type":"ListItem","position":3,"name":"GLAMEM"}]},{"@type":"WebSite","@id":"https:\/\/creaibiza.com\/#website","url":"https:\/\/creaibiza.com\/","name":"Ibiza erstellen","description":"Cer\u00e1mica, sanitarios y revestimientos de dise\u00f1o en Ibiza","publisher":{"@id":"https:\/\/creaibiza.com\/#organization"},"potentialAction":[{"@type":"SearchAction","target":{"@type":"EntryPoint","urlTemplate":"https:\/\/creaibiza.com\/?s={search_term_string}"},"query-input":{"@type":"PropertyValueSpecification","valueRequired":true,"valueName":"search_term_string"}}],"inLanguage":"de"},{"@type":"Organization","@id":"https:\/\/creaibiza.com\/#organization","name":"Ibiza erstellen","url":"https:\/\/creaibiza.com\/","logo":{"@type":"ImageObject","inLanguage":"de","@id":"https:\/\/creaibiza.com\/#\/schema\/logo\/image\/","url":"https:\/\/creaibiza.com\/wp-content\/uploads\/2024\/02\/cropped-logocrea-web.png","contentUrl":"https:\/\/creaibiza.com\/wp-content\/uploads\/2024\/02\/cropped-logocrea-web.png","width":591,"height":210,"caption":"Crea Ibiza"},"image":{"@id":"https:\/\/creaibiza.com\/#\/schema\/logo\/image\/"},"sameAs":["https:\/\/www.facebook.com\/creaibiza","https:\/\/www.instagram.com\/creaibiza"]}]}},"_links":{"self":[{"href":"https:\/\/creaibiza.com\/de\/wp-json\/wp\/v2\/product\/10760","targetHints":{"allow":["GET"]}}],"collection":[{"href":"https:\/\/creaibiza.com\/de\/wp-json\/wp\/v2\/product"}],"about":[{"href":"https:\/\/creaibiza.com\/de\/wp-json\/wp\/v2\/types\/product"}],"version-history":[{"count":3,"href":"https:\/\/creaibiza.com\/de\/wp-json\/wp\/v2\/product\/10760\/revisions"}],"predecessor-version":[{"id":22972,"href":"https:\/\/creaibiza.com\/de\/wp-json\/wp\/v2\/product\/10760\/revisions\/22972"}],"wp:attachment":[{"href":"https:\/\/creaibiza.com\/de\/wp-json\/wp\/v2\/media?parent=10760"}],"wp:term":[{"taxonomy":"product_brand","embeddable":true,"href":"https:\/\/creaibiza.com\/de\/wp-json\/wp\/v2\/product_brand?post=10760"},{"taxonomy":"product_cat","embeddable":true,"href":"https:\/\/creaibiza.com\/de\/wp-json\/wp\/v2\/product_cat?post=10760"},{"taxonomy":"product_tag","embeddable":true,"href":"https:\/\/creaibiza.com\/de\/wp-json\/wp\/v2\/product_tag?post=10760"}],"curies":[{"name":"wp","href":"https:\/\/api.w.org\/{rel}","templated":true}]}}