{"id":10708,"date":"2021-08-11T07:35:00","date_gmt":"2021-08-11T07:35:00","guid":{"rendered":"http:\/\/creaibiza.com?post_type=product&#038;p=10708"},"modified":"2026-03-16T19:15:35","modified_gmt":"2026-03-16T18:15:35","slug":"plato-ducha-integra","status":"publish","type":"product","link":"https:\/\/creaibiza.com\/de\/produkt\/plato-ducha-integra\/","title":{"rendered":"INTEGRA"},"content":{"rendered":"<div class=\"page\" title=\"Page 16\">\n<div class=\"layoutArea\">\n<div class=\"column\">\n<p>Este sistema es una soluci\u00f3n para realizar la protecci\u00f3n impermeable de platos de ducha de obra con m\u00ednima altura de instalaci\u00f3n y evacuaci\u00f3n incorporada. Aporta seguridad, facilidad en la instalaci\u00f3n y cuida hasta el \u00faltimo detalle. Fabricado con los mejores materiales y acabados, contribuye al dise\u00f1o y calidad del plato de ducha de obra.<\/p>\n<p>Esta compuesto por una pieza de l\u00e1mina impermeable unida y sellada en f\u00e1brica a un manguito adaptador especial para recibir una cazoleta de acero inoxidable y para su conexi\u00f3n al cuerpo sif\u00f3nico del sumidero<\/p>\n<div class=\"page\" title=\"Page 7\">\n<div class=\"section\">\n<div class=\"layoutArea\">\n<div class=\"column\">\n<p>Altura total de instalaci\u00f3n 90 mm. Cazoleta y rejilla INOX. Contiene 4 m2 (2 x 2 m) de l\u00e1mina WATER-STOP.<\/p>\n<\/div>\n<\/div>\n<\/div>\n<\/div>\n<p>&nbsp;<\/p>\n<\/div>\n<\/div>\n<\/div>","protected":false},"excerpt":{"rendered":"<p>Este sistema es una soluci\u00f3n para realizar la protecci\u00f3n impermeable de platos de ducha de obra con m\u00ednima altura de instalaci\u00f3n y evacuaci\u00f3n incorporada. Aporta seguridad, facilidad en la instalaci\u00f3n y cuida hasta el \u00faltimo detalle. Fabricado con los mejores materiales y acabados, contribuye al dise\u00f1o y calidad del plato de ducha de obra. Esta &hellip; <\/p>\n<p class=\"link-more\"><a href=\"https:\/\/creaibiza.com\/de\/produkt\/plato-ducha-integra\/\" class=\"more-link\">Read More <span class=\"screen-reader-text\"> \u00abINTEGRA\u00bb<\/span><\/a><\/p>","protected":false},"featured_media":36966,"template":"","meta":{"_acf_changed":false},"product_brand":[514],"product_cat":[396],"product_tag":[],"class_list":{"0":"post-10708","1":"product","2":"type-product","3":"status-publish","4":"has-post-thumbnail","6":"product_brand-guru","7":"product_cat-platos-de-ducha","9":"first","10":"instock","11":"taxable","12":"shipping-taxable","13":"purchasable","14":"product-type-variable"},"acf":[],"yoast_head":"<!-- This site is optimized with the Yoast SEO plugin v27.2 - https:\/\/yoast.com\/product\/yoast-seo-wordpress\/ -->\n<title>INTEGRA - Crea Ibiza<\/title>\n<meta name=\"description\" content=\"Crea Ibiza - INTEGRA -\" \/>\n<meta name=\"robots\" content=\"index, follow, max-snippet:-1, max-image-preview:large, max-video-preview:-1\" \/>\n<link rel=\"canonical\" href=\"https:\/\/creaibiza.com\/de\/produkt\/plato-ducha-integra\/\" \/>\n<meta property=\"og:locale\" content=\"de_DE\" \/>\n<meta property=\"og:type\" content=\"article\" \/>\n<meta property=\"og:title\" content=\"INTEGRA - Crea Ibiza\" \/>\n<meta property=\"og:description\" content=\"Crea Ibiza - INTEGRA -\" \/>\n<meta property=\"og:url\" content=\"https:\/\/creaibiza.com\/de\/produkt\/plato-ducha-integra\/\" \/>\n<meta property=\"og:site_name\" content=\"Crea Ibiza\" \/>\n<meta property=\"article:publisher\" content=\"https:\/\/www.facebook.com\/creaibiza\" \/>\n<meta property=\"article:modified_time\" content=\"2026-03-16T18:15:35+00:00\" \/>\n<meta property=\"og:image\" content=\"https:\/\/creaibiza.com\/wp-content\/uploads\/2021\/08\/INTEGRA-PUNTUAL-11-1536x1436.jpg.webp\" \/>\n\t<meta property=\"og:image:width\" content=\"1536\" \/>\n\t<meta property=\"og:image:height\" content=\"1436\" \/>\n\t<meta property=\"og:image:type\" content=\"image\/webp\" \/>\n<meta name=\"twitter:card\" content=\"summary_large_image\" \/>\n<meta name=\"twitter:label1\" content=\"Gesch\u00e4tzte Lesezeit\" \/>\n\t<meta name=\"twitter:data1\" content=\"1\u00a0Minute\" \/>\n<script type=\"application\/ld+json\" class=\"yoast-schema-graph\">{\"@context\":\"https:\/\/schema.org\",\"@graph\":[{\"@type\":\"WebPage\",\"@id\":\"https:\/\/creaibiza.com\/producto\/plato-ducha-integra\/\",\"url\":\"https:\/\/creaibiza.com\/producto\/plato-ducha-integra\/\",\"name\":\"INTEGRA - Crea Ibiza\",\"isPartOf\":{\"@id\":\"https:\/\/creaibiza.com\/#website\"},\"primaryImageOfPage\":{\"@id\":\"https:\/\/creaibiza.com\/producto\/plato-ducha-integra\/#primaryimage\"},\"image\":{\"@id\":\"https:\/\/creaibiza.com\/producto\/plato-ducha-integra\/#primaryimage\"},\"thumbnailUrl\":\"https:\/\/creaibiza.com\/wp-content\/uploads\/2021\/08\/INTEGRA-PUNTUAL-11-1536x1436.jpg.webp\",\"datePublished\":\"2021-08-11T07:35:00+00:00\",\"dateModified\":\"2026-03-16T18:15:35+00:00\",\"description\":\"Crea Ibiza - INTEGRA -\",\"breadcrumb\":{\"@id\":\"https:\/\/creaibiza.com\/producto\/plato-ducha-integra\/#breadcrumb\"},\"inLanguage\":\"de\",\"potentialAction\":[{\"@type\":\"ReadAction\",\"target\":[\"https:\/\/creaibiza.com\/producto\/plato-ducha-integra\/\"]}]},{\"@type\":\"ImageObject\",\"inLanguage\":\"de\",\"@id\":\"https:\/\/creaibiza.com\/producto\/plato-ducha-integra\/#primaryimage\",\"url\":\"https:\/\/creaibiza.com\/wp-content\/uploads\/2021\/08\/INTEGRA-PUNTUAL-11-1536x1436.jpg.webp\",\"contentUrl\":\"https:\/\/creaibiza.com\/wp-content\/uploads\/2021\/08\/INTEGRA-PUNTUAL-11-1536x1436.jpg.webp\",\"width\":1536,\"height\":1436},{\"@type\":\"BreadcrumbList\",\"@id\":\"https:\/\/creaibiza.com\/producto\/plato-ducha-integra\/#breadcrumb\",\"itemListElement\":[{\"@type\":\"ListItem\",\"position\":1,\"name\":\"Portada\",\"item\":\"https:\/\/creaibiza.com\/\"},{\"@type\":\"ListItem\",\"position\":2,\"name\":\"Tienda\",\"item\":\"https:\/\/creaibiza.com\/en\/tienda\/\"},{\"@type\":\"ListItem\",\"position\":3,\"name\":\"INTEGRA\"}]},{\"@type\":\"WebSite\",\"@id\":\"https:\/\/creaibiza.com\/#website\",\"url\":\"https:\/\/creaibiza.com\/\",\"name\":\"Crea Ibiza\",\"description\":\"Cer\u00e1mica, sanitarios y revestimientos de dise\u00f1o en Ibiza\",\"publisher\":{\"@id\":\"https:\/\/creaibiza.com\/#organization\"},\"potentialAction\":[{\"@type\":\"SearchAction\",\"target\":{\"@type\":\"EntryPoint\",\"urlTemplate\":\"https:\/\/creaibiza.com\/?s={search_term_string}\"},\"query-input\":{\"@type\":\"PropertyValueSpecification\",\"valueRequired\":true,\"valueName\":\"search_term_string\"}}],\"inLanguage\":\"de\"},{\"@type\":\"Organization\",\"@id\":\"https:\/\/creaibiza.com\/#organization\",\"name\":\"Crea Ibiza\",\"url\":\"https:\/\/creaibiza.com\/\",\"logo\":{\"@type\":\"ImageObject\",\"inLanguage\":\"de\",\"@id\":\"https:\/\/creaibiza.com\/#\/schema\/logo\/image\/\",\"url\":\"https:\/\/creaibiza.com\/wp-content\/uploads\/2024\/02\/cropped-logocrea-web.png\",\"contentUrl\":\"https:\/\/creaibiza.com\/wp-content\/uploads\/2024\/02\/cropped-logocrea-web.png\",\"width\":591,\"height\":210,\"caption\":\"Crea Ibiza\"},\"image\":{\"@id\":\"https:\/\/creaibiza.com\/#\/schema\/logo\/image\/\"},\"sameAs\":[\"https:\/\/www.facebook.com\/creaibiza\",\"https:\/\/www.instagram.com\/creaibiza\"]}]}<\/script>\n<!-- \/ Yoast SEO plugin. -->","yoast_head_json":{"title":"INTEGRA - Crea Ibiza","description":"Crea Ibiza - INTEGRA -","robots":{"index":"index","follow":"follow","max-snippet":"max-snippet:-1","max-image-preview":"max-image-preview:large","max-video-preview":"max-video-preview:-1"},"canonical":"https:\/\/creaibiza.com\/de\/produkt\/plato-ducha-integra\/","og_locale":"de_DE","og_type":"article","og_title":"INTEGRA - Crea Ibiza","og_description":"Crea Ibiza - INTEGRA -","og_url":"https:\/\/creaibiza.com\/de\/produkt\/plato-ducha-integra\/","og_site_name":"Crea Ibiza","article_publisher":"https:\/\/www.facebook.com\/creaibiza","article_modified_time":"2026-03-16T18:15:35+00:00","og_image":[{"width":1536,"height":1436,"url":"https:\/\/creaibiza.com\/wp-content\/uploads\/2021\/08\/INTEGRA-PUNTUAL-11-1536x1436.jpg.webp","type":"image\/webp"}],"twitter_card":"summary_large_image","twitter_misc":{"Gesch\u00e4tzte Lesezeit":"1\u00a0Minute"},"schema":{"@context":"https:\/\/schema.org","@graph":[{"@type":"WebPage","@id":"https:\/\/creaibiza.com\/producto\/plato-ducha-integra\/","url":"https:\/\/creaibiza.com\/producto\/plato-ducha-integra\/","name":"INTEGRA - Crea Ibiza","isPartOf":{"@id":"https:\/\/creaibiza.com\/#website"},"primaryImageOfPage":{"@id":"https:\/\/creaibiza.com\/producto\/plato-ducha-integra\/#primaryimage"},"image":{"@id":"https:\/\/creaibiza.com\/producto\/plato-ducha-integra\/#primaryimage"},"thumbnailUrl":"https:\/\/creaibiza.com\/wp-content\/uploads\/2021\/08\/INTEGRA-PUNTUAL-11-1536x1436.jpg.webp","datePublished":"2021-08-11T07:35:00+00:00","dateModified":"2026-03-16T18:15:35+00:00","description":"Crea Ibiza - INTEGRA -","breadcrumb":{"@id":"https:\/\/creaibiza.com\/producto\/plato-ducha-integra\/#breadcrumb"},"inLanguage":"de","potentialAction":[{"@type":"ReadAction","target":["https:\/\/creaibiza.com\/producto\/plato-ducha-integra\/"]}]},{"@type":"ImageObject","inLanguage":"de","@id":"https:\/\/creaibiza.com\/producto\/plato-ducha-integra\/#primaryimage","url":"https:\/\/creaibiza.com\/wp-content\/uploads\/2021\/08\/INTEGRA-PUNTUAL-11-1536x1436.jpg.webp","contentUrl":"https:\/\/creaibiza.com\/wp-content\/uploads\/2021\/08\/INTEGRA-PUNTUAL-11-1536x1436.jpg.webp","width":1536,"height":1436},{"@type":"BreadcrumbList","@id":"https:\/\/creaibiza.com\/producto\/plato-ducha-integra\/#breadcrumb","itemListElement":[{"@type":"ListItem","position":1,"name":"Portada","item":"https:\/\/creaibiza.com\/"},{"@type":"ListItem","position":2,"name":"Tienda","item":"https:\/\/creaibiza.com\/en\/tienda\/"},{"@type":"ListItem","position":3,"name":"INTEGRA"}]},{"@type":"WebSite","@id":"https:\/\/creaibiza.com\/#website","url":"https:\/\/creaibiza.com\/","name":"Ibiza erstellen","description":"Cer\u00e1mica, sanitarios y revestimientos de dise\u00f1o en Ibiza","publisher":{"@id":"https:\/\/creaibiza.com\/#organization"},"potentialAction":[{"@type":"SearchAction","target":{"@type":"EntryPoint","urlTemplate":"https:\/\/creaibiza.com\/?s={search_term_string}"},"query-input":{"@type":"PropertyValueSpecification","valueRequired":true,"valueName":"search_term_string"}}],"inLanguage":"de"},{"@type":"Organization","@id":"https:\/\/creaibiza.com\/#organization","name":"Ibiza erstellen","url":"https:\/\/creaibiza.com\/","logo":{"@type":"ImageObject","inLanguage":"de","@id":"https:\/\/creaibiza.com\/#\/schema\/logo\/image\/","url":"https:\/\/creaibiza.com\/wp-content\/uploads\/2024\/02\/cropped-logocrea-web.png","contentUrl":"https:\/\/creaibiza.com\/wp-content\/uploads\/2024\/02\/cropped-logocrea-web.png","width":591,"height":210,"caption":"Crea Ibiza"},"image":{"@id":"https:\/\/creaibiza.com\/#\/schema\/logo\/image\/"},"sameAs":["https:\/\/www.facebook.com\/creaibiza","https:\/\/www.instagram.com\/creaibiza"]}]}},"_links":{"self":[{"href":"https:\/\/creaibiza.com\/de\/wp-json\/wp\/v2\/product\/10708","targetHints":{"allow":["GET"]}}],"collection":[{"href":"https:\/\/creaibiza.com\/de\/wp-json\/wp\/v2\/product"}],"about":[{"href":"https:\/\/creaibiza.com\/de\/wp-json\/wp\/v2\/types\/product"}],"version-history":[{"count":7,"href":"https:\/\/creaibiza.com\/de\/wp-json\/wp\/v2\/product\/10708\/revisions"}],"predecessor-version":[{"id":23307,"href":"https:\/\/creaibiza.com\/de\/wp-json\/wp\/v2\/product\/10708\/revisions\/23307"}],"wp:featuredmedia":[{"embeddable":true,"href":"https:\/\/creaibiza.com\/de\/wp-json\/wp\/v2\/media\/36966"}],"wp:attachment":[{"href":"https:\/\/creaibiza.com\/de\/wp-json\/wp\/v2\/media?parent=10708"}],"wp:term":[{"taxonomy":"product_brand","embeddable":true,"href":"https:\/\/creaibiza.com\/de\/wp-json\/wp\/v2\/product_brand?post=10708"},{"taxonomy":"product_cat","embeddable":true,"href":"https:\/\/creaibiza.com\/de\/wp-json\/wp\/v2\/product_cat?post=10708"},{"taxonomy":"product_tag","embeddable":true,"href":"https:\/\/creaibiza.com\/de\/wp-json\/wp\/v2\/product_tag?post=10708"}],"curies":[{"name":"wp","href":"https:\/\/api.w.org\/{rel}","templated":true}]}}