{"id":10683,"date":"2021-08-10T20:57:42","date_gmt":"2021-08-10T20:57:42","guid":{"rendered":"http:\/\/creaibiza.com?post_type=product&#038;p=10683"},"modified":"2026-03-10T17:46:51","modified_gmt":"2026-03-10T16:46:51","slug":"pure-02","status":"publish","type":"product","link":"https:\/\/creaibiza.com\/de\/produkt\/pure-02\/","title":{"rendered":"PURE 2"},"content":{"rendered":"<p>El dise\u00f1o de la serie pure tiene influencias asi\u00e1ticas y le est\u00e1 dando la m\u00e1xima sensaci\u00f3n de bienestar y tranquilidad. El ic\u00f3nico anillo es a la vez un grifo de encendido y apagado y un regulador para agua caliente y fr\u00eda. Esta serie incluye ducha independiente, mezclador de ba\u00f1o, grifos montados en la pared.<\/p>","protected":false},"excerpt":{"rendered":"<p>El dise\u00f1o de la serie pure tiene influencias asi\u00e1ticas y le est\u00e1 dando la m\u00e1xima sensaci\u00f3n de bienestar y tranquilidad. El ic\u00f3nico anillo es a la vez un grifo de encendido y apagado y un regulador para agua caliente y fr\u00eda. Esta serie incluye ducha independiente, mezclador de ba\u00f1o, grifos montados en la pared.<\/p>","protected":false},"featured_media":36720,"template":"","meta":{"_acf_changed":false},"product_brand":[493],"product_cat":[209,705],"product_tag":[1341],"class_list":{"0":"post-10683","1":"product","2":"type-product","3":"status-publish","4":"has-post-thumbnail","6":"product_brand-jee-o","7":"product_cat-griferia","8":"product_cat-lavabos-griferia","9":"product_tag-griferia","11":"first","12":"instock","13":"taxable","14":"shipping-taxable","15":"purchasable","16":"product-type-simple"},"acf":[],"yoast_head":"<!-- This site is optimized with the Yoast SEO plugin v27.2 - https:\/\/yoast.com\/product\/yoast-seo-wordpress\/ -->\n<title>PURE 2 - Crea Ibiza<\/title>\n<meta name=\"description\" content=\"Crea Ibiza - PURE 2 -\" \/>\n<meta name=\"robots\" content=\"index, follow, max-snippet:-1, max-image-preview:large, max-video-preview:-1\" \/>\n<link rel=\"canonical\" href=\"https:\/\/creaibiza.com\/de\/produkt\/pure-02\/\" \/>\n<meta property=\"og:locale\" content=\"de_DE\" \/>\n<meta property=\"og:type\" content=\"article\" \/>\n<meta property=\"og:title\" content=\"PURE 2 - Crea Ibiza\" \/>\n<meta property=\"og:description\" content=\"Crea Ibiza - PURE 2 -\" \/>\n<meta property=\"og:url\" content=\"https:\/\/creaibiza.com\/de\/produkt\/pure-02\/\" \/>\n<meta property=\"og:site_name\" content=\"Crea Ibiza\" \/>\n<meta property=\"article:publisher\" content=\"https:\/\/www.facebook.com\/creaibiza\" \/>\n<meta property=\"article:modified_time\" content=\"2026-03-10T16:46:51+00:00\" \/>\n<meta property=\"og:image\" content=\"https:\/\/creaibiza.com\/wp-content\/uploads\/2021\/08\/collection-page-site-pure-bath-mixer-set-bronze.jpg\" \/>\n\t<meta property=\"og:image:width\" content=\"846\" \/>\n\t<meta property=\"og:image:height\" content=\"672\" \/>\n\t<meta property=\"og:image:type\" content=\"image\/jpeg\" \/>\n<meta name=\"twitter:card\" content=\"summary_large_image\" \/>\n<meta name=\"twitter:label1\" content=\"Gesch\u00e4tzte Lesezeit\" \/>\n\t<meta name=\"twitter:data1\" content=\"1\u00a0Minute\" \/>\n<script type=\"application\/ld+json\" class=\"yoast-schema-graph\">{\"@context\":\"https:\/\/schema.org\",\"@graph\":[{\"@type\":\"WebPage\",\"@id\":\"https:\/\/creaibiza.com\/de\/produkt\/pure-02\/\",\"url\":\"https:\/\/creaibiza.com\/de\/produkt\/pure-02\/\",\"name\":\"PURE 2 - Crea Ibiza\",\"isPartOf\":{\"@id\":\"https:\/\/creaibiza.com\/#website\"},\"primaryImageOfPage\":{\"@id\":\"https:\/\/creaibiza.com\/de\/produkt\/pure-02\/#primaryimage\"},\"image\":{\"@id\":\"https:\/\/creaibiza.com\/de\/produkt\/pure-02\/#primaryimage\"},\"thumbnailUrl\":\"https:\/\/creaibiza.com\/wp-content\/uploads\/2021\/08\/collection-page-site-pure-bath-mixer-set-bronze.jpg\",\"datePublished\":\"2021-08-10T20:57:42+00:00\",\"dateModified\":\"2026-03-10T16:46:51+00:00\",\"description\":\"Crea Ibiza - PURE 2 -\",\"breadcrumb\":{\"@id\":\"https:\/\/creaibiza.com\/de\/produkt\/pure-02\/#breadcrumb\"},\"inLanguage\":\"de\",\"potentialAction\":[{\"@type\":\"ReadAction\",\"target\":[\"https:\/\/creaibiza.com\/de\/produkt\/pure-02\/\"]}]},{\"@type\":\"ImageObject\",\"inLanguage\":\"de\",\"@id\":\"https:\/\/creaibiza.com\/de\/produkt\/pure-02\/#primaryimage\",\"url\":\"https:\/\/creaibiza.com\/wp-content\/uploads\/2021\/08\/collection-page-site-pure-bath-mixer-set-bronze.jpg\",\"contentUrl\":\"https:\/\/creaibiza.com\/wp-content\/uploads\/2021\/08\/collection-page-site-pure-bath-mixer-set-bronze.jpg\",\"width\":846,\"height\":672},{\"@type\":\"BreadcrumbList\",\"@id\":\"https:\/\/creaibiza.com\/de\/produkt\/pure-02\/#breadcrumb\",\"itemListElement\":[{\"@type\":\"ListItem\",\"position\":1,\"name\":\"Portada\",\"item\":\"https:\/\/creaibiza.com\/\"},{\"@type\":\"ListItem\",\"position\":2,\"name\":\"Tienda\",\"item\":\"https:\/\/creaibiza.com\/en\/tienda\/\"},{\"@type\":\"ListItem\",\"position\":3,\"name\":\"PURE 2\"}]},{\"@type\":\"WebSite\",\"@id\":\"https:\/\/creaibiza.com\/#website\",\"url\":\"https:\/\/creaibiza.com\/\",\"name\":\"Crea Ibiza\",\"description\":\"Cer\u00e1mica, sanitarios y revestimientos de dise\u00f1o en Ibiza\",\"publisher\":{\"@id\":\"https:\/\/creaibiza.com\/#organization\"},\"potentialAction\":[{\"@type\":\"SearchAction\",\"target\":{\"@type\":\"EntryPoint\",\"urlTemplate\":\"https:\/\/creaibiza.com\/?s={search_term_string}\"},\"query-input\":{\"@type\":\"PropertyValueSpecification\",\"valueRequired\":true,\"valueName\":\"search_term_string\"}}],\"inLanguage\":\"de\"},{\"@type\":\"Organization\",\"@id\":\"https:\/\/creaibiza.com\/#organization\",\"name\":\"Crea Ibiza\",\"url\":\"https:\/\/creaibiza.com\/\",\"logo\":{\"@type\":\"ImageObject\",\"inLanguage\":\"de\",\"@id\":\"https:\/\/creaibiza.com\/#\/schema\/logo\/image\/\",\"url\":\"https:\/\/creaibiza.com\/wp-content\/uploads\/2024\/02\/cropped-logocrea-web.png\",\"contentUrl\":\"https:\/\/creaibiza.com\/wp-content\/uploads\/2024\/02\/cropped-logocrea-web.png\",\"width\":591,\"height\":210,\"caption\":\"Crea Ibiza\"},\"image\":{\"@id\":\"https:\/\/creaibiza.com\/#\/schema\/logo\/image\/\"},\"sameAs\":[\"https:\/\/www.facebook.com\/creaibiza\",\"https:\/\/www.instagram.com\/creaibiza\"]}]}<\/script>\n<!-- \/ Yoast SEO plugin. -->","yoast_head_json":{"title":"PURE 2 - Crea Ibiza","description":"Crea Ibiza - PURE 2 -","robots":{"index":"index","follow":"follow","max-snippet":"max-snippet:-1","max-image-preview":"max-image-preview:large","max-video-preview":"max-video-preview:-1"},"canonical":"https:\/\/creaibiza.com\/de\/produkt\/pure-02\/","og_locale":"de_DE","og_type":"article","og_title":"PURE 2 - Crea Ibiza","og_description":"Crea Ibiza - PURE 2 -","og_url":"https:\/\/creaibiza.com\/de\/produkt\/pure-02\/","og_site_name":"Crea Ibiza","article_publisher":"https:\/\/www.facebook.com\/creaibiza","article_modified_time":"2026-03-10T16:46:51+00:00","og_image":[{"width":846,"height":672,"url":"https:\/\/creaibiza.com\/wp-content\/uploads\/2021\/08\/collection-page-site-pure-bath-mixer-set-bronze.jpg","type":"image\/jpeg"}],"twitter_card":"summary_large_image","twitter_misc":{"Gesch\u00e4tzte Lesezeit":"1\u00a0Minute"},"schema":{"@context":"https:\/\/schema.org","@graph":[{"@type":"WebPage","@id":"https:\/\/creaibiza.com\/de\/produkt\/pure-02\/","url":"https:\/\/creaibiza.com\/de\/produkt\/pure-02\/","name":"PURE 2 - Crea Ibiza","isPartOf":{"@id":"https:\/\/creaibiza.com\/#website"},"primaryImageOfPage":{"@id":"https:\/\/creaibiza.com\/de\/produkt\/pure-02\/#primaryimage"},"image":{"@id":"https:\/\/creaibiza.com\/de\/produkt\/pure-02\/#primaryimage"},"thumbnailUrl":"https:\/\/creaibiza.com\/wp-content\/uploads\/2021\/08\/collection-page-site-pure-bath-mixer-set-bronze.jpg","datePublished":"2021-08-10T20:57:42+00:00","dateModified":"2026-03-10T16:46:51+00:00","description":"Crea Ibiza - PURE 2 -","breadcrumb":{"@id":"https:\/\/creaibiza.com\/de\/produkt\/pure-02\/#breadcrumb"},"inLanguage":"de","potentialAction":[{"@type":"ReadAction","target":["https:\/\/creaibiza.com\/de\/produkt\/pure-02\/"]}]},{"@type":"ImageObject","inLanguage":"de","@id":"https:\/\/creaibiza.com\/de\/produkt\/pure-02\/#primaryimage","url":"https:\/\/creaibiza.com\/wp-content\/uploads\/2021\/08\/collection-page-site-pure-bath-mixer-set-bronze.jpg","contentUrl":"https:\/\/creaibiza.com\/wp-content\/uploads\/2021\/08\/collection-page-site-pure-bath-mixer-set-bronze.jpg","width":846,"height":672},{"@type":"BreadcrumbList","@id":"https:\/\/creaibiza.com\/de\/produkt\/pure-02\/#breadcrumb","itemListElement":[{"@type":"ListItem","position":1,"name":"Portada","item":"https:\/\/creaibiza.com\/"},{"@type":"ListItem","position":2,"name":"Tienda","item":"https:\/\/creaibiza.com\/en\/tienda\/"},{"@type":"ListItem","position":3,"name":"PURE 2"}]},{"@type":"WebSite","@id":"https:\/\/creaibiza.com\/#website","url":"https:\/\/creaibiza.com\/","name":"Ibiza erstellen","description":"Cer\u00e1mica, sanitarios y revestimientos de dise\u00f1o en Ibiza","publisher":{"@id":"https:\/\/creaibiza.com\/#organization"},"potentialAction":[{"@type":"SearchAction","target":{"@type":"EntryPoint","urlTemplate":"https:\/\/creaibiza.com\/?s={search_term_string}"},"query-input":{"@type":"PropertyValueSpecification","valueRequired":true,"valueName":"search_term_string"}}],"inLanguage":"de"},{"@type":"Organization","@id":"https:\/\/creaibiza.com\/#organization","name":"Ibiza erstellen","url":"https:\/\/creaibiza.com\/","logo":{"@type":"ImageObject","inLanguage":"de","@id":"https:\/\/creaibiza.com\/#\/schema\/logo\/image\/","url":"https:\/\/creaibiza.com\/wp-content\/uploads\/2024\/02\/cropped-logocrea-web.png","contentUrl":"https:\/\/creaibiza.com\/wp-content\/uploads\/2024\/02\/cropped-logocrea-web.png","width":591,"height":210,"caption":"Crea Ibiza"},"image":{"@id":"https:\/\/creaibiza.com\/#\/schema\/logo\/image\/"},"sameAs":["https:\/\/www.facebook.com\/creaibiza","https:\/\/www.instagram.com\/creaibiza"]}]}},"_links":{"self":[{"href":"https:\/\/creaibiza.com\/de\/wp-json\/wp\/v2\/product\/10683","targetHints":{"allow":["GET"]}}],"collection":[{"href":"https:\/\/creaibiza.com\/de\/wp-json\/wp\/v2\/product"}],"about":[{"href":"https:\/\/creaibiza.com\/de\/wp-json\/wp\/v2\/types\/product"}],"version-history":[{"count":3,"href":"https:\/\/creaibiza.com\/de\/wp-json\/wp\/v2\/product\/10683\/revisions"}],"predecessor-version":[{"id":26349,"href":"https:\/\/creaibiza.com\/de\/wp-json\/wp\/v2\/product\/10683\/revisions\/26349"}],"wp:featuredmedia":[{"embeddable":true,"href":"https:\/\/creaibiza.com\/de\/wp-json\/wp\/v2\/media\/36720"}],"wp:attachment":[{"href":"https:\/\/creaibiza.com\/de\/wp-json\/wp\/v2\/media?parent=10683"}],"wp:term":[{"taxonomy":"product_brand","embeddable":true,"href":"https:\/\/creaibiza.com\/de\/wp-json\/wp\/v2\/product_brand?post=10683"},{"taxonomy":"product_cat","embeddable":true,"href":"https:\/\/creaibiza.com\/de\/wp-json\/wp\/v2\/product_cat?post=10683"},{"taxonomy":"product_tag","embeddable":true,"href":"https:\/\/creaibiza.com\/de\/wp-json\/wp\/v2\/product_tag?post=10683"}],"curies":[{"name":"wp","href":"https:\/\/api.w.org\/{rel}","templated":true}]}}