{"id":10302,"date":"2021-08-04T11:53:28","date_gmt":"2021-08-04T11:53:28","guid":{"rendered":"http:\/\/creaibiza.com?post_type=product&#038;p=10302"},"modified":"2026-02-27T18:20:43","modified_gmt":"2026-02-27T17:20:43","slug":"bera-beren","status":"publish","type":"product","link":"https:\/\/creaibiza.com\/de\/produkt\/bera-beren\/","title":{"rendered":"BERA &#038; BEREN"},"content":{"rendered":"<p>Haciendo referencia a las piedras calizas de origen portugu\u00e9s y catal\u00e1n, Bera&amp;Beren es una colecci\u00f3n de estilo minimalista y refinado, incluida en Contemporary Mixtures Surfaces.<\/p>\n<p>Se revela en diferentes acabados; Bera, con un acabado semimate y homog\u00e9neo; y Beren, que combina en perfecta proporci\u00f3n los mates y los tenues brillos en las zonas de granos y f\u00f3siles.<\/p>\n<p>Una calidad \u00fanica a trav\u00e9s de una cuidadosa selecci\u00f3n de superficies que se presentan en 7 colores p\u00e9treos atemporales de reducida destonificaci\u00f3n.<\/p>\n<p>Es capaz de crear espacios distinguidos con piezas de gran formato, en las que la calidad de su dise\u00f1o no est\u00e1 re\u00f1ida con las m\u00e1s altas prestaciones, mejorando las propiedades mec\u00e1nicas y la durabilidad de la caliza natural, id\u00f3neas para<br \/>\nsu uso en pavimento.<\/p>","protected":false},"excerpt":{"rendered":"<p>Der Preis ist pro Box<\/p>","protected":false},"featured_media":10374,"template":"","meta":{"_acf_changed":false},"product_brand":[1806],"product_cat":[2003,116,227,1002,1312,113],"product_tag":[1352,1353],"class_list":{"0":"post-10302","1":"product","2":"type-product","3":"status-publish","4":"has-post-thumbnail","6":"product_brand-livingceramics","7":"product_cat-natural-style","8":"product_cat-pavimento","9":"product_cat-piedra","10":"product_cat-piedra-revestimiento","11":"product_cat-piscinas","12":"product_cat-revestimiento","13":"product_tag-pavimento","14":"product_tag-revestimiento","16":"first","17":"instock","18":"taxable","19":"shipping-taxable","20":"purchasable","21":"product-type-variable"},"acf":[],"yoast_head":"<!-- This site is optimized with the Yoast SEO plugin v27.2 - https:\/\/yoast.com\/product\/yoast-seo-wordpress\/ -->\n<title>BERA &amp; BEREN - Crea Ibiza<\/title>\n<meta name=\"description\" content=\"Crea Ibiza - BERA &amp; BEREN -\" \/>\n<meta name=\"robots\" content=\"index, follow, max-snippet:-1, max-image-preview:large, max-video-preview:-1\" \/>\n<link rel=\"canonical\" href=\"https:\/\/creaibiza.com\/de\/produkt\/bera-beren\/\" \/>\n<meta property=\"og:locale\" content=\"de_DE\" \/>\n<meta property=\"og:type\" content=\"article\" \/>\n<meta property=\"og:title\" content=\"BERA &amp; BEREN - Crea Ibiza\" \/>\n<meta property=\"og:description\" content=\"Crea Ibiza - BERA &amp; BEREN -\" \/>\n<meta property=\"og:url\" content=\"https:\/\/creaibiza.com\/de\/produkt\/bera-beren\/\" \/>\n<meta property=\"og:site_name\" content=\"Crea Ibiza\" \/>\n<meta property=\"article:publisher\" content=\"https:\/\/www.facebook.com\/creaibiza\" \/>\n<meta property=\"article:modified_time\" content=\"2026-02-27T17:20:43+00:00\" \/>\n<meta property=\"og:image\" content=\"https:\/\/creaibiza.com\/wp-content\/uploads\/2021\/08\/amb-living-ceramics-ductile-beren-coal-90x270-hr-01-1.jpg\" \/>\n\t<meta property=\"og:image:width\" content=\"1000\" \/>\n\t<meta property=\"og:image:height\" content=\"1000\" \/>\n\t<meta property=\"og:image:type\" content=\"image\/jpeg\" \/>\n<meta name=\"twitter:card\" content=\"summary_large_image\" \/>\n<meta name=\"twitter:label1\" content=\"Gesch\u00e4tzte Lesezeit\" \/>\n\t<meta name=\"twitter:data1\" content=\"1\u00a0Minute\" \/>\n<script type=\"application\/ld+json\" class=\"yoast-schema-graph\">{\"@context\":\"https:\/\/schema.org\",\"@graph\":[{\"@type\":\"WebPage\",\"@id\":\"https:\/\/creaibiza.com\/producto\/bera-beren\/\",\"url\":\"https:\/\/creaibiza.com\/producto\/bera-beren\/\",\"name\":\"BERA & BEREN - Crea Ibiza\",\"isPartOf\":{\"@id\":\"https:\/\/creaibiza.com\/#website\"},\"primaryImageOfPage\":{\"@id\":\"https:\/\/creaibiza.com\/producto\/bera-beren\/#primaryimage\"},\"image\":{\"@id\":\"https:\/\/creaibiza.com\/producto\/bera-beren\/#primaryimage\"},\"thumbnailUrl\":\"https:\/\/creaibiza.com\/wp-content\/uploads\/2021\/08\/amb-living-ceramics-ductile-beren-coal-90x270-hr-01-1.jpg\",\"datePublished\":\"2021-08-04T11:53:28+00:00\",\"dateModified\":\"2026-02-27T17:20:43+00:00\",\"description\":\"Crea Ibiza - BERA & BEREN -\",\"breadcrumb\":{\"@id\":\"https:\/\/creaibiza.com\/producto\/bera-beren\/#breadcrumb\"},\"inLanguage\":\"de\",\"potentialAction\":[{\"@type\":\"ReadAction\",\"target\":[\"https:\/\/creaibiza.com\/producto\/bera-beren\/\"]}]},{\"@type\":\"ImageObject\",\"inLanguage\":\"de\",\"@id\":\"https:\/\/creaibiza.com\/producto\/bera-beren\/#primaryimage\",\"url\":\"https:\/\/creaibiza.com\/wp-content\/uploads\/2021\/08\/amb-living-ceramics-ductile-beren-coal-90x270-hr-01-1.jpg\",\"contentUrl\":\"https:\/\/creaibiza.com\/wp-content\/uploads\/2021\/08\/amb-living-ceramics-ductile-beren-coal-90x270-hr-01-1.jpg\",\"width\":1000,\"height\":1000},{\"@type\":\"BreadcrumbList\",\"@id\":\"https:\/\/creaibiza.com\/producto\/bera-beren\/#breadcrumb\",\"itemListElement\":[{\"@type\":\"ListItem\",\"position\":1,\"name\":\"Portada\",\"item\":\"https:\/\/creaibiza.com\/\"},{\"@type\":\"ListItem\",\"position\":2,\"name\":\"Tienda\",\"item\":\"https:\/\/creaibiza.com\/en\/tienda\/\"},{\"@type\":\"ListItem\",\"position\":3,\"name\":\"BERA &#038; BEREN\"}]},{\"@type\":\"WebSite\",\"@id\":\"https:\/\/creaibiza.com\/#website\",\"url\":\"https:\/\/creaibiza.com\/\",\"name\":\"Crea Ibiza\",\"description\":\"Cer\u00e1mica, sanitarios y revestimientos de dise\u00f1o en Ibiza\",\"publisher\":{\"@id\":\"https:\/\/creaibiza.com\/#organization\"},\"potentialAction\":[{\"@type\":\"SearchAction\",\"target\":{\"@type\":\"EntryPoint\",\"urlTemplate\":\"https:\/\/creaibiza.com\/?s={search_term_string}\"},\"query-input\":{\"@type\":\"PropertyValueSpecification\",\"valueRequired\":true,\"valueName\":\"search_term_string\"}}],\"inLanguage\":\"de\"},{\"@type\":\"Organization\",\"@id\":\"https:\/\/creaibiza.com\/#organization\",\"name\":\"Crea Ibiza\",\"url\":\"https:\/\/creaibiza.com\/\",\"logo\":{\"@type\":\"ImageObject\",\"inLanguage\":\"de\",\"@id\":\"https:\/\/creaibiza.com\/#\/schema\/logo\/image\/\",\"url\":\"https:\/\/creaibiza.com\/wp-content\/uploads\/2024\/02\/cropped-logocrea-web.png\",\"contentUrl\":\"https:\/\/creaibiza.com\/wp-content\/uploads\/2024\/02\/cropped-logocrea-web.png\",\"width\":591,\"height\":210,\"caption\":\"Crea Ibiza\"},\"image\":{\"@id\":\"https:\/\/creaibiza.com\/#\/schema\/logo\/image\/\"},\"sameAs\":[\"https:\/\/www.facebook.com\/creaibiza\",\"https:\/\/www.instagram.com\/creaibiza\"]}]}<\/script>\n<!-- \/ Yoast SEO plugin. -->","yoast_head_json":{"title":"BERA & BEREN - Crea Ibiza","description":"Crea Ibiza - BERA & BEREN -","robots":{"index":"index","follow":"follow","max-snippet":"max-snippet:-1","max-image-preview":"max-image-preview:large","max-video-preview":"max-video-preview:-1"},"canonical":"https:\/\/creaibiza.com\/de\/produkt\/bera-beren\/","og_locale":"de_DE","og_type":"article","og_title":"BERA & BEREN - Crea Ibiza","og_description":"Crea Ibiza - BERA & BEREN -","og_url":"https:\/\/creaibiza.com\/de\/produkt\/bera-beren\/","og_site_name":"Crea Ibiza","article_publisher":"https:\/\/www.facebook.com\/creaibiza","article_modified_time":"2026-02-27T17:20:43+00:00","og_image":[{"width":1000,"height":1000,"url":"https:\/\/creaibiza.com\/wp-content\/uploads\/2021\/08\/amb-living-ceramics-ductile-beren-coal-90x270-hr-01-1.jpg","type":"image\/jpeg"}],"twitter_card":"summary_large_image","twitter_misc":{"Gesch\u00e4tzte Lesezeit":"1\u00a0Minute"},"schema":{"@context":"https:\/\/schema.org","@graph":[{"@type":"WebPage","@id":"https:\/\/creaibiza.com\/producto\/bera-beren\/","url":"https:\/\/creaibiza.com\/producto\/bera-beren\/","name":"BERA & BEREN - Crea Ibiza","isPartOf":{"@id":"https:\/\/creaibiza.com\/#website"},"primaryImageOfPage":{"@id":"https:\/\/creaibiza.com\/producto\/bera-beren\/#primaryimage"},"image":{"@id":"https:\/\/creaibiza.com\/producto\/bera-beren\/#primaryimage"},"thumbnailUrl":"https:\/\/creaibiza.com\/wp-content\/uploads\/2021\/08\/amb-living-ceramics-ductile-beren-coal-90x270-hr-01-1.jpg","datePublished":"2021-08-04T11:53:28+00:00","dateModified":"2026-02-27T17:20:43+00:00","description":"Crea Ibiza - BERA & BEREN -","breadcrumb":{"@id":"https:\/\/creaibiza.com\/producto\/bera-beren\/#breadcrumb"},"inLanguage":"de","potentialAction":[{"@type":"ReadAction","target":["https:\/\/creaibiza.com\/producto\/bera-beren\/"]}]},{"@type":"ImageObject","inLanguage":"de","@id":"https:\/\/creaibiza.com\/producto\/bera-beren\/#primaryimage","url":"https:\/\/creaibiza.com\/wp-content\/uploads\/2021\/08\/amb-living-ceramics-ductile-beren-coal-90x270-hr-01-1.jpg","contentUrl":"https:\/\/creaibiza.com\/wp-content\/uploads\/2021\/08\/amb-living-ceramics-ductile-beren-coal-90x270-hr-01-1.jpg","width":1000,"height":1000},{"@type":"BreadcrumbList","@id":"https:\/\/creaibiza.com\/producto\/bera-beren\/#breadcrumb","itemListElement":[{"@type":"ListItem","position":1,"name":"Portada","item":"https:\/\/creaibiza.com\/"},{"@type":"ListItem","position":2,"name":"Tienda","item":"https:\/\/creaibiza.com\/en\/tienda\/"},{"@type":"ListItem","position":3,"name":"BERA &#038; BEREN"}]},{"@type":"WebSite","@id":"https:\/\/creaibiza.com\/#website","url":"https:\/\/creaibiza.com\/","name":"Ibiza erstellen","description":"Cer\u00e1mica, sanitarios y revestimientos de dise\u00f1o en Ibiza","publisher":{"@id":"https:\/\/creaibiza.com\/#organization"},"potentialAction":[{"@type":"SearchAction","target":{"@type":"EntryPoint","urlTemplate":"https:\/\/creaibiza.com\/?s={search_term_string}"},"query-input":{"@type":"PropertyValueSpecification","valueRequired":true,"valueName":"search_term_string"}}],"inLanguage":"de"},{"@type":"Organization","@id":"https:\/\/creaibiza.com\/#organization","name":"Ibiza erstellen","url":"https:\/\/creaibiza.com\/","logo":{"@type":"ImageObject","inLanguage":"de","@id":"https:\/\/creaibiza.com\/#\/schema\/logo\/image\/","url":"https:\/\/creaibiza.com\/wp-content\/uploads\/2024\/02\/cropped-logocrea-web.png","contentUrl":"https:\/\/creaibiza.com\/wp-content\/uploads\/2024\/02\/cropped-logocrea-web.png","width":591,"height":210,"caption":"Crea Ibiza"},"image":{"@id":"https:\/\/creaibiza.com\/#\/schema\/logo\/image\/"},"sameAs":["https:\/\/www.facebook.com\/creaibiza","https:\/\/www.instagram.com\/creaibiza"]}]}},"_links":{"self":[{"href":"https:\/\/creaibiza.com\/de\/wp-json\/wp\/v2\/product\/10302","targetHints":{"allow":["GET"]}}],"collection":[{"href":"https:\/\/creaibiza.com\/de\/wp-json\/wp\/v2\/product"}],"about":[{"href":"https:\/\/creaibiza.com\/de\/wp-json\/wp\/v2\/types\/product"}],"version-history":[{"count":7,"href":"https:\/\/creaibiza.com\/de\/wp-json\/wp\/v2\/product\/10302\/revisions"}],"predecessor-version":[{"id":26718,"href":"https:\/\/creaibiza.com\/de\/wp-json\/wp\/v2\/product\/10302\/revisions\/26718"}],"wp:featuredmedia":[{"embeddable":true,"href":"https:\/\/creaibiza.com\/de\/wp-json\/wp\/v2\/media\/10374"}],"wp:attachment":[{"href":"https:\/\/creaibiza.com\/de\/wp-json\/wp\/v2\/media?parent=10302"}],"wp:term":[{"taxonomy":"product_brand","embeddable":true,"href":"https:\/\/creaibiza.com\/de\/wp-json\/wp\/v2\/product_brand?post=10302"},{"taxonomy":"product_cat","embeddable":true,"href":"https:\/\/creaibiza.com\/de\/wp-json\/wp\/v2\/product_cat?post=10302"},{"taxonomy":"product_tag","embeddable":true,"href":"https:\/\/creaibiza.com\/de\/wp-json\/wp\/v2\/product_tag?post=10302"}],"curies":[{"name":"wp","href":"https:\/\/api.w.org\/{rel}","templated":true}]}}