{"id":21688,"date":"2022-11-25T08:49:20","date_gmt":"2022-11-25T08:49:20","guid":{"rendered":"http:\/\/creaibiza.com?page_id=21688"},"modified":"2022-11-25T10:26:40","modified_gmt":"2022-11-25T10:26:40","slug":"condiciones-generales-de-venta-y-suministro","status":"publish","type":"page","link":"https:\/\/creaibiza.com\/de\/condiciones-generales-de-venta-y-suministro\/","title":{"rendered":"Allgemeine Verkaufs- und Lieferbedingungen."},"content":{"rendered":"<p>Allgemeine Verkaufs- und Lieferbedingungen.<\/p>\n<p>La entrega del producto y su aceptaci\u00f3n por parte del cliente se rige por las siguientes condiciones generales, que prevalecen incluso en caso de contradicci\u00f3n con lo dispuesto en el contrato existente entre las partes:<\/p>\n<p><strong>1\u00ba comprobaci\u00f3n del producto suministrado.<\/strong><\/p>\n<p>I) El cliente manifiesta que ha sido informado sobre los t\u00e9rminos de la garant\u00eda, caracter\u00edsticas t\u00e9cnicas y especificaciones del producto suministrado establecidos por el fabricante.<\/p>\n<p>II) El cliente es responsable de comprobar y verificar en el momento de la entrega que el producto se corresponde, tanto en cantidad como en calidad, con el relacionado en la hoja de pedido y la hoja de albar\u00e1n.<\/p>\n<p>III) El cliente manifiesta que ha sido informado sobre las instrucciones de montaje y colocaci\u00f3n del producto suministrado, las cuales deber\u00e1n ser estrictamente seguidas por el cliente a la hora de manipular los productos. El uso o instalaci\u00f3n inadecuada de los productos eximir\u00e1 al suministrador de toda responsabilidad respecto a los mismos.<\/p>\n<p><strong>2\u00ba. Entrega del producto.<\/strong><\/p>\n<p>I) Los productos se entienden entregados en nuestros almacenes, cesando nuestra responsabilidad sobre ellos, desde el momento en que los ponemos a disposici\u00f3n de la empresa transportista.<\/p>\n<p>En el caso que la entrega del producto sea en la obra o lugar designado por el cliente,se producir\u00e1 sobre cami\u00f3n en obra, es decir, en el lugar m\u00e1s pr\u00f3ximo a la obra al que pueda acceder el veh\u00edculo de trasporte.<\/p>\n<p>II) El cliente firmar\u00e1 el albar\u00e1n de entrega del producto, bien personalmente, a trav\u00e9s de representante, dependiente o bien por la persona que se encuentre en el lugar designado en este albar\u00e1n en el momento de la entrega.<\/p>\n<p>III) La firma del albar\u00e1n de entrega supone la aceptaci\u00f3n a plena satisfacci\u00f3n del cliente de los objetos de suministro e implica la renuncia a cualquier tipo de reclamaci\u00f3n o denuncia respecto a la cantidad y estado de la mercanc\u00eda suministrada.<\/p>\n<p>IV) El suministrador se reserva el dominio de los productos hasta su completo pago. En el supuesto que el cliente incumpla con su obligaci\u00f3n esencial de pago al vencimiento de la obligaci\u00f3n, el suministrador podr\u00e1 optar entre reclamar el precio incrementado con los intereses legales, o resolver el contrato sin necesidad de declaraci\u00f3n judicial. En este caso, el cliente faculta al suministrador a que acceda libremente al lugar donde se encuentren depositados los productos, y retirar los que sean recuperables, pudiendo en todo caso reclamar en concepto de indemnizaci\u00f3n los da\u00f1os y perjuicios ocasionados, m\u00e1s el precio correspondiente a la mercanc\u00eda no recuperada incrementada en un 20%.<\/p>\n<p><strong>3\u00ba. Condici\u00f3n del firmante de la hoja de albar\u00e1n.<\/strong><\/p>\n<p>El firmante del albar\u00e1n declara ser el responsable designado por el cliente para la recepci\u00f3n de los productos, constituyendo su aceptaci\u00f3n de las Condiciones Generales establecidas en este documento una declaraci\u00f3n equivalente a la del cliente.<\/p>\n<p><strong>4\u00ba. Informaci\u00f3n y responsabilidad. <\/strong><\/p>\n<p>El suministrador limita su responsabilidad a la garant\u00eda que el fabricante establece para sus productos. Ser\u00e1 el fabricante qui\u00e9n responder\u00e1 de los posibles defectos de los mismos, conforme a los t\u00e9rminos de la garant\u00eda establecidos al efecto. El suministrador no responder\u00e1 ante aquellas reclamaciones que tengan por objeto el producto ya colocado en obra, salvo aquellos derivados de vicios ocultos del material, imposibles de ser detectados antes de ser colocados en la obra. En este \u00faltimo extremo ser\u00e1 el fabricante quien asumir\u00e1 la responsabilidad. El cliente podr\u00e1 verificar a trav\u00e9s del fabricante los t\u00e9rminos de la garant\u00eda, las caracter\u00edsticas t\u00e9cnicas y especificaciones del producto suministrado, as\u00ed como los tr\u00e1mites e informaci\u00f3n necesaria para proceder a la correspondiente reclamaci\u00f3n.<\/p>\n<p><strong>5\u00ba. Cantidad producto suministrado.<\/strong><\/p>\n<p>I) Las cantidades de producto suministrado son susceptibles de variaci\u00f3n en funci\u00f3n del empaquetado del fabricante.<\/p>\n<p>II) El suministrador no se responsabiliza de la falta o escasez de productos suministrados como consecuencia de mediciones inexactas. Las mediciones son responsabilidad del cliente. Si como consecuencia de un error de medici\u00f3n por parte del comprador faltare material, el suministrador no garantiza el suministro de material que falte ni la coincidencia de los tonos y calibres del material.<\/p>\n<p><strong>6\u00ba. Devoluciones de productos.<\/strong><\/p>\n<p>El suministrador no admite devoluciones de los productos entregados.<\/p>\n<p><strong>7\u00ba. Forma de pago.<\/strong><\/p>\n<p>El cliente podr\u00e1 hacer efectivo el precio de los productos adquiridos seg\u00fan condiciones pactadas con el suministrador.<\/p>\n<p><strong>8\u00ba. Variaciones de tonalidad y calibre.<\/strong><\/p>\n<p>I) Las tonalidades y calibres de pavimento y revestimientos cer\u00e1micos son susceptibles de variaciones respecto a la muestra original de exposici\u00f3n y son puramente indicativos.<\/p>\n<p>II) Es responsabilidad del cliente y\/o del instalador no mezclar diferentes tipos de tonalidades y calibres.<\/p>\n<p><strong>9\u00ba. Protecci\u00f3n de datos de car\u00e1cter personal. <\/strong><\/p>\n<p>Conforme al art\u00edculo 5 y siguientes de la Ley Org\u00e1nica 15\/1999, de 13 de diciembre de Protecci\u00f3n de datos de car\u00e1cter personal (LOPD), el suministrador informa al cliente:<\/p>\n<p>I) Los datos de car\u00e1cter personal del cliente figuran en un fichero automatizado de tratamiento de datos cuya finalidad es la gesti\u00f3n de la relaci\u00f3n comercial.<\/p>\n<p>II) Los datos de car\u00e1cter personal del cliente s\u00f3lo ser\u00e1n comunicados a un tercero en los t\u00e9rminos previstos en el art\u00edculo 11.2 de la citada ley, es decir, cuando sea autorizado por la Ley, cuando responda al desarrollo y cumplimiento del contrato o cuando tenga por destinatarios el Defensor del Pueblo, el Ministerio Fiscal, Jueces o Tribunales o el Tribunal de Cuentas.<\/p>\n<p>III) El cliente podr\u00e1 ejercitar los derechos de acceso, rectificaci\u00f3n, cancelaci\u00f3n y oposici\u00f3n ante el responsable del tratamiento, que es la sociedad Suministros Ibiza de Inversiones y Corporaci\u00f3n, S.L. en domicilio sito en Avenida Bartolom\u00e9 Rosell\u00f3, 18.<\/p>\n<p>IV) El fichero en el que constan los datos de car\u00e1cter personal del suministrador cumple todas las medidas de seguridad exigidas por la Ley y se encuentra dado de alta ante la Agencia de Protecci\u00f3n de Datos<\/p>\n<p>.<br \/>\n<strong>10\u00ba. Fuero aplicable<\/strong>.<\/p>\n<p>Las Partes acuerdan someter todo litigio resultante de la ejecuci\u00f3n, validez, existencia, alcance, contenido, suspensi\u00f3n, resoluci\u00f3n o interpretaci\u00f3n de este contrato a los juzgados y tribunales de la ciudad de Ibiza, con renuncia expresa a su propio fuero, si otro les correspondiere.<\/p>","protected":false},"excerpt":{"rendered":"<p>Condiciones generales de venta y suministro. La entrega del producto y su aceptaci\u00f3n por parte del cliente se rige por las siguientes condiciones generales, que prevalecen incluso en caso de contradicci\u00f3n con lo dispuesto en el contrato existente entre las partes: 1\u00ba comprobaci\u00f3n del producto suministrado. I) El cliente manifiesta que ha sido informado sobre &hellip; <\/p>\n<p class=\"link-more\"><a href=\"https:\/\/creaibiza.com\/de\/condiciones-generales-de-venta-y-suministro\/\" class=\"more-link\">Read More <span class=\"screen-reader-text\"> \u00abCondiciones generales de venta y suministro.\u00bb<\/span><\/a><\/p>","protected":false},"author":3,"featured_media":0,"parent":0,"menu_order":0,"comment_status":"closed","ping_status":"closed","template":"","meta":{"_acf_changed":false,"footnotes":""},"class_list":["post-21688","page","type-page","status-publish","hentry"],"acf":[],"yoast_head":"<!-- This site is optimized with the Yoast SEO plugin v27.2 - https:\/\/yoast.com\/product\/yoast-seo-wordpress\/ -->\n<title>Condiciones generales de venta y suministro. - Crea Ibiza<\/title>\n<meta name=\"robots\" content=\"index, follow, max-snippet:-1, max-image-preview:large, max-video-preview:-1\" \/>\n<link rel=\"canonical\" href=\"https:\/\/creaibiza.com\/de\/condiciones-generales-de-venta-y-suministro\/\" \/>\n<meta property=\"og:locale\" content=\"de_DE\" \/>\n<meta property=\"og:type\" content=\"article\" \/>\n<meta property=\"og:title\" content=\"Condiciones generales de venta y suministro. - Crea Ibiza\" \/>\n<meta property=\"og:description\" content=\"Condiciones generales de venta y suministro. La entrega del producto y su aceptaci\u00f3n por parte del cliente se rige por las siguientes condiciones generales, que prevalecen incluso en caso de contradicci\u00f3n con lo dispuesto en el contrato existente entre las partes: 1\u00ba comprobaci\u00f3n del producto suministrado. I) El cliente manifiesta que ha sido informado sobre &hellip; Read More &quot;Condiciones generales de venta y suministro.&quot;\" \/>\n<meta property=\"og:url\" content=\"https:\/\/creaibiza.com\/de\/condiciones-generales-de-venta-y-suministro\/\" \/>\n<meta property=\"og:site_name\" content=\"Crea Ibiza\" \/>\n<meta property=\"article:publisher\" content=\"https:\/\/www.facebook.com\/creaibiza\" \/>\n<meta property=\"article:modified_time\" content=\"2022-11-25T10:26:40+00:00\" \/>\n<meta name=\"twitter:card\" content=\"summary_large_image\" \/>\n<meta name=\"twitter:label1\" content=\"Gesch\u00e4tzte Lesezeit\" \/>\n\t<meta name=\"twitter:data1\" content=\"5\u00a0Minuten\" \/>\n<script type=\"application\/ld+json\" class=\"yoast-schema-graph\">{\"@context\":\"https:\/\/schema.org\",\"@graph\":[{\"@type\":\"WebPage\",\"@id\":\"https:\/\/creaibiza.com\/condiciones-generales-de-venta-y-suministro\/\",\"url\":\"https:\/\/creaibiza.com\/condiciones-generales-de-venta-y-suministro\/\",\"name\":\"Condiciones generales de venta y suministro. - Crea Ibiza\",\"isPartOf\":{\"@id\":\"https:\/\/creaibiza.com\/#website\"},\"datePublished\":\"2022-11-25T08:49:20+00:00\",\"dateModified\":\"2022-11-25T10:26:40+00:00\",\"breadcrumb\":{\"@id\":\"https:\/\/creaibiza.com\/condiciones-generales-de-venta-y-suministro\/#breadcrumb\"},\"inLanguage\":\"de\",\"potentialAction\":[{\"@type\":\"ReadAction\",\"target\":[\"https:\/\/creaibiza.com\/condiciones-generales-de-venta-y-suministro\/\"]}]},{\"@type\":\"BreadcrumbList\",\"@id\":\"https:\/\/creaibiza.com\/condiciones-generales-de-venta-y-suministro\/#breadcrumb\",\"itemListElement\":[{\"@type\":\"ListItem\",\"position\":1,\"name\":\"Portada\",\"item\":\"https:\/\/creaibiza.com\/\"},{\"@type\":\"ListItem\",\"position\":2,\"name\":\"Condiciones generales de venta y suministro.\"}]},{\"@type\":\"WebSite\",\"@id\":\"https:\/\/creaibiza.com\/#website\",\"url\":\"https:\/\/creaibiza.com\/\",\"name\":\"Crea Ibiza\",\"description\":\"Cer\u00e1mica, sanitarios y revestimientos de dise\u00f1o en Ibiza\",\"publisher\":{\"@id\":\"https:\/\/creaibiza.com\/#organization\"},\"potentialAction\":[{\"@type\":\"SearchAction\",\"target\":{\"@type\":\"EntryPoint\",\"urlTemplate\":\"https:\/\/creaibiza.com\/?s={search_term_string}\"},\"query-input\":{\"@type\":\"PropertyValueSpecification\",\"valueRequired\":true,\"valueName\":\"search_term_string\"}}],\"inLanguage\":\"de\"},{\"@type\":\"Organization\",\"@id\":\"https:\/\/creaibiza.com\/#organization\",\"name\":\"Crea Ibiza\",\"url\":\"https:\/\/creaibiza.com\/\",\"logo\":{\"@type\":\"ImageObject\",\"inLanguage\":\"de\",\"@id\":\"https:\/\/creaibiza.com\/#\/schema\/logo\/image\/\",\"url\":\"https:\/\/creaibiza.com\/wp-content\/uploads\/2024\/02\/cropped-logocrea-web.png\",\"contentUrl\":\"https:\/\/creaibiza.com\/wp-content\/uploads\/2024\/02\/cropped-logocrea-web.png\",\"width\":591,\"height\":210,\"caption\":\"Crea Ibiza\"},\"image\":{\"@id\":\"https:\/\/creaibiza.com\/#\/schema\/logo\/image\/\"},\"sameAs\":[\"https:\/\/www.facebook.com\/creaibiza\",\"https:\/\/www.instagram.com\/creaibiza\"]}]}<\/script>\n<!-- \/ Yoast SEO plugin. -->","yoast_head_json":{"title":"Condiciones generales de venta y suministro. - Crea Ibiza","robots":{"index":"index","follow":"follow","max-snippet":"max-snippet:-1","max-image-preview":"max-image-preview:large","max-video-preview":"max-video-preview:-1"},"canonical":"https:\/\/creaibiza.com\/de\/condiciones-generales-de-venta-y-suministro\/","og_locale":"de_DE","og_type":"article","og_title":"Condiciones generales de venta y suministro. - Crea Ibiza","og_description":"Condiciones generales de venta y suministro. La entrega del producto y su aceptaci\u00f3n por parte del cliente se rige por las siguientes condiciones generales, que prevalecen incluso en caso de contradicci\u00f3n con lo dispuesto en el contrato existente entre las partes: 1\u00ba comprobaci\u00f3n del producto suministrado. I) El cliente manifiesta que ha sido informado sobre &hellip; Read More \"Condiciones generales de venta y suministro.\"","og_url":"https:\/\/creaibiza.com\/de\/condiciones-generales-de-venta-y-suministro\/","og_site_name":"Crea Ibiza","article_publisher":"https:\/\/www.facebook.com\/creaibiza","article_modified_time":"2022-11-25T10:26:40+00:00","twitter_card":"summary_large_image","twitter_misc":{"Gesch\u00e4tzte Lesezeit":"5\u00a0Minuten"},"schema":{"@context":"https:\/\/schema.org","@graph":[{"@type":"WebPage","@id":"https:\/\/creaibiza.com\/condiciones-generales-de-venta-y-suministro\/","url":"https:\/\/creaibiza.com\/condiciones-generales-de-venta-y-suministro\/","name":"Condiciones generales de venta y suministro. - Crea Ibiza","isPartOf":{"@id":"https:\/\/creaibiza.com\/#website"},"datePublished":"2022-11-25T08:49:20+00:00","dateModified":"2022-11-25T10:26:40+00:00","breadcrumb":{"@id":"https:\/\/creaibiza.com\/condiciones-generales-de-venta-y-suministro\/#breadcrumb"},"inLanguage":"de","potentialAction":[{"@type":"ReadAction","target":["https:\/\/creaibiza.com\/condiciones-generales-de-venta-y-suministro\/"]}]},{"@type":"BreadcrumbList","@id":"https:\/\/creaibiza.com\/condiciones-generales-de-venta-y-suministro\/#breadcrumb","itemListElement":[{"@type":"ListItem","position":1,"name":"Portada","item":"https:\/\/creaibiza.com\/"},{"@type":"ListItem","position":2,"name":"Condiciones generales de venta y suministro."}]},{"@type":"WebSite","@id":"https:\/\/creaibiza.com\/#website","url":"https:\/\/creaibiza.com\/","name":"Ibiza erstellen","description":"Cer\u00e1mica, sanitarios y revestimientos de dise\u00f1o en Ibiza","publisher":{"@id":"https:\/\/creaibiza.com\/#organization"},"potentialAction":[{"@type":"SearchAction","target":{"@type":"EntryPoint","urlTemplate":"https:\/\/creaibiza.com\/?s={search_term_string}"},"query-input":{"@type":"PropertyValueSpecification","valueRequired":true,"valueName":"search_term_string"}}],"inLanguage":"de"},{"@type":"Organization","@id":"https:\/\/creaibiza.com\/#organization","name":"Ibiza erstellen","url":"https:\/\/creaibiza.com\/","logo":{"@type":"ImageObject","inLanguage":"de","@id":"https:\/\/creaibiza.com\/#\/schema\/logo\/image\/","url":"https:\/\/creaibiza.com\/wp-content\/uploads\/2024\/02\/cropped-logocrea-web.png","contentUrl":"https:\/\/creaibiza.com\/wp-content\/uploads\/2024\/02\/cropped-logocrea-web.png","width":591,"height":210,"caption":"Crea Ibiza"},"image":{"@id":"https:\/\/creaibiza.com\/#\/schema\/logo\/image\/"},"sameAs":["https:\/\/www.facebook.com\/creaibiza","https:\/\/www.instagram.com\/creaibiza"]}]}},"_links":{"self":[{"href":"https:\/\/creaibiza.com\/de\/wp-json\/wp\/v2\/pages\/21688","targetHints":{"allow":["GET"]}}],"collection":[{"href":"https:\/\/creaibiza.com\/de\/wp-json\/wp\/v2\/pages"}],"about":[{"href":"https:\/\/creaibiza.com\/de\/wp-json\/wp\/v2\/types\/page"}],"author":[{"embeddable":true,"href":"https:\/\/creaibiza.com\/de\/wp-json\/wp\/v2\/users\/3"}],"replies":[{"embeddable":true,"href":"https:\/\/creaibiza.com\/de\/wp-json\/wp\/v2\/comments?post=21688"}],"version-history":[{"count":3,"href":"https:\/\/creaibiza.com\/de\/wp-json\/wp\/v2\/pages\/21688\/revisions"}],"predecessor-version":[{"id":24688,"href":"https:\/\/creaibiza.com\/de\/wp-json\/wp\/v2\/pages\/21688\/revisions\/24688"}],"wp:attachment":[{"href":"https:\/\/creaibiza.com\/de\/wp-json\/wp\/v2\/media?parent=21688"}],"curies":[{"name":"wp","href":"https:\/\/api.w.org\/{rel}","templated":true}]}}